{"id":33,"date":"2025-04-07T09:20:44","date_gmt":"2025-04-07T09:20:44","guid":{"rendered":"https:\/\/documents.ge\/de\/dokumente-in-georgien\/"},"modified":"2025-04-07T11:17:17","modified_gmt":"2025-04-07T11:17:17","slug":"dokumente-in-georgien","status":"publish","type":"page","link":"https:\/\/documents.ge\/de\/","title":{"rendered":"Dokumente in Georgien"},"content":{"rendered":"<figure class=\"wp-block-image size-full\"><img decoding=\"async\" class=\"wp-image-9 lazyload\" style=\"--smush-placeholder-width: 1024px; --smush-placeholder-aspect-ratio: 1024\/683;\" title=\"Standesamt Archiv Georgien. Haus der Justiz\" src=\"data:image\/gif;base64,R0lGODlhAQABAAAAACH5BAEKAAEALAAAAAABAAEAAAICTAEAOw==\" alt=\"Beantragung von Dokumenten - Georgien. Standes\u00e4mter, Justizministerium, Haus der Justiz - Tiflis\" width=\"1024\" height=\"683\" data-sizes=\"(max-width: 1024px) 100vw, 1024px\" data-src=\"https:\/\/documents.ge\/wp-content\/uploads\/2023\/12\/documents_Georgia_Ministry_of_Justice.jpg\" data-srcset=\"https:\/\/documents.ge\/wp-content\/uploads\/2023\/12\/documents_Georgia_Ministry_of_Justice.jpg 1024w, https:\/\/documents.ge\/wp-content\/uploads\/2023\/12\/documents_Georgia_Ministry_of_Justice-300x200.jpg 300w, https:\/\/documents.ge\/wp-content\/uploads\/2023\/12\/documents_Georgia_Ministry_of_Justice-768x512.jpg 768w\" \/><figcaption class=\"wp-element-caption\">Suche in Dokumentenarchiven. Georgien<\/figcaption><\/figure>\n<p><strong>Auf unserer Website k\u00f6nnen Sie bestellen<\/strong><\/p>\n<h3 class=\"wp-block-heading\"><strong>Dokumentenkopien<\/strong> aus Georgien und anderen L\u00e4ndern<\/h3>\n<p>Geburtsurkunde,<br \/>\nHeiratsurkunde,<br \/>\nScheidungsurkunde,<br \/>\nSterbeurkunde<a href=\"https:\/\/documents.ge\/%d1%81%d0%b2%d0%b8%d0%b4%d0%b5%d1%82%d0%b5%d0%bb%d1%8c%d1%81%d1%82%d0%b2%d0%be-%d0%be-%d1%81%d0%bc%d0%b5%d1%80%d1%82%d0%b8-%d0%b3%d1%80%d1%83%d0%b7%d0%b8%d1%8f\/\" target=\"_blank\" rel=\"noreferrer noopener\">,<\/a><br \/>\nKopie der Heiratseintragung,<br \/>\nKopie der Geburtseintragung,<br \/>\nKopie der Scheidungseintragung,<br \/>\nKopie der Adoptionseintragung.<\/p>\n<h3 class=\"wp-block-heading\"><strong>Originaldokumente<\/strong> aus Georgien und anderen L\u00e4ndern<\/h3>\n<p>Scheidungsurkunde (falls die Scheidung erfolgt ist, ein Gerichtsbeschluss vorliegt, aber einer der Ehepartner die Scheidungsurkunde noch nicht erhalten hat),<br \/>\nF\u00fchrungszeugnis (\u00fcber die Abwesenheit von Vorstrafen),<br \/>\nFamilienstandbescheinigung (\u00fcber die Familienzusammensetzung),<br \/>\nPersonenstandsbescheinigung,<br \/>\nBescheinigung \u00fcber das Fehlen von Ehehindernissen (\u00fcber die eheliche Verantwortung),<br \/>\nBescheinigung \u00fcber Namens\u00e4nderung,<br \/>\nHeiratseintragung,<br \/>\nGeburtseintragung,<br \/>\nScheidungseintragung,<br \/>\nAdoptionseintragung.<\/p>\n<h3 class=\"wp-block-heading\"><strong>Legalisierung von Dokumenten<\/strong><\/h3>\n<p>f\u00fcr L\u00e4nder, die nicht dem Apostille-Abkommen angeh\u00f6ren, wie: Kanada, Vatikan, Guinea, Dschibuti, \u00c4gypten, Sambia, Simbabwe, Indonesien, Irak, Iran, Jordanien, Jemen, Kambodscha, Kamerun, Katar, Kenia, Kiribati, Komoren, Kongo, Kuba, Kuwait\u2026<\/p>\n<p>Was <strong>konsularische Legalisierung<\/strong> von Dokumenten ist, k\u00f6nnen Sie <a href=\"https:\/\/documents.ge\/%d0%bb%d0%b5%d0%b3%d0%b0%d0%bb%d0%b8%d0%b7%d0%b0%d1%86%d0%b8%d1%8f\/\" target=\"_blank\" rel=\"noreferrer noopener\">hier lesen &gt;&gt;&gt;<\/a><\/p>\n<p><strong>Nostrifikation<\/strong>, <strong>Anerkennung, Evaluierung von Diplomen oder Legalisierung.<\/strong> Anerkennung von Dokumenten (Diplomen, Zeugnissen) \u00fcber den Abschluss einer Bildungseinrichtung in Georgien. Oder von Diplomen und Zeugnissen, die im Ausland erworben wurden \u2013 f\u00fcr Georgien.<\/p>\n<p>Was <strong>Nostrifikation<\/strong> von Dokumenten (Diplomen und Zeugnissen, Bildungszertifikaten und akademischen Bescheinigungen) ist, k\u00f6nnen Sie <a href=\"https:\/\/documents.ge\/%d0%bd%d0%be%d1%81%d1%82%d1%80%d0%b8%d1%84%d0%b8%d0%ba%d0%b0%d1%86%d0%b8%d1%8f-%d0%bf%d1%80%d0%b8%d0%b7%d0%bd%d0%b0%d0%bd%d0%b8%d0%b5-%d0%b4%d0%b8%d0%bf%d0%bb%d0%be%d0%bc%d0%be%d0%b2-%d0%b8-%d0%b0\/\" target=\"_blank\" rel=\"noreferrer noopener\">hier lesen &gt;&gt;&gt;<\/a><\/p>\n<h3 class=\"wp-block-heading\"><strong>Apostille<\/strong> in Georgien und anderen L\u00e4ndern<\/h3>\n<p>f\u00fcr Mitgliedsstaaten der <a href=\"https:\/\/web.archive.org\/web\/20230810041005\/https:\/\/ru.wikipedia.org\/wiki\/%D0%93%D0%B0%D0%B0%D0%B3%D1%81%D0%BA%D0%B0%D1%8F_%D0%BA%D0%BE%D0%BD%D0%B2%D0%B5%D0%BD%D1%86%D0%B8%D1%8F_(1961)\" target=\"_blank\" rel=\"noreferrer noopener\">Haager Konvention<\/a> vom 5. Oktober 1961 \u2013 ersetzt die Legalisierung von Dokumenten. Dokumente werden in anderen Mitgliedsstaaten anerkannt, wenn sie (die Unterschriften der Beamten darauf) durch eine Apostille best\u00e4tigt sind.<\/p>\n<h3 class=\"wp-block-heading\"><strong>\u00dcbersetzung von Dokumenten<\/strong><\/h3>\n<p>Unser \u00dcbersetzungsb\u00fcro ist ein professionelles Team von Linguisten und Juristen. Wir sind immer bereit, bei der \u00dcbersetzung jeglicher Dokumente in jede Sprache der Welt zu helfen. Wir bieten qualitativ hochwertige \u00dcbersetzungen in den Bereichen Wirtschaft, Technik, Medizin, Recht, Tourismus und vielen anderen Gebieten an.<\/p>\n<p>Wir verstehen, wie wichtig es f\u00fcr Sie ist, eine genaue und zeitnahe \u00dcbersetzung zu erhalten. Unser Team von \u00dcbersetzern besteht aus qualifizierten Fachleuten. Wir verf\u00fcgen \u00fcber umfangreiche Erfahrung in der \u00dcbersetzung. Wir garantieren hohe Qualit\u00e4t. Wir bewahren den originalen Stil und das Format des Dokuments. Wir gew\u00e4hrleisten die Vertraulichkeit Ihrer Daten.<\/p>\n<p>Unser B\u00fcro bietet flexible Preise und einen individuellen Ansatz. Wenn Sie eine schnelle und professionelle \u00dcbersetzung ben\u00f6tigen, wenden Sie sich an unser \u00dcbersetzungsb\u00fcro!<\/p>\n","protected":false},"excerpt":{"rendered":"<p>Suche in Dokumentenarchiven. Georgien Auf unserer Website k\u00f6nnen Sie bestellen Dokumentenkopien aus Georgien und anderen L\u00e4ndern Geburtsurkunde, Heiratsurkunde, Scheidungsurkunde, Sterbeurkunde, Kopie der Heiratseintragung, Kopie der Geburtseintragung, Kopie der Scheidungseintragung, Kopie der Adoptionseintragung. Originaldokumente aus Georgien und anderen L\u00e4ndern Scheidungsurkunde (falls die Scheidung erfolgt ist, ein Gerichtsbeschluss vorliegt, aber einer der Ehepartner die Scheidungsurkunde noch nicht &#8230; <a title=\"Dokumente in Georgien\" class=\"read-more\" href=\"https:\/\/documents.ge\/de\/\" aria-label=\"Mehr Informationen \u00fcber Dokumente in Georgien\">\u0427\u0438\u0442\u0430\u0442\u044c \u0434\u0430\u043b\u0435\u0435<\/a><\/p>\n","protected":false},"author":1,"featured_media":0,"parent":0,"menu_order":0,"comment_status":"closed","ping_status":"closed","template":"","meta":{"_acf_changed":false,"_monsterinsights_skip_tracking":false,"_monsterinsights_sitenote_active":false,"_monsterinsights_sitenote_note":"","_monsterinsights_sitenote_category":0,"footnotes":""},"yst_prominent_words":[],"class_list":["post-33","page","type-page","status-publish"],"acf":[],"_links":{"self":[{"href":"https:\/\/documents.ge\/de\/wp-json\/wp\/v2\/pages\/33","targetHints":{"allow":["GET"]}}],"collection":[{"href":"https:\/\/documents.ge\/de\/wp-json\/wp\/v2\/pages"}],"about":[{"href":"https:\/\/documents.ge\/de\/wp-json\/wp\/v2\/types\/page"}],"author":[{"embeddable":true,"href":"https:\/\/documents.ge\/de\/wp-json\/wp\/v2\/users\/1"}],"replies":[{"embeddable":true,"href":"https:\/\/documents.ge\/de\/wp-json\/wp\/v2\/comments?post=33"}],"version-history":[{"count":2,"href":"https:\/\/documents.ge\/de\/wp-json\/wp\/v2\/pages\/33\/revisions"}],"predecessor-version":[{"id":92,"href":"https:\/\/documents.ge\/de\/wp-json\/wp\/v2\/pages\/33\/revisions\/92"}],"wp:attachment":[{"href":"https:\/\/documents.ge\/de\/wp-json\/wp\/v2\/media?parent=33"}],"wp:term":[{"taxonomy":"yst_prominent_words","embeddable":true,"href":"https:\/\/documents.ge\/de\/wp-json\/wp\/v2\/yst_prominent_words?post=33"}],"curies":[{"name":"wp","href":"https:\/\/api.w.org\/{rel}","templated":true}]}}