{"id":34,"date":"2025-04-07T09:21:42","date_gmt":"2025-04-07T09:21:42","guid":{"rendered":"https:\/\/documents.ge\/de\/legalisierung\/"},"modified":"2025-04-07T09:21:42","modified_gmt":"2025-04-07T09:21:42","slug":"legalisierung","status":"publish","type":"page","link":"https:\/\/documents.ge\/de\/legalisierung\/","title":{"rendered":"Legalisierung"},"content":{"rendered":"<p>Die Legalisierung von Dokumenten in Georgien ist ein schrittweiser Prozess:<br \/>1. Best\u00e4tigung des Dokuments durch die georgischen Ministerien.<br \/>2. Best\u00e4tigung des Dokuments durch das entsprechende Konsulat des Landes, in dem das Dokument vorgelegt werden soll.<\/p>\n<p>F\u00fcr welche L\u00e4nder ist die Legalisierung georgischer Dokumente erforderlich.<\/p>\n<p>Da es eine Reihe von L\u00e4ndern gibt, die nicht dem Apostille-Abkommen angeh\u00f6ren und mit denen keine Vereinbarungen \u00fcber den vereinfachten Dokumentenaustausch oder die Rechtshilfe in Dokumentenangelegenheiten bestehen, ist f\u00fcr diese der Legalisierungsprozess vorgesehen.<\/p>\n<p>L\u00e4nder, f\u00fcr die am h\u00e4ufigsten die Legalisierung georgischer Dokumente beantragt wird:<\/p>\n<ul class=\"wp-block-list\">\n<li>Vereinigte Arabische Emirate<\/li>\n<li>Kuwait<\/li>\n<li>\u00c4gypten<\/li>\n<li>Sri Lanka<\/li>\n<li>Costa Rica<\/li>\n<li>Irak<\/li>\n<li>Uruguay<\/li>\n<li>Chile<\/li>\n<li>Pal\u00e4stina<\/li>\n<\/ul>\n<p>F\u00fcr welche Dokumente kann eine Legalisierung durchgef\u00fchrt werden:<\/p>\n<ul class=\"wp-block-list\">\n<li>Geburtsurkunde<\/li>\n<li>Sterbeurkunde<\/li>\n<li>Heiratsurkunde<\/li>\n<li>Scheidungsurkunde<\/li>\n<li>F\u00fchrungszeugnis<\/li>\n<li>Ledigkeitsbescheinigung<\/li>\n<li>Unternehmensregistrierungszertifikat<\/li>\n<li>Auszug aus dem Handelsregister \u00fcber das Unternehmen (Gr\u00fcnder, Direktor usw.)<\/li>\n<li>Kopie der Unternehmenssatzung<\/li>\n<li>Hochschuldiplom<\/li>\n<li>Schulabschlusszeugnis<\/li>\n<li>Andere Dokumente<\/li>\n<\/ul>\n<p><strong>Schwierigkeiten des Legalisierungsprozesses.<\/strong><\/p>\n<p>Es k\u00f6nnen auch \u00dcbersetzungen von Dokumenten legalisiert werden. Hier ist jedoch Vorsicht geboten, da nicht alle L\u00e4nder legalisierte \u00dcbersetzungen akzeptieren. In vielen L\u00e4ndern unterscheidet sich die Legalisierung von \u00dcbersetzungen.<\/p>\n<p>Da der Legalisierungsprozess recht b\u00fcrokratisch ist, k\u00f6nnen verschiedene Hindernisse und Fehler auftreten. Es ist ratsam, sich an professionelle Anw\u00e4lte zu wenden, um sp\u00e4ter keine unangenehmen \u00dcberraschungen zu erleben. Eine weitere Schwierigkeit besteht darin, dass ein Laie nicht immer versteht, worum es geht, welche Dokumente genau ben\u00f6tigt werden und ob sie korrekt ausgestellt sind.<\/p>\n<p>Wichtig! Wenn das Land, in dem Sie das Dokument vorlegen m\u00f6chten, zu den Apostille-L\u00e4ndern (Haager Apostille-\u00dcbereinkommen) geh\u00f6rt, ist keine Legalisierung erforderlich.<\/p>\n","protected":false},"excerpt":{"rendered":"<p>Die Legalisierung von Dokumenten in Georgien ist ein schrittweiser Prozess:1. Best\u00e4tigung des Dokuments durch die georgischen Ministerien.2. Best\u00e4tigung des Dokuments durch das entsprechende Konsulat des Landes, in dem das Dokument vorgelegt werden soll. F\u00fcr welche L\u00e4nder ist die Legalisierung georgischer Dokumente erforderlich. Da es eine Reihe von L\u00e4ndern gibt, die nicht dem Apostille-Abkommen angeh\u00f6ren und &#8230; <a title=\"Legalisierung\" class=\"read-more\" href=\"https:\/\/documents.ge\/de\/legalisierung\/\" aria-label=\"Mehr Informationen \u00fcber Legalisierung\">\u0427\u0438\u0442\u0430\u0442\u044c \u0434\u0430\u043b\u0435\u0435<\/a><\/p>\n","protected":false},"author":1,"featured_media":0,"parent":0,"menu_order":0,"comment_status":"closed","ping_status":"closed","template":"","meta":{"_acf_changed":false,"_monsterinsights_skip_tracking":false,"_monsterinsights_sitenote_active":false,"_monsterinsights_sitenote_note":"","_monsterinsights_sitenote_category":0,"footnotes":""},"yst_prominent_words":[],"class_list":["post-34","page","type-page","status-publish"],"acf":[],"_links":{"self":[{"href":"https:\/\/documents.ge\/de\/wp-json\/wp\/v2\/pages\/34","targetHints":{"allow":["GET"]}}],"collection":[{"href":"https:\/\/documents.ge\/de\/wp-json\/wp\/v2\/pages"}],"about":[{"href":"https:\/\/documents.ge\/de\/wp-json\/wp\/v2\/types\/page"}],"author":[{"embeddable":true,"href":"https:\/\/documents.ge\/de\/wp-json\/wp\/v2\/users\/1"}],"replies":[{"embeddable":true,"href":"https:\/\/documents.ge\/de\/wp-json\/wp\/v2\/comments?post=34"}],"version-history":[{"count":0,"href":"https:\/\/documents.ge\/de\/wp-json\/wp\/v2\/pages\/34\/revisions"}],"wp:attachment":[{"href":"https:\/\/documents.ge\/de\/wp-json\/wp\/v2\/media?parent=34"}],"wp:term":[{"taxonomy":"yst_prominent_words","embeddable":true,"href":"https:\/\/documents.ge\/de\/wp-json\/wp\/v2\/yst_prominent_words?post=34"}],"curies":[{"name":"wp","href":"https:\/\/api.w.org\/{rel}","templated":true}]}}