{"id":35,"date":"2025-04-07T09:22:48","date_gmt":"2025-04-07T09:22:48","guid":{"rendered":"https:\/\/documents.ge\/de\/beantragung-von-dokumenten-in-georgien-praxis\/"},"modified":"2025-04-07T09:22:48","modified_gmt":"2025-04-07T09:22:48","slug":"beantragung-von-dokumenten-in-georgien-praxis","status":"publish","type":"page","link":"https:\/\/documents.ge\/de\/beantragung-von-dokumenten-in-georgien-praxis\/","title":{"rendered":"Beantragung von Dokumenten in Georgien. Praxis"},"content":{"rendered":"<p><strong>Fall 1.<\/strong><\/p>\n<p><strong>Fehler: Statt Inga wurde im Geburtszeugnis Ina geschrieben.<\/strong><\/p>\n<p>Das Geburtszeugnis wurde 1966 in Georgien, Stadt Poti, mit einem Fehler ausgestellt.<\/p>\n<p>1968 wurde erneut das Standesamt zur Korrektur des Fehlers aufgesucht.<\/p>\n<p>Ein neues Geburtszeugnis mit der korrigierten Fehlangabe wurde erhalten.<\/p>\n<p>Sp\u00e4ter ging das neue Geburtszeugnis verloren (eine Kopie mit den vorgenommenen Korrekturen).<\/p>\n<p>Im Jahr 2021 wandte sich eine Bewohnerin des Donbass, die in Russland lebt, mit der Bitte um ein Geburtszeugnis im neuen Format an uns.<\/p>\n<p>In der Geburtsurkunde stellte sich heraus, dass die Korrekturen nicht vorgenommen worden waren.<\/p>\n<p>Ein Dokument mit dem falschen Namen wurde erhalten.<\/p>\n<p>Die Kundin erwartete, dass das Zeugnis die Korrektur enthalten w\u00fcrde. Allerdings wurde unsere Arbeit ehrlich ausgef\u00fchrt. Wir haben Zeit investiert und verschiedene Optionen ausprobiert, um ein Geburtszeugnis mit dem richtigen Namen zu erhalten.<\/p>\n<p>Es entstand eine Konfliktsituation. Obwohl wir die Kundin gewarnt hatten, dass der Name so wie in der Geburtsurkunde sein w\u00fcrde.<\/p>\n<p>Am Ende stimmte die Kundin zu, die Dienstleistung zu bezahlen, da wir unsere Verpflichtungen erf\u00fcllt hatten.<\/p>\n<p>Die L\u00f6sung des Problems besteht darin:<\/p>\n<ul class=\"wp-block-list\">\n<li>sich erneut an das Standesamt in Poti zu wenden mit der Bitte, den Eintrag \u00fcber die Korrektur zu finden<br \/>oder<\/li>\n<li>sich an das Gericht zu wenden, um den Namen in der Geburtsurkunde und im Archiv zu korrigieren und ein Geburtszeugnis mit den vorgenommenen \u00c4nderungen zu erhalten<\/li>\n<\/ul>\n<p>Die Entscheidung liegt bei der Kundin. Wir verstehen, dass dies zus\u00e4tzliche Kosten verursacht. Aber wir sind professionelle Anw\u00e4lte und k\u00f6nnen es uns nicht leisten, kostenlos zu arbeiten.<br \/>Ein angemessener Preis wurde angeboten, der dem Niveau unserer Anw\u00e4lte in Georgien entspricht.<\/p>\n<p><strong>Fall 2.<\/strong><\/p>\n<p><strong>In der Geburtsurkunde des Kunden wurde das Geschlecht falsch angegeben.<\/strong> Statt \u201eweiblich\u201c wurde \u201em\u00e4nnlich\u201c geschrieben.<\/p>\n<p>Es wurden zus\u00e4tzliche Bescheinigungen ben\u00f6tigt (medizinische und von der Schule), um das Geschlecht im Geburtszeugnis zu korrigieren.<\/p>\n<p><strong>Fall 3.<\/strong><\/p>\n<p>Die Kundin <strong>ben\u00f6tigte Aufzeichnungen \u00fcber die Arbeitszeit<\/strong> aus Tiflis und anderen St\u00e4dten in Georgien. Im Archiv des Justizministeriums wurden die Aufzeichnungen nicht gefunden.<br \/><strong>L\u00f6sung:<\/strong> Alle vom Kunden angegebenen Arbeitsorte wurden aufgesucht. Das Dokument auf mehreren Bl\u00e4ttern wurde abgelehnt, zusammengeheftet zu werden. In Georgien ist dies eine normale Praxis. ABER im Ausland wird es in dieser Form nicht akzeptiert.<br \/><strong>L\u00f6sung:<\/strong> Die Bl\u00e4tter wurden bei der Beantragung des Apostille zu einem Dokument zusammengeheftet (nach Erhalt des Apostille ergab sich eine Heftung).<\/p>\n<h2 class=\"wp-block-heading\">Telefon in Georgien<\/h2>\n<p><strong>Telefon f\u00fcr Kontakt<\/strong><br \/>+373 67 666 333<\/p>\n<p><strong>\u00d6ffnungszeiten<\/strong><br \/>Montag\u2013Freitag: 9:00\u201317:00<\/p>\n","protected":false},"excerpt":{"rendered":"<p>Fall 1. Fehler: Statt Inga wurde im Geburtszeugnis Ina geschrieben. Das Geburtszeugnis wurde 1966 in Georgien, Stadt Poti, mit einem Fehler ausgestellt. 1968 wurde erneut das Standesamt zur Korrektur des Fehlers aufgesucht. Ein neues Geburtszeugnis mit der korrigierten Fehlangabe wurde erhalten. Sp\u00e4ter ging das neue Geburtszeugnis verloren (eine Kopie mit den vorgenommenen Korrekturen). Im Jahr &#8230; <a title=\"Beantragung von Dokumenten in Georgien. Praxis\" class=\"read-more\" href=\"https:\/\/documents.ge\/de\/beantragung-von-dokumenten-in-georgien-praxis\/\" aria-label=\"Mehr Informationen \u00fcber Beantragung von Dokumenten in Georgien. Praxis\">\u0427\u0438\u0442\u0430\u0442\u044c \u0434\u0430\u043b\u0435\u0435<\/a><\/p>\n","protected":false},"author":1,"featured_media":0,"parent":0,"menu_order":0,"comment_status":"closed","ping_status":"closed","template":"","meta":{"_acf_changed":false,"_monsterinsights_skip_tracking":false,"_monsterinsights_sitenote_active":false,"_monsterinsights_sitenote_note":"","_monsterinsights_sitenote_category":0,"footnotes":""},"yst_prominent_words":[],"class_list":["post-35","page","type-page","status-publish"],"acf":[],"_links":{"self":[{"href":"https:\/\/documents.ge\/de\/wp-json\/wp\/v2\/pages\/35","targetHints":{"allow":["GET"]}}],"collection":[{"href":"https:\/\/documents.ge\/de\/wp-json\/wp\/v2\/pages"}],"about":[{"href":"https:\/\/documents.ge\/de\/wp-json\/wp\/v2\/types\/page"}],"author":[{"embeddable":true,"href":"https:\/\/documents.ge\/de\/wp-json\/wp\/v2\/users\/1"}],"replies":[{"embeddable":true,"href":"https:\/\/documents.ge\/de\/wp-json\/wp\/v2\/comments?post=35"}],"version-history":[{"count":0,"href":"https:\/\/documents.ge\/de\/wp-json\/wp\/v2\/pages\/35\/revisions"}],"wp:attachment":[{"href":"https:\/\/documents.ge\/de\/wp-json\/wp\/v2\/media?parent=35"}],"wp:term":[{"taxonomy":"yst_prominent_words","embeddable":true,"href":"https:\/\/documents.ge\/de\/wp-json\/wp\/v2\/yst_prominent_words?post=35"}],"curies":[{"name":"wp","href":"https:\/\/api.w.org\/{rel}","templated":true}]}}