{"id":36,"date":"2025-04-07T09:23:45","date_gmt":"2025-04-07T09:23:45","guid":{"rendered":"https:\/\/documents.ge\/de\/bildungsdokumente-georgien\/"},"modified":"2025-04-07T09:23:45","modified_gmt":"2025-04-07T09:23:45","slug":"bildungsdokumente-georgien","status":"publish","type":"page","link":"https:\/\/documents.ge\/de\/bildungsdokumente-georgien\/","title":{"rendered":"Bildungsdokumente \u2013 Georgien"},"content":{"rendered":"<p><strong>Welche Arten von Bildungsdokumenten gibt es und ihre Beschreibung<\/strong><\/p>\n<p>Bildungsdokumente k\u00f6nnen in verschiedenen L\u00e4ndern unterschiedliche Namen und Formen haben, aber in der Regel handelt es sich um offizielle Dokumente, die den Abschluss eines bestimmten Bildungsniveaus best\u00e4tigen. Zu den h\u00e4ufigsten Bildungsdokumenten geh\u00f6ren:<\/p>\n<ul class=\"wp-block-list\">\n<li><strong>Diplome:<\/strong> Dies sind offizielle Dokumente, die nach Abschluss einer h\u00f6heren Bildung (z.B. Bachelor oder Master) ausgestellt werden.<\/li>\n<li><strong>Zeugnisse:<\/strong> Dies sind offizielle Dokumente, die nach Abschluss einer Sekundarbildung (z.B. Schulabschlusszeugnis) ausgestellt werden.<\/li>\n<li><strong>Pr\u00fcfungsbescheinigungen:<\/strong> Dies sind offizielle Dokumente, die die Ergebnisse von Pr\u00fcfungen in einem bestimmten Thema oder Fach best\u00e4tigen.<\/li>\n<li><strong>Transkripte:<\/strong> Dies sind offizielle Dokumente, die Informationen \u00fcber die besuchten Kurse und die w\u00e4hrend der Ausbildung erhaltenen Noten enthalten.<\/li>\n<\/ul>\n<p>Die Beschreibung von Bildungsdokumenten kann je nach spezifischem Dokument und dem Land, in dem es ausgestellt wurde, variieren.<\/p>\n<p><strong><u>Sie k\u00f6nnen folgende unserer Dienstleistungen ohne oder mit Reise nach Georgien in Anspruch nehmen:<\/u><\/strong><\/p>\n<ul class=\"wp-block-list\">\n<li>Erhalt fehlender Best\u00e4tigungsdokumente zu Ihrem Diplom oder Zeugnis: <strong>Best\u00e4tigung von der Schule oder Universit\u00e4t (Hochschule), analytisches Programm, Best\u00e4tigung durch das georgische Bildungsministerium.<\/strong><\/li>\n<li><strong>Wiederherstellung von Bildungsdokumenten<\/strong> und Erhalt von Duplikaten: Zeugnisse und Diplome.<\/li>\n<li><strong>Nostrifikation von Bildungsdokumenten<\/strong>: alle Arten von offiziellen Bildungsdokumenten.<\/li>\n<li><strong>Apostille f\u00fcr Zeugnisse, Diplome, Bescheinigungen und Transkripte.<\/strong><\/li>\n<\/ul>\n","protected":false},"excerpt":{"rendered":"<p>Welche Arten von Bildungsdokumenten gibt es und ihre Beschreibung Bildungsdokumente k\u00f6nnen in verschiedenen L\u00e4ndern unterschiedliche Namen und Formen haben, aber in der Regel handelt es sich um offizielle Dokumente, die den Abschluss eines bestimmten Bildungsniveaus best\u00e4tigen. Zu den h\u00e4ufigsten Bildungsdokumenten geh\u00f6ren: Diplome: Dies sind offizielle Dokumente, die nach Abschluss einer h\u00f6heren Bildung (z.B. Bachelor oder &#8230; <a title=\"Bildungsdokumente \u2013 Georgien\" class=\"read-more\" href=\"https:\/\/documents.ge\/de\/bildungsdokumente-georgien\/\" aria-label=\"Mehr Informationen \u00fcber Bildungsdokumente \u2013 Georgien\">\u0427\u0438\u0442\u0430\u0442\u044c \u0434\u0430\u043b\u0435\u0435<\/a><\/p>\n","protected":false},"author":1,"featured_media":0,"parent":0,"menu_order":0,"comment_status":"closed","ping_status":"closed","template":"","meta":{"_acf_changed":false,"_monsterinsights_skip_tracking":false,"_monsterinsights_sitenote_active":false,"_monsterinsights_sitenote_note":"","_monsterinsights_sitenote_category":0,"footnotes":""},"yst_prominent_words":[],"class_list":["post-36","page","type-page","status-publish"],"acf":[],"_links":{"self":[{"href":"https:\/\/documents.ge\/de\/wp-json\/wp\/v2\/pages\/36","targetHints":{"allow":["GET"]}}],"collection":[{"href":"https:\/\/documents.ge\/de\/wp-json\/wp\/v2\/pages"}],"about":[{"href":"https:\/\/documents.ge\/de\/wp-json\/wp\/v2\/types\/page"}],"author":[{"embeddable":true,"href":"https:\/\/documents.ge\/de\/wp-json\/wp\/v2\/users\/1"}],"replies":[{"embeddable":true,"href":"https:\/\/documents.ge\/de\/wp-json\/wp\/v2\/comments?post=36"}],"version-history":[{"count":0,"href":"https:\/\/documents.ge\/de\/wp-json\/wp\/v2\/pages\/36\/revisions"}],"wp:attachment":[{"href":"https:\/\/documents.ge\/de\/wp-json\/wp\/v2\/media?parent=36"}],"wp:term":[{"taxonomy":"yst_prominent_words","embeddable":true,"href":"https:\/\/documents.ge\/de\/wp-json\/wp\/v2\/yst_prominent_words?post=36"}],"curies":[{"name":"wp","href":"https:\/\/api.w.org\/{rel}","templated":true}]}}