{"id":37,"date":"2025-04-07T09:24:30","date_gmt":"2025-04-07T09:24:30","guid":{"rendered":"https:\/\/documents.ge\/de\/geburtsurkunde-mit-angabe-der-nationalitaet\/"},"modified":"2025-04-07T09:24:30","modified_gmt":"2025-04-07T09:24:30","slug":"geburtsurkunde-mit-angabe-der-nationalitaet","status":"publish","type":"page","link":"https:\/\/documents.ge\/de\/geburtsurkunde-mit-angabe-der-nationalitaet\/","title":{"rendered":"Geburtsurkunde mit Angabe der Nationalit\u00e4t"},"content":{"rendered":"<p>In Georgien wird in der Geburtsurkunde die Nationalit\u00e4t des Neugeborenen nicht angegeben. Ebenso wird die Nationalit\u00e4t der Eltern nicht vermerkt.<\/p>\n<p>Allerdings bitten Kunden h\u00e4ufig um Angaben zur Nationalit\u00e4t aus dem Standesamt oder dem Justizhaus Georgiens. F\u00fcr diesen Fall bietet unsere Agentur Geburtsbescheinigungen an, in denen die Nationalit\u00e4t angegeben wird.<\/p>\n<p>Wozu werden solche Bescheinigungen ben\u00f6tigt? Zum Beispiel werden solche Dokumente h\u00e4ufig f\u00fcr die Beantragung der Staatsb\u00fcrgerschaft (z.B. Griechenland, Israel und andere) angefordert.<\/p>\n<p>Von Ihnen wird eine Vollmacht f\u00fcr unseren Mitarbeiter ben\u00f6tigt, in der angegeben ist, dass eine solche Bescheinigung (Nationalit\u00e4tsbescheinigung) beantragt werden soll.<\/p>\n<p>Es ist zu beachten, dass selbst wenn in Ihrer alten Geburtsurkunde oder in der Sterbeurkunde Ihres Elternteils, Ihrer Gro\u00dfmutter oder Ihres Gro\u00dfvaters die Nationalit\u00e4t angegeben ist, dies nicht bedeutet, dass diese Information im Archiv der Standes\u00e4mter oder im Justizhaus vorhanden und in den Archivb\u00fcchern vermerkt ist.<\/p>\n<p>Es gibt F\u00e4lle, in denen in den Archivb\u00fcchern (Geburtsregistereintr\u00e4gen) keine Angaben zur Nationalit\u00e4t vorhanden sind. Dann m\u00fcssen andere Wege gesucht werden. Zum Beispiel kann die Nationalit\u00e4t vor Gericht oder \u00fcber Gro\u00dfeltern in absteigender Linie nachgewiesen werden.<\/p>\n","protected":false},"excerpt":{"rendered":"<p>In Georgien wird in der Geburtsurkunde die Nationalit\u00e4t des Neugeborenen nicht angegeben. Ebenso wird die Nationalit\u00e4t der Eltern nicht vermerkt. Allerdings bitten Kunden h\u00e4ufig um Angaben zur Nationalit\u00e4t aus dem Standesamt oder dem Justizhaus Georgiens. F\u00fcr diesen Fall bietet unsere Agentur Geburtsbescheinigungen an, in denen die Nationalit\u00e4t angegeben wird. Wozu werden solche Bescheinigungen ben\u00f6tigt? Zum &#8230; <a title=\"Geburtsurkunde mit Angabe der Nationalit\u00e4t\" class=\"read-more\" href=\"https:\/\/documents.ge\/de\/geburtsurkunde-mit-angabe-der-nationalitaet\/\" aria-label=\"Mehr Informationen \u00fcber Geburtsurkunde mit Angabe der Nationalit\u00e4t\">\u0427\u0438\u0442\u0430\u0442\u044c \u0434\u0430\u043b\u0435\u0435<\/a><\/p>\n","protected":false},"author":1,"featured_media":0,"parent":0,"menu_order":0,"comment_status":"closed","ping_status":"closed","template":"","meta":{"_acf_changed":false,"_monsterinsights_skip_tracking":false,"_monsterinsights_sitenote_active":false,"_monsterinsights_sitenote_note":"","_monsterinsights_sitenote_category":0,"footnotes":""},"yst_prominent_words":[],"class_list":["post-37","page","type-page","status-publish"],"acf":[],"_links":{"self":[{"href":"https:\/\/documents.ge\/de\/wp-json\/wp\/v2\/pages\/37","targetHints":{"allow":["GET"]}}],"collection":[{"href":"https:\/\/documents.ge\/de\/wp-json\/wp\/v2\/pages"}],"about":[{"href":"https:\/\/documents.ge\/de\/wp-json\/wp\/v2\/types\/page"}],"author":[{"embeddable":true,"href":"https:\/\/documents.ge\/de\/wp-json\/wp\/v2\/users\/1"}],"replies":[{"embeddable":true,"href":"https:\/\/documents.ge\/de\/wp-json\/wp\/v2\/comments?post=37"}],"version-history":[{"count":0,"href":"https:\/\/documents.ge\/de\/wp-json\/wp\/v2\/pages\/37\/revisions"}],"wp:attachment":[{"href":"https:\/\/documents.ge\/de\/wp-json\/wp\/v2\/media?parent=37"}],"wp:term":[{"taxonomy":"yst_prominent_words","embeddable":true,"href":"https:\/\/documents.ge\/de\/wp-json\/wp\/v2\/yst_prominent_words?post=37"}],"curies":[{"name":"wp","href":"https:\/\/api.w.org\/{rel}","templated":true}]}}