{"id":38,"date":"2025-04-07T09:25:49","date_gmt":"2025-04-07T09:25:49","guid":{"rendered":"https:\/\/documents.ge\/de\/eheurkunde-auszug-aus-dem-eheregister\/"},"modified":"2025-04-07T09:25:49","modified_gmt":"2025-04-07T09:25:49","slug":"eheurkunde-auszug-aus-dem-eheregister","status":"publish","type":"page","link":"https:\/\/documents.ge\/de\/eheurkunde-auszug-aus-dem-eheregister\/","title":{"rendered":"Eheurkunde (Auszug aus dem Eheregister)"},"content":{"rendered":"<h2 class=\"wp-block-heading\">Was ist ein Registereintrag<\/h2>\n<dl id=\"definition1\">\n<dt><strong>Registereintrag \u00fcber die Ehe<\/strong><\/dt>\n<dd>\u2014 ist die Aufzeichnung eines Beamten, eines Standesbeamten oder eines Mitarbeiters des Justizhauses Georgiens \u00fcber die Ehe mit Angabe aller Nachnamen, Vornamen, Geburtsdaten der Ehepartner, sowie anderer Umst\u00e4nde des Falls (z.B. Daten \u00fcber eine Scheidung vor der Ehe).<\/dd>\n<dd>Der Registereintrag \u00fcber die Ehe in Georgien (und anderen L\u00e4ndern) wird am Tag der Eheschlie\u00dfung erstellt. Sp\u00e4ter werden in vielen L\u00e4ndern \u00c4nderungen eingetragen, falls solche vorliegen. Zum Beispiel Namens\u00e4nderung oder Scheidung, Tod eines der Ehepartner.<\/dd>\n<\/dl>\n<p><!-- \u041e\u0442\u043a\u0440\u044b\u0432\u0430\u0435\u043c \u043d\u043e\u0432\u044b\u0439 article --><\/p>\n<article>\n<h2 class=\"wp-block-heading\">Wie sieht ein Registereintrag \u00fcber die Eheschlie\u00dfung aus<\/h2>\n<p><strong>Foto (Scan) Kopie des Registereintrags aus dem Standesamt \u00fcber die Ehe:<\/strong><\/p>\n<figure class=\"wp-block-image size-full\" id=\"\u041a\u043e\u043f\u0438\u044f-\u0430\u043a\u0442\u043e\u0432\u043e\u0439-\u0437\u0430\u043f\u0438\u0441\u0438\"><img alt=\"Kopie des Registereintrags \u00fcber die Ehe (\u00fcber die Eheschlie\u00dfung) aus Georgien. Ausgestellt vom Justizhaus oder dem Standesamt\" class=\"wp-image-408 lazyload\" data-src=\"https:\/\/documents.ge\/wp-content\/uploads\/2024\/07\/Marriage-Extract-Nationality-Georgia-Documents.gif\" decoding=\"async\" height=\"827\" src=\"data:image\/gif;base64,R0lGODlhAQABAAAAACH5BAEKAAEALAAAAAABAAEAAAICTAEAOw==\" style=\"--smush-placeholder-width: 892px; --smush-placeholder-aspect-ratio: 892\/827;\" title=\"Kopie des Registereintrags. Dokument aus dem Standesamt Georgiens. Daten: Eheschlie\u00dfung\" width=\"892\"\/><figcaption class=\"wp-element-caption\">Im Registereintrag \u00fcber die Ehe alter Form, wie auch im Registereintrag \u00fcber die Geburt, k\u00f6nnen Daten zur Nationalit\u00e4t der Ehepartner enthalten sein<\/figcaption><\/figure>\n<\/article>\n<p><!-- \u0417\u0430\u043a\u0440\u044b\u0432\u0430\u0435\u043c \u0442\u0435\u0433 article \u0437\u0434\u0435\u0441\u044c --><\/p>\n<p><!-- \u041e\u0442\u043a\u0440\u044b\u0432\u0430\u0435\u043c \u043d\u043e\u0432\u044b\u0439 article --><\/p>\n<article>\n<h2 class=\"wp-block-heading\">Welche Daten enth\u00e4lt ein Registereintrag \u00fcber die Ehe<\/h2>\n<p>Dieses Dokument ist eine Heiratsurkunde, die in der Georgischen SSR ausgestellt wurde. Darauf sind folgende Daten angegeben:<\/p>\n<ol class=\"wp-block-list\">\n<li><strong>Datum der Eheschlie\u00dfung<\/strong>.<\/li>\n<li><strong>Nummer des Registereintrags \u00fcber die Ehe<\/strong>.<\/li>\n<li><strong>Ort der Eheschlie\u00dfung<\/strong>: (genaue Abteilung des Standesamts und Stadt werden angegeben).<\/li>\n<li><strong>Nachname, Vorname, Vatersname des Br\u00e4utigams und der Braut<\/strong>.<\/li>\n<li><strong>Geburtsdatum des Br\u00e4utigams und der Braut<\/strong>.<\/li>\n<li><strong>Geburtsort des Br\u00e4utigams und der Braut<\/strong>.<\/li>\n<li><strong>Wohnort des Br\u00e4utigams und der Braut<\/strong>.<\/li>\n<li><strong>Nationalit\u00e4t des Br\u00e4utigams und der Braut<\/strong>.<\/li>\n<li><strong>Familienstand vor der Eheschlie\u00dfung<\/strong>.<\/li>\n<li><strong>Angaben zum Ausweisdokument<\/strong> (Pass oder anderes Dokument).<\/li>\n<li><strong>Angaben \u00fcber fr\u00fchere Eheschlie\u00dfungen oder Scheidungen<\/strong> (falls vorhanden).<\/li>\n<li><strong>Unterschriften des Br\u00e4utigams und der Braut<\/strong>.<\/li>\n<\/ol>\n<p>Man sollte bedenken, dass nicht alle Daten und nicht immer in die Registereintr\u00e4ge eingetragen wurden. Daher k\u00f6nnen bei der Ausgabe einer Kopie des Registereintrags oder eines Auszugs aus dem Registereintrag teilweise Daten fehlen, zum Beispiel die Nationalit\u00e4t.<\/p>\n<\/article>\n<p><!-- \u0417\u0430\u043a\u0440\u044b\u0432\u0430\u0435\u043c \u0442\u0435\u0433 article \u0437\u0434\u0435\u0441\u044c --><\/p>\n<p><strong>Den Original-Registereintrag in Georgien zu erhalten, ist nicht m\u00f6glich.<\/strong> Er wird im Original im Archiv der Standes\u00e4mter oder des Justizhauses Georgiens, in Synagogenarchiven oder lokalen Archiven aufbewahrt.<\/p>\n<p><strong>Sie k\u00f6nnen nur eine Kopie des Registereintrags \u00fcber die Ehe oder einen Auszug aus dem Registereintrag (archivischen Auszug) bestellen und erhalten.<\/strong><\/p>\n<p>Eine Kopie des Registereintrags ist nicht immer die beste Option, da sie unordentlich ausgef\u00fcllt sein kann, abgenutzt sein kann, besch\u00e4digt sein kann, zusammengesetzt sein kann oder schwer lesbar sein kann. Eine Kopie des Registereintrags ist im w\u00f6rtlichen Sinne eine Kopie des Registerbuchs \u2013 der entsprechenden Seiten.<\/p>\n<p><strong>Am besten ist es, einen Auszug aus dem Registereintrag oder dem Archiv auf einem staatlichen Formular in gedruckter Form zu bestellen.<\/strong> Ein solches Dokument ist leicht lesbar und hat offensichtliche Merkmale eines Dokuments.<\/p>\n<p><strong>Wenden Sie sich an unser B\u00fcro, um eine Kopie des Registereintrags oder einen Auszug aus dem Registereintrag, dem Archiv \u00fcber die Ehe, zu bestellen und zu erhalten.<\/strong><\/p>\n","protected":false},"excerpt":{"rendered":"<p>Was ist ein Registereintrag Registereintrag \u00fcber die Ehe \u2014 ist die Aufzeichnung eines Beamten, eines Standesbeamten oder eines Mitarbeiters des Justizhauses Georgiens \u00fcber die Ehe mit Angabe aller Nachnamen, Vornamen, Geburtsdaten der Ehepartner, sowie anderer Umst\u00e4nde des Falls (z.B. Daten \u00fcber eine Scheidung vor der Ehe). Der Registereintrag \u00fcber die Ehe in Georgien (und anderen &#8230; <a title=\"Eheurkunde (Auszug aus dem Eheregister)\" class=\"read-more\" href=\"https:\/\/documents.ge\/de\/eheurkunde-auszug-aus-dem-eheregister\/\" aria-label=\"Mehr Informationen \u00fcber Eheurkunde (Auszug aus dem Eheregister)\">\u0427\u0438\u0442\u0430\u0442\u044c \u0434\u0430\u043b\u0435\u0435<\/a><\/p>\n","protected":false},"author":1,"featured_media":0,"parent":0,"menu_order":0,"comment_status":"closed","ping_status":"closed","template":"","meta":{"_acf_changed":false,"_monsterinsights_skip_tracking":false,"_monsterinsights_sitenote_active":false,"_monsterinsights_sitenote_note":"","_monsterinsights_sitenote_category":0,"footnotes":""},"yst_prominent_words":[],"class_list":["post-38","page","type-page","status-publish"],"acf":[],"_links":{"self":[{"href":"https:\/\/documents.ge\/de\/wp-json\/wp\/v2\/pages\/38","targetHints":{"allow":["GET"]}}],"collection":[{"href":"https:\/\/documents.ge\/de\/wp-json\/wp\/v2\/pages"}],"about":[{"href":"https:\/\/documents.ge\/de\/wp-json\/wp\/v2\/types\/page"}],"author":[{"embeddable":true,"href":"https:\/\/documents.ge\/de\/wp-json\/wp\/v2\/users\/1"}],"replies":[{"embeddable":true,"href":"https:\/\/documents.ge\/de\/wp-json\/wp\/v2\/comments?post=38"}],"version-history":[{"count":0,"href":"https:\/\/documents.ge\/de\/wp-json\/wp\/v2\/pages\/38\/revisions"}],"wp:attachment":[{"href":"https:\/\/documents.ge\/de\/wp-json\/wp\/v2\/media?parent=38"}],"wp:term":[{"taxonomy":"yst_prominent_words","embeddable":true,"href":"https:\/\/documents.ge\/de\/wp-json\/wp\/v2\/yst_prominent_words?post=38"}],"curies":[{"name":"wp","href":"https:\/\/api.w.org\/{rel}","templated":true}]}}