{"id":41,"date":"2025-04-07T09:30:41","date_gmt":"2025-04-07T09:30:41","guid":{"rendered":"https:\/\/documents.ge\/de\/was-ist-eine-vollmacht\/"},"modified":"2025-04-07T09:30:41","modified_gmt":"2025-04-07T09:30:41","slug":"was-ist-eine-vollmacht","status":"publish","type":"page","link":"https:\/\/documents.ge\/de\/was-ist-eine-vollmacht\/","title":{"rendered":"Was ist eine &#8222;Vollmacht&#8220;"},"content":{"rendered":"<p><strong>Vollmacht<\/strong> ist ein spezielles Dokument, das einer in der Vollmacht genannten Person das Recht gibt, die Interessen einer nat\u00fcrlichen oder juristischen Person zu vertreten.<\/p>\n<p>Es gibt Generalvollmachten und Spezialvollmachten \u2013 f\u00fcr besondere Befugnisse (Handlungen). Eine Generalvollmacht ist sinnvoll f\u00fcr Kinder oder Eltern.<\/p>\n<p><strong>Eine Vollmacht hat eine G\u00fcltigkeitsdauer.<\/strong> In der Vollmacht wird diese Frist angegeben. Wenn in der Vollmacht keine Frist angegeben ist, gilt sie in der Regel 1 Jahr. In einigen L\u00e4ndern bedeutet dies eine unbegrenzte G\u00fcltigkeit der Vollmacht. In den meisten L\u00e4ndern gibt es jedoch eine Regel, die eine unbegrenzte G\u00fcltigkeitsdauer der Vollmacht im Text der Vollmacht festlegt.<\/p>\n<p>In einigen L\u00e4ndern ist die G\u00fcltigkeitsdauer einer Vollmacht gesetzlich begrenzt und \u00fcberschreitet beispielsweise nicht 3 Jahre. Das hei\u00dft, eine l\u00e4ngere Frist ist nicht m\u00f6glich.<\/p>\n<p>Eine Vollmacht kann von einem Notar, einem Konsulat (durch den Konsul), in einem Krankenhaus (durch einen Arzt) ausgestellt werden, wenn eine Person aufgrund ihres Zustands das Krankenhaus nicht verlassen kann, oder von lokalen Selbstverwaltungsbeh\u00f6rden (dies ist beispielsweise in Italien m\u00f6glich). Eine Vollmacht kann auch von einer juristischen Person (Unternehmen) im Namen des Direktors erteilt werden.<\/p>\n<p><strong>Eine Vollmacht eines Unternehmens<\/strong> f\u00fcr Handlungen im Inland erfordert in der Regel keine notarielle Beglaubigung. F\u00fcr den Schutz oder die Vertretung von Interessen im Ausland muss die Vollmacht jedoch konsularisch oder notariell mit Apostille oder Legalisation sein (wenn zwischen den L\u00e4ndern keine Vereinbarungen \u00fcber einen vereinfachten Dokumentenverkehr bestehen).<\/p>\n<p>In der Vollmacht werden die Daten beider Personen \u2013 des Bevollm\u00e4chtigten und des Vollmachtgebers (Pass, Geburtsdatum, pers\u00f6nliche Nummern oder Codes), das Ausstellungsdatum der Vollmacht, die Befugnisse und die G\u00fcltigkeitsdauer der Vollmacht angegeben.<\/p>\n<p>F\u00fcr L\u00e4nder des Apostille-Abkommens \u2013 ist eine Apostille erforderlich. F\u00fcr andere L\u00e4nder \u2013 eine Legalisation.<\/p>\n","protected":false},"excerpt":{"rendered":"<p>Vollmacht ist ein spezielles Dokument, das einer in der Vollmacht genannten Person das Recht gibt, die Interessen einer nat\u00fcrlichen oder juristischen Person zu vertreten. Es gibt Generalvollmachten und Spezialvollmachten \u2013 f\u00fcr besondere Befugnisse (Handlungen). Eine Generalvollmacht ist sinnvoll f\u00fcr Kinder oder Eltern. Eine Vollmacht hat eine G\u00fcltigkeitsdauer. In der Vollmacht wird diese Frist angegeben. Wenn &#8230; <a title=\"Was ist eine &#8222;Vollmacht&#8220;\" class=\"read-more\" href=\"https:\/\/documents.ge\/de\/was-ist-eine-vollmacht\/\" aria-label=\"Mehr Informationen \u00fcber Was ist eine &#8222;Vollmacht&#8220;\">\u0427\u0438\u0442\u0430\u0442\u044c \u0434\u0430\u043b\u0435\u0435<\/a><\/p>\n","protected":false},"author":1,"featured_media":0,"parent":0,"menu_order":0,"comment_status":"closed","ping_status":"closed","template":"","meta":{"_acf_changed":false,"_monsterinsights_skip_tracking":false,"_monsterinsights_sitenote_active":false,"_monsterinsights_sitenote_note":"","_monsterinsights_sitenote_category":0,"footnotes":""},"yst_prominent_words":[],"class_list":["post-41","page","type-page","status-publish"],"acf":[],"_links":{"self":[{"href":"https:\/\/documents.ge\/de\/wp-json\/wp\/v2\/pages\/41","targetHints":{"allow":["GET"]}}],"collection":[{"href":"https:\/\/documents.ge\/de\/wp-json\/wp\/v2\/pages"}],"about":[{"href":"https:\/\/documents.ge\/de\/wp-json\/wp\/v2\/types\/page"}],"author":[{"embeddable":true,"href":"https:\/\/documents.ge\/de\/wp-json\/wp\/v2\/users\/1"}],"replies":[{"embeddable":true,"href":"https:\/\/documents.ge\/de\/wp-json\/wp\/v2\/comments?post=41"}],"version-history":[{"count":0,"href":"https:\/\/documents.ge\/de\/wp-json\/wp\/v2\/pages\/41\/revisions"}],"wp:attachment":[{"href":"https:\/\/documents.ge\/de\/wp-json\/wp\/v2\/media?parent=41"}],"wp:term":[{"taxonomy":"yst_prominent_words","embeddable":true,"href":"https:\/\/documents.ge\/de\/wp-json\/wp\/v2\/yst_prominent_words?post=41"}],"curies":[{"name":"wp","href":"https:\/\/api.w.org\/{rel}","templated":true}]}}