{"id":42,"date":"2025-04-07T09:31:39","date_gmt":"2025-04-07T09:31:39","guid":{"rendered":"https:\/\/documents.ge\/de\/ledigkeitsbescheinigung\/"},"modified":"2025-04-07T09:31:39","modified_gmt":"2025-04-07T09:31:39","slug":"ledigkeitsbescheinigung","status":"publish","type":"page","link":"https:\/\/documents.ge\/de\/ledigkeitsbescheinigung\/","title":{"rendered":"Ledigkeitsbescheinigung"},"content":{"rendered":"<p>F\u00fcr eine Eheschlie\u00dfung oder um im Ausland Leistungen zu beantragen, ben\u00f6tigen Sie m\u00f6glicherweise ein Dokument, das Ihren Familienstand best\u00e4tigt \u2013 eine Bescheinigung (Zertifikat) \u00fcber das Nichtbestehen einer Ehe.<\/p>\n<p>In Georgien wird eine Bescheinigung dar\u00fcber, dass Sie nicht verheiratet sind, als Informationsblatt bezeichnet.<\/p>\n<p>Beispiel einer Bescheinigung, dass Sie ledig sind:<\/p>\n<figure class=\"wp-block-image\"><img alt=\"Informationsblatt in Georgien. \u00dcber die Nichtexistenz einer Ehe.\" class=\"wp-image-110 lazyload\" data-src=\"https:\/\/documents.ge\/wp-content\/uploads\/2019\/03\/%D1%81%D0%BF%D1%80%D0%B0%D0%B2%D0%BA%D0%B0-%D0%BE-%D0%BD%D0%B5%D1%81%D0%BE%D1%81%D1%82%D0%BE%D1%8F%D0%BD%D0%B8%D0%B8-%D0%B2-%D0%B1%D1%80%D0%B0%D0%BA%D0%B5-743x1024.jpg\" decoding=\"async\" src=\"data:image\/gif;base64,R0lGODlhAQABAAAAACH5BAEKAAEALAAAAAABAAEAAAICTAEAOw==\" style=\"--smush-placeholder-width: 743px; --smush-placeholder-aspect-ratio: 743\/1024;\"\/><figcaption class=\"wp-element-caption\">Informationsblatt oder Bescheinigung, dass Sie ledig sind<\/figcaption><\/figure>\n<p>Was wird in der Bescheinigung \u00fcber das Nichtbestehen einer Ehe angegeben? Die wichtigsten Informationen \u00fcber den Familienstand einer Person sind die Best\u00e4tigung, dass sie entweder geschieden, verwitwet oder nie verheiratet war.<\/p>\n<p>Die Anforderungen an die G\u00fcltigkeitsdauer der Bescheinigung \u00fcber das Nichtbestehen einer Ehe (Informationsblatt, Ledigkeitsbescheinigung) sind sehr unterschiedlich. In einigen L\u00e4ndern ist eine vor einem halben Jahr ausgestellte Bescheinigung ausreichend, in anderen L\u00e4ndern darf sie nicht \u00e4lter als einen Monat sein.<\/p>\n<p>Sie m\u00fcssen die Beschaffung eines solchen Dokuments in Georgien im Voraus planen. Die Vorbereitung einer Vollmacht, deren Versand, die Beschaffung der Bescheinigung \u00fcber das Nichtbestehen einer Ehe in Georgien, deren Legalisierung falls erforderlich, Apostille falls erforderlich und \u00dcbersetzung werden Zeit in Anspruch nehmen.<\/p>\n","protected":false},"excerpt":{"rendered":"<p>F\u00fcr eine Eheschlie\u00dfung oder um im Ausland Leistungen zu beantragen, ben\u00f6tigen Sie m\u00f6glicherweise ein Dokument, das Ihren Familienstand best\u00e4tigt \u2013 eine Bescheinigung (Zertifikat) \u00fcber das Nichtbestehen einer Ehe. In Georgien wird eine Bescheinigung dar\u00fcber, dass Sie nicht verheiratet sind, als Informationsblatt bezeichnet. Beispiel einer Bescheinigung, dass Sie ledig sind: Informationsblatt oder Bescheinigung, dass Sie ledig &#8230; <a title=\"Ledigkeitsbescheinigung\" class=\"read-more\" href=\"https:\/\/documents.ge\/de\/ledigkeitsbescheinigung\/\" aria-label=\"Mehr Informationen \u00fcber Ledigkeitsbescheinigung\">\u0427\u0438\u0442\u0430\u0442\u044c \u0434\u0430\u043b\u0435\u0435<\/a><\/p>\n","protected":false},"author":1,"featured_media":0,"parent":0,"menu_order":0,"comment_status":"closed","ping_status":"closed","template":"","meta":{"_acf_changed":false,"_monsterinsights_skip_tracking":false,"_monsterinsights_sitenote_active":false,"_monsterinsights_sitenote_note":"","_monsterinsights_sitenote_category":0,"footnotes":""},"yst_prominent_words":[],"class_list":["post-42","page","type-page","status-publish"],"acf":[],"_links":{"self":[{"href":"https:\/\/documents.ge\/de\/wp-json\/wp\/v2\/pages\/42","targetHints":{"allow":["GET"]}}],"collection":[{"href":"https:\/\/documents.ge\/de\/wp-json\/wp\/v2\/pages"}],"about":[{"href":"https:\/\/documents.ge\/de\/wp-json\/wp\/v2\/types\/page"}],"author":[{"embeddable":true,"href":"https:\/\/documents.ge\/de\/wp-json\/wp\/v2\/users\/1"}],"replies":[{"embeddable":true,"href":"https:\/\/documents.ge\/de\/wp-json\/wp\/v2\/comments?post=42"}],"version-history":[{"count":0,"href":"https:\/\/documents.ge\/de\/wp-json\/wp\/v2\/pages\/42\/revisions"}],"wp:attachment":[{"href":"https:\/\/documents.ge\/de\/wp-json\/wp\/v2\/media?parent=42"}],"wp:term":[{"taxonomy":"yst_prominent_words","embeddable":true,"href":"https:\/\/documents.ge\/de\/wp-json\/wp\/v2\/yst_prominent_words?post=42"}],"curies":[{"name":"wp","href":"https:\/\/api.w.org\/{rel}","templated":true}]}}