{"id":43,"date":"2025-04-07T09:32:22","date_gmt":"2025-04-07T09:32:22","guid":{"rendered":"https:\/\/documents.ge\/de\/staatsangehoerigkeitsbescheinigung\/"},"modified":"2025-04-07T09:32:22","modified_gmt":"2025-04-07T09:32:22","slug":"staatsangehoerigkeitsbescheinigung","status":"publish","type":"page","link":"https:\/\/documents.ge\/de\/staatsangehoerigkeitsbescheinigung\/","title":{"rendered":"Staatsangeh\u00f6rigkeitsbescheinigung"},"content":{"rendered":"<p>Eine Best\u00e4tigung \u00fcber die georgische Staatsb\u00fcrgerschaft wird h\u00e4ufig von ausl\u00e4ndischen Staaten und deren Beh\u00f6rden ben\u00f6tigt, um die Staatsangeh\u00f6rigkeit georgischer B\u00fcrger oder die Herkunft ihrer Eink\u00fcnfte im Ausland nachzuweisen.<\/p>\n<p>Egal aus welchem Grund Sie eine Best\u00e4tigung \u00fcber die Staatsb\u00fcrgerschaft ben\u00f6tigen, unser B\u00fcro stellt Ihnen diese in k\u00fcrzester Zeit aus.<\/p>\n<p>Sie k\u00f6nnen unsere Anw\u00e4lte in Georgien telefonisch, per E-Mail, Skype, WhatsApp, Viber oder Telegram kontaktieren.<\/p>\n<h2 class=\"wp-block-heading\">Telefon in Georgien<\/h2>\n<p><strong>Telefon f\u00fcr Kontakt<\/strong><br \/>+373 67 666 333<\/p>\n<p><strong>\u00d6ffnungszeiten<\/strong><br \/>Montag\u2013Freitag: 9:00\u201317:00<\/p>\n","protected":false},"excerpt":{"rendered":"<p>Eine Best\u00e4tigung \u00fcber die georgische Staatsb\u00fcrgerschaft wird h\u00e4ufig von ausl\u00e4ndischen Staaten und deren Beh\u00f6rden ben\u00f6tigt, um die Staatsangeh\u00f6rigkeit georgischer B\u00fcrger oder die Herkunft ihrer Eink\u00fcnfte im Ausland nachzuweisen. Egal aus welchem Grund Sie eine Best\u00e4tigung \u00fcber die Staatsb\u00fcrgerschaft ben\u00f6tigen, unser B\u00fcro stellt Ihnen diese in k\u00fcrzester Zeit aus. Sie k\u00f6nnen unsere Anw\u00e4lte in Georgien telefonisch, &#8230; <a title=\"Staatsangeh\u00f6rigkeitsbescheinigung\" class=\"read-more\" href=\"https:\/\/documents.ge\/de\/staatsangehoerigkeitsbescheinigung\/\" aria-label=\"Mehr Informationen \u00fcber Staatsangeh\u00f6rigkeitsbescheinigung\">\u0427\u0438\u0442\u0430\u0442\u044c \u0434\u0430\u043b\u0435\u0435<\/a><\/p>\n","protected":false},"author":1,"featured_media":0,"parent":0,"menu_order":0,"comment_status":"closed","ping_status":"closed","template":"","meta":{"_acf_changed":false,"_monsterinsights_skip_tracking":false,"_monsterinsights_sitenote_active":false,"_monsterinsights_sitenote_note":"","_monsterinsights_sitenote_category":0,"footnotes":""},"yst_prominent_words":[],"class_list":["post-43","page","type-page","status-publish"],"acf":[],"_links":{"self":[{"href":"https:\/\/documents.ge\/de\/wp-json\/wp\/v2\/pages\/43","targetHints":{"allow":["GET"]}}],"collection":[{"href":"https:\/\/documents.ge\/de\/wp-json\/wp\/v2\/pages"}],"about":[{"href":"https:\/\/documents.ge\/de\/wp-json\/wp\/v2\/types\/page"}],"author":[{"embeddable":true,"href":"https:\/\/documents.ge\/de\/wp-json\/wp\/v2\/users\/1"}],"replies":[{"embeddable":true,"href":"https:\/\/documents.ge\/de\/wp-json\/wp\/v2\/comments?post=43"}],"version-history":[{"count":0,"href":"https:\/\/documents.ge\/de\/wp-json\/wp\/v2\/pages\/43\/revisions"}],"wp:attachment":[{"href":"https:\/\/documents.ge\/de\/wp-json\/wp\/v2\/media?parent=43"}],"wp:term":[{"taxonomy":"yst_prominent_words","embeddable":true,"href":"https:\/\/documents.ge\/de\/wp-json\/wp\/v2\/yst_prominent_words?post=43"}],"curies":[{"name":"wp","href":"https:\/\/api.w.org\/{rel}","templated":true}]}}