{"id":44,"date":"2025-04-07T09:33:41","date_gmt":"2025-04-07T09:33:41","guid":{"rendered":"https:\/\/documents.ge\/de\/nostrifikation-anerkennung-von-diplomen-und-zeugnissen\/"},"modified":"2025-04-07T09:33:41","modified_gmt":"2025-04-07T09:33:41","slug":"nostrifikation-anerkennung-von-diplomen-und-zeugnissen","status":"publish","type":"page","link":"https:\/\/documents.ge\/de\/nostrifikation-anerkennung-von-diplomen-und-zeugnissen\/","title":{"rendered":"Nostrifikation (Anerkennung) von Diplomen und Zeugnissen"},"content":{"rendered":"<h3 class=\"wp-block-heading\"><strong>Was ist Nostrifikation<\/strong><\/h3>\n<p><strong>Nostrifikation<\/strong> ist der Prozess der Anerkennung von Bildungs- oder Qualifikationsdokumenten, die in einem Land ausgestellt wurden, in einem anderen Land.<\/p>\n<p>Dieser Prozess ist in der Regel notwendig, um das Recht auf Arbeit oder Studium in einem anderen Land zu erhalten, wenn die in einer ausl\u00e4ndischen Bildungseinrichtung erworbenen Dokumente nicht automatisch in dem Land anerkannt werden, in dem Sie Ihre Qualifikationen oder Bildung nutzen m\u00f6chten.<\/p>\n<p><em>Autor: documents.ge 26. Februar 2023<\/em><\/p>\n<h3 class=\"wp-block-heading\"><strong>Der Nostrifikationsprozess<\/strong><\/h3>\n<p><strong>Schritte des Nostrifikationsprozesses<\/strong><\/p>\n<ol class=\"wp-block-list\">\n<li><strong>Erhalt von Kopien und\/oder Originalen der zu nostrifizierenden Bildungsdokumente.<\/strong> Diese Dokumente umfassen in der Regel Diplome, Pr\u00fcfungszeugnisse, Transkripte und andere Dokumente, die Qualifikation und Bildung best\u00e4tigen.<\/li>\n<li><strong>Bestimmung der zust\u00e4ndigen Beh\u00f6rde, die die Nostrifikation gem\u00e4\u00df den Gesetzen des Landes durchf\u00fchrt, in dem Sie Ihre Dokumente nutzen m\u00f6chten.<\/strong> Dies ist in der Regel das Bildungsministerium oder eine spezielle Agentur, die f\u00fcr die Nostrifikation von Dokumenten verantwortlich ist.<\/li>\n<li><strong>Einreichung eines Antrags auf Nostrifikation der Dokumente bei der zust\u00e4ndigen Beh\u00f6rde.<\/strong> Der Antrag kann Geb\u00fchren und die Vorlage zus\u00e4tzlicher Dokumente erfordern, wie \u00dcbersetzungen in die Landessprache oder Nachweise \u00fcber Berufserfahrung im relevanten Bereich.<\/li>\n<li><strong>Bearbeitung des Antrags und der Dokumente durch die zust\u00e4ndige Beh\u00f6rde.<\/strong> Dieser Prozess kann in der Regel mehrere Wochen oder Monate dauern, abh\u00e4ngig von der Komplexit\u00e4t und der Anzahl der Dokumente.<\/li>\n<li><strong>Erhalt der Entscheidung \u00fcber die Nostrifikation der Dokumente.<\/strong> Wenn Ihr Antrag genehmigt wurde, erhalten Sie eine Best\u00e4tigung der Nostrifikation der Dokumente. Wenn Ihr Antrag abgelehnt wurde, k\u00f6nnen Sie m\u00f6glicherweise die Entscheidung anfechten.<\/li>\n<\/ol>\n<h3 class=\"wp-block-heading\"><strong>K\u00f6nnen Schulzeugnisse nostrifiziert werden?<\/strong><\/h3>\n<p>Ja, Schulzeugnisse der Sekundarstufe k\u00f6nnen nostrifiziert werden. Zum Beispiel, wenn Sie eine Schule in einem anderen Land abgeschlossen haben und an einer Universit\u00e4t oder Hochschule in einem anderen Land studieren m\u00f6chten, kann die Nostrifikation Ihres Zeugnisses erforderlich sein, damit es als Bildungsdokument anerkannt wird, das den Standards dieses Landes entspricht.<\/p>\n<h3 class=\"wp-block-heading\"><strong>K\u00f6nnen Bildungsdokumente ohne Beteiligung des Inhabers und ohne Anreise nostrifiziert (anerkannt) werden?<\/strong><\/h3>\n<p>Bei der Erteilung einer Vollmacht an unseren Vertreter (einen professionellen Anwalt) k\u00f6nnen Sie sich die Zeit sparen, sich mit Fragen zu befassen, die Zeit in Anspruch nehmen und m\u00f6glicherweise zu einem entt\u00e4uschenden Ergebnis f\u00fchren. Vertrauen Sie den Profis!<\/p>\n<p><a href=\"tel:+373 67 666 333\">+373 67 666 333<\/a> \u2014 <a href=\"viber:\/\/pa?chatURI=viber&amp;text=%D0%97%D0%B4%D1%80%D0%B0%D0%B2%D1%81%D1%82%D0%B2%D1%83%D0%B9%D1%82%D0%B5%2C%20%D1%81%D0%BB%D1%83%D1%88%D0%B0%D1%8E%20%D0%92%D0%B0%D1%81&amp;number=37367666333\">Viber<\/a> <a href=\"https:\/\/api.whatsapp.com\/send?phone=+37367666333&amp;text=%D0%97%D0%B4%D1%80%D0%B0%D0%B2%D1%81%D1%82%D0%B2%D1%83%D0%B9%D1%82%D0%B5%2C%20%D1%81%D0%BB%D1%83%D1%88%D0%B0%D1%8E%20%D0%92%D0%B0%D1%81\">WhatsApp<\/a> <a href=\"tg:\/\/resolve?domain=AnyDocuments&amp;text=%D0%97%D0%B4%D1%80%D0%B0%D0%B2%D1%81%D1%82%D0%B2%D1%83%D0%B9%D1%82%D0%B5%2C%20%D1%81%D0%BB%D1%83%D1%88%D0%B0%D1%8E%20%D0%92%D0%B0%D1%81\">Telegram<\/a><br \/><a href=\"mailto:documents.ge@yandex.ru\">documents.ge@yandex.ru<\/a><\/p>\n<h3 class=\"wp-block-heading\">Telefon in Georgien<\/h3>\n<p><strong>Kontakttelefon<\/strong><br \/>+373 67 666 333<\/p>\n<p><strong>\u00d6ffnungszeiten<\/strong><br \/>Montag\u2013Freitag: 9:00\u201317:00<\/p>\n","protected":false},"excerpt":{"rendered":"<p>Was ist Nostrifikation Nostrifikation ist der Prozess der Anerkennung von Bildungs- oder Qualifikationsdokumenten, die in einem Land ausgestellt wurden, in einem anderen Land. Dieser Prozess ist in der Regel notwendig, um das Recht auf Arbeit oder Studium in einem anderen Land zu erhalten, wenn die in einer ausl\u00e4ndischen Bildungseinrichtung erworbenen Dokumente nicht automatisch in dem &#8230; <a title=\"Nostrifikation (Anerkennung) von Diplomen und Zeugnissen\" class=\"read-more\" href=\"https:\/\/documents.ge\/de\/nostrifikation-anerkennung-von-diplomen-und-zeugnissen\/\" aria-label=\"Mehr Informationen \u00fcber Nostrifikation (Anerkennung) von Diplomen und Zeugnissen\">\u0427\u0438\u0442\u0430\u0442\u044c \u0434\u0430\u043b\u0435\u0435<\/a><\/p>\n","protected":false},"author":1,"featured_media":0,"parent":0,"menu_order":0,"comment_status":"closed","ping_status":"closed","template":"","meta":{"_acf_changed":false,"_monsterinsights_skip_tracking":false,"_monsterinsights_sitenote_active":false,"_monsterinsights_sitenote_note":"","_monsterinsights_sitenote_category":0,"footnotes":""},"yst_prominent_words":[],"class_list":["post-44","page","type-page","status-publish"],"acf":[],"_links":{"self":[{"href":"https:\/\/documents.ge\/de\/wp-json\/wp\/v2\/pages\/44","targetHints":{"allow":["GET"]}}],"collection":[{"href":"https:\/\/documents.ge\/de\/wp-json\/wp\/v2\/pages"}],"about":[{"href":"https:\/\/documents.ge\/de\/wp-json\/wp\/v2\/types\/page"}],"author":[{"embeddable":true,"href":"https:\/\/documents.ge\/de\/wp-json\/wp\/v2\/users\/1"}],"replies":[{"embeddable":true,"href":"https:\/\/documents.ge\/de\/wp-json\/wp\/v2\/comments?post=44"}],"version-history":[{"count":0,"href":"https:\/\/documents.ge\/de\/wp-json\/wp\/v2\/pages\/44\/revisions"}],"wp:attachment":[{"href":"https:\/\/documents.ge\/de\/wp-json\/wp\/v2\/media?parent=44"}],"wp:term":[{"taxonomy":"yst_prominent_words","embeddable":true,"href":"https:\/\/documents.ge\/de\/wp-json\/wp\/v2\/yst_prominent_words?post=44"}],"curies":[{"name":"wp","href":"https:\/\/api.w.org\/{rel}","templated":true}]}}