{"id":45,"date":"2025-04-07T09:34:29","date_gmt":"2025-04-07T09:34:29","guid":{"rendered":"https:\/\/documents.ge\/de\/georgischer-pass-ohne-einreise-ins-land-remote\/"},"modified":"2025-04-07T09:34:29","modified_gmt":"2025-04-07T09:34:29","slug":"georgischer-pass-ohne-einreise-ins-land-remote","status":"publish","type":"page","link":"https:\/\/documents.ge\/de\/georgischer-pass-ohne-einreise-ins-land-remote\/","title":{"rendered":"Georgischer Pass ohne Einreise ins Land (remote)"},"content":{"rendered":"<p>Ein georgischer Staatsb\u00fcrger, der im Ausland lebt, kann einen georgischen Reisepass erhalten, ohne nach Georgien zu reisen.<\/p>\n<p><strong>Aufgrund einer Vollmacht, die von einem georgischen Staatsb\u00fcrger im Ausland ausgestellt wurde,<\/strong> wendet sich unser bevollm\u00e4chtigter Vertreter an die territoriale Dienststelle der Agentur f\u00fcr die Entwicklung staatlicher Dienstleistungen, ein \u00f6ffentliches Zentrum oder eine Zweigstelle des Justizhauses mit den entsprechenden Befugnissen.<\/p>\n<p>In diesem Fall wird der georgische Reisepass am 5. oder 10. Arbeitstag ausgestellt, abh\u00e4ngig von der entsprechenden Geb\u00fchr und der Bezahlung unserer Dienstleistungen.<\/p>\n<p>Kontaktieren Sie uns f\u00fcr weitere Details.<\/p>\n<p>Achtung. Die Dienstleistungen unseres Unternehmens sind kostenpflichtig. Sie k\u00f6nnen bei uns die Dienstleistung der Beantragung eines georgischen Reisepasses \u2013 aus der Ferne \u2013 in Anspruch nehmen. Wir handeln auf unserer Seite gesetzeskonform.<\/p>\n<h2 class=\"wp-block-heading\">Telefon in Georgien<\/h2>\n<p><strong>Telefon f\u00fcr Kontakt<\/strong><br \/>+373 67 666 333<\/p>\n<p><strong>\u00d6ffnungszeiten<\/strong><br \/>Montag\u2013Freitag: 9:00\u201317:00<\/p>\n","protected":false},"excerpt":{"rendered":"<p>Ein georgischer Staatsb\u00fcrger, der im Ausland lebt, kann einen georgischen Reisepass erhalten, ohne nach Georgien zu reisen. Aufgrund einer Vollmacht, die von einem georgischen Staatsb\u00fcrger im Ausland ausgestellt wurde, wendet sich unser bevollm\u00e4chtigter Vertreter an die territoriale Dienststelle der Agentur f\u00fcr die Entwicklung staatlicher Dienstleistungen, ein \u00f6ffentliches Zentrum oder eine Zweigstelle des Justizhauses mit den &#8230; <a title=\"Georgischer Pass ohne Einreise ins Land (remote)\" class=\"read-more\" href=\"https:\/\/documents.ge\/de\/georgischer-pass-ohne-einreise-ins-land-remote\/\" aria-label=\"Mehr Informationen \u00fcber Georgischer Pass ohne Einreise ins Land (remote)\">\u0427\u0438\u0442\u0430\u0442\u044c \u0434\u0430\u043b\u0435\u0435<\/a><\/p>\n","protected":false},"author":1,"featured_media":0,"parent":0,"menu_order":0,"comment_status":"closed","ping_status":"closed","template":"","meta":{"_acf_changed":false,"_monsterinsights_skip_tracking":false,"_monsterinsights_sitenote_active":false,"_monsterinsights_sitenote_note":"","_monsterinsights_sitenote_category":0,"footnotes":""},"yst_prominent_words":[],"class_list":["post-45","page","type-page","status-publish"],"acf":[],"_links":{"self":[{"href":"https:\/\/documents.ge\/de\/wp-json\/wp\/v2\/pages\/45","targetHints":{"allow":["GET"]}}],"collection":[{"href":"https:\/\/documents.ge\/de\/wp-json\/wp\/v2\/pages"}],"about":[{"href":"https:\/\/documents.ge\/de\/wp-json\/wp\/v2\/types\/page"}],"author":[{"embeddable":true,"href":"https:\/\/documents.ge\/de\/wp-json\/wp\/v2\/users\/1"}],"replies":[{"embeddable":true,"href":"https:\/\/documents.ge\/de\/wp-json\/wp\/v2\/comments?post=45"}],"version-history":[{"count":0,"href":"https:\/\/documents.ge\/de\/wp-json\/wp\/v2\/pages\/45\/revisions"}],"wp:attachment":[{"href":"https:\/\/documents.ge\/de\/wp-json\/wp\/v2\/media?parent=45"}],"wp:term":[{"taxonomy":"yst_prominent_words","embeddable":true,"href":"https:\/\/documents.ge\/de\/wp-json\/wp\/v2\/yst_prominent_words?post=45"}],"curies":[{"name":"wp","href":"https:\/\/api.w.org\/{rel}","templated":true}]}}