{"id":46,"date":"2025-04-07T09:37:04","date_gmt":"2025-04-07T09:37:04","guid":{"rendered":"https:\/\/documents.ge\/de\/standesaemter-georgiens-adressen\/"},"modified":"2025-04-07T09:37:04","modified_gmt":"2025-04-07T09:37:04","slug":"standesaemter-georgiens-adressen","status":"publish","type":"page","link":"https:\/\/documents.ge\/de\/standesaemter-georgiens-adressen\/","title":{"rendered":"Standes\u00e4mter Georgiens. Adressen"},"content":{"rendered":"<p>&#8222;`html<\/p>\n<p><strong>Gebietsorgane der Standes\u00e4mter Georgiens (Standes\u00e4mter Georgiens)<\/strong><\/p>\n<p><em>*Hinweis: Wir haben die Telefonnummern nicht ver\u00f6ffentlicht, da wir nicht in der Lage sind, deren Richtigkeit st\u00e4ndig zu \u00fcberpr\u00fcfen<\/em><\/p>\n<figure class=\"wp-block-table\">\n<table>\n<tbody>\n<tr>\n<td>Gldaner Dienststelle des Zivilstandsregisters<\/td>\n<td>0113, Tiflis, Saradschischwili-Stra\u00dfe 3<\/td>\n<\/tr>\n<tr>\n<td>Nadzaladewi-Dienststelle des Zivilstandsregisters<\/td>\n<td>0180, Tiflis, Z. Dadiani-Stra\u00dfe, 34a, Geb\u00e4ude 3<\/td>\n<\/tr>\n<tr>\n<td>Didube-Tschugureti-Dienststelle des Zivilstandsregisters<\/td>\n<td>0108, Tiflis, Zereteli-Stra\u00dfe, 67a<\/td>\n<\/tr>\n<tr>\n<td>Saburtalo-Dienststelle des Zivilstandsregisters<\/td>\n<td>0160, Tiflis, G. Fandschikidse-Stra\u00dfe, 2<\/td>\n<\/tr>\n<tr>\n<td>Wakije-Dienststelle des Zivilstandsregisters<\/td>\n<td>0162, Tiflis, I. Abaschidse-Stra\u00dfe, 68<\/td>\n<\/tr>\n<tr>\n<td>Isani-Dienststelle des Zivilstandsregisters<\/td>\n<td>0144, Tiflis, Ketewan Zamebuli-Stra\u00dfe, 92 (65a)<\/td>\n<\/tr>\n<tr>\n<td>Samgori-Dienststelle des Zivilstandsregisters \/Niederlassung<\/td>\n<td>0182\/0144, Tiflis, Trialeti-Stra\u00dfe, 50\/Ketewan Zamebuli-Stra\u00dfe, 92<\/td>\n<\/tr>\n<tr>\n<td>Mtazminda-Krtsanisi-Dienststelle des Zivilstandsregisters<\/td>\n<td>0168\/0105, Tiflis, Brose-Stra\u00dfe, 1\/L. Asatiani-Stra\u00dfe, 19<\/td>\n<\/tr>\n<tr>\n<td>Batumi-Dienststelle des Zivilstandsregisters \/Niederlassung<\/td>\n<td>6000, Batumi, Zar Farnawas-Stra\u00dfe, 4\/Wascha-Pschawela-Stra\u00dfe, 35a<\/td>\n<\/tr>\n<tr>\n<td>Chelwatschauri-Dienststelle des Zivilstandsregisters \/Niederlassung<\/td>\n<td>6400, Chelwatschauri, Zar Tamar-Stra\u00dfe, 10\/12<\/td>\n<\/tr>\n<tr>\n<td>Chulo-Dienststelle des Zivilstandsregisters \/Niederlassung<\/td>\n<td>6500, Chulo, Abuseridse-Stra\u00dfe, 5\/Tschawtschawadse-Stra\u00dfe, 1<\/td>\n<\/tr>\n<tr>\n<td>Kobuleti-Dienststelle des Zivilstandsregisters<\/td>\n<td>6200, Kobuleti, Agmaschenebeli-Stra\u00dfe, 143<\/td>\n<\/tr>\n<tr>\n<td>Ked-Dienststelle des Zivilstandsregisters<\/td>\n<td>6100, Keda, Kostawa-Stra\u00dfe, 2<\/td>\n<\/tr>\n<tr>\n<td>Schuachewi-Dienststelle des Zivilstandsregisters<\/td>\n<td>6300, Schuachewi, Rustaweli-Stra\u00dfe, 12\/28<\/td>\n<\/tr>\n<tr>\n<td>Mzcheta-Dienststelle des Zivilstandsregisters<\/td>\n<td>3300, Mzcheta, Muchrani-Stra\u00dfe, 17<\/td>\n<\/tr>\n<tr>\n<td>Duscheti-Dienststelle des Zivilstandsregisters<\/td>\n<td>1800, Duscheti, Stalin-Stra\u00dfe, 27<\/td>\n<\/tr>\n<tr>\n<td>Stepanzminda-Dienststelle des Zivilstandsregisters<\/td>\n<td>4700, Stepanzminda, Agmaschenebeli-Stra\u00dfe, 9<\/td>\n<\/tr>\n<tr>\n<td>Tianeti-Dienststelle des Zivilstandsregisters<\/td>\n<td>2500, Tianeti, Rustaweli-Stra\u00dfe, 6<\/td>\n<\/tr>\n<tr>\n<td>Achalgori-Dienststelle des Zivilstandsregisters<\/td>\n<td>0600, Achalgori, Freiheitsplatz, 14<\/td>\n<\/tr>\n<tr>\n<td>Sugdidi-Dienststelle des Zivilstandsregisters \/Niederlassung<\/td>\n<td>2100, Sugdidi, Kostawa-Stra\u00dfe, 58\/Rustaweli-Stra\u00dfe, 87<\/td>\n<\/tr>\n<tr>\n<td>Senaki-Dienststelle des Zivilstandsregisters<\/td>\n<td>4100, Senaki, Zminida Nino-Stra\u00dfe, 11<\/td>\n<\/tr>\n<tr>\n<td>Martwili-Dienststelle des Zivilstandsregisters \/Niederlassung<\/td>\n<td>3100, Martwili, A. Gachokidse-Stra\u00dfe, 5\/Freiheit-Stra\u00dfe, 10<\/td>\n<\/tr>\n<tr>\n<td>Chobi-Dienststelle des Zivilstandsregisters<\/td>\n<td>5300, Chobi, Z. Dadiani-Stra\u00dfe, 92<\/td>\n<\/tr>\n<tr>\n<td>Abascha-Dienststelle des Zivilstandsregisters<\/td>\n<td>0200, Abascha, U. Katscharawa-Stra\u00dfe, 2<\/td>\n<\/tr>\n<tr>\n<td>Tschchorozku-Dienststelle des Zivilstandsregisters \/Niederlassung<\/td>\n<td>5000, Tschchorozku, Stalin-Stra\u00dfe, 6\/5<\/td>\n<\/tr>\n<tr>\n<td>Zalenjicha-Dienststelle des Zivilstandsregisters \/Niederlassung<\/td>\n<td>5200, Zalenjicha, Zar Tamar-Stra\u00dfe, 49\/4<\/td>\n<\/tr>\n<tr>\n<td>Poti-Dienststelle des Zivilstandsregisters<\/td>\n<td>4400, Poti, 9. April-Allee, 26<\/td>\n<\/tr>\n<tr>\n<td>Mestia-Dienststelle des Zivilstandsregisters<\/td>\n<td>3200, Mestia, Seta-Platz, 7<\/td>\n<\/tr>\n<tr>\n<td>Ambrolauri-Dienststelle des Zivilstandsregisters<\/td>\n<td>0400, Ambrolauri, Atmashenebeli-Stra\u00dfe, 24<\/td>\n<\/tr>\n<tr>\n<td>Zageri-Dienststelle des Zivilstandsregisters<\/td>\n<td>5100, Zageri, Rustaweli-Stra\u00dfe, 69<\/td>\n<\/tr>\n<tr>\n<td>Oni-Dienststelle des Zivilstandsregisters<\/td>\n<td>3600, Oni, Agmashenebeli-Stra\u00dfe, 1<\/td>\n<\/tr>\n<tr>\n<td>Lentechi-Dienststelle des Zivilstandsregisters<\/td>\n<td>2900, Lentechi, Zar Tamar-Stra\u00dfe, 34<\/td>\n<\/tr>\n<tr>\n<td>Telawi-Dienststelle des Zivilstandsregisters \/Niederlassung<\/td>\n<td>2200, Telawi, Tifliser Chaussee, 2b\/Ereklde Meore-Stra\u00dfe, 6<\/td>\n<\/tr>\n<tr>\n<td>Gurdschaani-Dienststelle des Zivilstandsregisters \/Niederlassung<\/td>\n<td>1500, Gurdschaani, Rustaweli-Stra\u00dfe, 20\/Noieschwili-Stra\u00dfe, 13<\/td>\n<\/tr>\n<tr>\n<td>Sagaredscho-Dienststelle des Zivilstandsregisters<\/td>\n<td>3800, Sagaredscho, Agmashenebeli-Stra\u00dfe, 25<\/td>\n<\/tr>\n<tr>\n<td>Lagodechi-Dienststelle des Zivilstandsregisters<\/td>\n<td>2700, Lagodechi, 26. Mai-Stra\u00dfe, 19\/Kostawa-Stra\u00dfe, 1<\/td>\n<\/tr>\n<tr>\n<td>Dedoplistskaro-Dienststelle des Zivilstandsregisters<\/td>\n<td>1600, Dedoplistskaro, Rustaweli-Stra\u00dfe, 37<\/td>\n<\/tr>\n<tr>\n<td>Kwareli-Dienststelle des Zivilstandsregisters<\/td>\n<td>4800, Kwareli, Tschawtschawadse-Stra\u00dfe, 74<\/td>\n<\/tr>\n<tr>\n<td>Signagi-Dienststelle des Zivilstandsregisters<\/td>\n<td>4200, Zinori, Rustaweli-Stra\u00dfe, 39<\/td>\n<\/tr>\n<tr>\n<td>Achmeta-Dienststelle des Zivilstandsregisters<\/td>\n<td>0900, Achmeta, Tscholokaschwili-Stra\u00dfe, 50<\/td>\n<\/tr>\n<tr>\n<td>Gori-Dienststelle des Zivilstandsregisters<\/td>\n<td>1400, Gori, Samefo-Stra\u00dfe, 54<\/td>\n<\/tr>\n<tr>\n<td>Kasp-Dienststelle des Zivilstandsregisters<\/td>\n<td>2600, Kasp,<br \/>Agmashenebeli-Stra\u00dfe, 80<\/td>\n<\/tr>\n<tr>\n<td>Kareli-Dienststelle des Zivilstandsregisters<\/td>\n<td>4500, Kareli, Stalin-Stra\u00dfe, 24<\/td>\n<\/tr>\n<tr>\n<td>Chaschuri-Dienststelle des Zivilstandsregisters \/Niederlassung<\/td>\n<td>5700, Chaschuri, Lomouri-Stra\u00dfe,<br \/>16, zweite Sackgasse<br \/>Rustaweli-Stra\u00dfe Nr. 6<\/td>\n<\/tr>\n<tr>\n<td>Zchinwali-Dienststelle des Zivilstandsregisters<\/td>\n<td>1400, Zchinwali,<br \/>Samefo-Stra\u00dfe, 54<\/td>\n<\/tr>\n<tr>\n<td>Kurta-Dienststelle des Zivilstandsregisters<\/td>\n<td>0189, Gori-Distrikt,<br \/>Dorf Kurta<\/td>\n<\/tr>\n<tr>\n<td>Tigwa-Dienststelle des Zivilstandsregisters<\/td>\n<td>Kareli-Distrikt,<br \/>Dorf Tigwa<\/td>\n<\/tr>\n<tr>\n<td>Eredwi-Dienststelle des Zivilstandsregisters<\/td>\n<td>1400, Gori-Distrikt,<br \/>Dorf Eredwi<\/td>\n<\/tr>\n<tr>\n<td>Achalziche-Dienststelle des Zivilstandsregisters<\/td>\n<td>0800, Achalziche,<br \/>Kezchoweli-Stra\u00dfe, 6<\/td>\n<\/tr>\n<tr>\n<td>Achalqalaki-Dienststelle des Zivilstandsregisters \/Niederlassung<\/td>\n<td>0700, Achalqalaki, Lomsadse-Stra\u00dfe, 67\/Tscharenti-Stra\u00dfe, 108<\/td>\n<\/tr>\n<tr>\n<td>Aspindsa-Dienststelle des Zivilstandsregisters<\/td>\n<td>0500, Aspindsa, Wardzia-Stra\u00dfe, 117<\/td>\n<\/tr>\n<tr>\n<td>Tqibuli-Dienststelle des Zivilstandsregisters<\/td>\n<td>4300, Tqibuli, Achobadse-Stra\u00dfe, 12<\/td>\n<\/tr>\n<tr>\n<td>Charagauli-Dienststelle des Zivilstandsregisters \/Niederlassung<\/td>\n<td>5600, Charagauli, Zar Solomon-Stra\u00dfe, 19\/57<\/td>\n<\/tr>\n<tr>\n<td>Tschiaturi-Dienststelle des Zivilstandsregisters<\/td>\n<td>5500, Tschiaturi, Ninoshwili-Stra\u00dfe, 7<\/td>\n<\/tr>\n<tr>\n<td>Sestaponi-Dienststelle des Zivilstandsregisters<\/td>\n<td>2000, Sestaponi, D. Agmashenebeli-Stra\u00dfe, 4<\/td>\n<\/tr>\n<tr>\n<td>Osurgeti-Dienststelle des Zivilstandsregisters<\/td>\n<td>3500, Osurgeti, Episkopos-Stra\u00dfe, 3<\/td>\n<\/tr>\n<tr>\n<td>Lantschchuti-Dienststelle des Zivilstandsregisters<\/td>\n<td>2800, Lantschchuti, Tiflis-Stra\u00dfe, 3\/Schordania-Stra\u00dfe, 128<\/td>\n<\/tr>\n<tr>\n<td>Tschochatauri-Dienststelle des Zivilstandsregisters<\/td>\n<td>4900, Tschochatauri, Gurien-Stra\u00dfe, 1<\/td>\n<\/tr>\n<tr>\n<td>Abchasische Dienststelle des Zivilstandsregisters<\/td>\n<td>0180, Tiflis,<br \/>Z. Dadiani-Stra\u00dfe<br \/>2. Viertel, Geb\u00e4ude 3<\/td>\n<\/tr>\n<tr>\n<td>Adscharien-Dienststelle des Zivilstandsregisters<\/td>\n<td>Ober-Abchasien,<br \/>Dorf Adschara<\/td>\n<\/tr>\n<tr>\n<td>Archiv der Stadt Tiflis<\/td>\n<td>0194, Bachtrioni-Stra\u00dfe, 20<\/td>\n<\/tr>\n<tr>\n<td>Archiv Georgiens<\/td>\n<td>0108, Tiflis,<br \/>Zereteli-Stra\u00dfe, 67A<\/td>\n<\/tr>\n<tr>\n<td>Archiv Adschariens<\/td>\n<td>Adscharien, Melaschwili-Stra\u00dfe, 2<\/td>\n<\/tr>\n<tr>\n<td>Archiv der Stadt Kutaissi<\/td>\n<td>4600, Kutaissi,<br \/>Faliaschwili-Stra\u00dfe, 2<\/td>\n<\/tr>\n<tr>\n<td>Erste spezialisierte Dienststelle des Hochzeitshauses<\/td>\n<td>0105, Tschachruchadse-Stra\u00dfe, 28\/21<\/td>\n<\/tr>\n<tr>\n<td>Zweite spezialisierte Dienststelle des Hochzeitshauses<\/td>\n<td>0105, Eisenreihen-Stra\u00dfe, 6<\/td>\n<\/tr>\n<tr>\n<td>Dritte spezialisierte Dienststelle des Hochzeitshauses<\/td>\n<td>0105, G. Abaschidse-Stra\u00dfe, 4<\/td>\n<\/tr>\n<tr>\n<td>Hochzeitshaus der Stadt Signagi<\/td>\n<td>Signagi, Kostawa-Stra\u00dfe, 10<\/td>\n<\/tr>\n<tr>\n<td>Dienststelle der Stadt Rustawi<\/td>\n<td>3700, Rustawi,<br \/>Pirosmani-Stra\u00dfe, 7<\/td>\n<\/tr>\n<tr>\n<td>Hochzeitshaus der Stadt Batumi<\/td>\n<td>Batumi,<br \/>Dschawachischwili-Stra\u00dfe, 5<\/td>\n<\/tr>\n<\/tbody>\n<\/table>\n<\/figure>\n<p>&#8222;`<\/p>\n","protected":false},"excerpt":{"rendered":"<p>&#8222;`html Gebietsorgane der Standes\u00e4mter Georgiens (Standes\u00e4mter Georgiens) *Hinweis: Wir haben die Telefonnummern nicht ver\u00f6ffentlicht, da wir nicht in der Lage sind, deren Richtigkeit st\u00e4ndig zu \u00fcberpr\u00fcfen Gldaner Dienststelle des Zivilstandsregisters 0113, Tiflis, Saradschischwili-Stra\u00dfe 3 Nadzaladewi-Dienststelle des Zivilstandsregisters 0180, Tiflis, Z. Dadiani-Stra\u00dfe, 34a, Geb\u00e4ude 3 Didube-Tschugureti-Dienststelle des Zivilstandsregisters 0108, Tiflis, Zereteli-Stra\u00dfe, 67a Saburtalo-Dienststelle des Zivilstandsregisters 0160, &#8230; <a title=\"Standes\u00e4mter Georgiens. Adressen\" class=\"read-more\" href=\"https:\/\/documents.ge\/de\/standesaemter-georgiens-adressen\/\" aria-label=\"Mehr Informationen \u00fcber Standes\u00e4mter Georgiens. Adressen\">\u0427\u0438\u0442\u0430\u0442\u044c \u0434\u0430\u043b\u0435\u0435<\/a><\/p>\n","protected":false},"author":1,"featured_media":0,"parent":0,"menu_order":0,"comment_status":"closed","ping_status":"closed","template":"","meta":{"_acf_changed":false,"_monsterinsights_skip_tracking":false,"_monsterinsights_sitenote_active":false,"_monsterinsights_sitenote_note":"","_monsterinsights_sitenote_category":0,"footnotes":""},"yst_prominent_words":[],"class_list":["post-46","page","type-page","status-publish"],"acf":[],"_links":{"self":[{"href":"https:\/\/documents.ge\/de\/wp-json\/wp\/v2\/pages\/46","targetHints":{"allow":["GET"]}}],"collection":[{"href":"https:\/\/documents.ge\/de\/wp-json\/wp\/v2\/pages"}],"about":[{"href":"https:\/\/documents.ge\/de\/wp-json\/wp\/v2\/types\/page"}],"author":[{"embeddable":true,"href":"https:\/\/documents.ge\/de\/wp-json\/wp\/v2\/users\/1"}],"replies":[{"embeddable":true,"href":"https:\/\/documents.ge\/de\/wp-json\/wp\/v2\/comments?post=46"}],"version-history":[{"count":0,"href":"https:\/\/documents.ge\/de\/wp-json\/wp\/v2\/pages\/46\/revisions"}],"wp:attachment":[{"href":"https:\/\/documents.ge\/de\/wp-json\/wp\/v2\/media?parent=46"}],"wp:term":[{"taxonomy":"yst_prominent_words","embeddable":true,"href":"https:\/\/documents.ge\/de\/wp-json\/wp\/v2\/yst_prominent_words?post=46"}],"curies":[{"name":"wp","href":"https:\/\/api.w.org\/{rel}","templated":true}]}}