{"id":49,"date":"2025-04-07T09:41:51","date_gmt":"2025-04-07T09:41:51","guid":{"rendered":"https:\/\/documents.ge\/de\/apostille-georgien\/"},"modified":"2025-04-07T09:41:51","modified_gmt":"2025-04-07T09:41:51","slug":"apostille-georgien","status":"publish","type":"page","link":"https:\/\/documents.ge\/de\/apostille-georgien\/","title":{"rendered":"Apostille Georgien"},"content":{"rendered":"<p>&#8222;`html<\/p>\n<p>Georgien trat dem Haager \u00dcbereinkommen am 26. August 2006 bei und begann im Mai 2007 mit der Anwendung des Apostille. Dies bedeutet, dass Dokumente, die vor Mai 2007 ausgestellt wurden, nicht apostilliert werden k\u00f6nnen und aktualisiert werden m\u00fcssen.<\/p>\n<p>Das Inkrafttreten des \u00dcbereinkommens f\u00fcr Georgien und andere L\u00e4nder erfolgte zu unterschiedlichen Zeiten. F\u00fcr Deutschland ist dies beispielsweise der 3. Februar 2010, f\u00fcr Griechenland der 17. Dezember 2015. Das bedeutet, dass Dokumente, die in Georgien vor diesen Daten apostilliert wurden, in den jeweiligen L\u00e4ndern nicht anerkannt werden.<\/p>\n<p>Dokumente aus Abchasien und S\u00fcdossetien fallen nicht unter das \u00dcbereinkommen.<\/p>\n<figure class=\"wp-block-image size-full\"><img alt=\"\" class=\"wp-image-55 lazyload\" data-sizes=\"(max-width: 650px) 100vw, 650px\" data-src=\"https:\/\/documents.ge\/wp-content\/uploads\/2023\/12\/Apostille_Apostil_Georgia.jpg\" data-srcset=\"https:\/\/documents.ge\/wp-content\/uploads\/2023\/12\/Apostille_Apostil_Georgia.jpg 650w, https:\/\/documents.ge\/wp-content\/uploads\/2023\/12\/Apostille_Apostil_Georgia-243x300.jpg 243w\" decoding=\"async\" height=\"804\" src=\"data:image\/gif;base64,R0lGODlhAQABAAAAACH5BAEKAAEALAAAAAABAAEAAAICTAEAOw==\" style=\"--smush-placeholder-width: 650px; --smush-placeholder-aspect-ratio: 650\/804;\" width=\"650\"\/><figcaption class=\"wp-element-caption\">Wie sieht eine georgische Apostille aus<\/figcaption><\/figure>\n<h3 class=\"wp-block-heading\">Apostillierung in Georgien<\/h3>\n<p>Die Apostille in Georgien wird auf Dokumenten unabh\u00e4ngig von ihrer \u00dcbersetzung angebracht. Sie kann als Stempel oder Aufdruck auf selbstklebendem Papier mit Sicherheitselementen ausgef\u00fchrt werden.<\/p>\n<p>Der Text der Apostille auf Georgisch und seine \u00dcbersetzung ins Russische enth\u00e4lt Informationen \u00fcber das Land (Georgien), den Unterzeichner, dessen Position, das Siegel, den Ort und das Datum der Ausstellung sowie die Nummer der Apostille und die Unterschrift.<\/p>\n<p>Die Apostille wird f\u00fcr Gr\u00fcndungsdokumente von Unternehmen, Ausz\u00fcge aus dem Handelsregister und andere offizielle Dokumente verwendet.<\/p>\n<p>Notwendigkeit der Apostille<br \/>Die Apostille ist erforderlich, um die Echtheit von Unterschriften und Siegeln zu best\u00e4tigen, da Beamte h\u00e4ufig wechseln und es viele Unterschriften gibt. Dies vereinfacht die Arbeit ausl\u00e4ndischer Beh\u00f6rden bei der Annahme von Dokumenten und verk\u00fcrzt die Bearbeitungszeit.<\/p>\n<p>In Georgien kann die Apostille nicht in Konsulaten erhalten werden, dies ergibt sich aus den Bestimmungen des Haager \u00dcbereinkommens.<\/p>\n<h3 class=\"wp-block-heading\">Elektronische Apostille in Georgien<\/h3>\n<p>Seit 2020 wurde in Georgien die elektronische Apostille (E-Apostille) eingef\u00fchrt, die die Online-\u00dcberpr\u00fcfung von bis zu 100 Dokumentenarten erm\u00f6glicht. Dies ist eine bequeme Methode zur Best\u00e4tigung von Dokumenten wie Geburtsurkunden, medizinischen Bescheinigungen und anderen. Die elektronische Apostille ist in das nationale System der elektronischen Dienste integriert und kann auf der offiziellen Website der georgischen Staatsdienste \u00fcberpr\u00fcft werden.<\/p>\n<h3 class=\"wp-block-heading\">Wo kann man in Georgien eine Apostille erhalten (anbringen lassen)?<\/h3>\n<p>Zust\u00e4ndige benannte Beh\u00f6rden (gem\u00e4\u00df <a href=\"https:\/\/www.hcch.net\/\" rel=\"noreferrer noopener\" target=\"_blank\">https:\/\/www.hcch.net\/<\/a>):<\/p>\n<ol class=\"wp-block-list\">\n<li><strong>JLLP \u201eAgentur f\u00fcr die Entwicklung staatlicher Dienstleistungen\u201c (ARPU) des Justizministeriums von Georgien.<\/strong><\/li>\n<\/ol>\n<p>PSDA ist f\u00fcr die Beglaubigung aller Dokumente mit einer Apostille zust\u00e4ndig, sofern andere zust\u00e4ndige Beh\u00f6rden dies nicht tun.<\/p>\n<ol class=\"wp-block-list\" start=\"2\">\n<li><strong>JLLP Nationales Zentrum f\u00fcr Bildungsqualit\u00e4t des Ministeriums f\u00fcr Bildung, Wissenschaft, Kultur und Sport von Georgien.<\/strong><\/li>\n<\/ol>\n<p>Was Bildungsdokumente betrifft (Universit\u00e4tsabschl\u00fcsse, Schulzeugnisse usw.), gem\u00e4\u00df dem gemeinsamen Erlass Nr. 93\/\u10dc \u2013 Nr. 170 vom 10. August 2016 des Ministers f\u00fcr Bildung und Wissenschaft und des Ministers f\u00fcr Justiz von Georgien. \u201e\u00dcber die Genehmigung der Regeln f\u00fcr die Beantragung und den Erhalt der f\u00fcr die Apostillierung\/Legalisierung von Dokumenten erforderlichen Informationen, die vom Ministerium f\u00fcr Bildung und Wissenschaft Georgiens und den Organen des Ministeriumssystems ausgestellt wurden, sowie von Dokumenten, die von Bildungseinrichtungen im Rahmen ihrer Befugnisse ausgestellt wurden\u201c, werden die Dokumente von der betroffenen Person bei der PSDA eingereicht, und die Dokumente werden von der PSDA \u00fcber das elektronische Verwaltungssystem an das JLLP Nationale Zentrum f\u00fcr Bildungsqualit\u00e4t des Ministeriums f\u00fcr Bildung, Wissenschaft, Kultur und Sport von Georgien zur Pr\u00fcfung weitergeleitet, das eine positive und\/oder negative Entscheidung \u00fcber die Apostillierung der Dokumente trifft.<\/p>\n<ol class=\"wp-block-list\" start=\"3\">\n<li><strong>JLLP Dienstleistungsagentur des Innenministeriums von Georgien<\/strong> ist befugt, Dokumente zu apostillieren, die von der Dienstleistungsagentur des Innenministeriums von Georgien ausgestellt wurden.<\/li>\n<\/ol>\n<h3 class=\"wp-block-heading\">Gibt es eine Aufbewahrungsfrist f\u00fcr Eintr\u00e4ge im Apostillenregister in Georgien?<\/h3>\n<\/p>\n<p>&#8222;`<\/p>\n","protected":false},"excerpt":{"rendered":"<p>&#8222;`html Georgien trat dem Haager \u00dcbereinkommen am 26. August 2006 bei und begann im Mai 2007 mit der Anwendung des Apostille. Dies bedeutet, dass Dokumente, die vor Mai 2007 ausgestellt wurden, nicht apostilliert werden k\u00f6nnen und aktualisiert werden m\u00fcssen. Das Inkrafttreten des \u00dcbereinkommens f\u00fcr Georgien und andere L\u00e4nder erfolgte zu unterschiedlichen Zeiten. F\u00fcr Deutschland ist &#8230; <a title=\"Apostille Georgien\" class=\"read-more\" href=\"https:\/\/documents.ge\/de\/apostille-georgien\/\" aria-label=\"Mehr Informationen \u00fcber Apostille Georgien\">\u0427\u0438\u0442\u0430\u0442\u044c \u0434\u0430\u043b\u0435\u0435<\/a><\/p>\n","protected":false},"author":1,"featured_media":0,"parent":0,"menu_order":0,"comment_status":"closed","ping_status":"closed","template":"","meta":{"_acf_changed":false,"_monsterinsights_skip_tracking":false,"_monsterinsights_sitenote_active":false,"_monsterinsights_sitenote_note":"","_monsterinsights_sitenote_category":0,"footnotes":""},"yst_prominent_words":[],"class_list":["post-49","page","type-page","status-publish"],"acf":[],"_links":{"self":[{"href":"https:\/\/documents.ge\/de\/wp-json\/wp\/v2\/pages\/49","targetHints":{"allow":["GET"]}}],"collection":[{"href":"https:\/\/documents.ge\/de\/wp-json\/wp\/v2\/pages"}],"about":[{"href":"https:\/\/documents.ge\/de\/wp-json\/wp\/v2\/types\/page"}],"author":[{"embeddable":true,"href":"https:\/\/documents.ge\/de\/wp-json\/wp\/v2\/users\/1"}],"replies":[{"embeddable":true,"href":"https:\/\/documents.ge\/de\/wp-json\/wp\/v2\/comments?post=49"}],"version-history":[{"count":0,"href":"https:\/\/documents.ge\/de\/wp-json\/wp\/v2\/pages\/49\/revisions"}],"wp:attachment":[{"href":"https:\/\/documents.ge\/de\/wp-json\/wp\/v2\/media?parent=49"}],"wp:term":[{"taxonomy":"yst_prominent_words","embeddable":true,"href":"https:\/\/documents.ge\/de\/wp-json\/wp\/v2\/yst_prominent_words?post=49"}],"curies":[{"name":"wp","href":"https:\/\/api.w.org\/{rel}","templated":true}]}}