{"id":50,"date":"2025-04-07T09:43:07","date_gmt":"2025-04-07T09:43:07","guid":{"rendered":"https:\/\/documents.ge\/de\/apostille-und-legalisation\/"},"modified":"2025-04-07T09:43:07","modified_gmt":"2025-04-07T09:43:07","slug":"apostille-und-legalisation","status":"publish","type":"page","link":"https:\/\/documents.ge\/de\/apostille-und-legalisation\/","title":{"rendered":"Apostille und Legalisation"},"content":{"rendered":"<h3 class=\"wp-block-heading\">Apostille<\/h3>\n<p>Stellen Sie sich vor, Sie haben ein offizielles Dokument aus Ihrem Land (z. B. eine Geburtsurkunde oder ein Diplom), das Sie in einem anderen Land verwenden m\u00fcssen. Damit dieses Dokument im anderen Land als echt anerkannt wird, muss es mit einem besonderen Stempel versehen werden \u2013 der Apostille.<\/p>\n<p><strong>Wie funktioniert das?<\/strong><\/p>\n<ol class=\"wp-block-list\">\n<li><strong>Wo wird die Apostille angebracht:<\/strong> Dieser Stempel wird in dem Land angebracht, in dem das Dokument ausgestellt wurde. Wenn Sie beispielsweise ein georgisches Diplom haben, muss die Apostille in Georgien angebracht werden.<\/li>\n<li><strong>Wer bringt die Apostille an:<\/strong> Dies wird normalerweise von staatlichen Stellen wie Ministerien, Gerichten oder lokalen Beh\u00f6rden durchgef\u00fchrt. In Georgien ist dies das Justizministerium.<\/li>\n<li><strong>Wozu dient sie:<\/strong> Die Apostille best\u00e4tigt, dass die Unterschrift und der Stempel auf Ihrem Dokument echt sind. Es ist wie eine Garantie f\u00fcr das andere Land, dass Ihr Dokument keine F\u00e4lschung ist.<\/li>\n<li><strong>Wann wird sie ben\u00f6tigt:<\/strong> Die Apostille ist erforderlich, wenn das Land, in dem Sie das Dokument verwenden m\u00f6chten, die Apostille akzeptiert (es muss Mitglied des sogenannten Haager \u00dcbereinkommens sein).<\/li>\n<\/ol>\n<h3 class=\"wp-block-heading\">Konsularische Legalisation<\/h3>\n<p>Wenn das Land, in dem Sie das Dokument verwenden m\u00f6chten, die Apostille nicht akzeptiert, dann ben\u00f6tigen Sie eine konsularische Legalisation.<\/p>\n<p><strong>Wie funktioniert das?<\/strong><\/p>\n<ol class=\"wp-block-list\">\n<li><strong>Wo wird die Legalisation durchgef\u00fchrt:<\/strong> Dies ist ein Prozess, bei dem das Konsulat oder die Botschaft des Landes, in dem Sie das Dokument verwenden m\u00f6chten, dessen Echtheit \u00fcberpr\u00fcft.<\/li>\n<li><strong>Wozu dient sie:<\/strong> Die konsularische Legalisation best\u00e4tigt ebenfalls, dass Ihr Dokument und alles, was darauf steht, echt ist. Dies ist notwendig, damit das andere Land Ihr Dokument mit Vertrauen akzeptieren kann.<\/li>\n<li><strong>Wie l\u00e4uft der Prozess ab:<\/strong> Zuerst muss Ihr Dokument in den Ministerien des Ausstellungslandes legalisiert werden (z. B. im Bildungsministerium und im Au\u00dfenministerium), und dann im Konsulat oder in der Botschaft des Landes, in dem das Dokument verwendet werden soll.<\/li>\n<\/ol>\n<h3 class=\"wp-block-heading\">Wichtige Punkte<\/h3>\n<ul class=\"wp-block-list\">\n<li><strong>\u00dcberpr\u00fcfen Sie die Anforderungen:<\/strong> Kl\u00e4ren Sie immer ab, welcher Prozess (Apostille oder konsularische Legalisation) f\u00fcr Ihr Dokument in dem Land erforderlich ist, in dem Sie es verwenden m\u00f6chten.<\/li>\n<li><strong>Zeit und Kosten:<\/strong> Beachten Sie, dass die Beschaffung einer Apostille oder die Durchf\u00fchrung einer konsularischen Legalisation einige Zeit in Anspruch nehmen und bestimmte Kosten verursachen kann.<\/li>\n<li><strong>Zus\u00e4tzliche Informationen:<\/strong> Manchmal k\u00f6nnen zus\u00e4tzliche Schritte erforderlich sein, z. B. die \u00dcbersetzung des Dokuments in die erforderliche Sprache, die ebenfalls beglaubigt werden muss.<\/li>\n<\/ul>\n<p>Diese Prozesse stellen sicher, dass Ihre Dokumente in anderen L\u00e4ndern anerkannt werden, was besonders wichtig f\u00fcr das Studium im Ausland, internationale Arbeit, Heirat, Einwanderung und andere offizielle Anl\u00e4sse ist.<\/p>\n","protected":false},"excerpt":{"rendered":"<p>Apostille Stellen Sie sich vor, Sie haben ein offizielles Dokument aus Ihrem Land (z. B. eine Geburtsurkunde oder ein Diplom), das Sie in einem anderen Land verwenden m\u00fcssen. Damit dieses Dokument im anderen Land als echt anerkannt wird, muss es mit einem besonderen Stempel versehen werden \u2013 der Apostille. Wie funktioniert das? Wo wird die &#8230; <a title=\"Apostille und Legalisation\" class=\"read-more\" href=\"https:\/\/documents.ge\/de\/apostille-und-legalisation\/\" aria-label=\"Mehr Informationen \u00fcber Apostille und Legalisation\">\u0427\u0438\u0442\u0430\u0442\u044c \u0434\u0430\u043b\u0435\u0435<\/a><\/p>\n","protected":false},"author":1,"featured_media":0,"parent":0,"menu_order":0,"comment_status":"closed","ping_status":"closed","template":"","meta":{"_acf_changed":false,"_monsterinsights_skip_tracking":false,"_monsterinsights_sitenote_active":false,"_monsterinsights_sitenote_note":"","_monsterinsights_sitenote_category":0,"footnotes":""},"yst_prominent_words":[],"class_list":["post-50","page","type-page","status-publish"],"acf":[],"_links":{"self":[{"href":"https:\/\/documents.ge\/de\/wp-json\/wp\/v2\/pages\/50","targetHints":{"allow":["GET"]}}],"collection":[{"href":"https:\/\/documents.ge\/de\/wp-json\/wp\/v2\/pages"}],"about":[{"href":"https:\/\/documents.ge\/de\/wp-json\/wp\/v2\/types\/page"}],"author":[{"embeddable":true,"href":"https:\/\/documents.ge\/de\/wp-json\/wp\/v2\/users\/1"}],"replies":[{"embeddable":true,"href":"https:\/\/documents.ge\/de\/wp-json\/wp\/v2\/comments?post=50"}],"version-history":[{"count":0,"href":"https:\/\/documents.ge\/de\/wp-json\/wp\/v2\/pages\/50\/revisions"}],"wp:attachment":[{"href":"https:\/\/documents.ge\/de\/wp-json\/wp\/v2\/media?parent=50"}],"wp:term":[{"taxonomy":"yst_prominent_words","embeddable":true,"href":"https:\/\/documents.ge\/de\/wp-json\/wp\/v2\/yst_prominent_words?post=50"}],"curies":[{"name":"wp","href":"https:\/\/api.w.org\/{rel}","templated":true}]}}