{"id":51,"date":"2025-04-07T09:45:24","date_gmt":"2025-04-07T09:45:24","guid":{"rendered":"https:\/\/documents.ge\/de\/haeufig-gestellte-fragen\/"},"modified":"2025-04-07T09:45:24","modified_gmt":"2025-04-07T09:45:24","slug":"haeufig-gestellte-fragen","status":"publish","type":"page","link":"https:\/\/documents.ge\/de\/haeufig-gestellte-fragen\/","title":{"rendered":"H\u00e4ufig gestellte Fragen"},"content":{"rendered":"<ul class=\"wp-block-list\">\n<li><strong>Wie lange besteht Ihr Unternehmen bereits?<\/strong><\/li>\n<li>Unser Unternehmen besteht seit fast 20 Jahren \u2013 seit 2005. Wir verf\u00fcgen \u00fcber internationale Erfahrung mit Dokumenten aus L\u00e4ndern der GUS, des S\u00fcdkaukasus, West- und Osteuropas sowie Nord-, Mittel- und S\u00fcdamerikas. Die vollst\u00e4ndige Liste der L\u00e4nder, mit denen wir zusammenarbeiten, finden Sie <a href=\"https:\/\/documents.ge\/%d1%81%d1%82%d1%80%d0%b0%d0%bd%d1%8b-%d1%81-%d0%ba%d0%be%d1%82%d0%be%d1%80%d1%8b%d0%bc%d0%b8-%d0%bc%d1%8b-%d1%80%d0%b0%d0%b1%d0%be%d1%82%d0%b0%d0%b5%d0%bc\/\" rel=\"noreferrer noopener\" target=\"_blank\">hier<\/a>.<\/li>\n<\/ul>\n<ul class=\"wp-block-list\">\n<li><strong>Wie kann ich sicher sein, dass Sie mich nicht betr\u00fcgen?<\/strong><\/li>\n<li>Sie k\u00f6nnen Bewertungen \u00fcber unser Unternehmen <a href=\"https:\/\/maps.app.goo.gl\/jfs9qmw5Ls99qrBU9\" rel=\"noreferrer noopener\" target=\"_blank\">hier<\/a> einsehen (es gibt fast 100). Au\u00dferdem stellen wir Ihnen einen gescannten Vertrag mit Stempel und digitaler Signatur zur Verf\u00fcgung, die Sie <a href=\"https:\/\/msign.gov.md\/\" rel=\"noreferrer noopener\" target=\"_blank\">online \u00fcberpr\u00fcfen<\/a> k\u00f6nnen.<\/li>\n<\/ul>\n<ul class=\"wp-block-list\">\n<li><strong>Welche Informationen ben\u00f6tigen Sie, um Dokumente bei Ihnen zu bestellen?<\/strong><\/li>\n<li>Zun\u00e4chst pr\u00fcfen wir Ihre Angaben: was Sie ben\u00f6tigen, wof\u00fcr Sie das Dokument brauchen (Apostille, \u00dcbersetzung, konsularische Legalisation usw.), f\u00fcr welches Land das Dokument bestimmt ist (nicht alle L\u00e4nder sind Mitglieder der Haager Konvention, und nicht mit allen L\u00e4ndern hat Georgien unterzeichnete und ratifizierte Abkommen). Anschlie\u00dfend geben wir unsere Einsch\u00e4tzung: was ben\u00f6tigt wird und was wir tun k\u00f6nnen, welche Fallstricke es gibt, welche Risiken bestehen und wie wir im Falle eines Misserfolgs vorgehen.<\/li>\n<\/ul>\n<ul class=\"wp-block-list\">\n<li><strong>K\u00f6nnen wir Dokumente online bestellen?<\/strong><\/li>\n<li><strong>Ja, Sie k\u00f6nnen Dokumente \u00fcber unsere Agentur online bestellen, ohne nach Georgien zu reisen.<\/strong> Von Ihnen wird eine notarielle (oder konsularische) Vollmacht ben\u00f6tigt, wenn es um die Beschaffung von Personenstandsdokumenten geht. Wenn Sie georgischer Staatsb\u00fcrger sind, k\u00f6nnen wir Ihnen unseren Notar f\u00fcr die Online-Bearbeitung einer Vollmacht in Georgien zur Verf\u00fcgung stellen (falls Sie im Ausland sind).<\/li>\n<\/ul>\n<ul class=\"wp-block-list\">\n<li><strong>Wie erfolgt die \u00dcbergabe der Dokumente?<\/strong><\/li>\n<li>Die Dokumente k\u00f6nnen per Kurierdienst Ihrer Wahl \u00fcbergeben werden. Oder aus der Liste der Kurierdienste auf unserer Website \u2013 <a href=\"https:\/\/documents.ge\/%d1%81%d0%bb%d1%83%d0%b6%d0%b1%d1%8b-%d0%b4%d0%be%d1%81%d1%82%d0%b0%d0%b2%d0%ba%d0%b8-%d0%b3%d1%80%d1%83%d0%b7%d0%b8%d1%8f-%d0%ba%d1%83%d1%80%d1%8c%d0%b5%d1%80%d1%81%d0%ba%d0%b8%d0%b5-%d1%81%d0%bb\/\" rel=\"noreferrer noopener\" target=\"_blank\">Link hier<\/a>. Falls Sie nicht wissen, was ein Kurierdienst ist, k\u00f6nnen Sie <a href=\"https:\/\/ru.wikipedia.org\/wiki\/%D0%9A%D1%83%D1%80%D1%8C%D0%B5%D1%80\" rel=\"noreferrer noopener\" target=\"_blank\">hier<\/a> nachlesen.<\/li>\n<\/ul>\n<ul class=\"wp-block-list\">\n<li><strong>Wie hoch ist Ihre Preisspanne?<\/strong><\/li>\n<li><strong>F\u00fcr die Beschaffung von Personenstandsdokumenten<\/strong> (Geburtsurkunde, Heiratsurkunde, Scheidungsurkunde, Sterbeurkunde, Ledigkeitsbescheinigung, Namens\u00e4nderungsbescheinigung, Adoptionsbescheinigung, Vaterschaftsanerkennung, Nationalit\u00e4tsnachweis) \u2013 <strong>zwischen 100 und 180 Euro.<\/strong> Abh\u00e4ngig von der Bearbeitungsdauer, der Anzahl der Dokumente und dem daf\u00fcr ben\u00f6tigten Aufwand.<br \/><strong>Apostille ab 80 bis 160 Euro<\/strong> pro Dokument \u2013 abh\u00e4ngig von den Fristen, dem Dokument und dem Bestimmungsland.<\/li>\n<\/ul>\n<ul class=\"wp-block-list\">\n<li><strong>Wie erfolgen die Zahlungen?<\/strong><\/li>\n<li><strong>Sie k\u00f6nnen in jeder f\u00fcr Sie bequemen Form bezahlen. Die Abrechnung erfolgt in Euro oder US-Dollar. Falls Sie eine andere W\u00e4hrung haben, k\u00f6nnen Sie diese \u00fcber Ihren Bankwechsel frei konvertieren.<\/strong> Wir schlie\u00dfen mit Ihnen einen Vertrag, und mit dessen Unterzeichnung entstehen f\u00fcr beide Seiten Verpflichtungen. <strong>Sie m\u00fcssen:<\/strong> korrekte und wahrheitsgem\u00e4\u00dfe Angaben machen, vorhandene Kopien oder Scans der Dokumente bereitstellen (die f\u00fcr die Beschaffung oder Apostillierung, Notarisierung ben\u00f6tigt werden), uns eine Vollmacht zusenden (oder online bei einem georgischen Notar unterzeichnen) und unsere Dienstleistungen rechtzeitig bezahlen. <strong>Wir m\u00fcssen:<\/strong> Fristen nennen und einhalten, alles gesetzeskonform erledigen, Ihnen wahrheitsgem\u00e4\u00dfe und zeitnahe Informationen bereitstellen und die fertigen Dokumente p\u00fcnktlich \u00fcbergeben.<\/li>\n<\/ul>\n<ul class=\"wp-block-list\">\n<li><strong>M\u00fcssen wir alles auf einmal bezahlen?<\/strong><\/li>\n<li>Sie k\u00f6nnen zun\u00e4chst 60% der Bestellsumme bezahlen. Die restlichen 40% folgen bei Fertigstellung. Die erste Zahlung erfolgt erst, nachdem wir die Original-Vollmacht von Ihnen erhalten haben. Dann beginnt die Arbeit. Wenn Sie 60% bezahlt haben und die Bestellung fertig ist, senden wir Ihnen Scans der fertigen Dokumente zur Freigabe. Danach zahlen Sie die restlichen 40% plus die Versandkosten. Am Tag nach Ihrer Zahlung versenden wir die Dokumente mit dem vereinbarten Kurierdienst. Sie erhalten einen Tracking-Code und k\u00f6nnen den Versand online verfolgen.<\/li>\n<\/ul>\n<ul class=\"wp-block-list\">\n<li><strong>Warum ist die Vollmacht auf 3 Jahre befristet (warum nicht l\u00e4nger oder k\u00fcrzer) und mit Untervollmachtsrecht f\u00fcr zwei Personen?<\/strong><\/li>\n<li>Die Praxis zeigt, dass 85-90% unserer Kunden f\u00fcr weitere Dienstleistungen zu uns zur\u00fcckkehren. Viele, die den Zeitraum verk\u00fcrzt haben, bereuen dies sp\u00e4ter, da sie bei erneuter Bestellung Zeit und Geld f\u00fcr eine neue Vollmacht und deren Versand aufwenden m\u00fcssen. Vollmachten \u00fcber 3 Jahre gelten automatisch als einj\u00e4hrig.<br \/>Das Untervollmachtsrecht gibt uns und Ihnen die Sicherheit, dass der Auftrag unter bestimmten Umst\u00e4nden (Krankheit, Unfall, K\u00fcndigung usw.) trotzdem erledigt wird. Mit zwei benannten Personen sind wir flexibler.<\/li>\n<\/ul>\n<ul class=\"wp-block-list\">\n<li><strong>Warum enth\u00e4lt die Vollmacht so viele Befugnisse?<\/strong><\/li>\n<li><strong>Die Befugnisse dienen ausschlie\u00dflich der Beschaffung Ihrer Dokumente und deren Bearbeitung. Die lange Liste von Beh\u00f6rden sollte Sie nicht irritieren. Dies geschieht zu Ihrem Vorteil:<\/strong> schnellere Abwicklung bei zus\u00e4tzlichen Anforderungen (bei der Bestellung oder sp\u00e4ter), keine R\u00fcckfragen von Beamten (warum ihre Beh\u00f6rde nicht genannt wurde). Beispiel: Bei einer Anfrage im Justizhaus stellte sich heraus, dass das Dokument nur im Nationalarchiv erh\u00e4ltlich ist. Dort fehlten Daten, die von anderen Stellen angefordert werden mussten. Dies ist nur ein Beispiel \u2013 die Umst\u00e4nde variieren.<br \/><strong>Die Vollmacht umfasst keine Befugnisse f\u00fcr Immobilien-, Autok\u00e4ufe oder Bankgesch\u00e4fte. Wir bearbeiten nur die von Ihnen bestellten Dokumente.<\/strong><\/li>\n<\/ul>\n<ul class=\"wp-block-list\">\n<li><strong>Kann ich eine Vollmacht f\u00fcr die Beschaffung von Dokumenten meines Verwandten erteilen?<\/strong><\/li>\n<li>Nur f\u00fcr Ihre Kinder (bei Geburtsurkunden) oder bei Sterbeurkunden f\u00fcr Eltern oder Gro\u00dfeltern.<\/li>\n<\/ul>\n<ul class=\"wp-block-list\">\n<li><strong>Brauche ich eine Vollmacht f\u00fcr eine Unbedenklichkeitsbescheinigung aus Georgien?<\/strong><\/li>\n<li>F\u00fcr unsere Agentur ist in diesem Fall keine Vollmacht erforderlich.<\/li>\n<\/ul>\n<ul class=\"wp-block-list\">\n<li><strong>Brauche ich eine Vollmacht f\u00fcr eine Apostille in Georgien?<\/strong><\/li>\n<li>F\u00fcr unsere Agentur ist keine Vollmacht n\u00f6tig, sofern das Dokument allen Anforderungen f\u00fcr eine Apostille entspricht.<\/li>\n<\/ul>\n<ul class=\"wp-block-list\">\n<li><strong>Brauche ich eine Vollmacht f\u00fcr eine konsularische Legalisation in Georgien?<\/strong><\/li>\n<li>Ja, in den meisten F\u00e4llen ist eine Vollmacht f\u00fcr die konsularische Legalisation in Georgien erforderlich.<\/li>\n<\/ul>\n","protected":false},"excerpt":{"rendered":"<p>Wie lange besteht Ihr Unternehmen bereits? Unser Unternehmen besteht seit fast 20 Jahren \u2013 seit 2005. Wir verf\u00fcgen \u00fcber internationale Erfahrung mit Dokumenten aus L\u00e4ndern der GUS, des S\u00fcdkaukasus, West- und Osteuropas sowie Nord-, Mittel- und S\u00fcdamerikas. Die vollst\u00e4ndige Liste der L\u00e4nder, mit denen wir zusammenarbeiten, finden Sie hier. Wie kann ich sicher sein, dass &#8230; <a title=\"H\u00e4ufig gestellte Fragen\" class=\"read-more\" href=\"https:\/\/documents.ge\/de\/haeufig-gestellte-fragen\/\" aria-label=\"Mehr Informationen \u00fcber H\u00e4ufig gestellte Fragen\">\u0427\u0438\u0442\u0430\u0442\u044c \u0434\u0430\u043b\u0435\u0435<\/a><\/p>\n","protected":false},"author":1,"featured_media":0,"parent":0,"menu_order":0,"comment_status":"closed","ping_status":"closed","template":"","meta":{"_acf_changed":false,"_monsterinsights_skip_tracking":false,"_monsterinsights_sitenote_active":false,"_monsterinsights_sitenote_note":"","_monsterinsights_sitenote_category":0,"footnotes":""},"yst_prominent_words":[],"class_list":["post-51","page","type-page","status-publish"],"acf":[],"_links":{"self":[{"href":"https:\/\/documents.ge\/de\/wp-json\/wp\/v2\/pages\/51","targetHints":{"allow":["GET"]}}],"collection":[{"href":"https:\/\/documents.ge\/de\/wp-json\/wp\/v2\/pages"}],"about":[{"href":"https:\/\/documents.ge\/de\/wp-json\/wp\/v2\/types\/page"}],"author":[{"embeddable":true,"href":"https:\/\/documents.ge\/de\/wp-json\/wp\/v2\/users\/1"}],"replies":[{"embeddable":true,"href":"https:\/\/documents.ge\/de\/wp-json\/wp\/v2\/comments?post=51"}],"version-history":[{"count":0,"href":"https:\/\/documents.ge\/de\/wp-json\/wp\/v2\/pages\/51\/revisions"}],"wp:attachment":[{"href":"https:\/\/documents.ge\/de\/wp-json\/wp\/v2\/media?parent=51"}],"wp:term":[{"taxonomy":"yst_prominent_words","embeddable":true,"href":"https:\/\/documents.ge\/de\/wp-json\/wp\/v2\/yst_prominent_words?post=51"}],"curies":[{"name":"wp","href":"https:\/\/api.w.org\/{rel}","templated":true}]}}