{"id":52,"date":"2025-04-07T09:46:32","date_gmt":"2025-04-07T09:46:32","guid":{"rendered":"https:\/\/documents.ge\/de\/laender-mit-denen-wir-zusammenarbeiten\/"},"modified":"2025-04-07T09:46:32","modified_gmt":"2025-04-07T09:46:32","slug":"laender-mit-denen-wir-zusammenarbeiten","status":"publish","type":"page","link":"https:\/\/documents.ge\/de\/laender-mit-denen-wir-zusammenarbeiten\/","title":{"rendered":"L\u00e4nder, mit denen wir zusammenarbeiten"},"content":{"rendered":"<p><strong>Wir sind ein internationales Unternehmen mit 25 Jahren Erfahrung im Umgang mit Dokumenten. <\/strong><\/p>\n<p>L\u00e4nder, mit denen wir zusammenarbeiten (unsere Niederlassungen, B\u00fcros, Vertreter) \u2014 <strong>Personenstandsdokumente erhalten (anfordern), F\u00fchrungszeugnis, Steuerbescheinigung, Nostrifikation oder Anerkennung von Bildungsdokumenten, Apostille erhalten oder anbringen, Dokumente \u00fcbersetzen lassen, konsularische Legalisation durchf\u00fchren:<\/strong><\/p>\n<p><strong>L\u00e4nder des S\u00fcdkaukasus:<\/strong><\/p>\n<ol class=\"wp-block-list\">\n<li>Armenien<\/li>\n<li>Aserbaidschan<\/li>\n<li>Georgien<\/li>\n<\/ol>\n<p><strong>L\u00e4nder Westeuropas:<\/strong><\/p>\n<ol class=\"wp-block-list\">\n<li>\u00d6sterreich<\/li>\n<li>Belgien<\/li>\n<li>Gro\u00dfbritannien<\/li>\n<li>Deutschland<\/li>\n<li>Irland<\/li>\n<li>Spanien<\/li>\n<li>Italien<\/li>\n<li>Liechtenstein<\/li>\n<li>Luxemburg<\/li>\n<li>Monaco<\/li>\n<li>Niederlande<\/li>\n<li>Norwegen<\/li>\n<li>Portugal<\/li>\n<li>Finnland<\/li>\n<li>Frankreich<\/li>\n<li>Schweden<\/li>\n<li>Schweiz<\/li>\n<\/ol>\n<p><strong>L\u00e4nder Osteuropas:<\/strong><\/p>\n<ol class=\"wp-block-list\">\n<li>Wei\u00dfrussland<\/li>\n<li>Bulgarien<\/li>\n<li>Ungarn<\/li>\n<li>Moldawien<\/li>\n<li>Polen<\/li>\n<li>Russland<\/li>\n<li>Rum\u00e4nien<\/li>\n<li>Slowakei<\/li>\n<li>Slowenien<\/li>\n<li>Ukraine<\/li>\n<li>Montenegro<\/li>\n<li>Tschechien<\/li>\n<\/ol>\n<p><strong>L\u00e4nder Nordamerikas:<\/strong><\/p>\n<ol class=\"wp-block-list\">\n<li>Kanada<\/li>\n<li>Vereinigte Staaten von Amerika<\/li>\n<li>Mexiko<\/li>\n<li>Gr\u00f6nland (autonomes Gebiet D\u00e4nemarks)<\/li>\n<li>Bermuda (britisches \u00dcberseegebiet)<\/li>\n<\/ol>\n<p><strong>L\u00e4nder Mittelamerikas:<\/strong><\/p>\n<ol class=\"wp-block-list\">\n<li>Belize<\/li>\n<li>Guatemala<\/li>\n<li>Honduras<\/li>\n<li>Dominikanische Republik<\/li>\n<li>Costa Rica<\/li>\n<li>Nicaragua<\/li>\n<li>Panama<\/li>\n<li>El Salvador<\/li>\n<\/ol>\n<p><strong>L\u00e4nder S\u00fcdamerikas:<\/strong><\/p>\n<ol class=\"wp-block-list\">\n<li>Argentinien<\/li>\n<li>Bolivien<\/li>\n<li>Brasilien<\/li>\n<li>Venezuela<\/li>\n<li>Guyana<\/li>\n<li>Kolumbien<\/li>\n<li>Paraguay<\/li>\n<li>Peru<\/li>\n<li>Suriname<\/li>\n<li>Uruguay<\/li>\n<li>Chile<\/li>\n<li>Ecuador<\/li>\n<li>Franz\u00f6sisch-Guayana (\u00dcbersee-Region Frankreichs)<\/li>\n<\/ol>\n","protected":false},"excerpt":{"rendered":"<p>Wir sind ein internationales Unternehmen mit 25 Jahren Erfahrung im Umgang mit Dokumenten. L\u00e4nder, mit denen wir zusammenarbeiten (unsere Niederlassungen, B\u00fcros, Vertreter) \u2014 Personenstandsdokumente erhalten (anfordern), F\u00fchrungszeugnis, Steuerbescheinigung, Nostrifikation oder Anerkennung von Bildungsdokumenten, Apostille erhalten oder anbringen, Dokumente \u00fcbersetzen lassen, konsularische Legalisation durchf\u00fchren: L\u00e4nder des S\u00fcdkaukasus: Armenien Aserbaidschan Georgien L\u00e4nder Westeuropas: \u00d6sterreich Belgien Gro\u00dfbritannien Deutschland &#8230; <a title=\"L\u00e4nder, mit denen wir zusammenarbeiten\" class=\"read-more\" href=\"https:\/\/documents.ge\/de\/laender-mit-denen-wir-zusammenarbeiten\/\" aria-label=\"Mehr Informationen \u00fcber L\u00e4nder, mit denen wir zusammenarbeiten\">\u0427\u0438\u0442\u0430\u0442\u044c \u0434\u0430\u043b\u0435\u0435<\/a><\/p>\n","protected":false},"author":1,"featured_media":0,"parent":0,"menu_order":0,"comment_status":"closed","ping_status":"closed","template":"","meta":{"_acf_changed":false,"_monsterinsights_skip_tracking":false,"_monsterinsights_sitenote_active":false,"_monsterinsights_sitenote_note":"","_monsterinsights_sitenote_category":0,"footnotes":""},"yst_prominent_words":[],"class_list":["post-52","page","type-page","status-publish"],"acf":[],"_links":{"self":[{"href":"https:\/\/documents.ge\/de\/wp-json\/wp\/v2\/pages\/52","targetHints":{"allow":["GET"]}}],"collection":[{"href":"https:\/\/documents.ge\/de\/wp-json\/wp\/v2\/pages"}],"about":[{"href":"https:\/\/documents.ge\/de\/wp-json\/wp\/v2\/types\/page"}],"author":[{"embeddable":true,"href":"https:\/\/documents.ge\/de\/wp-json\/wp\/v2\/users\/1"}],"replies":[{"embeddable":true,"href":"https:\/\/documents.ge\/de\/wp-json\/wp\/v2\/comments?post=52"}],"version-history":[{"count":0,"href":"https:\/\/documents.ge\/de\/wp-json\/wp\/v2\/pages\/52\/revisions"}],"wp:attachment":[{"href":"https:\/\/documents.ge\/de\/wp-json\/wp\/v2\/media?parent=52"}],"wp:term":[{"taxonomy":"yst_prominent_words","embeddable":true,"href":"https:\/\/documents.ge\/de\/wp-json\/wp\/v2\/yst_prominent_words?post=52"}],"curies":[{"name":"wp","href":"https:\/\/api.w.org\/{rel}","templated":true}]}}