{"id":53,"date":"2025-04-07T09:50:19","date_gmt":"2025-04-07T09:50:19","guid":{"rendered":"https:\/\/documents.ge\/de\/geburtsurkunde-georgien\/"},"modified":"2025-04-07T09:50:19","modified_gmt":"2025-04-07T09:50:19","slug":"geburtsurkunde-georgien","status":"publish","type":"page","link":"https:\/\/documents.ge\/de\/geburtsurkunde-georgien\/","title":{"rendered":"Geburtsurkunde \u2013 Georgien"},"content":{"rendered":"<p>&#8222;`html<\/p>\n<p>Die Ausstellung einer Geburtsurkunde in Georgien dauert in der Regel bis zu zwei Wochen. Es besteht die M\u00f6glichkeit einer beschleunigten Ausstellung innerhalb von 1-2 Werktagen gegen einen h\u00f6heren Tarif. Die Geschwindigkeit der Dokumentenbeschaffung h\u00e4ngt von den individuellen W\u00fcnschen des Kunden ab.<\/p>\n<h3 class=\"wp-block-heading\"><strong>Text der georgischen Geburtsurkunde. Was steht in einer georgischen Geburtsurkunde<\/strong>. Auf Georgisch<\/h3>\n<h3 class=\"wp-block-heading\">\u10e1\u10d0\u10e5\u10d0\u10e0\u10d7\u10d5\u10d4\u10da\u10dd\u10e1 \u10e0\u10d4\u10e1\u10de\u10e3\u10d1\u10da\u10d8\u10d9\u10d0<\/h3>\n<h3 class=\"wp-block-heading\">\u10d3\u10d0\u10d1\u10d0\u10d3\u10d4\u10d1\u10d8\u10e1 \u10db\u10dd\u10ec\u10db\u10dd\u10d1\u10d0<\/h3>\n<figure class=\"wp-block-table\">\n<table>\n<thead>\n<tr>\n<th><\/th>\n<th><\/th>\n<\/tr>\n<\/thead>\n<tbody>\n<tr>\n<td>\u10e1\u10d0\u10ee\u10d4\u10da\u10d8: ________________<\/td>\n<td>\u10db\u10e8\u10dd\u10d1\u10da\u10d4\u10d1\u10d8:<\/td>\n<\/tr>\n<tr>\n<td>\u10d2\u10d5\u10d0\u10e0\u10d8: ________________<\/td>\n<td>\u10db\u10d0\u10db\u10d0:<\/td>\n<\/tr>\n<tr>\n<td>\u10d3\u10d0\u10d1\u10d0\u10d3\u10d4\u10d1\u10d8\u10e1 \u10d7\u10d0\u10e0\u10d8\u10e6\u10d8: __________________<\/td>\n<td>\u10e1\u10d0\u10ee\u10d4\u10da\u10d8: _____________<\/td>\n<\/tr>\n<tr>\n<td>\u10d3\u10d0\u10d1\u10d0\u10d3\u10d4\u10d1\u10d8\u10e1 \u10d0\u10d3\u10d2\u10d8\u10da\u10d8: \u10e1\u10d0\u10e5\u10d0\u10e0\u10d7\u10d5\u10d4\u10da\u10dd, \u10d7\u10d1\u10d8\u10da\u10d8\u10e1\u10d8<\/td>\n<td>\u10d2\u10d5\u10d0\u10e0\u10d8: ______________<\/td>\n<\/tr>\n<tr>\n<td>\u10e1\u10e5\u10d4\u10e1\u10d8: \u10db\u10d3\u10d4\u10d3\u10e0\u10dd\u10d1\u10d8\u10d7\u10d8<\/td>\n<td>\u10de\u10d8\u10e0\u10d0\u10d3\u10d8 \u10dc\u10dd\u10db\u10d4\u10e0\u10d8:<\/td>\n<\/tr>\n<tr>\n<td>\u10de\u10d8\u10e0\u10d0\u10d3\u10d8 \u10dc\u10dd\u10db\u10d4\u10e0\u10d8:<\/td>\n<td>\u10d3\u10d4\u10d3\u10d0:<\/td>\n<\/tr>\n<tr>\n<td>\u10db\u10dd\u10e5\u10d0\u10da\u10d0\u10e5\u10d4\u10dd\u10d1\u10d0:<\/td>\n<td>\u10e1\u10d0\u10ee\u10d4\u10da\u10d8: ______________<\/td>\n<\/tr>\n<tr>\n<td>\u10d3\u10d0\u10d1\u10d0\u10d3\u10d4\u10d1\u10d8\u10e1 \u10e0\u10d4\u10d2\u10d8\u10e1\u10e2\u10e0\u10d0\u10ea\u10d8\u10d8\u10e1 \u10d7\u10d0\u10e0\u10d8\u10e6\u10d8: _________<\/td>\n<td>\u10d2\u10d5\u10d0\u10e0\u10d8: ___________________<\/td>\n<\/tr>\n<tr>\n<td>\u10e9\u10d0\u10dc\u10d0\u10ec\u10d4\u10e0\u10d8\u10e1 \u10dc\u10dd\u10db\u10d4\u10e0\u10d8: ________<\/td>\n<td>\u10de\u10d8\u10e0\u10d0\u10d3\u10d8 \u10dc\u10dd\u10db\u10d4\u10e0\u10d8:<\/td>\n<\/tr>\n<tr>\n<td>QR \u10d9\u10dd\u10d3\u10d8\u10e1 \u10e5\u10d5\u10d4\u10db\u10dd\u10d7 \u10db\u10dd\u10dc\u10d0\u10ea\u10d4\u10db\u10d4\u10d1\u10d8:<\/td>\n<td>\u10db\u10dd\u10e5\u10d0\u10da\u10d0\u10e5\u10d4\u10dd\u10d1\u10d0:<\/td>\n<\/tr>\n<tr>\n<td>\u10d3\u10dd\u10d9\u10e3\u10db\u10d4\u10dc\u10e2\u10d8 \u10d0\u10e0\u10d8\u10e1 \u10d4\u10da\u10d4\u10e5\u10e2\u10e0\u10dd\u10dc\u10e3\u10da\u10d8. \u10d3\u10d0\u10db\u10d0\u10e2\u10d4\u10d1\u10d8\u10d7\u10d8 \u10d8\u10dc\u10e4\u10dd\u10e0\u10db\u10d0\u10ea\u10d8\u10d8\u10e1\u10d7\u10d5\u10d8\u10e1 (http:\/\/sda.gov.ge).<\/td>\n<td>\u10d3\u10d0\u10d1\u10d0\u10d3\u10d4\u10d1\u10d8\u10e1 \u10e0\u10d4\u10d2\u10d8\u10e1\u10e2\u10e0\u10d0\u10ea\u10d8\u10d8\u10e1 \u10d7\u10d0\u10e0\u10d8\u10e6\u10d8: _____________<\/td>\n<\/tr>\n<tr>\n<td>\u10d3\u10d0\u10d9\u10d0\u10d5\u10e8\u10d8\u10e0\u10d4\u10d1\u10e3\u10da\u10d8 \u10d8\u10dc\u10e4\u10dd\u10e0\u10db\u10d0\u10ea\u10d8\u10d8\u10e1 \u10d2\u10d0\u10d3\u10d0\u10db\u10dd\u10ec\u10db\u10d4\u10d1\u10d0 \u10e3\u10dc\u10d3\u10d0 \u10db\u10dd\u10ee\u10d3\u10d4\u10e1 \u10d7\u10e3 \u10d0\u10e0 \u10d0\u10e0\u10e1\u10d4\u10d1\u10dd\u10d1\u10e1 \u10e8\u10d4\u10e1\u10d0\u10d1\u10d0\u10db\u10d8\u10e1\u10d8 \u10d4\u10da\u10d4\u10e5\u10e2\u10e0\u10dd\u10dc\u10e3\u10da\u10d8 \u10d3\u10d0\u10db\u10dd\u10ec\u10db\u10d4\u10d1\u10d0 (http:\/\/sda.gov.ge) \u10e9\u10d0\u10db\u10dd\u10e2\u10d5\u10d8\u10e0\u10d7\u10d5\u10d0 \u10e8\u10d4\u10e1\u10d0\u10eb\u10da\u10d4\u10d1\u10d4\u10da\u10d8\u10d0 ACTUS51_______72 \u10dc\u10dd\u10db\u10e0\u10d8\u10d7 1 \u10ec\u10da\u10d8\u10e1 \u10d2\u10d0\u10db\u10ea\u10d4\u10db\u10d8\u10d7.<\/td>\n<td>\u10db\u10dd\u10e5\u10d0\u10da\u10d0\u10e5\u10d4\u10dd\u10d1\u10d8\u10e1 \u10dd\u10e4\u10d8\u10e1\u10d8:<\/td>\n<\/tr>\n<tr>\n<td><\/td>\n<td>\u10e1\u10e1\u10d8\u10de \u10e2\u10d8\u10db\u10d8\u10e1\u10d8\u10e1 \u10e1\u10d0\u10db\u10dd\u10e5\u10d0\u10da\u10d0\u10e5\u10dd \u10e0\u10d4\u10d4\u10e1\u10e2\u10e0\u10d8\u10e1 \u10e1\u10d0\u10db\u10e1\u10d0\u10ee\u10e3\u10e0\u10d8<\/td>\n<\/tr>\n<tr>\n<td><\/td>\n<td><\/td>\n<\/tr>\n<tr>\n<td><\/td>\n<td>\u10ee\u10d4\u10da\u10db\u10dd\u10ec\u10d4\u10e0\u10d0:<\/td>\n<\/tr>\n<tr>\n<td><\/td>\n<td>\u10e1\u10de\u10d4\u10ea\u10d8\u10d0\u10da\u10d8\u10e1\u10e2\u10d8 <strong><em><strong><em>________________<\/em><\/strong><\/em><\/strong><\/td>\n<\/tr>\n<tr>\n<td><\/td>\n<td>\u10e1\u10e1\u10d8\u10de \u10e1\u10d0\u10d6\u10dd\u10d2\u10d0\u10d3\u10dd\u10d4\u10d1\u10e0\u10d8\u10d5\u10d8 \u10e0\u10d4\u10d4\u10e1\u10e2\u10e0\u10d8\u10e1 \u10d4\u10e0\u10dd\u10d5\u10dc\u10e3\u10da\u10d8 \u10e1\u10d0\u10d0\u10d2\u10d4\u10dc\u10e2\u10dd<\/td>\n<\/tr>\n<tr>\n<td><\/td>\n<td>\u10e1\u10d0\u10e0\u10d4\u10d2\u10d8\u10e1\u10e2\u10e0\u10d0\u10ea\u10d8\u10dd \u10dc\u10dd\u10db\u10d4\u10e0\u10d8 __________<\/td>\n<\/tr>\n<tr>\n<td><\/td>\n<td>\u10db\u10dd\u10dc\u10d0\u10ea\u10db\u10d4\u10d1\u10d8 \u10e8\u10e2\u10d0\u10db\u10de\u10d8\u10d3\u10d0\u10dc:<\/td>\n<\/tr>\n<tr>\n<td><\/td>\n<td>\u10e1\u10d0\u10e5\u10d0\u10e0\u10d7\u10d5\u10d4\u10da\u10dd\u10e1 \u10d8\u10e3\u10e1\u10e2\u10d8\u10ea\u10d8\u10d8\u10e1 \u10e1\u10d0\u10db\u10d8\u10dc\u10d8\u10e1\u10e2\u10e0\u10dd\u10e1 \u10e1\u10d0\u10ee\u10d4\u10da\u10db\u10ec\u10d8\u10e4\u10dd \u10e1\u10d4\u10e0\u10d5\u10d8\u10e1\u10d4\u10d1\u10d8\u10e1 \u10d2\u10d0\u10dc\u10d5\u10d8\u10d7\u10d0\u10e0\u10d4\u10d1\u10d8\u10e1 \u10e1\u10d0\u10d0\u10d2\u10d4\u10dc\u10e2\u10dd<\/td>\n<\/tr>\n<tr>\n<td><\/td>\n<td>\u10e2\u10d8\u10db\u10d8\u10e1 \u10e2\u10d4\u10e0\u10d8\u10e2\u10dd\u10e0\u10d8\u10e3\u10da\u10d8 \u10e1\u10d0\u10db\u10e1\u10d0\u10ee\u10e3\u10e0\u10d8<\/td>\n<\/tr>\n<tr>\n<td><\/td>\n<td>\u10ee\u10d4\u10da\u10db\u10dd\u10ec\u10d4\u10e0\u10d0: ________<\/td>\n<\/tr>\n<tr>\n<td><\/td>\n<td>\u10d7\u10d0\u10dc\u10d0\u10db\u10d3\u10d4\u10d1\u10dd\u10d1\u10d0: \u10e0\u10d4\u10d2\u10d8\u10e1\u10e2\u10e0\u10d0\u10e2\u10dd\u10e0\u10d8. \u10e1\u10d4\u10e0\u10d5\u10d8\u10e1\u10ea\u10d4\u10dc\u10e2\u10e0\u10d8 _______<\/td>\n<\/tr>\n<tr>\n<td><\/td>\n<td>______________________ \u10ec.<\/td>\n<\/tr>\n<tr>\n<td><\/td>\n<td>\u10d2\u10d0\u10d3\u10d0\u10db\u10dd\u10ec\u10db\u10d4\u10d1\u10e3\u10da\u10d8: \u10d4\u10da\u10d4\u10dc\u10d4 \u10eb\u10d0\u10d2\u10dc\u10d8\u10eb\u10d4<\/td>\n<\/tr>\n<\/tbody>\n<\/table>\n<\/figure>\n<h3 class=\"wp-block-heading\"><strong>Geburtsurkunde aus Georgien auf Russisch. \u00dcbersetzung der Geburtsurkunde ins Russische<\/strong><\/h3>\n<p><strong>Bitte beachten Sie, dass die Geburtsurkunde in Georgien nur auf Georgisch ausgestellt wird. <\/strong><\/p>\n<h3 class=\"wp-block-heading\">Republik Georgien<\/h3>\n<h3 class=\"wp-block-heading\">Geburtsurkunde<\/h3>\n<figure class=\"wp-block-table\">\n<table>\n<thead>\n<tr>\n<th><\/th>\n<th><\/th>\n<\/tr>\n<\/thead>\n<tbody>\n<tr>\n<td>Name: __________<\/td>\n<td>Eltern:<\/td>\n<\/tr>\n<tr>\n<td>Nachname: ________________<\/td>\n<td>Vater:<\/td>\n<\/tr>\n<tr>\n<td>Geburtsdatum: _____________________<\/td>\n<td>Name: _________<\/td>\n<\/tr>\n<tr>\n<td>Geburtsort: Georgien, Tiflis<\/td>\n<td>Nachname: _________<\/td>\n<\/tr>\n<tr>\n<td>Geschlecht: Weiblich<\/td>\n<td>Pers\u00f6nliche Nummer:<\/td>\n<\/tr>\n<tr>\n<td>Pers\u00f6nliche Nummer:<\/td>\n<td>Mutter:<\/td>\n<\/tr>\n<tr>\n<td>Staatsangeh\u00f6rigkeit: <\/td>\n<td>Name: _______<\/td>\n<\/tr>\n<tr>\n<td>Datum der Geburtsregistrierung: _________________<\/td>\n<td>Nachname: _________<\/td>\n<\/tr>\n<tr>\n<td>Registriernummer: _________________<\/td>\n<td>Pers\u00f6nliche Nummer: _____<\/td>\n<\/tr>\n<tr>\n<td>QR-Code<\/td>\n<td>Staatsangeh\u00f6rigkeit: ______<\/td>\n<\/tr>\n<tr>\n<td>Das Dokument ist elektronisch. Die Informationen k\u00f6nnen auf der Website der Beh\u00f6rde \u00fcberpr\u00fcft werden (http:\/\/sda.gov.ge) \u2013 ob Daten vorhanden sind oder nicht.<\/td>\n<td>Datum der Geburtsregistrierung: ________________<\/td>\n<\/tr>\n<tr>\n<td>Dieses Dokument kann von der Website (http:\/\/sda.gov.ge) unter der Nummer ACT05___________92 f\u00fcr 1 Jahr heruntergeladen werden.<\/td>\n<td>Staatsangeh\u00f6rigkeitsabteilung:<\/td>\n<\/tr>\n<tr>\n<td><\/td>\n<td>Zivilstandsregisterdienst _______<\/td>\n<\/tr>\n<tr>\n<td><\/td>\n<td><\/td>\n<\/tr>\n<tr>\n<td><\/td>\n<td>Unterschrift:<\/td>\n<\/tr>\n<tr>\n<td><\/td>\n<td>Sachbearbeiter <strong><em><strong><em>________________<\/em><\/strong><\/em><\/strong><\/td>\n<\/tr>\n<tr>\n<td><\/td>\n<td>Nationale Agentur f\u00fcr das \u00f6ffentliche Register<\/td>\n<\/tr>\n<tr>\n<td><\/td>\n<td>Registriernummer ____<\/td>\n<\/tr>\n<tr>\n<td><\/td>\n<td>Daten aus dem Stempel:<\/td>\n<\/tr>\n<tr>\n<td><\/td>\n<td>Justizministerium Georgiens<\/td>\n<\/tr>\n<tr>\n<td><\/td>\n<td>Agentur f\u00fcr die Entwicklung staatlicher Dienstleistungen<\/td>\n<\/tr>\n<tr>\n<td><\/td>\n<td>Gebietsdienst Tiflis<\/td>\n<\/tr>\n<tr>\n<td><\/td>\n<td>Unterschrift: ____________<\/td>\n<\/tr>\n<tr>\n<td><\/td>\n<td>Position: Registrar. Servicezentrum _____<\/td>\n<\/tr>\n<tr>\n<td><\/td>\n<td>Datum _______<\/td>\n<\/tr>\n<tr>\n<td><\/td>\n<td>\u00dcberpr\u00fcft: ___________<\/td>\n<\/tr>\n<\/tbody>\n<\/table><figcaption class=\"wp-element-caption\">Dieser Text entspricht dem Text in georgischen Geburtsurkunden<\/figcaption><\/figure>\n<p><strong><span style=\"text-decoration: underline;\">Achtung!<\/span> In der georgischen Geburtsurkunde, wie in den meisten L\u00e4ndern der Welt, <span style=\"text-decoration: underline;\">WIRD KEIN VATERNAME<\/span> der Eltern oder des Kindes angegeben. Es gibt keinen Vatersnamen in georgischen Urkunden, und Sie sollten ihn nicht verlangen. Der Name des Vaters des Kindes ist angegeben.<\/strong><\/p>\n<div class=\"gb-container gb-container-d1de745a\">\n<p><strong><span style=\"text-decoration: underline;\">Achtung!<\/span> In der georgischen Geburtsurkunde, wie in den meisten L\u00e4ndern der Welt, <span style=\"text-decoration: underline;\">WIRD KEINE NATIONALIT\u00c4T<\/span> der Eltern oder des Kindes angegeben. <span style=\"text-decoration: underline;\">Wenn Sie ein separates Dokument \u00fcber die Nationalit\u00e4t ben\u00f6tigen, wenden Sie sich an unsere Agentur.<\/span><\/strong><\/p>\n<\/div>\n<p><span style=\"text-decoration: underline;\"><em>Sie k\u00f6nnen sich auf eine Geburtsurkunde im alten sowjetischen Format beziehen, in der der Vatersname und die Nationalit\u00e4t angegeben sind. Beachten Sie, dass <strong>das Format der Urkunde ge\u00e4ndert wurde und gem\u00e4\u00df der in Georgien gesetzlich festgelegten Form ausgestellt wird.<\/strong><\/em><\/span><\/p>\n<h3 class=\"wp-block-heading\"><strong>Muster \u2013 georgische Geburtsurkunde. Wie sieht eine georgische Geburtsurkunde aus<\/strong><\/h3>\n<figure class=\"wp-block-image size-full\"><img alt=\"Foto einer georgischen Geburtsurkunde im UdSSR-Format - Jahr 1953\" class=\"wp-image-502 lazyload\" data-src=\"https:\/\/documents.ge\/wp-content\/uploads\/2024\/07\/\u0421\u0432\u0438\u0434\u0435\u0442\u0435\u043b\u044c\u0441\u0442\u0432\u043e-\u043e-\u0440\u043e\u0436\u0434\u0435\u043d\u0438\u0438-\u0438\u0437-\u0413\u0440\u0443\u0437\u0438\u0438-\u0441\u0442\u0430\u0440\u043e\u0433\u043e-\u043e\u0431\u0440\u0430\u0437\u0446\u0430-\u0421\u0421\u0421\u0420.gif\" decoding=\"async\" height=\"596\" src=\"data:image\/gif;base64,R0lGODlhAQABAAAAACH5BAEKAAEALAAAAAABAAEAAAICTAEAOw==\" style=\"--smush-placeholder-width: 800px; --smush-placeholder-aspect-ratio: 800\/596;\" width=\"800\"\/><figcaption class=\"wp-element-caption\">Geburtsurkunde im alten sowjetischen Format von 1953 \u2013 Umschlag. Muss ersetzt werden<\/figcaption><\/figure>\n<figure class=\"wp-block-image size-full\"><img alt=\"Geburtsurkunde im alten Format - Georgien - UdSSR, ausgestellt vom Standesamt. Eine solche Urkunde muss neu ausgestellt werden\" class=\"wp-image-455 lazyload\" data-src=\"https:\/\/documents.ge\/wp-content\/uploads\/2024\/07\/\u0421\u0432\u0438\u0434\u0435\u0442\u0435\u043b\u044c\u0441\u0442\u0432\u043e-\u043e-\u0440\u043e\u0436\u0434\u0435\u043d\u0438\u0438-\u0441\u0442\u0430\u0440\u043e\u0433\u043e-\u043e\u0431\u0440\u0430\u0437\u0446\u0430-\u0413\u0440\u0443\u0437\u0438\u044f-\u0421\u0421\u0421\u0420.gif\" decoding=\"async\" height=\"596\" src=\"data:image\/gif;base64,R0lGODlhAQABAAAAACH5BAEKAAEALAAAAAABAAEAAAICTAEAOw==\" style=\"--smush-placeholder-width: 800px; --smush-placeholder-aspect-ratio: 800\/596;\" title=\"Geburtsurkunde im alten Format - Georgien - UdSSR\" width=\"800\"\/><figcaption class=\"wp-element-caption\">Geburtsurkunde im alten Format \u2013 Georgien. Eine solche Urkunde ist heute nicht mehr erh\u00e4ltlich \u2013 nur im neuen Format<\/figcaption><\/figure>\n<figure class=\"wp-block-image size-large\"><img alt=\"Geburtsurkunde im alten Format, ohne Nassstempel und Unterschrift - Georgien - Jahr 2019\" class=\"lazyload\" data-src=\"https:\/\/documents.ge\/wp-content\/uploads\/2019\/03\/%D1%81%D0%B2%D0%B8%D0%B4%D0%B5%D1%82%D0%B5%D0%BB%D1%8C%D1%81%D1%82%D0%B2%D0%BE-%D0%BE-%D1%80%D0%BE%D0%B6%D0%B4%D0%B5%D0%BD%D0%B8%D0%B8-1024x743.jpg\" decoding=\"async\" src=\"data:image\/gif;base64,R0lGODlhAQABAAAAACH5BAEKAAEALAAAAAABAAEAAAICTAEAOw==\" style=\"--smush-placeholder-width: 1024px; --smush-placeholder-aspect-ratio: 1024\/743;\" title=\"Geburtsurkunde erhalten - Georgien\"\/><figcaption class=\"wp-element-caption\">Geburtsurkunde im alten Format \u2013 Georgien \u2013 Jahr 2019<\/figcaption><\/figure>\n<figure class=\"wp-block-image size-full\"><img alt=\"Geburtsurkunde Georgien\" class=\"wp-image-380 lazyload\" data-sizes=\"(max-width: 800px) 100vw, 800px\" data-src=\"https:\/\/documents.ge\/wp-content\/uploads\/2024\/07\/Birth_Certificate_Republic_of_Georgia_Example.png\" data-srcset=\"https:\/\/documents.ge\/wp-content\/uploads\/2024\/07\/Birth_Certificate_Republic_of_Georgia_Example.png 800w, https:\/\/documents.ge\/wp-content\/uploads\/2024\/07\/Birth_Certificate_Republic_of_Georgia_Example-300x211.png 300w, https:\/\/documents.ge\/wp-content\/uploads\/2024\/07\/Birth_Certificate_Republic_of_Georgia_Example-768x540.png 768w\" decoding=\"async\" height=\"563\" src=\"data:image\/gif;base64,R0lGODlhAQABAAAAACH5BAEKAAEALAAAAAABAAEAAAICTAEAOw==\" style=\"--smush-placeholder-width: 800px; --smush-placeholder-aspect-ratio: 800\/563;\" width=\"800\"\/><figcaption class=\"wp-element-caption\">Geburtsurkunde im neuen Format \u2013 Georgien<\/figcaption><\/figure>\n<p><strong><span style=\"text-decoration: underline;\">Achtung!<\/span> Auf die georgische Geburtsurkunde wird kein nasser Stempel georgischer Beh\u00f6rden angebracht, und es wird keine nasse Unterschrift georgischer Beamter verwendet. Es wird Druckfarbe f\u00fcr den Stempel und die Unterschriften verwendet. Das Dokument ist elektronisch unterschrieben und kann online auf der Website des Justizhauses in Georgien \u00fcberpr\u00fcft werden.<\/strong><\/p>\n<h3 class=\"wp-block-heading\"><strong>Eine Geburtsurkunde ist erforderlich f\u00fcr:<\/strong><\/h3>\n<ul class=\"wp-block-list\">\n<li>Beantragung der georgischen oder einer anderen Staatsangeh\u00f6rigkeit<\/li>\n<li>Verwendung als Identit\u00e4tsnachweis<\/li>\n<li>Beantragung einer Aufenthaltserlaubnis in Georgien oder im Ausland<\/li>\n<li>Best\u00e4tigung von Verwandtschaftsverh\u00e4ltnissen<\/li>\n<li>Ausstellung von Bildungsdokumenten<\/li>\n<li>Eine Geburtsurkunde wird in folgenden F\u00e4llen ben\u00f6tigt:<\/li>\n<li>Abwicklung von Erbschaften<\/li>\n<li>Adoption oder Vormundschaft<\/li>\n<li>Beantragung eines Passes<\/li>\n<li>Beantragung einer Rente<\/li>\n<li>Einwanderungs- und Auswanderungsverfahren<\/li>\n<li>Beantragung von Sozialleistungen und Dienstleistungen<\/li>\n<\/ul>\n<h3 class=\"wp-block-heading\"><strong>Wo kann man eine Geburtsurkunde in Georgien erhalten<\/strong><\/h3>\n<p>Eine Geburtsurkunde in Georgien kann in Tiflis im Justizhaus beantragt werden. Bei Fehlern in den Eintr\u00e4gen oder fehlenden Daten im Archiv muss man sich an das Standesamt wenden, wo die Geburt registriert wurde.<\/p>\n<h3 class=\"wp-block-heading\">Wenn eine <strong>Geburtsurkunde f\u00fcr ein im Ausland geborenes Kind<\/strong> ben\u00f6tigt wird<\/h3>\n<p>In solchen F\u00e4llen ist oft die Vorlage von Geburtsdokumenten erforderlich, auch wenn das Kind au\u00dferhalb Georgiens geboren wurde. In diesem Fall kann ein Auszug aus dem Geburtsregister beantragt werden. &lt;a href=&#8220;https:\/\/documents.ge\/%D0%B0%D0%BA%D1%82%D0%BE%D0%B2%D0%B0%D1%8F-%D0%B7%D0%B0%D0%BF%D0%B8%D1%81%D1%8C-%D0%BE-%D1%80%D0%BE%D0%B6%D0%B4%D0%B5%D0%BD%D0%B8%D0%B8-%D0%B2%D1%8B%D0%BF%D0%B8%D1%81%D0%BA%D0%B0-%D0<\/p>\n","protected":false},"excerpt":{"rendered":"<p>&#8222;`html Die Ausstellung einer Geburtsurkunde in Georgien dauert in der Regel bis zu zwei Wochen. Es besteht die M\u00f6glichkeit einer beschleunigten Ausstellung innerhalb von 1-2 Werktagen gegen einen h\u00f6heren Tarif. Die Geschwindigkeit der Dokumentenbeschaffung h\u00e4ngt von den individuellen W\u00fcnschen des Kunden ab. Text der georgischen Geburtsurkunde. Was steht in einer georgischen Geburtsurkunde. Auf Georgisch \u10e1\u10d0\u10e5\u10d0\u10e0\u10d7\u10d5\u10d4\u10da\u10dd\u10e1 &#8230; <a title=\"Geburtsurkunde \u2013 Georgien\" class=\"read-more\" href=\"https:\/\/documents.ge\/de\/geburtsurkunde-georgien\/\" aria-label=\"Mehr Informationen \u00fcber Geburtsurkunde \u2013 Georgien\">\u0427\u0438\u0442\u0430\u0442\u044c \u0434\u0430\u043b\u0435\u0435<\/a><\/p>\n","protected":false},"author":1,"featured_media":0,"parent":0,"menu_order":0,"comment_status":"closed","ping_status":"closed","template":"","meta":{"_acf_changed":false,"_monsterinsights_skip_tracking":false,"_monsterinsights_sitenote_active":false,"_monsterinsights_sitenote_note":"","_monsterinsights_sitenote_category":0,"footnotes":""},"yst_prominent_words":[],"class_list":["post-53","page","type-page","status-publish"],"acf":[],"_links":{"self":[{"href":"https:\/\/documents.ge\/de\/wp-json\/wp\/v2\/pages\/53","targetHints":{"allow":["GET"]}}],"collection":[{"href":"https:\/\/documents.ge\/de\/wp-json\/wp\/v2\/pages"}],"about":[{"href":"https:\/\/documents.ge\/de\/wp-json\/wp\/v2\/types\/page"}],"author":[{"embeddable":true,"href":"https:\/\/documents.ge\/de\/wp-json\/wp\/v2\/users\/1"}],"replies":[{"embeddable":true,"href":"https:\/\/documents.ge\/de\/wp-json\/wp\/v2\/comments?post=53"}],"version-history":[{"count":0,"href":"https:\/\/documents.ge\/de\/wp-json\/wp\/v2\/pages\/53\/revisions"}],"wp:attachment":[{"href":"https:\/\/documents.ge\/de\/wp-json\/wp\/v2\/media?parent=53"}],"wp:term":[{"taxonomy":"yst_prominent_words","embeddable":true,"href":"https:\/\/documents.ge\/de\/wp-json\/wp\/v2\/yst_prominent_words?post=53"}],"curies":[{"name":"wp","href":"https:\/\/api.w.org\/{rel}","templated":true}]}}