{"id":55,"date":"2025-04-07T09:52:31","date_gmt":"2025-04-07T09:52:31","guid":{"rendered":"https:\/\/documents.ge\/de\/scheidung-eheaufloesung-im-gegenseitigen-einvernehmen-in-georgien\/"},"modified":"2025-04-07T09:52:31","modified_gmt":"2025-04-07T09:52:31","slug":"scheidung-eheaufloesung-im-gegenseitigen-einvernehmen-in-georgien","status":"publish","type":"page","link":"https:\/\/documents.ge\/de\/scheidung-eheaufloesung-im-gegenseitigen-einvernehmen-in-georgien\/","title":{"rendered":"Scheidung (Eheaufl\u00f6sung) im gegenseitigen Einvernehmen in Georgien"},"content":{"rendered":"<dl>\n<dt>Ehescheidung oder Scheidung.<\/dt>\n<dd>\n<p>Dies ist der juristische Prozess der Aufl\u00f6sung einer Ehe zwischen Ehepartnern. Er umfasst verschiedene Verfahren und kann je nach den Gesetzen des jeweiligen Landes variieren. Im Allgemeinen kann eine Ehescheidung die folgenden Schritte beinhalten:<\/p>\n<\/dd>\n<dt>Verfahren der Ehescheidung<\/dt>\n<dd>\n<ol>\n<li><strong>Einreichung des Antrags<\/strong>: Einer der Ehepartner (oder beide) reicht einen Scheidungsantrag beim Gericht ein. Der Antrag enth\u00e4lt in der Regel Informationen \u00fcber die Gr\u00fcnde der Scheidung, finanzielle Aspekte und Fragen des Sorgerechts f\u00fcr die Kinder.<\/li>\n<li><strong>Juristische Pr\u00fcfung<\/strong>: Das Gericht pr\u00fcft den Antrag, \u00fcberpr\u00fcft die eingereichten Dokumente und l\u00e4dt die Ehepartner gegebenenfalls zu einer Gerichtsverhandlung ein.<\/li>\n<li><strong>Verm\u00f6gensaufteilung<\/strong>: Das Gericht entscheidet, wie das gemeinsam erworbene Verm\u00f6gen aufgeteilt wird. Dies kann Immobilien, Fahrzeuge, Bankkonten, Unternehmen und andere Verm\u00f6genswerte umfassen.<\/li>\n<li><strong>Sorgerecht f\u00fcr Kinder<\/strong>: Wenn die Ehepartner minderj\u00e4hrige Kinder haben, entscheidet das Gericht \u00fcber Fragen des Sorgerechts, des Wohnsitzes der Kinder und des Umgangsrechts.<\/li>\n<li><strong>Unterhalt<\/strong>: Das Gericht kann Unterhaltszahlungen f\u00fcr die Kinder und\/oder den fr\u00fcheren Ehepartner festlegen.<\/li>\n<li><strong>Endg\u00fcltige Entscheidung<\/strong>: Nach Pr\u00fcfung aller Aspekte des Falls f\u00e4llt das Gericht eine endg\u00fcltige Entscheidung \u00fcber die Scheidung und stellt eine Scheidungsurkunde aus.<\/li>\n<\/ol>\n<\/dd>\n<dd>\n<p>Eine Ehescheidung kann ein komplexer und emotional belastender Prozess sein, daher wird oft empfohlen, sich an Anw\u00e4lte zu wenden, um qualifizierte Hilfe und Beratung zu erhalten.<\/p>\n<\/dd>\n<\/dl>\n","protected":false},"excerpt":{"rendered":"<p>Ehescheidung oder Scheidung. Dies ist der juristische Prozess der Aufl\u00f6sung einer Ehe zwischen Ehepartnern. Er umfasst verschiedene Verfahren und kann je nach den Gesetzen des jeweiligen Landes variieren. Im Allgemeinen kann eine Ehescheidung die folgenden Schritte beinhalten: Verfahren der Ehescheidung Einreichung des Antrags: Einer der Ehepartner (oder beide) reicht einen Scheidungsantrag beim Gericht ein. Der &#8230; <a title=\"Scheidung (Eheaufl\u00f6sung) im gegenseitigen Einvernehmen in Georgien\" class=\"read-more\" href=\"https:\/\/documents.ge\/de\/scheidung-eheaufloesung-im-gegenseitigen-einvernehmen-in-georgien\/\" aria-label=\"Mehr Informationen \u00fcber Scheidung (Eheaufl\u00f6sung) im gegenseitigen Einvernehmen in Georgien\">\u0427\u0438\u0442\u0430\u0442\u044c \u0434\u0430\u043b\u0435\u0435<\/a><\/p>\n","protected":false},"author":1,"featured_media":0,"parent":0,"menu_order":0,"comment_status":"closed","ping_status":"closed","template":"","meta":{"_acf_changed":false,"_monsterinsights_skip_tracking":false,"_monsterinsights_sitenote_active":false,"_monsterinsights_sitenote_note":"","_monsterinsights_sitenote_category":0,"footnotes":""},"yst_prominent_words":[],"class_list":["post-55","page","type-page","status-publish"],"acf":[],"_links":{"self":[{"href":"https:\/\/documents.ge\/de\/wp-json\/wp\/v2\/pages\/55","targetHints":{"allow":["GET"]}}],"collection":[{"href":"https:\/\/documents.ge\/de\/wp-json\/wp\/v2\/pages"}],"about":[{"href":"https:\/\/documents.ge\/de\/wp-json\/wp\/v2\/types\/page"}],"author":[{"embeddable":true,"href":"https:\/\/documents.ge\/de\/wp-json\/wp\/v2\/users\/1"}],"replies":[{"embeddable":true,"href":"https:\/\/documents.ge\/de\/wp-json\/wp\/v2\/comments?post=55"}],"version-history":[{"count":0,"href":"https:\/\/documents.ge\/de\/wp-json\/wp\/v2\/pages\/55\/revisions"}],"wp:attachment":[{"href":"https:\/\/documents.ge\/de\/wp-json\/wp\/v2\/media?parent=55"}],"wp:term":[{"taxonomy":"yst_prominent_words","embeddable":true,"href":"https:\/\/documents.ge\/de\/wp-json\/wp\/v2\/yst_prominent_words?post=55"}],"curies":[{"name":"wp","href":"https:\/\/api.w.org\/{rel}","templated":true}]}}