{"id":56,"date":"2025-04-07T09:53:48","date_gmt":"2025-04-07T09:53:48","guid":{"rendered":"https:\/\/documents.ge\/de\/fuehrerschein-verlust-wiederbeschaffung\/"},"modified":"2025-04-07T09:53:48","modified_gmt":"2025-04-07T09:53:48","slug":"fuehrerschein-verlust-wiederbeschaffung","status":"publish","type":"page","link":"https:\/\/documents.ge\/de\/fuehrerschein-verlust-wiederbeschaffung\/","title":{"rendered":"F\u00fchrerschein. Verlust. Wiederbeschaffung."},"content":{"rendered":"<article>\n<header>\n<h2>Definition des F\u00fchrerscheins<\/h2>\n<\/header>\n<section>\n<p>\n<dfn>F\u00fchrerschein<\/dfn> ist ein offizielles Dokument, das von den zust\u00e4ndigen Beh\u00f6rden Georgiens ausgestellt wird und dem Inhaber das Recht best\u00e4tigt, bestimmte Fahrzeugkategorien auf dem Gebiet Georgiens zu f\u00fchren.\n            <\/p>\n<\/section>\n<\/article>\n<h6 class=\"wp-block-heading\">F\u00fcr den Austausch des F\u00fchrerscheins m\u00fcssen der Serviceorganisation folgende Dokumente vorgelegt werden:<\/h6>\n<ol class=\"wp-block-list\">\n<li>Personalausweis;<\/li>\n<li>g\u00fcltiger F\u00fchrerschein;<\/li>\n<li>Gesundheitszeugnis (Formular IV-100\/a);<\/li>\n<li>Quittung \u00fcber die Zahlung der Geb\u00fchr.<\/li>\n<\/ol>\n<h6 class=\"wp-block-heading\"><em><strong>Ein Grund f\u00fcr den Austausch des F\u00fchrerscheins kann sein:<\/strong><\/em><\/h6>\n<ul class=\"wp-block-list\">\n<li><em>Antrag des F\u00fchrerscheininhabers;<\/em><\/li>\n<li><em>Ausstellung eines nationalen F\u00fchrerscheins einheitlichen Musters auf der Grundlage eines F\u00fchrerscheins, der von einem ausl\u00e4ndischen Staat ausgestellt wurde;<\/em><\/li>\n<li><em>Ablauf der G\u00fcltigkeit des F\u00fchrerscheins;<\/em><\/li>\n<li><em>Unbrauchbarkeit aufgrund von Abnutzung, Besch\u00e4digung, die das Aussehen des F\u00fchrerscheins beeintr\u00e4chtigen (Unleserlichkeit der Daten oder teilweiser Verlust eines Teils des Dokuments);<\/em><\/li>\n<li><em>Ungenauigkeiten im F\u00fchrerschein;<\/em><\/li>\n<li><em>Ungenauigkeiten in den Registrierungseintr\u00e4gen, die im F\u00fchrerscheinregister vermerkt sind;<\/em><\/li>\n<li><em>Abweichungen zwischen den im F\u00fchrerschein angegebenen Daten und den Registrierungseintr\u00e4gen im F\u00fchrerscheinregister;<\/em><\/li>\n<li><em><strong>Verlust des F\u00fchrerscheins;<\/strong><\/em><\/li>\n<li><em>Andere gesetzlich festgelegte Umst\u00e4nde<\/em><\/li>\n<\/ul>\n<p><article> <\/p>\n<header><span style=\"color: var(--contrast); font-family: inherit; font-size: 35px; font-style: inherit;\">Wo Sie einen F\u00fchrerschein bei Verlust, Besch\u00e4digung oder Diebstahl erhalten k\u00f6nnen<\/span><\/header>\n<p><span style=\"font-size: inherit; color: var(--contrast);\"> <\/span><\/p>\n<section>\n<p>Unser B\u00fcro bietet <dfn>Dienstleistungen<\/dfn> zur Wiederbeschaffung des F\u00fchrerscheins bei Verlust, Diebstahl oder Besch\u00e4digung an. <strong>Sie k\u00f6nnen den F\u00fchrerschein wiederbeschaffen (erhalten), ohne nach Georgien reisen zu m\u00fcssen \u2013 remote (online) auf der Grundlage einer entsprechenden Vollmacht f\u00fcr uns.<\/strong><\/p>\n<\/section>\n<p> <\/article>\n<\/p>\n<article>\n<p><strong>Internationaler F\u00fchrerschein<\/strong> wird einem georgischen Staatsb\u00fcrger, einem ausl\u00e4ndischen Staatsb\u00fcrger oder einer staatenlosen Person auf der Grundlage eines F\u00fchrerscheins mit den gleichen Fahrzeugkategorien\/-unterkategorien ausgestellt und gilt au\u00dferhalb Georgiens auf dem Gebiet Georgiens.<\/p>\n<p>Teilnehmerstaaten des Wiener \u00dcbereinkommens \u00fcber den Stra\u00dfenverkehr vom 8. November 1968 in der festgelegten Ordnung (in 88 L\u00e4ndern).<\/p>\n<p>Der internationale F\u00fchrerschein ist ein Dokument, das gem\u00e4\u00df Anhang Nr. 7 des Wiener \u00dcbereinkommens \u00fcber den Stra\u00dfenverkehr ausgestellt wird.<\/p>\n<\/article>\n","protected":false},"excerpt":{"rendered":"<p>Definition des F\u00fchrerscheins F\u00fchrerschein ist ein offizielles Dokument, das von den zust\u00e4ndigen Beh\u00f6rden Georgiens ausgestellt wird und dem Inhaber das Recht best\u00e4tigt, bestimmte Fahrzeugkategorien auf dem Gebiet Georgiens zu f\u00fchren. F\u00fcr den Austausch des F\u00fchrerscheins m\u00fcssen der Serviceorganisation folgende Dokumente vorgelegt werden: Personalausweis; g\u00fcltiger F\u00fchrerschein; Gesundheitszeugnis (Formular IV-100\/a); Quittung \u00fcber die Zahlung der Geb\u00fchr. Ein &#8230; <a title=\"F\u00fchrerschein. Verlust. Wiederbeschaffung.\" class=\"read-more\" href=\"https:\/\/documents.ge\/de\/fuehrerschein-verlust-wiederbeschaffung\/\" aria-label=\"Mehr Informationen \u00fcber F\u00fchrerschein. Verlust. Wiederbeschaffung.\">\u0427\u0438\u0442\u0430\u0442\u044c \u0434\u0430\u043b\u0435\u0435<\/a><\/p>\n","protected":false},"author":1,"featured_media":0,"parent":0,"menu_order":0,"comment_status":"closed","ping_status":"closed","template":"","meta":{"_acf_changed":false,"_monsterinsights_skip_tracking":false,"_monsterinsights_sitenote_active":false,"_monsterinsights_sitenote_note":"","_monsterinsights_sitenote_category":0,"footnotes":""},"yst_prominent_words":[],"class_list":["post-56","page","type-page","status-publish"],"acf":[],"_links":{"self":[{"href":"https:\/\/documents.ge\/de\/wp-json\/wp\/v2\/pages\/56","targetHints":{"allow":["GET"]}}],"collection":[{"href":"https:\/\/documents.ge\/de\/wp-json\/wp\/v2\/pages"}],"about":[{"href":"https:\/\/documents.ge\/de\/wp-json\/wp\/v2\/types\/page"}],"author":[{"embeddable":true,"href":"https:\/\/documents.ge\/de\/wp-json\/wp\/v2\/users\/1"}],"replies":[{"embeddable":true,"href":"https:\/\/documents.ge\/de\/wp-json\/wp\/v2\/comments?post=56"}],"version-history":[{"count":0,"href":"https:\/\/documents.ge\/de\/wp-json\/wp\/v2\/pages\/56\/revisions"}],"wp:attachment":[{"href":"https:\/\/documents.ge\/de\/wp-json\/wp\/v2\/media?parent=56"}],"wp:term":[{"taxonomy":"yst_prominent_words","embeddable":true,"href":"https:\/\/documents.ge\/de\/wp-json\/wp\/v2\/yst_prominent_words?post=56"}],"curies":[{"name":"wp","href":"https:\/\/api.w.org\/{rel}","templated":true}]}}