{"id":57,"date":"2025-04-07T09:54:57","date_gmt":"2025-04-07T09:54:57","guid":{"rendered":"https:\/\/documents.ge\/de\/unbedenklichkeitsbescheinigung-georgien\/"},"modified":"2025-04-07T09:54:57","modified_gmt":"2025-04-07T09:54:57","slug":"unbedenklichkeitsbescheinigung-georgien","status":"publish","type":"page","link":"https:\/\/documents.ge\/de\/unbedenklichkeitsbescheinigung-georgien\/","title":{"rendered":"Unbedenklichkeitsbescheinigung \u2013 Georgien"},"content":{"rendered":"<p><strong><dfn>F\u00fchrungszeugnis (Bescheinigung \u00fcber das Fehlen von Vorstrafen)<\/dfn><\/strong> \u2014 eine Bescheinigung oder ein Zertifikat, das best\u00e4tigt, dass ein georgischer Staatsb\u00fcrger oder ein ausl\u00e4ndischer Staatsb\u00fcrger derzeit keine Vorstrafen hat und nicht zur Fahndung ausgeschrieben ist.<\/p>\n<p><p>Ein F\u00fchrungszeugnis (Bescheinigung \u00fcber das Fehlen von Vorstrafen) kann in Georgien f\u00fcr verschiedene Zwecke ben\u00f6tigt werden, einschlie\u00dflich:    <\/p>\n<\/p>\n<p><p><dfn style=\"font-size: inherit; background-color: var(--base-3); color: var(--contrast);\">Beantragung einer Aufenthaltserlaubnis<\/dfn><span style=\"font-size: inherit; background-color: var(--base-3); color: var(--contrast);\"> oder Staatsb\u00fcrgerschaft.    <\/span><\/p>\n<\/p>\n<p><p><dfn style=\"font-size: inherit; background-color: var(--base-3); color: var(--contrast);\">Arbeitsaufnahme<\/dfn><span style=\"font-size: inherit; background-color: var(--base-3); color: var(--contrast);\">, insbesondere in staatlichen Einrichtungen oder Unternehmen, die eine \u00dcberpr\u00fcfung der Zuverl\u00e4ssigkeit erfordern. <\/span><\/p>\n<\/p>\n<p><p><dfn style=\"font-size: inherit; color: var(--contrast); background-color: var(--base-3);\">Teilnahme an Ausschreibungen und Wettbewerben<\/dfn><span style=\"font-size: inherit; color: var(--contrast); background-color: var(--base-3);\">.<\/span><\/p>\n<\/p>\n<p><p><dfn style=\"font-size: inherit; color: var(--contrast); background-color: var(--base-3);\">Beantragung der Staatsb\u00fcrgerschaft eines anderen Landes, einer Aufenthaltserlaubnis (Niederlassungserlaubnis) oder eines Visums<\/dfn><span style=\"font-size: inherit; color: var(--contrast); background-color: var(--base-3);\"> f\u00fcr die Ausreise in andere L\u00e4nder.<\/span><\/p>\n<\/p>\n<p><p><dfn style=\"font-size: inherit; color: var(--contrast); background-color: var(--base-3);\">Teilnahme an internationalen Austauschprogrammen<\/dfn><span style=\"font-size: inherit; color: var(--contrast); background-color: var(--base-3);\"> und Studienprogrammen.<\/span><\/p>\n<\/p>\n<p><p><dfn style=\"font-size: inherit; color: var(--contrast); background-color: var(--base-3);\">Adoption oder Vormundschaft<\/dfn><span style=\"font-size: inherit; color: var(--contrast); background-color: var(--base-3);\"> von Kindern.<\/span><\/p>\n<\/p>\n<p><p><dfn style=\"font-size: inherit; color: var(--contrast); background-color: var(--base-3);\">Beantragung von Lizenzen und Genehmigungen<\/dfn><span style=\"font-size: inherit; color: var(--contrast); background-color: var(--base-3);\">, wie z.B. einer Waffentragelizenz.<\/span><\/p>\n<p><\/p>\n","protected":false},"excerpt":{"rendered":"<p>F\u00fchrungszeugnis (Bescheinigung \u00fcber das Fehlen von Vorstrafen) \u2014 eine Bescheinigung oder ein Zertifikat, das best\u00e4tigt, dass ein georgischer Staatsb\u00fcrger oder ein ausl\u00e4ndischer Staatsb\u00fcrger derzeit keine Vorstrafen hat und nicht zur Fahndung ausgeschrieben ist. Ein F\u00fchrungszeugnis (Bescheinigung \u00fcber das Fehlen von Vorstrafen) kann in Georgien f\u00fcr verschiedene Zwecke ben\u00f6tigt werden, einschlie\u00dflich: Beantragung einer Aufenthaltserlaubnis oder Staatsb\u00fcrgerschaft. &#8230; <a title=\"Unbedenklichkeitsbescheinigung \u2013 Georgien\" class=\"read-more\" href=\"https:\/\/documents.ge\/de\/unbedenklichkeitsbescheinigung-georgien\/\" aria-label=\"Mehr Informationen \u00fcber Unbedenklichkeitsbescheinigung \u2013 Georgien\">\u0427\u0438\u0442\u0430\u0442\u044c \u0434\u0430\u043b\u0435\u0435<\/a><\/p>\n","protected":false},"author":1,"featured_media":0,"parent":0,"menu_order":0,"comment_status":"closed","ping_status":"closed","template":"","meta":{"_acf_changed":false,"_monsterinsights_skip_tracking":false,"_monsterinsights_sitenote_active":false,"_monsterinsights_sitenote_note":"","_monsterinsights_sitenote_category":0,"footnotes":""},"yst_prominent_words":[],"class_list":["post-57","page","type-page","status-publish"],"acf":[],"_links":{"self":[{"href":"https:\/\/documents.ge\/de\/wp-json\/wp\/v2\/pages\/57","targetHints":{"allow":["GET"]}}],"collection":[{"href":"https:\/\/documents.ge\/de\/wp-json\/wp\/v2\/pages"}],"about":[{"href":"https:\/\/documents.ge\/de\/wp-json\/wp\/v2\/types\/page"}],"author":[{"embeddable":true,"href":"https:\/\/documents.ge\/de\/wp-json\/wp\/v2\/users\/1"}],"replies":[{"embeddable":true,"href":"https:\/\/documents.ge\/de\/wp-json\/wp\/v2\/comments?post=57"}],"version-history":[{"count":0,"href":"https:\/\/documents.ge\/de\/wp-json\/wp\/v2\/pages\/57\/revisions"}],"wp:attachment":[{"href":"https:\/\/documents.ge\/de\/wp-json\/wp\/v2\/media?parent=57"}],"wp:term":[{"taxonomy":"yst_prominent_words","embeddable":true,"href":"https:\/\/documents.ge\/de\/wp-json\/wp\/v2\/yst_prominent_words?post=57"}],"curies":[{"name":"wp","href":"https:\/\/api.w.org\/{rel}","templated":true}]}}