{"id":58,"date":"2025-04-07T09:57:13","date_gmt":"2025-04-07T09:57:13","guid":{"rendered":"https:\/\/documents.ge\/de\/bescheinigung-ueber-den-ledigenstand-ueber-den-familienstand-georgien\/"},"modified":"2025-04-07T09:57:13","modified_gmt":"2025-04-07T09:57:13","slug":"bescheinigung-ueber-den-ledigenstand-ueber-den-familienstand-georgien","status":"publish","type":"page","link":"https:\/\/documents.ge\/de\/bescheinigung-ueber-den-ledigenstand-ueber-den-familienstand-georgien\/","title":{"rendered":"Bescheinigung \u00fcber den Ledigenstand. \u00dcber den Familienstand. Georgien"},"content":{"rendered":"<p><script type=\"application\/ld+json\">\n    {\n      \"@context\": \"https:\/\/schema.org\",\n      \"@type\": \"Article\",\n      \"headline\": \"Auszug aus dem Personenstandsregister\",\n      \"description\": \"Ein Auszug aus dem Personenstandsregister ist erforderlich, um Ihren Familienstand zu best\u00e4tigen. Dieses Dokument kann in verschiedenen Situationen ben\u00f6tigt werden.\",\n      \"articleBody\": \"Ein Auszug aus dem Personenstandsregister ist erforderlich, um Ihren Familienstand zu best\u00e4tigen. Dieses Dokument kann in verschiedenen Situationen ben\u00f6tigt werden, zum Beispiel:\\n\\n1. Eheschlie\u00dfung: In einigen L\u00e4ndern und Rechtsordnungen ist ein Nachweis erforderlich, dass Sie zum Zeitpunkt der Eheschlie\u00dfung nicht verheiratet sind.\\n2. Scheidung: Bei einer Scheidung kann ein Nachweis erforderlich sein, der best\u00e4tigt, dass Sie offiziell geschieden sind.\\n3. Auswanderung und Einwanderung: Bei der Beantragung eines Visums oder einer Auswanderung k\u00f6nnen Dokumente erforderlich sein, die Ihren Familienstand best\u00e4tigen.\\n4. Erbschaftsangelegenheiten: F\u00fcr die Abwicklung einer Erbschaft kann ein Nachweis Ihres Familienstands erforderlich sein.\\n5. Adoption oder Vormundschaft: Bei einer Adoption oder der Beantragung einer Vormundschaft kann ein Nachweis Ihres Familienstands verlangt werden.\\n6. Kredit- und Hypothekenantr\u00e4ge: Einige Banken und Finanzinstitute k\u00f6nnen diesen Nachweis anfordern, um Ihre Kreditw\u00fcrdigkeit zu \u00fcberpr\u00fcfen.\\n7. Arbeit und Studium im Ausland: Bei der Bewerbung um einen Job oder die Zulassung zu einer Bildungseinrichtung im Ausland k\u00f6nnen Dokumente erforderlich sein, die Ihren Familienstand best\u00e4tigen.\\n\\nDieser Auszug hilft den Beh\u00f6rden und Institutionen, die Richtigkeit der von Ihnen angegebenen Angaben zum Familienstand zu \u00fcberpr\u00fcfen.\"\n    }\n    <\/script><\/p>\n<article>\n<header>\n<h2>Definition des Auszugs aus dem Personenstandsregister<\/h2>\n<\/header>\n<section><dfn>Auszug aus dem Personenstandsregister (Ledigkeitsbescheinigung)<\/dfn> \u2014 ist ein Zertifikat, das von einer offiziellen Beh\u00f6rde in Georgien (Haus der Justiz) ausgestellt wird und best\u00e4tigt, dass eine Person nicht verheiratet ist, mit Angabe des Status \u2014 ledig oder unverheiratet.<\/section>\n<\/article>\n<article>\n<header>\n<h2>Beantragung des Auszugs aus dem Personenstandsregister<\/h2>\n<\/header>\n<section>Falls Sie in Georgien geheiratet haben, aber die Scheidung in einem anderen Land durchgef\u00fchrt wurde, m\u00fcssen Sie f\u00fcr die Beantragung dieses Auszugs \u00fcber unseren Anwalt eine Scheidungsurkunde mit \u00dcbersetzung ins Georgische einreichen, die gem\u00e4\u00df der georgischen Gesetzgebung ausgestellt wurde \u2014 in neuer Form, mit sichtbaren Stempeln und Unterschriften (m\u00f6glicherweise ist eine Apostille oder konsularische Legalisation erforderlich).<\/section>\n<\/article>\n<article>\n<p>Ein Auszug aus dem Personenstandsregister ist erforderlich, um Ihren Familienstand zu best\u00e4tigen. Dieses Dokument kann in verschiedenen Situationen ben\u00f6tigt werden, zum Beispiel:<\/p>\n<ul>\n<li><strong>Eheschlie\u00dfung<\/strong>: In einigen L\u00e4ndern und Rechtsordnungen ist ein Nachweis erforderlich, dass Sie zum Zeitpunkt der Eheschlie\u00dfung nicht verheiratet sind.<\/li>\n<li><strong>Scheidung<\/strong>: Bei einer Scheidung kann ein Nachweis erforderlich sein, der best\u00e4tigt, dass Sie offiziell geschieden sind.<\/li>\n<li><strong>Auswanderung und Einwanderung<\/strong>: Bei der Beantragung eines Visums oder einer Auswanderung k\u00f6nnen Dokumente erforderlich sein, die Ihren Familienstand best\u00e4tigen.<\/li>\n<li><strong>Erbschaftsangelegenheiten<\/strong>: F\u00fcr die Abwicklung einer Erbschaft kann ein Nachweis Ihres Familienstands erforderlich sein.<\/li>\n<li><strong>Adoption oder Vormundschaft<\/strong>: Bei einer Adoption oder der Beantragung einer Vormundschaft kann ein Nachweis Ihres Familienstands verlangt werden.<\/li>\n<li><strong>Kredit- und Hypothekenantr\u00e4ge<\/strong>: Einige Banken und Finanzinstitute k\u00f6nnen diesen Nachweis anfordern, um Ihre Kreditw\u00fcrdigkeit zu \u00fcberpr\u00fcfen.<\/li>\n<li><strong>Arbeit und Studium im Ausland<\/strong>: Bei der Bewerbung um einen Job oder die Zulassung zu einer Bildungseinrichtung im Ausland k\u00f6nnen Dokumente erforderlich sein, die Ihren Familienstand best\u00e4tigen.<\/li>\n<\/ul>\n<p>Dieser Auszug hilft den Beh\u00f6rden und Institutionen, die Richtigkeit der von Ihnen angegebenen Angaben zum Familienstand zu \u00fcberpr\u00fcfen.<\/p>\n<\/article>\n<article>\n<p>F\u00fcr eine Eheschlie\u00dfung oder die Beantragung von Sozialleistungen im Ausland ben\u00f6tigen Sie m\u00f6glicherweise ein Dokument, das Ihren Familienstand best\u00e4tigt \u2014 eine Ledigkeitsbescheinigung.<\/p>\n<p>In Georgien wird die Bescheinigung, dass Sie nicht verheiratet sind, als Informationsblatt bezeichnet.<\/p>\n<p>Beispiel einer Ledigkeitsbescheinigung:<\/p>\n<figure class=\"wp-block-image\"><img alt=\"Informationsblatt in Georgien. Ledigkeitsbescheinigung\" class=\"wp-image-110 lazyload\" data-src=\"https:\/\/documents.ge\/wp-content\/uploads\/2019\/03\/%D1%81%D0%BF%D1%80%D0%B0%D0%B2%D0%BA%D0%B0-%D0%BE-%D0%BD%D0%B5%D1%81%D0%BE%D1%81%D1%82%D0%BE%D1%8F%D0%BD%D0%B8%D0%B8-%D0%B2-%D0%B1%D1%80%D0%B0%D0%BA%D0%B5-743x1024.jpg\" decoding=\"async\" src=\"data:image\/gif;base64,R0lGODlhAQABAAAAACH5BAEKAAEALAAAAAABAAEAAAICTAEAOw==\" style=\"--smush-placeholder-width: 743px; --smush-placeholder-aspect-ratio: 743\/1024;\"\/><figcaption class=\"wp-element-caption\">Informationsblatt oder Bescheinigung, dass Sie ledig oder unverheiratet sind<\/figcaption><\/figure>\n<p>Was wird in der Ledigkeitsbescheinigung angegeben? Die wichtigste Information zum Familienstand einer Person ist die Best\u00e4tigung, dass sie entweder geschieden, verwitwet oder noch nie verheiratet war.<\/p>\n<p>Die Anforderungen an die G\u00fcltigkeitsdauer der Ledigkeitsbescheinigung (Informationsblatt, Ledigkeitszertifikat) sind sehr unterschiedlich. In einigen L\u00e4ndern ist eine Bescheinigung, die vor sechs Monaten ausgestellt wurde, akzeptabel, in anderen L\u00e4ndern darf sie nicht \u00e4lter als einen Monat sein.<\/p>\n<p>Sie sollten die Beantragung dieses Dokuments in Georgien im Voraus planen. Die Vorbereitung der Vollmacht, deren Versand, die Beantragung der Ledigkeitsbescheinigung in Georgien, deren Legalisation falls erforderlich, eine Apostille falls erforderlich und die \u00dcbersetzung nehmen Zeit in Anspruch.<\/p>\n<\/article>\n<article>\n<h2>Auszug aus dem Personenstandsregister beim Verkauf eines Anteils<\/h2>\n<p>Beim Verkauf eines Anteils (z.B. an einem Stammkapital oder Verm\u00f6gen, etwa in einer Genossenschaft oder einem Investmentfonds) kann ein Auszug aus dem Personenstandsregister f\u00fcr mehrere Zwecke erforderlich sein:<\/p>\n<ul>\n<li><strong>Best\u00e4tigung des Verkaufsrechts<\/strong>: Wenn der Anteil w\u00e4hrend einer Ehe erworben wurde, ist ein Nachweis der Zustimmung des Ehepartners erforderlich, insbesondere bei gemeinschaftlichem Eigentum. Der Auszug kann best\u00e4tigen, dass der Verk\u00e4ufer nicht verheiratet ist, oder Informationen \u00fcber den Familienstand liefern.<\/li>\n<li><strong>Juristische Abwicklung des Gesch\u00e4fts<\/strong>: Ein Notar oder eine andere juristische Stelle kann den Auszug anfordern, um zu best\u00e4tigen, dass der Verk\u00e4ufer keine rechtlichen Hindernisse f\u00fcr den Abschluss des Gesch\u00e4fts hat.<\/li>\n<li><strong>Einhaltung interner Vorschriften der Organisation<\/strong>: In einigen Genossenschaften oder Fonds k\u00f6nnen interne Vorschriften bestehen, die eine Best\u00e4tigung des Familienstands beim Verkauf eines Anteils verlangen, um sicherzustellen, dass das Gesch\u00e4ft rechtm\u00e4\u00dfig und mit allen beteiligten Parteien abgestimmt ist.<\/li>\n<li><strong>Steuerliche und rechtliche Aspekte<\/strong>: F\u00fcr die korrekte Berechnung der Steuern und die Erf\u00fcllung rechtlicher Verpflichtungen kann eine Best\u00e4tigung des Familienstands des Verk\u00e4ufers erforderlich sein.<\/li>\n<\/ul>\n<p>Der Auszug aus dem Personenstandsregister gew\u00e4hrleistet somit die rechtliche Sauberkeit des Gesch\u00e4fts und sch\u00fctzt die Interessen aller Beteiligten beim Verkauf eines Anteils.<\/p>\n<\/article>\n","protected":false},"excerpt":{"rendered":"<p>Definition des Auszugs aus dem Personenstandsregister Auszug aus dem Personenstandsregister (Ledigkeitsbescheinigung) \u2014 ist ein Zertifikat, das von einer offiziellen Beh\u00f6rde in Georgien (Haus der Justiz) ausgestellt wird und best\u00e4tigt, dass eine Person nicht verheiratet ist, mit Angabe des Status \u2014 ledig oder unverheiratet. Beantragung des Auszugs aus dem Personenstandsregister Falls Sie in Georgien geheiratet haben, &#8230; <a title=\"Bescheinigung \u00fcber den Ledigenstand. \u00dcber den Familienstand. Georgien\" class=\"read-more\" href=\"https:\/\/documents.ge\/de\/bescheinigung-ueber-den-ledigenstand-ueber-den-familienstand-georgien\/\" aria-label=\"Mehr Informationen \u00fcber Bescheinigung \u00fcber den Ledigenstand. \u00dcber den Familienstand. Georgien\">\u0427\u0438\u0442\u0430\u0442\u044c \u0434\u0430\u043b\u0435\u0435<\/a><\/p>\n","protected":false},"author":1,"featured_media":0,"parent":0,"menu_order":0,"comment_status":"closed","ping_status":"closed","template":"","meta":{"_acf_changed":false,"_monsterinsights_skip_tracking":false,"_monsterinsights_sitenote_active":false,"_monsterinsights_sitenote_note":"","_monsterinsights_sitenote_category":0,"footnotes":""},"yst_prominent_words":[],"class_list":["post-58","page","type-page","status-publish"],"acf":[],"_links":{"self":[{"href":"https:\/\/documents.ge\/de\/wp-json\/wp\/v2\/pages\/58","targetHints":{"allow":["GET"]}}],"collection":[{"href":"https:\/\/documents.ge\/de\/wp-json\/wp\/v2\/pages"}],"about":[{"href":"https:\/\/documents.ge\/de\/wp-json\/wp\/v2\/types\/page"}],"author":[{"embeddable":true,"href":"https:\/\/documents.ge\/de\/wp-json\/wp\/v2\/users\/1"}],"replies":[{"embeddable":true,"href":"https:\/\/documents.ge\/de\/wp-json\/wp\/v2\/comments?post=58"}],"version-history":[{"count":0,"href":"https:\/\/documents.ge\/de\/wp-json\/wp\/v2\/pages\/58\/revisions"}],"wp:attachment":[{"href":"https:\/\/documents.ge\/de\/wp-json\/wp\/v2\/media?parent=58"}],"wp:term":[{"taxonomy":"yst_prominent_words","embeddable":true,"href":"https:\/\/documents.ge\/de\/wp-json\/wp\/v2\/yst_prominent_words?post=58"}],"curies":[{"name":"wp","href":"https:\/\/api.w.org\/{rel}","templated":true}]}}