{"id":60,"date":"2025-04-07T10:03:03","date_gmt":"2025-04-07T10:03:03","guid":{"rendered":"https:\/\/documents.ge\/de\/sterbeurkunde-georgien\/"},"modified":"2025-04-07T10:03:03","modified_gmt":"2025-04-07T10:03:03","slug":"sterbeurkunde-georgien","status":"publish","type":"page","link":"https:\/\/documents.ge\/de\/sterbeurkunde-georgien\/","title":{"rendered":"Sterbeurkunde Georgien"},"content":{"rendered":"<article>\n<section><strong>Sterbeurkunde<\/strong> ist ein offizielles Dokument, das von den staatlichen Beh\u00f6rden f\u00fcr die Registrierung ziviler Statusangelegenheiten in Georgien ausgestellt wird und den Tod einer Person best\u00e4tigt. In der Urkunde werden die grundlegenden Angaben zum Verstorbenen, das Datum und der Ort des Todes sowie die Nummer des Sterbeeintrags angegeben.<\/section>\n<section><\/section>\n<\/article>\n<section><\/section>\n<h3 class=\"wp-block-heading\">Text der Sterbeurkunde in georgischer Sprache<\/h3>\n<section><\/section>\n<article>\n<section>\n<h4>\u10eb\u10d8\u10e0\u10d8\u10d7\u10d0\u10d3\u10d8 \u10db\u10dd\u10dc\u10d0\u10ea\u10d4\u10db\u10d4\u10d1\u10d8<\/h4>\n<table border=\"1\">\n<tbody>\n<tr>\n<td>\u10e1\u10d0\u10ee\u10d4\u10da\u10d8<\/td>\n<td>\u25a0\u25a0\u25a0\u25a0\u25a0<\/td>\n<\/tr>\n<tr>\n<td>\u10d2\u10d5\u10d0\u10e0\u10d8<\/td>\n<td>\u25a0\u25a0\u25a0\u25a0\u25a0\u25a0\u25a0\u25a0\u25a0\u25a0<\/td>\n<\/tr>\n<tr>\n<td>\u10e1\u10e5\u10d4\u10e1\u10d8<\/td>\n<td>\u25a0\u25a0\u25a0\u25a0\u25a0\u25a0\u25a0\u25a0\u25a0\u25a0<\/td>\n<\/tr>\n<tr>\n<td>\u10de\u10d8\u10e0\u10d0\u10d3\u10d8 \u10dc\u10dd\u10db\u10d4\u10e0\u10d8<\/td>\n<td>\u25a0\u25a0\u25a0\u25a0\u25a0\u25a0\u25a0\u25a0\u25a0\u25a0<\/td>\n<\/tr>\n<tr>\n<td>\u10db\u10dd\u10e5\u10d0\u10da\u10d0\u10e5\u10d4\u10dd\u10d1\u10d0<\/td>\n<td>\u10e1\u10d0\u10e5\u10d0\u10e0\u10d7\u10d5\u10d4\u10da\u10dd<\/td>\n<\/tr>\n<tr>\n<td>\u10d3\u10d0\u10d1\u10d0\u10d3\u10d4\u10d1\u10d8\u10e1 \u10d7\u10d0\u10e0\u10d8\u10e6\u10d8<\/td>\n<td>22 \u10d3\u10d4\u10d9\u10d4\u10db\u10d1\u10d4\u10e0\u10d8 1974 \u10ec\u10d4\u10da\u10d8<\/td>\n<\/tr>\n<tr>\n<td>\u10d3\u10d0\u10d1\u10d0\u10d3\u10d4\u10d1\u10d8\u10e1 \u10d0\u10d3\u10d2\u10d8\u10da\u10d8<\/td>\n<td>\u10e1\u10d0\u10e5\u10d0\u10e0\u10d7\u10d5\u10d4\u10da\u10dd, \u10d7\u10d1\u10d8\u10da\u10d8\u10e1\u10d8<\/td>\n<\/tr>\n<tr>\n<td>\u10d2\u10d0\u10e0\u10d3\u10d0\u10ea\u10d5\u10d0\u10da\u10d4\u10d1\u10d8\u10e1 \u10d7\u10d0\u10e0\u10d8\u10e6\u10d8<\/td>\n<td>1 \u10d8\u10d5\u10dc\u10d8\u10e1\u10d8 2023 \u10ec\u10d4\u10da\u10d8<\/td>\n<\/tr>\n<tr>\n<td>\u10d2\u10d0\u10e0\u10d3\u10d0\u10ea\u10d5\u10d0\u10da\u10d4\u10d1\u10d8\u10e1 \u10d0\u10d3\u10d2\u10d8\u10da\u10d8<\/td>\n<td>\u10e1\u10d0\u10e5\u10d0\u10e0\u10d7\u10d5\u10d4\u10da\u10dd, \u10d7\u10d1\u10d8\u10da\u10d8\u10e1\u10d8<\/td>\n<\/tr>\n<\/tbody>\n<\/table>\n<\/section>\n<section>\n<h4>\u10d3\u10dd\u10d9\u10e3\u10db\u10d4\u10dc\u10e2\u10d8\u10e1 \u10d8\u10dc\u10e4\u10dd\u10e0\u10db\u10d0\u10ea\u10d8\u10d0<\/h4>\n<table border=\"1\">\n<tbody>\n<tr>\n<td>\u10d2\u10d0\u10e0\u10d3\u10d0\u10ea\u10d5\u10d0\u10da\u10d4\u10d1\u10d8\u10e1 \u10e0\u10d4\u10d2\u10d8\u10e1\u10e2\u10e0\u10d0\u10ea\u10d8\u10d8\u10e1 \u10d7\u10d0\u10e0\u10d8\u10e6\u10d8<\/td>\n<td>1 \u10d8\u10d5\u10dc\u10d8\u10e1\u10d8 2023 \u10ec\u10d4\u10da\u10d8<\/td>\n<\/tr>\n<tr>\n<td>\u10d0\u10e5\u10e2\u10d8\u10e1 \u10e9\u10d0\u10dc\u10d0\u10ec\u10d4\u10e0\u10d8<\/td>\n<td>\u25a0\u25a0\u25a0\u25a0\u25a0\u25a0\u25a0\u25a0\u25a0\u25a0<\/td>\n<\/tr>\n<tr>\n<td>\u10db\u10dd\u10ec\u10db\u10dd\u10d1\u10d8\u10e1 \u10d2\u10d0\u10ea\u10d4\u10db\u10d8\u10e1 \u10d7\u10d0\u10e0\u10d8\u10e6\u10d8<\/td>\n<td>1 \u10d8\u10d5\u10dc\u10d8\u10e1\u10d8 2023 \u10ec\u10d4\u10da\u10d8<\/td>\n<\/tr>\n<tr>\n<td>\u10db\u10dd\u10ec\u10db\u10dd\u10d1\u10d8\u10e1 \u10d2\u10d0\u10db\u10ea\u10d4\u10db\u10d8 \u10dd\u10e0\u10d2\u10d0\u10dc\u10dd<\/td>\n<td>\u10e1\u10e1\u10d2\u10e1 \u10d7\u10d1\u10d8\u10da\u10d8\u10e1\u10d8\u10e1 \u10e1\u10d0\u10db\u10dd\u10e5\u10d0\u10da\u10d0\u10e5\u10dd \u10e0\u10d4\u10d4\u10e1\u10e2\u10e0\u10d8\u10e1 \u10e1\u10d0\u10db\u10e1\u10d0\u10ee\u10e3\u10e0\u10d8<\/td>\n<\/tr>\n<tr>\n<td>\u10e3\u10e4\u10da\u10d4\u10d1\u10d0\u10db\u10dd\u10e1\u10d8\u10da\u10d8 \u10de\u10d8\u10e0\u10d8<\/td>\n<td>\u10ef\u10d0\u10d1\u10d0 \u10e8\u10d0\u10e0\u10d5\u10d0\u10eb\u10d4<\/td>\n<\/tr>\n<\/tbody>\n<\/table>\n<\/section>\n<section>\n<h3>Text der Sterbeurkunde in Georgien in russischer Sprache<\/h3>\n<table border=\"1\">\n<tbody>\n<tr>\n<td>Name<\/td>\n<td>\u25a0\u25a0\u25a0\u25a0\u25a0<\/td>\n<\/tr>\n<tr>\n<td>Nachname<\/td>\n<td>\u25a0\u25a0\u25a0\u25a0\u25a0\u25a0\u25a0\u25a0\u25a0\u25a0<\/td>\n<\/tr>\n<tr>\n<td>Geschlecht<\/td>\n<td>\u25a0\u25a0\u25a0\u25a0\u25a0\u25a0\u25a0\u25a0\u25a0\u25a0<\/td>\n<\/tr>\n<tr>\n<td>Pers\u00f6nliche Nummer<\/td>\n<td>\u25a0\u25a0\u25a0\u25a0\u25a0\u25a0\u25a0\u25a0\u25a0\u25a0<\/td>\n<\/tr>\n<tr>\n<td>Staatsangeh\u00f6rigkeit<\/td>\n<td>Georgien<\/td>\n<\/tr>\n<tr>\n<td>Geburtsdatum<\/td>\n<td>22. Dezember 1974<\/td>\n<\/tr>\n<tr>\n<td>Geburtsort<\/td>\n<td>Georgien, Tiflis<\/td>\n<\/tr>\n<tr>\n<td>Todesdatum<\/td>\n<td>1. Juni 2023<\/td>\n<\/tr>\n<tr>\n<td>Todesort<\/td>\n<td>Georgien, Tiflis<\/td>\n<\/tr>\n<\/tbody>\n<\/table>\n<\/section>\n<section>\n<h4>Informationen zum Dokument<\/h4>\n<table border=\"1\">\n<tbody>\n<tr>\n<td>Datum der Todesregistrierung<\/td>\n<td>1. Juni 2023<\/td>\n<\/tr>\n<tr>\n<td>Nummer des Eintrags<\/td>\n<td>\u25a0\u25a0\u25a0\u25a0\u25a0\u25a0\u25a0\u25a0\u25a0\u25a0<\/td>\n<\/tr>\n<tr>\n<td>Ausstellungsdatum der Urkunde<\/td>\n<td>1. Juni 2023<\/td>\n<\/tr>\n<tr>\n<td>Ausstellende Beh\u00f6rde<\/td>\n<td>ssgs Tifliser Zivilregisteramt<\/td>\n<\/tr>\n<tr>\n<td>Bevollm\u00e4chtigte Person<\/td>\n<td>Dschaba Scharwadse<\/td>\n<\/tr>\n<\/tbody>\n<\/table>\n<\/section>\n<\/article>\n<div class=\"gb-container gb-container-4c45c733\">\n<h3 class=\"wp-block-heading\">Wie sieht eine Sterbeurkunde aus Georgien aus<\/h3>\n<figure class=\"wp-block-image size-full\"><img alt=\"Sterbeurkunde aus Georgien online beantragen\" class=\"wp-image-544 lazyload\" data-sizes=\"(max-width: 900px) 100vw, 900px\" data-src=\"https:\/\/documents.ge\/wp-content\/uploads\/2024\/08\/\u0421\u0432\u0438\u0434\u0435\u0442\u0435\u043b\u044c\u0441\u0442\u0432\u043e-\u043e-\u0441\u043c\u0435\u0440\u0442\u0438-\u0413\u0440\u0443\u0437\u0438\u044f-\u0417\u0410\u0413\u0421-\u0414\u043e\u043c-\u042e\u0441\u0442\u0438\u0446\u0438\u0438.png\" data-srcset=\"https:\/\/documents.ge\/wp-content\/uploads\/2024\/08\/\u0421\u0432\u0438\u0434\u0435\u0442\u0435\u043b\u044c\u0441\u0442\u0432\u043e-\u043e-\u0441\u043c\u0435\u0440\u0442\u0438-\u0413\u0440\u0443\u0437\u0438\u044f-\u0417\u0410\u0413\u0421-\u0414\u043e\u043c-\u042e\u0441\u0442\u0438\u0446\u0438\u0438.png 900w, https:\/\/documents.ge\/wp-content\/uploads\/2024\/08\/\u0421\u0432\u0438\u0434\u0435\u0442\u0435\u043b\u044c\u0441\u0442\u0432\u043e-\u043e-\u0441\u043c\u0435\u0440\u0442\u0438-\u0413\u0440\u0443\u0437\u0438\u044f-\u0417\u0410\u0413\u0421-\u0414\u043e\u043c-\u042e\u0441\u0442\u0438\u0446\u0438\u0438-212x300.png 212w, https:\/\/documents.ge\/wp-content\/uploads\/2024\/08\/\u0421\u0432\u0438\u0434\u0435\u0442\u0435\u043b\u044c\u0441\u0442\u0432\u043e-\u043e-\u0441\u043c\u0435\u0440\u0442\u0438-\u0413\u0440\u0443\u0437\u0438\u044f-\u0417\u0410\u0413\u0421-\u0414\u043e\u043c-\u042e\u0441\u0442\u0438\u0446\u0438\u0438-725x1024.png 725w, https:\/\/documents.ge\/wp-content\/uploads\/2024\/08\/\u0421\u0432\u0438\u0434\u0435\u0442\u0435\u043b\u044c\u0441\u0442\u0432\u043e-\u043e-\u0441\u043c\u0435\u0440\u0442\u0438-\u0413\u0440\u0443\u0437\u0438\u044f-\u0417\u0410\u0413\u0421-\u0414\u043e\u043c-\u042e\u0441\u0442\u0438\u0446\u0438\u0438-768x1085.png 768w\" decoding=\"async\" height=\"1272\" src=\"data:image\/gif;base64,R0lGODlhAQABAAAAACH5BAEKAAEALAAAAAABAAEAAAICTAEAOw==\" style=\"--smush-placeholder-width: 900px; --smush-placeholder-aspect-ratio: 900\/1272;\" title=\"Sterbeurkunde. Muster des neuen Formats - Georgien\" width=\"900\"\/><figcaption class=\"wp-element-caption\">Die Sterbeurkunde wird auf Papier ausgestellt, ohne Nassstempel und Unterschrift. Sie kann online \u00fcber einen QR-Code \u00fcberpr\u00fcft werden. Unsere Agentur kann sie f\u00fcr Sie auf Papier mit Nassstempel, Datumsangabe und Unterschrift des Beamten besorgen.<\/figcaption><\/figure>\n<\/div>\n","protected":false},"excerpt":{"rendered":"<p>Sterbeurkunde ist ein offizielles Dokument, das von den staatlichen Beh\u00f6rden f\u00fcr die Registrierung ziviler Statusangelegenheiten in Georgien ausgestellt wird und den Tod einer Person best\u00e4tigt. In der Urkunde werden die grundlegenden Angaben zum Verstorbenen, das Datum und der Ort des Todes sowie die Nummer des Sterbeeintrags angegeben. Text der Sterbeurkunde in georgischer Sprache \u10eb\u10d8\u10e0\u10d8\u10d7\u10d0\u10d3\u10d8 \u10db\u10dd\u10dc\u10d0\u10ea\u10d4\u10db\u10d4\u10d1\u10d8 &#8230; <a title=\"Sterbeurkunde Georgien\" class=\"read-more\" href=\"https:\/\/documents.ge\/de\/sterbeurkunde-georgien\/\" aria-label=\"Mehr Informationen \u00fcber Sterbeurkunde Georgien\">\u0427\u0438\u0442\u0430\u0442\u044c \u0434\u0430\u043b\u0435\u0435<\/a><\/p>\n","protected":false},"author":1,"featured_media":0,"parent":0,"menu_order":0,"comment_status":"closed","ping_status":"closed","template":"","meta":{"_acf_changed":false,"_monsterinsights_skip_tracking":false,"_monsterinsights_sitenote_active":false,"_monsterinsights_sitenote_note":"","_monsterinsights_sitenote_category":0,"footnotes":""},"yst_prominent_words":[],"class_list":["post-60","page","type-page","status-publish"],"acf":[],"_links":{"self":[{"href":"https:\/\/documents.ge\/de\/wp-json\/wp\/v2\/pages\/60","targetHints":{"allow":["GET"]}}],"collection":[{"href":"https:\/\/documents.ge\/de\/wp-json\/wp\/v2\/pages"}],"about":[{"href":"https:\/\/documents.ge\/de\/wp-json\/wp\/v2\/types\/page"}],"author":[{"embeddable":true,"href":"https:\/\/documents.ge\/de\/wp-json\/wp\/v2\/users\/1"}],"replies":[{"embeddable":true,"href":"https:\/\/documents.ge\/de\/wp-json\/wp\/v2\/comments?post=60"}],"version-history":[{"count":0,"href":"https:\/\/documents.ge\/de\/wp-json\/wp\/v2\/pages\/60\/revisions"}],"wp:attachment":[{"href":"https:\/\/documents.ge\/de\/wp-json\/wp\/v2\/media?parent=60"}],"wp:term":[{"taxonomy":"yst_prominent_words","embeddable":true,"href":"https:\/\/documents.ge\/de\/wp-json\/wp\/v2\/yst_prominent_words?post=60"}],"curies":[{"name":"wp","href":"https:\/\/api.w.org\/{rel}","templated":true}]}}