{"id":288,"date":"2025-04-06T01:09:24","date_gmt":"2025-04-05T22:09:24","guid":{"rendered":"https:\/\/documents.ge\/es\/documentos-de-educacion-georgia\/"},"modified":"2025-04-06T01:09:24","modified_gmt":"2025-04-05T22:09:24","slug":"documentos-de-educacion-georgia","status":"publish","type":"page","link":"https:\/\/documents.ge\/es\/documentos-de-educacion-georgia\/","title":{"rendered":"Documentos de educaci\u00f3n &#8211; Georgia"},"content":{"rendered":"<p><strong>Qu\u00e9 tipos de documentos educativos existen y su descripci\u00f3n<\/strong><\/p>\n<p>Los documentos educativos pueden tener diferentes nombres y formas en distintos pa\u00edses, pero generalmente son documentos oficiales que certifican la obtenci\u00f3n de un determinado nivel educativo. Algunos de los documentos educativos m\u00e1s comunes incluyen:<\/p>\n<ul class=\"wp-block-list\">\n<li><strong>Diplomas:<\/strong> son documentos oficiales que se otorgan al completar la educaci\u00f3n superior (por ejemplo, licenciatura o maestr\u00eda).<\/li>\n<li><strong>Certificados:<\/strong> son documentos oficiales que se otorgan al completar la educaci\u00f3n secundaria (por ejemplo, el certificado escolar).<\/li>\n<li><strong>Certificados de resultados de ex\u00e1menes:<\/strong> son documentos oficiales que confirman los resultados de ex\u00e1menes en un tema o asignatura espec\u00edfica.<\/li>\n<li><strong>Transcripciones:<\/strong> son documentos oficiales que contienen informaci\u00f3n sobre los cursos que has completado y las calificaciones obtenidas durante tu formaci\u00f3n.<\/li>\n<\/ul>\n<p>La descripci\u00f3n de los documentos educativos puede variar seg\u00fan el documento espec\u00edfico y el pa\u00eds donde fue emitido.<\/p>\n<p><strong><u>Puedes utilizar los siguientes servicios nuestros sin venir a Georgia o con visita:<\/u><\/strong><\/p>\n<ul class=\"wp-block-list\">\n<li>Obtenci\u00f3n de documentos de respaldo faltantes para tu diploma o certificado: <strong>confirmaci\u00f3n de la escuela o universidad, programa anal\u00edtico, confirmaci\u00f3n del Ministerio de Educaci\u00f3n de Georgia.<\/strong><\/li>\n<li><strong>Recuperaci\u00f3n de documentos educativos<\/strong> y obtenci\u00f3n de duplicados: certificados y diplomas.<\/li>\n<li><strong>Nostrificaci\u00f3n de documentos educativos:<\/strong> todo tipo de documentos educativos oficiales.<\/li>\n<li><strong>Apostilla de certificados, diplomas, certificaciones y transcripciones.<\/strong><\/li>\n<\/ul>\n","protected":false},"excerpt":{"rendered":"<p>Qu\u00e9 tipos de documentos educativos existen y su descripci\u00f3n Los documentos educativos pueden tener diferentes nombres y formas en distintos pa\u00edses, pero generalmente son documentos oficiales que certifican la obtenci\u00f3n de un determinado nivel educativo. Algunos de los documentos educativos m\u00e1s comunes incluyen: Diplomas: son documentos oficiales que se otorgan al completar la educaci\u00f3n superior &#8230; <a title=\"Documentos de educaci\u00f3n &#8211; Georgia\" class=\"read-more\" href=\"https:\/\/documents.ge\/es\/documentos-de-educacion-georgia\/\" aria-label=\"Leer m\u00e1s sobre Documentos de educaci\u00f3n &#8211; Georgia\">\u0427\u0438\u0442\u0430\u0442\u044c \u0434\u0430\u043b\u0435\u0435<\/a><\/p>\n","protected":false},"author":1,"featured_media":0,"parent":0,"menu_order":0,"comment_status":"closed","ping_status":"closed","template":"","meta":{"_acf_changed":false,"_monsterinsights_skip_tracking":false,"_monsterinsights_sitenote_active":false,"_monsterinsights_sitenote_note":"","_monsterinsights_sitenote_category":0,"footnotes":""},"yst_prominent_words":[],"class_list":["post-288","page","type-page","status-publish"],"acf":[],"_links":{"self":[{"href":"https:\/\/documents.ge\/es\/wp-json\/wp\/v2\/pages\/288","targetHints":{"allow":["GET"]}}],"collection":[{"href":"https:\/\/documents.ge\/es\/wp-json\/wp\/v2\/pages"}],"about":[{"href":"https:\/\/documents.ge\/es\/wp-json\/wp\/v2\/types\/page"}],"author":[{"embeddable":true,"href":"https:\/\/documents.ge\/es\/wp-json\/wp\/v2\/users\/1"}],"replies":[{"embeddable":true,"href":"https:\/\/documents.ge\/es\/wp-json\/wp\/v2\/comments?post=288"}],"version-history":[{"count":0,"href":"https:\/\/documents.ge\/es\/wp-json\/wp\/v2\/pages\/288\/revisions"}],"wp:attachment":[{"href":"https:\/\/documents.ge\/es\/wp-json\/wp\/v2\/media?parent=288"}],"wp:term":[{"taxonomy":"yst_prominent_words","embeddable":true,"href":"https:\/\/documents.ge\/es\/wp-json\/wp\/v2\/yst_prominent_words?post=288"}],"curies":[{"name":"wp","href":"https:\/\/api.w.org\/{rel}","templated":true}]}}