{"id":289,"date":"2025-04-06T01:10:08","date_gmt":"2025-04-05T22:10:08","guid":{"rendered":"https:\/\/documents.ge\/es\/certificado-de-nacimiento-con-indicacion-de-nacionalidad\/"},"modified":"2025-04-06T01:10:08","modified_gmt":"2025-04-05T22:10:08","slug":"certificado-de-nacimiento-con-indicacion-de-nacionalidad","status":"publish","type":"page","link":"https:\/\/documents.ge\/es\/certificado-de-nacimiento-con-indicacion-de-nacionalidad\/","title":{"rendered":"Certificado de nacimiento con indicaci\u00f3n de nacionalidad"},"content":{"rendered":"<p>En Georgia, el certificado de nacimiento no incluye la nacionalidad del reci\u00e9n nacido. Tampoco se indica la nacionalidad de los padres.<\/p>\n<p>Sin embargo, a menudo los clientes solicitan informaci\u00f3n sobre la nacionalidad del Registro Civil o de la Casa de Justicia de Georgia. Para estos casos, nuestra agencia ofrece certificados de nacimiento donde s\u00ed se especifica la nacionalidad.<\/p>\n<p>\u00bfPara qu\u00e9 se necesitan estos certificados? Por ejemplo, a menudo se solicitan estos documentos para obtener ciudadan\u00eda (como la de Grecia, Israel u otros pa\u00edses).<\/p>\n<p>Usted deber\u00e1 proporcionar un poder notarial a nuestro empleado, indicando que se requiere obtener dicho certificado (certificado de nacionalidad).<\/p>\n<p>Es importante tener en cuenta que, incluso si en su antiguo certificado de nacimiento o en el de defunci\u00f3n de su padre, abuela o abuelo figura la nacionalidad, esto no significa que dicha informaci\u00f3n exista en el Archivo del Registro Civil o en la Casa de Justicia y est\u00e9 registrada en los libros de archivo.<\/p>\n<p>Hay casos en los que no hay informaci\u00f3n sobre la nacionalidad en los libros de archivo (registros de actas). Entonces, es necesario buscar otras v\u00edas, como demostrar la nacionalidad mediante un tribunal o a trav\u00e9s de los abuelos en l\u00ednea descendente.<\/p>\n","protected":false},"excerpt":{"rendered":"<p>En Georgia, el certificado de nacimiento no incluye la nacionalidad del reci\u00e9n nacido. Tampoco se indica la nacionalidad de los padres. Sin embargo, a menudo los clientes solicitan informaci\u00f3n sobre la nacionalidad del Registro Civil o de la Casa de Justicia de Georgia. Para estos casos, nuestra agencia ofrece certificados de nacimiento donde s\u00ed se &#8230; <a title=\"Certificado de nacimiento con indicaci\u00f3n de nacionalidad\" class=\"read-more\" href=\"https:\/\/documents.ge\/es\/certificado-de-nacimiento-con-indicacion-de-nacionalidad\/\" aria-label=\"Leer m\u00e1s sobre Certificado de nacimiento con indicaci\u00f3n de nacionalidad\">\u0427\u0438\u0442\u0430\u0442\u044c \u0434\u0430\u043b\u0435\u0435<\/a><\/p>\n","protected":false},"author":1,"featured_media":0,"parent":0,"menu_order":0,"comment_status":"closed","ping_status":"closed","template":"","meta":{"_acf_changed":false,"_monsterinsights_skip_tracking":false,"_monsterinsights_sitenote_active":false,"_monsterinsights_sitenote_note":"","_monsterinsights_sitenote_category":0,"footnotes":""},"yst_prominent_words":[],"class_list":["post-289","page","type-page","status-publish"],"acf":[],"_links":{"self":[{"href":"https:\/\/documents.ge\/es\/wp-json\/wp\/v2\/pages\/289","targetHints":{"allow":["GET"]}}],"collection":[{"href":"https:\/\/documents.ge\/es\/wp-json\/wp\/v2\/pages"}],"about":[{"href":"https:\/\/documents.ge\/es\/wp-json\/wp\/v2\/types\/page"}],"author":[{"embeddable":true,"href":"https:\/\/documents.ge\/es\/wp-json\/wp\/v2\/users\/1"}],"replies":[{"embeddable":true,"href":"https:\/\/documents.ge\/es\/wp-json\/wp\/v2\/comments?post=289"}],"version-history":[{"count":0,"href":"https:\/\/documents.ge\/es\/wp-json\/wp\/v2\/pages\/289\/revisions"}],"wp:attachment":[{"href":"https:\/\/documents.ge\/es\/wp-json\/wp\/v2\/media?parent=289"}],"wp:term":[{"taxonomy":"yst_prominent_words","embeddable":true,"href":"https:\/\/documents.ge\/es\/wp-json\/wp\/v2\/yst_prominent_words?post=289"}],"curies":[{"name":"wp","href":"https:\/\/api.w.org\/{rel}","templated":true}]}}