{"id":291,"date":"2025-04-06T01:14:37","date_gmt":"2025-04-05T22:14:37","guid":{"rendered":"https:\/\/documents.ge\/es\/certificado-de-matrimonio-georgia\/"},"modified":"2025-04-06T01:14:37","modified_gmt":"2025-04-05T22:14:37","slug":"certificado-de-matrimonio-georgia","status":"publish","type":"page","link":"https:\/\/documents.ge\/es\/certificado-de-matrimonio-georgia\/","title":{"rendered":"Certificado de matrimonio Georgia"},"content":{"rendered":"<p>La obtenci\u00f3n del certificado de matrimonio en Georgia no tarda m\u00e1s de 2 semanas. Se puede solicitar con una tarifa alta en 1-2 d\u00edas laborales. El plazo para obtener el Certificado de Matrimonio en Georgia depende del deseo del cliente.<\/p>\n<h3 class=\"wp-block-heading\"><strong>Texto del certificado de matrimonio georgiano. Qu\u00e9 se escribe en el certificado de matrimonio en Georgia<\/strong>. En georgiano<\/h3>\n<h3 class=\"wp-block-heading\">\u10e1\u10d0\u10e5\u10d0\u10e0\u10d7\u10d5\u10d4\u10da\u10dd\u10e1 \u10e0\u10d4\u10e1\u10de\u10e3\u10d1\u10da\u10d8\u10d9\u10d0<\/h3>\n<h3 class=\"wp-block-heading\">\u10e5\u10dd\u10e0\u10ec\u10d8\u10dc\u10d4\u10d1\u10d8\u10e1 \u10db\u10dd\u10ec\u10db\u10dd\u10d1\u10d0<\/h3>\n<figure class=\"wp-block-table\">\n<table>\n<thead>\n<tr>\n<th><\/th>\n<th><\/th>\n<\/tr>\n<\/thead>\n<tbody>\n<tr>\n<td>\u10e5\u10d0\u10da\u10d8:<\/td>\n<td>\u10db\u10d0\u10db\u10d0\u10d9\u10d0\u10ea\u10d8:<\/td>\n<\/tr>\n<tr>\n<td>\u10e1\u10d0\u10ee\u10d4\u10da\u10d8: ____________________<\/td>\n<td>\u10e1\u10d0\u10ee\u10d4\u10da\u10d8: ________________<\/td>\n<\/tr>\n<tr>\n<td>\u10d2\u10d5\u10d0\u10e0\u10d8: _________________<\/td>\n<td>\u10d2\u10d5\u10d0\u10e0\u10d8: __________________________<\/td>\n<\/tr>\n<tr>\n<td>\u10d3\u10d0\u10d1\u10d0\u10d3\u10d4\u10d1\u10d8\u10e1 \u10d7\u10d0\u10e0\u10d8\u10e6\u10d8: ___________________<\/td>\n<td>\u10d3\u10d0\u10d1\u10d0\u10d3\u10d4\u10d1\u10d8\u10e1 \u10d7\u10d0\u10e0\u10d8\u10e6\u10d8: __________<\/td>\n<\/tr>\n<tr>\n<td>\u10d3\u10d0\u10d1\u10d0\u10d3\u10d4\u10d1\u10d8\u10e1 \u10d0\u10d3\u10d2\u10d8\u10da\u10d8: \u10e3\u10d9\u10e0\u10d0\u10d8\u10dc\u10d0, \u10d9\u10d8\u10e0\u10dd\u10d5\u10dd\u10d2\u10e0\u10d0\u10d3\u10d8\u10e1 \u10dd\u10da\u10e5\u10d8<\/td>\n<td>\u10d3\u10d0\u10d1\u10d0\u10d3\u10d4\u10d1\u10d8\u10e1 \u10d0\u10d3\u10d2\u10d8\u10da\u10d8: \u10e0\u10e3\u10e1\u10d4\u10d7\u10d8, \u10db\u10dd\u10e1\u10d9\u10dd\u10d5\u10d8<\/td>\n<\/tr>\n<tr>\n<td>\u10de\u10d8\u10e0\u10d0\u10d3\u10d8 \u10dc\u10dd\u10db\u10d4\u10e0\u10d8:<\/td>\n<td>\u10de\u10d8\u10e0\u10d0\u10d3\u10d8 \u10dc\u10dd\u10db\u10d4\u10e0\u10d8:<\/td>\n<\/tr>\n<tr>\n<td>\u10db\u10dd\u10e5\u10d0\u10da\u10d0\u10e5\u10d4\u10dd\u10d1\u10d0: ____________________<\/td>\n<td>\u10db\u10dd\u10e5\u10d0\u10da\u10d0\u10e5\u10d4\u10dd\u10d1\u10d0: ______________<\/td>\n<\/tr>\n<tr>\n<td>\u10e5\u10dd\u10e0\u10ec\u10d8\u10dc\u10d4\u10d1\u10d8\u10e1 \u10d7\u10d0\u10e0\u10d8\u10e6\u10d8: __________<\/td>\n<td><\/td>\n<\/tr>\n<tr>\n<td>\u10e0\u10d4\u10d2\u10d8\u10e1\u10e2\u10e0\u10d0\u10ea\u10d8\u10d8\u10e1 \u10d7\u10d0\u10e0\u10d8\u10e6\u10d8: ____________<\/td>\n<td><\/td>\n<\/tr>\n<tr>\n<td>\u10e0\u10d4\u10d2\u10d8\u10e1\u10e2\u10e0\u10d0\u10ea\u10d8\u10d8\u10e1 \u10d0\u10d3\u10d2\u10d8\u10da\u10d8:<\/td>\n<td><\/td>\n<\/tr>\n<tr>\n<td>\u10d0\u10e5\u10e2\u10d8\u10e1 \u10e9\u10d0\u10dc\u10d0\u10ec\u10d4\u10e0\u10d8 \u2116: ________________<\/td>\n<td><\/td>\n<\/tr>\n<tr>\n<td>\u10e5\u10dd\u10e0\u10ec\u10d8\u10dc\u10d4\u10d1\u10d8\u10e1 \u10e8\u10d4\u10db\u10d3\u10d4\u10d2 \u10db\u10d0\u10d7\u10d8 \u10d2\u10d5\u10d0\u10e0\u10d4\u10d1\u10d8:<\/td>\n<td><\/td>\n<\/tr>\n<tr>\n<td>\u10ea\u10dd\u10da\u10d8: \u10de\u10dd\u10da\u10d8\u10d0\u10dc\u10d8\u10dc\u10d0<\/td>\n<td><\/td>\n<\/tr>\n<tr>\n<td>\u10e5\u10db\u10d0\u10e0\u10d8: \u10d0\u10e0\u10e2\u10d0\u10db\u10dd\u10dc\u10dd\u10d5<\/td>\n<td><\/td>\n<\/tr>\n<tr>\n<td>\u10d2\u10d0\u10ea\u10d4\u10db\u10d8\u10e1 \u10d7\u10d0\u10e0\u10d8\u10e6\u10d8: 2023 \u10ec\u10da\u10d8\u10e1 19 \u10d8\u10d5\u10dc\u10d8\u10e1\u10d8<\/td>\n<td><\/td>\n<\/tr>\n<tr>\n<td>\u10d2\u10d0\u10ea\u10d4\u10db\u10d8 \u10dd\u10e0\u10d2\u10d0\u10dc\u10dd:<\/td>\n<td><\/td>\n<\/tr>\n<tr>\n<td>\u10e3\u10e4\u10da\u10d4\u10d1\u10d0\u10db\u10dd\u10e1\u10d8\u10da\u10d8 \u10de\u10d8\u10e0\u10d8: \u10ef\u10d0\u10d1\u10d0 \u10e8\u10d0\u10e0\u10d5\u10d0\u10e8\u10d8\u10eb\u10d4<\/td>\n<td><\/td>\n<\/tr>\n<tr>\n<td>\u10e1\u10e1\u10d8\u10de \u10d7\u10d1\u10d8\u10da\u10d8\u10e1\u10d8\u10e1 \u10e1\u10d0\u10db\u10dd\u10e5\u10d0\u10da\u10d0\u10e5\u10dd \u10e0\u10d4\u10d4\u10e1\u10e2\u10e0\u10d8\u10e1 \u10e1\u10d0\u10db\u10e1\u10d0\u10ee\u10e3\u10e0\u10d8<\/td>\n<td><\/td>\n<\/tr>\n<\/tbody>\n<\/table>\n<\/figure>\n<h4 class=\"wp-block-heading\">\u10ee\u10d4\u10da\u10db\u10dd\u10ec\u10d4\u10e0\u10d0:<\/h4>\n<h4 class=\"wp-block-heading\">\u10e1\u10de\u10d4\u10ea\u10d8\u10d0\u10da\u10d8\u10e1\u10e2\u10d8 <strong><em><strong><em>________________<\/em><\/strong><\/em><\/strong><\/h4>\n<h4 class=\"wp-block-heading\">\u10e1\u10e1\u10d8\u10de \u10d7\u10d1\u10d8\u10da\u10d8\u10e1\u10d8\u10e1 \u10e1\u10d0\u10db\u10dd\u10e5\u10d0\u10da\u10d0\u10e5\u10dd \u10e0\u10d4\u10d4\u10e1\u10e2\u10e0\u10d8\u10e1 \u10e1\u10d0\u10db\u10e1\u10d0\u10ee\u10e3\u10e0\u10d8<\/h4>\n<p>\u10d3\u10dd\u10d9\u10e3\u10db\u10d4\u10dc\u10e2\u10d8 \u10d0\u10e0\u10d8\u10e1 \u10d4\u10da\u10d4\u10e5\u10e2\u10e0\u10dd\u10dc\u10e3\u10da\u10d8. \u10d3\u10d0\u10db\u10d0\u10e2\u10d4\u10d1\u10d8\u10d7\u10d8 \u10d8\u10dc\u10e4\u10dd\u10e0\u10db\u10d0\u10ea\u10d8\u10d8\u10e1\u10d7\u10d5\u10d8\u10e1 (http:\/\/sda.gov.ge) \u2014 \u10d8\u10dc\u10e4\u10dd\u10e0\u10db\u10d0\u10ea\u10d8\u10d8\u10e1 \u10d2\u10d0\u10d3\u10d0\u10db\u10dd\u10ec\u10db\u10d4\u10d1\u10d8\u10e1 \u10d0\u10dc \u10d0\u10e0 \u10d0\u10e0\u10e1\u10d4\u10d1\u10dd\u10d1\u10d8\u10e1 \u10e8\u10d4\u10e1\u10d0\u10db\u10dd\u10ec\u10db\u10d4\u10d1\u10da\u10d0\u10d3. \u10d3\u10dd\u10d9\u10e3\u10db\u10d4\u10dc\u10e2\u10d8 \u10e8\u10d4\u10e1\u10d0\u10eb\u10da\u10d4\u10d1\u10d4\u10da\u10d8\u10d0 \u10e9\u10d0\u10db\u10dd\u10e2\u10d5\u10d8\u10e0\u10d7\u10dd\u10d7 \u10d5\u10d4\u10d1\u10d2\u10d5\u10d4\u10e0\u10d3\u10d8\u10d3\u10d0\u10dc (http:\/\/sda.gov.ge) \u10dc\u10dd\u10db\u10e0\u10d8\u10d7 ACT_____________ \u10ec\u10da\u10d8\u10e1 \u10d2\u10d0\u10dc\u10db\u10d0\u10d5\u10da\u10dd\u10d1\u10d0\u10e8\u10d8.<\/p>\n<h4 class=\"wp-block-heading\">\u10ee\u10d4\u10da\u10db\u10dd\u10ec\u10d4\u10e0\u10d8\u10da\u10d8\u10d0 \u10d3\u10d0\/\u10d0\u10dc \u10e8\u10d4\u10d3\u10d0\u10e0\u10d4\u10d1\u10e3\u10da\u10d8\u10d0 \u10d4\u10da\u10d4\u10e5\u10e2\u10e0\u10dd\u10dc\u10e3\u10da\u10d0\u10d3<\/h4>\n<h5 class=\"wp-block-heading\">\u10e1\u10e1\u10d8\u10de \u10d7\u10d1\u10d8\u10da\u10d8\u10e1\u10d8\u10e1 \u10e1\u10d0\u10db\u10dd\u10e5\u10d0\u10da\u10d0\u10e5\u10dd \u10e0\u10d4\u10d4\u10e1\u10e2\u10e0\u10d8\u10e1 \u10e1\u10d0\u10db\u10e1\u10d0\u10ee\u10e3\u10e0\u10d8<\/h5>\n<h3 class=\"wp-block-heading\"><strong>Certificado de matrimonio de Georgia en ruso. Traducci\u00f3n del certificado de matrimonio al ruso<\/strong> <strong>idioma<\/strong><\/h3>\n<p><strong>Tenga en cuenta que el certificado de matrimonio en Georgia se emite solo en georgiano.<\/strong> Se puede traducir en una agencia de traducciones \u2014 en nuestra agencia<\/p>\n<h3 class=\"wp-block-heading\">Rep\u00fablica de Georgia<\/h3>\n<h3 class=\"wp-block-heading\">Certificado de matrimonio<\/h3>\n<figure class=\"wp-block-table\">\n<table>\n<thead>\n<tr>\n<th><\/th>\n<th><\/th>\n<\/tr>\n<\/thead>\n<tbody>\n<tr>\n<td>Mujer:<\/td>\n<td>Hombre:<\/td>\n<\/tr>\n<tr>\n<td>Nombre: ______________________<\/td>\n<td>Nombre: __________<\/td>\n<\/tr>\n<tr>\n<td>Apellido: __________________<\/td>\n<td>Apellido: ___________<\/td>\n<\/tr>\n<tr>\n<td>Fecha de nacimiento: __________ a\u00f1o<\/td>\n<td>Fecha de nacimiento: _______ a\u00f1o<\/td>\n<\/tr>\n<tr>\n<td>Lugar de nacimiento: Ucrania, \u00d3blast de Kirovogrado<\/td>\n<td>Lugar de nacimiento: Rusia, Mosc\u00fa<\/td>\n<\/tr>\n<tr>\n<td>N\u00famero personal: ________________<\/td>\n<td>N\u00famero personal: _______<\/td>\n<\/tr>\n<tr>\n<td>Ciudadan\u00eda: Ucrania<\/td>\n<td>Ciudadan\u00eda: Rusia<\/td>\n<\/tr>\n<tr>\n<td>Fecha de matrimonio: 19 de junio de 2023<\/td>\n<td><\/td>\n<\/tr>\n<tr>\n<td>Fecha de registro: 19 de junio de 2023<\/td>\n<td><\/td>\n<\/tr>\n<tr>\n<td>Lugar de registro:<\/td>\n<td><\/td>\n<\/tr>\n<tr>\n<td>N\u00famero de registro del acta: _____________________<\/td>\n<td><\/td>\n<\/tr>\n<tr>\n<td>Despu\u00e9s del matrimonio, sus apellidos:<\/td>\n<td><\/td>\n<\/tr>\n<tr>\n<td>Esposa: __________________<\/td>\n<td><\/td>\n<\/tr>\n<tr>\n<td>Esposo: _____________________<\/td>\n<td><\/td>\n<\/tr>\n<tr>\n<td>Fecha de emisi\u00f3n: 19 de junio de 2023<\/td>\n<td><\/td>\n<\/tr>\n<tr>\n<td>\u00d3rgano emisor del documento:<\/td>\n<td><\/td>\n<\/tr>\n<tr>\n<td>Persona autorizada: ____________________<\/td>\n<td><\/td>\n<\/tr>\n<tr>\n<td>Agencia del Registro Civil de la Administraci\u00f3n Municipal de Tiflis<\/td>\n<td><\/td>\n<\/tr>\n<\/tbody>\n<\/table>\n<\/figure>\n<h4 class=\"wp-block-heading\">Firma:<\/h4>\n<h4 class=\"wp-block-heading\">Especialista <strong><em><strong><em>________________<\/em><\/strong><\/em><\/strong><\/h4>\n<h4 class=\"wp-block-heading\">Agencia del Registro Civil de la Administraci\u00f3n Municipal de Tiflis<\/h4>\n<p>El documento es electr\u00f3nico. Se puede verificar la informaci\u00f3n en el sitio web de la agencia (http:\/\/sda.gov.ge) \u2013 si existen los datos o no. Este documento se puede descargar del sitio web (http:\/\/sda.gov.ge) bajo el n\u00famero ACT___________________ por un plazo de 1 a\u00f1o.<\/p>\n<h4 class=\"wp-block-heading\">Sello:<\/h4>\n<p>El documento est\u00e1 firmado y\/o certificado electr\u00f3nicamente<\/p>\n<h4 class=\"wp-block-heading\">Agencia del Registro Civil de la Administraci\u00f3n Municipal de Tiflis<\/h4>\n<p><strong>\u00a1Tenga en cuenta! En el certificado de matrimonio de Georgia, como en la mayor\u00eda de los pa\u00edses del mundo, <span style=\"text-decoration: underline;\">NO SE ESCRIBE EL PATRON\u00cdMICO<\/span> de los c\u00f3nyuges. No hay patron\u00edmicos en los certificados georgianos, y no lo exija. <\/strong><\/p>\n<p><strong>\u00a1Tenga en cuenta! En el certificado de matrimonio georgiano, como en la mayor\u00eda de los pa\u00edses del mundo, <span style=\"text-decoration: underline;\">NO SE ESCRIBE LA NACIONALIDAD<\/span> de los c\u00f3nyuges. Si necesita un documento separado sobre la nacionalidad, cont\u00e1ctenos.<\/strong><\/p>\n<p><em>Puede referirse al certificado de nacimiento de la antigua Uni\u00f3n Sovi\u00e9tica, donde se indican el patron\u00edmico y la nacionalidad. Tenga en cuenta que <strong>el formato del certificado ha cambiado y se emite seg\u00fan el formulario aprobado legalmente en Georgia.<\/strong><\/em><\/p>\n<h3 class=\"wp-block-heading\"><strong>Ejemplo \u2014 certificado de matrimonio de Georgia. C\u00f3mo se ve un certificado de matrimonio de Georgia<\/strong><\/h3>\n<figure class=\"wp-block-image size-full\"><img alt=\"Certificado de matrimonio de Georgia - ejemplo de la \u00e9poca de la URSS.\" class=\"wp-image-449 lazyload\" data-src=\"https:\/\/documents.ge\/wp-content\/uploads\/2024\/07\/\u0421\u0432\u0438\u0434\u0435\u0442\u0435\u043b\u044c\u0441\u0442\u043e\u0432-\u043e-\u0431\u0440\u0430\u043a\u0435-\u0441\u0442\u0430\u0440\u043e\u0433\u043e-\u043e\u0431\u0440\u0430\u0437\u0446\u0430-\u0421\u0421\u0421\u0420-\u0413\u0440\u0443\u0437\u0438\u044f-1.gif\" decoding=\"async\" height=\"597\" src=\"data:image\/gif;base64,R0lGODlhAQABAAAAACH5BAEKAAEALAAAAAABAAEAAAICTAEAOw==\" style=\"--smush-placeholder-width: 800px; --smush-placeholder-aspect-ratio: 800\/597;\" title=\"El certificado de matrimonio de la \u00e9poca sovi\u00e9tica no puede ser apostillado\" width=\"800\"\/><figcaption class=\"wp-element-caption\">Certificado de matrimonio en ruso (cir\u00edlico) y georgiano de la antigua URSS. Georgia \u2014 1960<\/figcaption><\/figure>\n<figure class=\"wp-block-image\"><img alt=\"Certificado de matrimonio en georgiano. Georgia\" class=\"wp-image-77 lazyload\" data-src=\"http:\/\/documents.ge\/wp-content\/uploads\/2019\/03\/%D1%81%D0%B2%D0%B8%D0%B4%D0%B5%D1%82%D0%B5%D0%BB%D1%8C%D1%81%D1%82%D0%B2%D0%BE-%D0%BE-%D0%B1%D1%80%D0%B0%D0%BA%D0%B5-1024x743.jpg\" decoding=\"async\" src=\"data:image\/gif;base64,R0lGODlhAQABAAAAACH5BAEKAAEALAAAAAABAAEAAAICTAEAOw==\" style=\"--smush-placeholder-width: 1024px; --smush-placeholder-aspect-ratio: 1024\/743;\" title=\"Certificado de matrimonio de la antigua versi\u00f3n, ejemplo \u2014 Georgia\"\/><figcaption class=\"wp-element-caption\">Certificado de matrimonio de la antigua versi\u00f3n de 2018 \u2014 Georgia<\/figcaption><\/figure>\n<figure class=\"wp-block-image size-full\"><img alt=\"Certificado de matrimonio de la nueva versi\u00f3n - Rep\u00fablica de Georgia\" class=\"wp-image-359 lazyload\" data-sizes=\"(max-width: 800px) 100vw, 800px\" data-src=\"https:\/\/documents.ge\/wp-content\/uploads\/2024\/07\/Marriage_Certificate_Republic_of_Georgia_2023.png\" data-srcset=\"https:\/\/documents.ge\/wp-content\/uploads\/2024\/07\/Marriage_Certificate_Republic_of_Georgia_2023.png 800w, https:\/\/documents.ge\/wp-content\/uploads\/2024\/07\/Marriage_Certificate_Republic_of_Georgia_2023-300x213.png 300w, https:\/\/documents.ge\/wp-content\/uploads\/2024\/07\/Marriage_Certificate_Republic_of_Georgia_2023-768x546.png 768w\" decoding=\"async\" height=\"569\" src=\"data:image\/gif;base64,R0lGODlhAQABAAAAACH5BAEKAAEALAAAAAABAAEAAAICTAEAOw==\" style=\"--smush-placeholder-width: 800px; --smush-placeholder-aspect-ratio: 800\/569;\" title=\"Certificado de matrimonio, ejemplo de la nueva versi\u00f3n - Rep\u00fablica de Georgia\" width=\"800\"\/><figcaption class=\"wp-element-caption\">Certificado de matrimonio de la nueva versi\u00f3n de 2024 &#8211; Rep\u00fablica de Georgia<\/figcaption><\/figure>\n<p><strong>El certificado de matrimonio generalmente se necesita para:<\/strong><\/p>\n<ul class=\"wp-block-list\">\n<li>Obtener la ciudadan\u00eda de Georgia u otro pa\u00eds<\/li>\n<li>Como base para corregir el apellido o nombre en otros documentos obtenidos despu\u00e9s del matrimonio<\/li>\n<li>Para el permiso de residencia en Georgia u otros pa\u00edses<\/li>\n<li>Para confirmar el parentesco con familiares (consangu\u00edneos) de generaciones descendentes<\/li>\n<li>Para confirmar el estatus al solicitar empleo con condiciones especiales<\/li>\n<li>Para inmigraci\u00f3n o emigraci\u00f3n con visa de trabajo o estudio<\/li>\n<li>Para recibir manutenci\u00f3n o herencia<\/li>\n<\/ul>\n<p><strong>D\u00f3nde se puede obtener el certificado de matrimonio en Georgia<\/strong><\/p>\n<p>El certificado de matrimonio en Georgia se puede obtener en Tiflis en la Casa de Justicia, si est\u00e1 seguro de que no hay errores en el registro civil. Si hay errores o el registro civil del matrimonio no est\u00e1 en el archivo, tendr\u00e1 que acudir al registro civil donde se celebr\u00f3 el matrimonio.<\/p>\n<p><strong>Si est\u00e1 divorciado, pero le piden el certificado de matrimonio<\/strong><\/p>\n<p>A menudo en Europa, EE. UU., Canad\u00e1 o Israel piden informaci\u00f3n sobre el matrimonio, incluso si est\u00e1 divorciado o es viudo\/a. En ese caso, puede obtener un extracto del registro civil del matrimonio. <a href=\"https:\/\/documents.ge\/%D0%B0%D0%BA%D1%82%D0%BE%D0%B2%D0%B0%D1%8F-%D0%B7%D0%B0%D0%BF%D0%B8%D1%81%D1%8C-%D0%BE-%D0%B1%D1%80%D0%B0%D0%BA%D0%B5-%D0%B2%D1%8B%D0%BF%D0%B8%D1%81%D0%BA%D0%B0-%D0%BE-%D0%B1%D1%80%D0%B0%D0%BA%D0%B5\/\" rel=\"noreferrer noopener\" target=\"_blank\">El registro civil<\/a> se guarda en el registro civil del municipio donde se celebr\u00f3 el matrimonio.<\/p>\n<p><strong>Qu\u00e9 hacer si tiene un certificado de matrimonio antiguo<\/strong> y le piden uno nuevo (o, por ejemplo, para el apostillado necesita uno nuevo).<\/p>\n<p>Si tiene un certificado de matrimonio georgiano de la \u00e9poca sovi\u00e9tica, desafortunadamente, es posible que no lo acepten en pa\u00edses de Europa, EE. UU., Canad\u00e1, Nueva Zelanda y muchos otros. Adem\u00e1s, dicho certificado de matrimonio no puede ser apostillado ni legalizado en el consulado.<\/p>\n<p><strong>\u00bfPuedo obtener el certificado de matrimonio original?<\/strong><\/p>\n<p>Puede obtener el certificado de matrimonio original de Georgia si se cas\u00f3 y a\u00fan no ha solicitado el certificado de matrimonio. Si ya lo solicit\u00f3 anteriormente, solo le dar\u00e1n un duplicado. El duplicado del certificado de matrimonio tiene la misma validez que el original. En \u00e9l se indicar\u00e1 que es un duplicado. Esto no tiene consecuencias legales para usted, su c\u00f3nyuge o sus hijos o nietos.<\/p>\n<p><strong>\u00bfPuedo obtener el mismo certificado de matrimonio que ten\u00eda antes, en cir\u00edlico?<\/strong><\/p>\n<p>Desafortunadamente, no puede obtener un certificado de la \u00e9poca sovi\u00e9tica. Esos formularios dejaron de tener validez hace mucho tiempo, casi desde la disoluci\u00f3n de la URSS. Obtendr\u00e1 un duplicado (si la persona est\u00e1 viva o no est\u00e1 divorciada, para quien se solicita el documento) o un extracto del registro civil \/ del archivo (si la persona ha fallecido o est\u00e1 divorciada).<\/p>\n<p><strong>Ten\u00eda un certificado de matrimonio en cir\u00edlico, recib\u00ed uno nuevo en georgiano. \u00bfPor qu\u00e9?<\/strong><\/p>\n<p>Obtener un certificado en cir\u00edlico no es conveniente. Esto generar\u00e1 muchas preguntas por parte de las autoridades tanto en Georgia como en el extranjero. Dichos certificados se adquieren en el mercado negro. Y esto es punible por la ley. El idioma oficial de Georgia es el georgiano y todos los documentos y tr\u00e1mites se realizan en georgiano. Si ten\u00eda<\/p>\n","protected":false},"excerpt":{"rendered":"<p>La obtenci\u00f3n del certificado de matrimonio en Georgia no tarda m\u00e1s de 2 semanas. Se puede solicitar con una tarifa alta en 1-2 d\u00edas laborales. El plazo para obtener el Certificado de Matrimonio en Georgia depende del deseo del cliente. Texto del certificado de matrimonio georgiano. Qu\u00e9 se escribe en el certificado de matrimonio en &#8230; <a title=\"Certificado de matrimonio Georgia\" class=\"read-more\" href=\"https:\/\/documents.ge\/es\/certificado-de-matrimonio-georgia\/\" aria-label=\"Leer m\u00e1s sobre Certificado de matrimonio Georgia\">\u0427\u0438\u0442\u0430\u0442\u044c \u0434\u0430\u043b\u0435\u0435<\/a><\/p>\n","protected":false},"author":1,"featured_media":0,"parent":0,"menu_order":0,"comment_status":"closed","ping_status":"closed","template":"","meta":{"_acf_changed":false,"_monsterinsights_skip_tracking":false,"_monsterinsights_sitenote_active":false,"_monsterinsights_sitenote_note":"","_monsterinsights_sitenote_category":0,"footnotes":""},"yst_prominent_words":[],"class_list":["post-291","page","type-page","status-publish"],"acf":[],"_links":{"self":[{"href":"https:\/\/documents.ge\/es\/wp-json\/wp\/v2\/pages\/291","targetHints":{"allow":["GET"]}}],"collection":[{"href":"https:\/\/documents.ge\/es\/wp-json\/wp\/v2\/pages"}],"about":[{"href":"https:\/\/documents.ge\/es\/wp-json\/wp\/v2\/types\/page"}],"author":[{"embeddable":true,"href":"https:\/\/documents.ge\/es\/wp-json\/wp\/v2\/users\/1"}],"replies":[{"embeddable":true,"href":"https:\/\/documents.ge\/es\/wp-json\/wp\/v2\/comments?post=291"}],"version-history":[{"count":0,"href":"https:\/\/documents.ge\/es\/wp-json\/wp\/v2\/pages\/291\/revisions"}],"wp:attachment":[{"href":"https:\/\/documents.ge\/es\/wp-json\/wp\/v2\/media?parent=291"}],"wp:term":[{"taxonomy":"yst_prominent_words","embeddable":true,"href":"https:\/\/documents.ge\/es\/wp-json\/wp\/v2\/yst_prominent_words?post=291"}],"curies":[{"name":"wp","href":"https:\/\/api.w.org\/{rel}","templated":true}]}}