{"id":295,"date":"2025-04-06T01:18:00","date_gmt":"2025-04-05T22:18:00","guid":{"rendered":"https:\/\/documents.ge\/es\/certificado-de-ciudadania\/"},"modified":"2025-04-06T01:18:00","modified_gmt":"2025-04-05T22:18:00","slug":"certificado-de-ciudadania","status":"publish","type":"page","link":"https:\/\/documents.ge\/es\/certificado-de-ciudadania\/","title":{"rendered":"Certificado de ciudadan\u00eda"},"content":{"rendered":"<p>El certificado de ciudadan\u00eda de Georgia a menudo es requerido por estados extranjeros y sus organismos para confirmar la residencia de ciudadanos georgianos o justificar las fuentes de sus ingresos en el extranjero.<\/p>\n<p>No importa cu\u00e1les sean las razones por las que le han solicitado un certificado de ciudadan\u00eda, nuestra agencia proporcionar\u00e1 dicho certificado en el menor tiempo posible.<\/p>\n<p>Puede contactar a nuestros abogados en Georgia por tel\u00e9fono, correo electr\u00f3nico, Skype, WhatsApp, Viber o Telegram.<\/p>\n<h2 class=\"wp-block-heading\">Tel\u00e9fono en Georgia<\/h2>\n<p><strong>Tel\u00e9fono de contacto<\/strong><br \/>+373 67 666 333<\/p>\n<p><strong>Horario de atenci\u00f3n<\/strong><br \/>Lunes a viernes: 9:00\u201317:00<\/p>\n","protected":false},"excerpt":{"rendered":"<p>El certificado de ciudadan\u00eda de Georgia a menudo es requerido por estados extranjeros y sus organismos para confirmar la residencia de ciudadanos georgianos o justificar las fuentes de sus ingresos en el extranjero. No importa cu\u00e1les sean las razones por las que le han solicitado un certificado de ciudadan\u00eda, nuestra agencia proporcionar\u00e1 dicho certificado en &#8230; <a title=\"Certificado de ciudadan\u00eda\" class=\"read-more\" href=\"https:\/\/documents.ge\/es\/certificado-de-ciudadania\/\" aria-label=\"Leer m\u00e1s sobre Certificado de ciudadan\u00eda\">\u0427\u0438\u0442\u0430\u0442\u044c \u0434\u0430\u043b\u0435\u0435<\/a><\/p>\n","protected":false},"author":1,"featured_media":0,"parent":0,"menu_order":0,"comment_status":"closed","ping_status":"closed","template":"","meta":{"_acf_changed":false,"_monsterinsights_skip_tracking":false,"_monsterinsights_sitenote_active":false,"_monsterinsights_sitenote_note":"","_monsterinsights_sitenote_category":0,"footnotes":""},"yst_prominent_words":[],"class_list":["post-295","page","type-page","status-publish"],"acf":[],"_links":{"self":[{"href":"https:\/\/documents.ge\/es\/wp-json\/wp\/v2\/pages\/295","targetHints":{"allow":["GET"]}}],"collection":[{"href":"https:\/\/documents.ge\/es\/wp-json\/wp\/v2\/pages"}],"about":[{"href":"https:\/\/documents.ge\/es\/wp-json\/wp\/v2\/types\/page"}],"author":[{"embeddable":true,"href":"https:\/\/documents.ge\/es\/wp-json\/wp\/v2\/users\/1"}],"replies":[{"embeddable":true,"href":"https:\/\/documents.ge\/es\/wp-json\/wp\/v2\/comments?post=295"}],"version-history":[{"count":0,"href":"https:\/\/documents.ge\/es\/wp-json\/wp\/v2\/pages\/295\/revisions"}],"wp:attachment":[{"href":"https:\/\/documents.ge\/es\/wp-json\/wp\/v2\/media?parent=295"}],"wp:term":[{"taxonomy":"yst_prominent_words","embeddable":true,"href":"https:\/\/documents.ge\/es\/wp-json\/wp\/v2\/yst_prominent_words?post=295"}],"curies":[{"name":"wp","href":"https:\/\/api.w.org\/{rel}","templated":true}]}}