{"id":297,"date":"2025-04-06T01:20:00","date_gmt":"2025-04-05T22:20:00","guid":{"rendered":"https:\/\/documents.ge\/es\/pasaporte-georgiano-sin-venir-al-pais-remotamente\/"},"modified":"2025-04-06T01:20:00","modified_gmt":"2025-04-05T22:20:00","slug":"pasaporte-georgiano-sin-venir-al-pais-remotamente","status":"publish","type":"page","link":"https:\/\/documents.ge\/es\/pasaporte-georgiano-sin-venir-al-pais-remotamente\/","title":{"rendered":"Pasaporte georgiano sin venir al pa\u00eds (remotamente)"},"content":{"rendered":"<p>Un ciudadano georgiano que reside en el extranjero puede obtener un pasaporte georgiano sin tener que viajar a Georgia.<\/p>\n<p><strong>En base a un poder notarial otorgado por el ciudadano georgiano en el extranjero,<\/strong> nuestro representante, autorizado con dicho poder, se dirige a la oficina territorial de la Agencia de Desarrollo de Servicios P\u00fablicos, al centro p\u00fablico o a una sucursal de la Casa de Justicia con las facultades correspondientes.<\/p>\n<p>En este caso, el pasaporte georgiano se emite en el quinto o d\u00e9cimo d\u00eda h\u00e1bil, dependiendo de la tasa correspondiente y del pago de nuestros servicios.<\/p>\n<p>Cont\u00e1ctenos para m\u00e1s detalles.<\/p>\n<p>Atenci\u00f3n. Los servicios de nuestra agencia son de pago. Puede solicitar nuestro servicio de obtenci\u00f3n del pasaporte georgiano de manera remota. Por nuestra parte, actuamos conforme a la ley.<\/p>\n<h2 class=\"wp-block-heading\">Tel\u00e9fono en Georgia<\/h2>\n<p><strong>Tel\u00e9fono de contacto<\/strong><br \/>+373 67 666 333<\/p>\n<p><strong>Horario de atenci\u00f3n<\/strong><br \/>Lunes a viernes: 9:00\u201317:00<\/p>\n","protected":false},"excerpt":{"rendered":"<p>Un ciudadano georgiano que reside en el extranjero puede obtener un pasaporte georgiano sin tener que viajar a Georgia. En base a un poder notarial otorgado por el ciudadano georgiano en el extranjero, nuestro representante, autorizado con dicho poder, se dirige a la oficina territorial de la Agencia de Desarrollo de Servicios P\u00fablicos, al centro &#8230; <a title=\"Pasaporte georgiano sin venir al pa\u00eds (remotamente)\" class=\"read-more\" href=\"https:\/\/documents.ge\/es\/pasaporte-georgiano-sin-venir-al-pais-remotamente\/\" aria-label=\"Leer m\u00e1s sobre Pasaporte georgiano sin venir al pa\u00eds (remotamente)\">\u0427\u0438\u0442\u0430\u0442\u044c \u0434\u0430\u043b\u0435\u0435<\/a><\/p>\n","protected":false},"author":1,"featured_media":0,"parent":0,"menu_order":0,"comment_status":"closed","ping_status":"closed","template":"","meta":{"_acf_changed":false,"_monsterinsights_skip_tracking":false,"_monsterinsights_sitenote_active":false,"_monsterinsights_sitenote_note":"","_monsterinsights_sitenote_category":0,"footnotes":""},"yst_prominent_words":[],"class_list":["post-297","page","type-page","status-publish"],"acf":[],"_links":{"self":[{"href":"https:\/\/documents.ge\/es\/wp-json\/wp\/v2\/pages\/297","targetHints":{"allow":["GET"]}}],"collection":[{"href":"https:\/\/documents.ge\/es\/wp-json\/wp\/v2\/pages"}],"about":[{"href":"https:\/\/documents.ge\/es\/wp-json\/wp\/v2\/types\/page"}],"author":[{"embeddable":true,"href":"https:\/\/documents.ge\/es\/wp-json\/wp\/v2\/users\/1"}],"replies":[{"embeddable":true,"href":"https:\/\/documents.ge\/es\/wp-json\/wp\/v2\/comments?post=297"}],"version-history":[{"count":0,"href":"https:\/\/documents.ge\/es\/wp-json\/wp\/v2\/pages\/297\/revisions"}],"wp:attachment":[{"href":"https:\/\/documents.ge\/es\/wp-json\/wp\/v2\/media?parent=297"}],"wp:term":[{"taxonomy":"yst_prominent_words","embeddable":true,"href":"https:\/\/documents.ge\/es\/wp-json\/wp\/v2\/yst_prominent_words?post=297"}],"curies":[{"name":"wp","href":"https:\/\/api.w.org\/{rel}","templated":true}]}}