{"id":298,"date":"2025-04-06T01:22:31","date_gmt":"2025-04-05T22:22:31","guid":{"rendered":"https:\/\/documents.ge\/es\/registros-civiles-de-georgia-direcciones\/"},"modified":"2025-04-06T01:22:31","modified_gmt":"2025-04-05T22:22:31","slug":"registros-civiles-de-georgia-direcciones","status":"publish","type":"page","link":"https:\/\/documents.ge\/es\/registros-civiles-de-georgia-direcciones\/","title":{"rendered":"Registros civiles de Georgia. Direcciones"},"content":{"rendered":"<p><strong>\u00d3rganos territoriales de registro civil de Georgia (oficinas de registro civil de Georgia)<\/strong><\/p>\n<p><em>*nota: no publicamos los n\u00fameros de tel\u00e9fono porque no tenemos la capacidad de verificar su precisi\u00f3n constantemente<\/em><\/p>\n<figure class=\"wp-block-table\">\n<table>\n<tbody>\n<tr>\n<td>Servicio de Gldani de la Agencia de Registro Civil<\/td>\n<td>0113, Tiflis, calle Sarajishvili 3<\/td>\n<\/tr>\n<tr>\n<td>Servicio de Nadzaladevi de la Agencia de Registro Civil<\/td>\n<td>0180, Tiflis, calle Ts. Dadiani, 34a, edificio 3<\/td>\n<\/tr>\n<tr>\n<td>Servicio de Didube-Chugureti de la Agencia de Registro Civil<\/td>\n<td>0108, Tiflis, calle Tsereteli, 67a<\/td>\n<\/tr>\n<tr>\n<td>Servicio de Saburtalo de la Agencia de Registro Civil<\/td>\n<td>0160, Tiflis, calle G. Fanjikidze, 2<\/td>\n<\/tr>\n<tr>\n<td>Servicio de Vake de la Agencia de Registro Civil<\/td>\n<td>0162, Tiflis, calle I. Abashidze, 68<\/td>\n<\/tr>\n<tr>\n<td>Servicio de Isani de la Agencia de Registro Civil<\/td>\n<td>0144, Tiflis, calle Ketevan Tsamebuli, 92 (65a)<\/td>\n<\/tr>\n<tr>\n<td>Servicio de Samgori de la Agencia de Registro Civil \/ sucursal<\/td>\n<td>0182\/0144, Tiflis, calle Trialeti, 50\/Ketevan Tsamebuli, 92<\/td>\n<\/tr>\n<tr>\n<td>Servicio de Mtatsminda-Krtsanisi de la Agencia de Registro Civil<\/td>\n<td>0168\/0105, Tiflis, calle Brose, 1\/L. Asatiani, 19<\/td>\n<\/tr>\n<tr>\n<td>Servicio de Batumi de la Agencia de Registro Civil \/ sucursal<\/td>\n<td>6000, Batumi, calle Rey Farnavaz, 4\/Vazha-Pshavela, 35a<\/td>\n<\/tr>\n<tr>\n<td>Servicio de Khelvachauri de la Agencia de Registro Civil \/ sucursal<\/td>\n<td>6400, Khelvachauri, calle Rey Tamar, 10\/12<\/td>\n<\/tr>\n<tr>\n<td>Servicio de Khulo de la Agencia de Registro Civil \/ sucursal<\/td>\n<td>6500, Khulo, calle Abuseridze, 5\/Chavchavadze, 1<\/td>\n<\/tr>\n<tr>\n<td>Servicio de Kobuleti de la Agencia de Registro Civil<\/td>\n<td>6200, Kobuleti, calle Agmashenebeli, 143<\/td>\n<\/tr>\n<tr>\n<td>Servicio de Keda de la Agencia de Registro Civil<\/td>\n<td>6100, Keda, calle Kostava, 2<\/td>\n<\/tr>\n<tr>\n<td>Servicio de Shuakhevi de la Agencia de Registro Civil<\/td>\n<td>6300, Shuakhevi, calle Rustaveli, 12\/28<\/td>\n<\/tr>\n<tr>\n<td>Servicio de Mtskheta de la Agencia de Registro Civil<\/td>\n<td>3300, Mtskheta, calle Mukhrani, 17<\/td>\n<\/tr>\n<tr>\n<td>Servicio de Dusheti de la Agencia de Registro Civil<\/td>\n<td>1800, Dusheti, calle Stalin, 27<\/td>\n<\/tr>\n<tr>\n<td>Servicio de Stepantsminda de la Agencia de Registro Civil<\/td>\n<td>4700, Stepantsminda, calle Agmashenebeli, 9<\/td>\n<\/tr>\n<tr>\n<td>Servicio de Tianeti de la Agencia de Registro Civil<\/td>\n<td>2500, Tianeti, calle Rustaveli, 6<\/td>\n<\/tr>\n<tr>\n<td>Servicio de Akhalgori de la Agencia de Registro Civil<\/td>\n<td>0600, Akhalgori, Plaza de la Libertad, 14<\/td>\n<\/tr>\n<tr>\n<td>Servicio de Zugdidi de la Agencia de Registro Civil \/ sucursal<\/td>\n<td>2100, Zugdidi, calle Kostava, 58\/Rustaveli, 87<\/td>\n<\/tr>\n<tr>\n<td>Servicio de Senaki de la Agencia de Registro Civil<\/td>\n<td>4100, Senaki, calle Tsminida Nino, 11<\/td>\n<\/tr>\n<tr>\n<td>Servicio de Martvili de la Agencia de Registro Civil \/ sucursal<\/td>\n<td>3100, Martvili, calle A. Gakhokidze, 5\/Libertad, 10<\/td>\n<\/tr>\n<tr>\n<td>Servicio de Khobi de la Agencia de Registro Civil<\/td>\n<td>5300, Khobi, Ts. Dadiani, 92<\/td>\n<\/tr>\n<tr>\n<td>Servicio de Abasha de la Agencia de Registro Civil<\/td>\n<td>0200, Abasha, calle U. Kacharava, 2<\/td>\n<\/tr>\n<tr>\n<td>Servicio de Chkhorotsku de la Agencia de Registro Civil \/ sucursal<\/td>\n<td>5000, Chkhorotsku, calle Stalin, 6\/5<\/td>\n<\/tr>\n<tr>\n<td>Servicio de Tsalenjikha de la Agencia de Registro Civil \/ sucursal<\/td>\n<td>5200, Tsalenjikha, calle Rey Tamar, 49\/4<\/td>\n<\/tr>\n<tr>\n<td>Servicio de Poti de la Agencia de Registro Civil<\/td>\n<td>4400, Poti, avenida 9 de abril, 26<\/td>\n<\/tr>\n<tr>\n<td>Servicio de Mestia de la Agencia de Registro Civil<\/td>\n<td>3200, Mestia, Plaza Seta, 7<\/td>\n<\/tr>\n<tr>\n<td>Servicio de Ambrolauri de la Agencia de Registro Civil<\/td>\n<td>0400, Ambrolauri, calle Atmashenebeli, 24<\/td>\n<\/tr>\n<tr>\n<td>Servicio de Tsageri de la Agencia de Registro Civil<\/td>\n<td>5100, Tsageri, calle Rustaveli, 69<\/td>\n<\/tr>\n<tr>\n<td>Servicio de Oni de la Agencia de Registro Civil<\/td>\n<td>3600, Oni, calle Agmashenebeli, 1<\/td>\n<\/tr>\n<tr>\n<td>Servicio de Lentekhi de la Agencia de Registro Civil<\/td>\n<td>2900, Lentekhi, calle Rey Tamar, 34<\/td>\n<\/tr>\n<tr>\n<td>Servicio de Telavi de la Agencia de Registro Civil \/ sucursal<\/td>\n<td>2200, Telavi, calle Carretera de Tiflis, 2b\/Erekli Meore, 6<\/td>\n<\/tr>\n<tr>\n<td>Servicio de Gurjaani de la Agencia de Registro Civil \/ sucursal<\/td>\n<td>1500, Gurjaani, calle Rustaveli, 20\/Noieshvili, 13<\/td>\n<\/tr>\n<tr>\n<td>Servicio de Sagarejo de la Agencia de Registro Civil<\/td>\n<td>3800, Sagarejo, calle Agmashenebeli, 25<\/td>\n<\/tr>\n<tr>\n<td>Servicio de Lagodekhi de la Agencia de Registro Civil<\/td>\n<td>2700, Lagodekhi, calle 26 de mayo, 19\/Kostava, 1<\/td>\n<\/tr>\n<tr>\n<td>Servicio de Dedoplistskaro de la Agencia de Registro Civil<\/td>\n<td>1600, Dedoplistskaro, calle Rustaveli, 37<\/td>\n<\/tr>\n<tr>\n<td>Servicio de Kvareli de la Agencia de Registro Civil<\/td>\n<td>4800, Kvareli, calle Chavchavadze, 74<\/td>\n<\/tr>\n<tr>\n<td>Servicio de Sighnaghi de la Agencia de Registro Civil<\/td>\n<td>4200, Tsnori, calle Rustaveli, 39<\/td>\n<\/tr>\n<tr>\n<td>Servicio de Akhmeta de la Agencia de Registro Civil<\/td>\n<td>0900, Akhmeta, calle Cholokashvili, 50<\/td>\n<\/tr>\n<tr>\n<td>Servicio de Gori de la Agencia de Registro Civil<\/td>\n<td>1400, Gori, calle Samefo, 54<\/td>\n<\/tr>\n<tr>\n<td>Servicio de Kaspi de la Agencia de Registro Civil<\/td>\n<td>2600, Kaspi,<br \/>calle Agmashenebeli, 80<\/td>\n<\/tr>\n<tr>\n<td>Servicio de Kareli de la Agencia de Registro Civil<\/td>\n<td>4500, Kareli, calle Stalin, 24<\/td>\n<\/tr>\n<tr>\n<td>Servicio de Khashuri de la Agencia<br \/>de Registro Civil \/ sucursal<\/td>\n<td>5700, Khashuri, calle Lomouri,<br \/>16, segundo callej\u00f3n<br \/>calle Rustaveli \u21166<\/td>\n<\/tr>\n<tr>\n<td>Servicio de Tskhinvali de la Agencia<br \/>de Registro Civil<\/td>\n<td>1400, Tskhinvali,<br \/>calle Samefo, 54<\/td>\n<\/tr>\n<tr>\n<td>Servicio de Kurta de la Agencia<br \/>de Registro Civil<\/td>\n<td>0189, Distrito de Gori,<br \/>pueblo de Kurta<\/td>\n<\/tr>\n<tr>\n<td>Servicio de Tigva de la Agencia<br \/>de Registro Civil<\/td>\n<td>Distrito de Kareli,<br \/>pueblo de Tigva<\/td>\n<\/tr>\n<tr>\n<td>Servicio de Eredvi de la Agencia de Registro Civil<\/td>\n<td>1400, Distrito de Gori,<br \/>pueblo de Eredvi<\/td>\n<\/tr>\n<tr>\n<td>Servicio de Akhaltsikhe de la Agencia de Registro Civil<\/td>\n<td>0800, Akhaltsikhe,<br \/>calle Ketskhoveli, 6<\/td>\n<\/tr>\n<tr>\n<td>Servicio de Akhalkalaki de la Agencia de Registro Civil \/ sucursal<\/td>\n<td>0700, Akhalkalaki, calle Lomsadze, 67\/Charenti, 108<\/td>\n<\/tr>\n<tr>\n<td>Servicio de Aspindza de la Agencia<br \/>de Registro Civil<\/td>\n<td>0500, Aspindza, calle Vardzia, 117<\/td>\n<\/tr>\n<tr>\n<td>Servicio de Tkibuli de la Agencia<br \/>de Registro Civil<\/td>\n<td>4300, Tkibuli, calle Akhobadze, 12<\/td>\n<\/tr>\n<tr>\n<td>Servicio de Kharagauli de la Agencia<br \/>de Registro Civil \/ sucursal<\/td>\n<td>5600, Kharagauli, calle Rey Salom\u00f3n, 19\/57<\/td>\n<\/tr>\n<tr>\n<td>Servicio de Chiatura de la Agencia<br \/>de Registro Civil<\/td>\n<td>5500, Chiatura, calle Ninoshvili, 7<\/td>\n<\/tr>\n<tr>\n<td>Servicio de Zestafoni de la Agencia de Registro Civil<\/td>\n<td>2000, Zestafoni, calle D. Agmashenebeli, 4<\/td>\n<\/tr>\n<tr>\n<td>Servicio de Ozurgeti de la Agencia de Registro Civil<\/td>\n<td>3500, Ozurgeti, calle Episcopo, 3<\/td>\n<\/tr>\n<tr>\n<td>Servicio de Lanchkhuti de la Agencia de Registro Civil<\/td>\n<td>2800, Lanchkhuti, calle Tiflis, 3\/Zhordania, 128<\/td>\n<\/tr>\n<tr>\n<td>Servicio de Chokhatauri de la Agencia de Registro Civil<\/td>\n<td>4900, Chokhatauri, calle Guria, 1<\/td>\n<\/tr>\n<tr>\n<td>Servicio de Abjasia de la Agencia<br \/>de Registro Civil<\/td>\n<td>0180, Tiflis,<br \/>calle Ts. Dadiani<br \/>2\u00ba barrio, edificio 3<\/td>\n<\/tr>\n<tr>\n<td>Servicio de Ajara de la<br \/>Agencia de Registro Civil<\/td>\n<td>Alta Abjasia,<br \/>pueblo de Ajara<\/td>\n<\/tr>\n<tr>\n<td>Archivo de la ciudad de Tiflis<\/td>\n<td>0194, calle Bakhtrioni, 20<\/td>\n<\/tr>\n<tr>\n<td>Archivo de Georgia<\/td>\n<td>0108, Tiflis,<br \/>calle Tseritelli, 67A<\/td>\n<\/tr>\n<tr>\n<td>Archivo de Ayaria<\/td>\n<td>Ayaria, calle Melashvili, 2<\/td>\n<\/tr>\n<tr>\n<td>Archivo de la ciudad de Kutaisi<\/td>\n<td>4600, Kutaisi,<br \/>calle Faliashvili, 2<\/td>\n<\/tr>\n<tr>\n<td>Primer servicio especializado de la Casa de Bodas<\/td>\n<td>0105, calle Chakhrukhadze, 28\/21<\/td>\n<\/tr>\n<tr>\n<td>Segundo servicio especializado de la Casa de Bodas<\/td>\n<td>0105, calle Fila de Hierro, 6<\/td>\n<\/tr>\n<tr>\n<td>Tercer servicio especializado de la Casa de Bodas<\/td>\n<td>0105, calle G. Abashidze, 4<\/td>\n<\/tr>\n<tr>\n<td>Casa de Bodas de la ciudad de Sighnaghi<\/td>\n<td>Sighnaghi, calle Kostava, 10<\/td>\n<\/tr>\n<tr>\n<td>Servicio de la ciudad de Rustavi<\/td>\n<td>3700, Rustavi,<br \/>calle Pirosmani, 7<\/td>\n<\/tr>\n<tr>\n<td>Casa de Bodas de la ciudad de Batumi<\/td>\n<td>Batumi,<br \/>calle Javakhishvili, 5<\/td>\n<\/tr>\n<\/tbody>\n<\/table>\n<\/figure>\n","protected":false},"excerpt":{"rendered":"<p>\u00d3rganos territoriales de registro civil de Georgia (oficinas de registro civil de Georgia) *nota: no publicamos los n\u00fameros de tel\u00e9fono porque no tenemos la capacidad de verificar su precisi\u00f3n constantemente Servicio de Gldani de la Agencia de Registro Civil 0113, Tiflis, calle Sarajishvili 3 Servicio de Nadzaladevi de la Agencia de Registro Civil 0180, Tiflis, &#8230; <a title=\"Registros civiles de Georgia. Direcciones\" class=\"read-more\" href=\"https:\/\/documents.ge\/es\/registros-civiles-de-georgia-direcciones\/\" aria-label=\"Leer m\u00e1s sobre Registros civiles de Georgia. Direcciones\">\u0427\u0438\u0442\u0430\u0442\u044c \u0434\u0430\u043b\u0435\u0435<\/a><\/p>\n","protected":false},"author":1,"featured_media":0,"parent":0,"menu_order":0,"comment_status":"closed","ping_status":"closed","template":"","meta":{"_acf_changed":false,"_monsterinsights_skip_tracking":false,"_monsterinsights_sitenote_active":false,"_monsterinsights_sitenote_note":"","_monsterinsights_sitenote_category":0,"footnotes":""},"yst_prominent_words":[],"class_list":["post-298","page","type-page","status-publish"],"acf":[],"_links":{"self":[{"href":"https:\/\/documents.ge\/es\/wp-json\/wp\/v2\/pages\/298","targetHints":{"allow":["GET"]}}],"collection":[{"href":"https:\/\/documents.ge\/es\/wp-json\/wp\/v2\/pages"}],"about":[{"href":"https:\/\/documents.ge\/es\/wp-json\/wp\/v2\/types\/page"}],"author":[{"embeddable":true,"href":"https:\/\/documents.ge\/es\/wp-json\/wp\/v2\/users\/1"}],"replies":[{"embeddable":true,"href":"https:\/\/documents.ge\/es\/wp-json\/wp\/v2\/comments?post=298"}],"version-history":[{"count":0,"href":"https:\/\/documents.ge\/es\/wp-json\/wp\/v2\/pages\/298\/revisions"}],"wp:attachment":[{"href":"https:\/\/documents.ge\/es\/wp-json\/wp\/v2\/media?parent=298"}],"wp:term":[{"taxonomy":"yst_prominent_words","embeddable":true,"href":"https:\/\/documents.ge\/es\/wp-json\/wp\/v2\/yst_prominent_words?post=298"}],"curies":[{"name":"wp","href":"https:\/\/api.w.org\/{rel}","templated":true}]}}