{"id":300,"date":"2025-04-06T01:25:11","date_gmt":"2025-04-05T22:25:11","guid":{"rendered":"https:\/\/documents.ge\/es\/servicios-de-entrega-georgia-servicios-de-mensajeria\/"},"modified":"2025-04-06T01:25:11","modified_gmt":"2025-04-05T22:25:11","slug":"servicios-de-entrega-georgia-servicios-de-mensajeria","status":"publish","type":"page","link":"https:\/\/documents.ge\/es\/servicios-de-entrega-georgia-servicios-de-mensajeria\/","title":{"rendered":"Servicios de entrega Georgia. Servicios de mensajer\u00eda"},"content":{"rendered":"<p>Aqu\u00ed encontrar\u00e1 servicios de entrega de documentos para enviarnos documentos (poderes y otros documentos). La lista de servicios de mensajer\u00eda en Georgia puede estar incompleta, pero en nuestra opini\u00f3n es suficiente para elegir la mejor opci\u00f3n de env\u00edo de documentos en diferentes rangos de precios, a diferentes pa\u00edses y en diferentes plazos.<\/p>\n<div class=\"wp-block-media-text is-stacked-on-mobile\" style=\"grid-template-columns:27% auto\">\n<figure class=\"wp-block-media-text__media\"><a href=\"https:\/\/ponyexpress.ge\/ru\/\" rel=\"noreferrer noopener\" target=\"_blank\"><img alt=\"\" class=\"wp-image-278 size-full lazyload\" data-src=\"https:\/\/documents.ge\/wp-content\/uploads\/2023\/01\/image.png\" decoding=\"async\" src=\"data:image\/gif;base64,R0lGODlhAQABAAAAACH5BAEKAAEALAAAAAABAAEAAAICTAEAOw==\" style=\"--smush-placeholder-width: 160px; --smush-placeholder-aspect-ratio: 160\/90;\"\/><\/a><\/figure>\n<div class=\"wp-block-media-text__content\">\n<p><a href=\"https:\/\/ponyexpress.ge\/ru\/\" rel=\"noreferrer noopener\" target=\"_blank\">Pony Express, Georgia<\/a><\/p>\n<p><a href=\"tel:+995 032 2 424260\" rel=\"noreferrer noopener\" target=\"_blank\">+995 032 2 424260<\/a><\/p>\n<\/div>\n<\/div>\n<p><iframe allowfullscreen=\"\" class=\"lazyload\" data-load-mode=\"1\" data-src=\"https:\/\/www.google.com\/maps\/embed?pb=!1m14!1m8!1m3!1d11914.990279167376!2d44.7984958!3d41.7043848!3m2!1i1024!2i768!4f13.1!3m3!1m2!1s0x40440dfa8ff64e4f%3A0x543c9f6123302e8!2sPONY%20EXPRESS!5e0!3m2!1sru!2s!4v1701535748010!5m2!1sru!2s\" height=\"450\" referrerpolicy=\"no-referrer-when-downgrade\" src=\"data:image\/gif;base64,R0lGODlhAQABAAAAACH5BAEKAAEALAAAAAABAAEAAAICTAEAOw==\" style=\"border:0;\" width=\"600\"><\/iframe><\/p>\n<figure class=\"wp-block-image\"><a href=\"https:\/\/cdek.ge\/eng\"><img alt=\"\" class=\"wp-image-279 lazyload\" data-src=\"https:\/\/documents.ge\/wp-content\/uploads\/2023\/01\/image-1.png\" decoding=\"async\" src=\"data:image\/gif;base64,R0lGODlhAQABAAAAACH5BAEKAAEALAAAAAABAAEAAAICTAEAOw==\" style=\"--smush-placeholder-width: 145px; --smush-placeholder-aspect-ratio: 145\/41;\"\/><\/a><figcaption class=\"wp-element-caption\">SDEK, Georgia<\/figcaption><\/figure>\n<p><iframe allowfullscreen=\"\" class=\"lazyload\" data-load-mode=\"1\" data-src=\"https:\/\/www.google.com\/maps\/embed?pb=!1m18!1m12!1m3!1d47659.73935219922!2d44.767595995700724!3d41.704683978834396!2m3!1f0!2f0!3f0!3m2!1i1024!2i768!4f13.1!3m3!1m2!1s0x4044730f4cda3e69%3A0xe111dfc5ac1a7278!2z0KHQlNCt0Jo!5e0!3m2!1sru!2s!4v1701541564239!5m2!1sru!2s\" height=\"450\" referrerpolicy=\"no-referrer-when-downgrade\" src=\"data:image\/gif;base64,R0lGODlhAQABAAAAACH5BAEKAAEALAAAAAABAAEAAAICTAEAOw==\" style=\"border:0;\" width=\"600\"><\/iframe><\/p>\n<figure class=\"wp-block-image\"><a href=\"https:\/\/www.dhl.com\/ge-en\/home.html\"><img alt=\"\" class=\"wp-image-281 lazyload\" data-src=\"https:\/\/documents.ge\/wp-content\/uploads\/2023\/01\/image-2.png\" decoding=\"async\" src=\"data:image\/gif;base64,R0lGODlhAQABAAAAACH5BAEKAAEALAAAAAABAAEAAAICTAEAOw==\" style=\"--smush-placeholder-width: 144px; --smush-placeholder-aspect-ratio: 144\/20;\"\/><\/a><figcaption class=\"wp-element-caption\">DHL, Georgia<\/figcaption><\/figure>\n<p><iframe allowfullscreen=\"\" class=\"lazyload\" data-load-mode=\"1\" data-src=\"https:\/\/www.google.com\/maps\/embed?pb=!1m18!1m12!1m3!1d47659.655259960105!2d44.7675959649753!3d41.70479742584606!2m3!1f0!2f0!3f0!3m2!1i1024!2i768!4f13.1!3m3!1m2!1s0x4044729235876979%3A0x5035e4a7fd2f38!2sDHL!5e0!3m2!1sru!2s!4v1701541658593!5m2!1sru!2s\" height=\"450\" referrerpolicy=\"no-referrer-when-downgrade\" src=\"data:image\/gif;base64,R0lGODlhAQABAAAAACH5BAEKAAEALAAAAAABAAEAAAICTAEAOw==\" style=\"border:0;\" width=\"600\"><\/iframe><\/p>\n<figure class=\"wp-block-image\"><a href=\"https:\/\/www.ups.com\/ge\/en\/contact.page\"><img alt=\"\" class=\"wp-image-284 lazyload\" data-src=\"https:\/\/documents.ge\/wp-content\/uploads\/2023\/01\/image-3.png\" decoding=\"async\" src=\"data:image\/gif;base64,R0lGODlhAQABAAAAACH5BAEKAAEALAAAAAABAAEAAAICTAEAOw==\" style=\"--smush-placeholder-width: 56px; --smush-placeholder-aspect-ratio: 56\/67;\"\/><\/a><figcaption class=\"wp-element-caption\">UPS, Georgia<\/figcaption><\/figure>\n<p><iframe allowfullscreen=\"\" class=\"lazyload\" data-load-mode=\"1\" data-src=\"https:\/\/www.google.com\/maps\/embed?pb=!1m18!1m12!1m3!1d2979.373311452566!2d44.814198726451764!3d41.6908761271151!2m3!1f0!2f0!3f0!3m2!1i1024!2i768!4f13.1!3m3!1m2!1s0x40440d5a9496b6f9%3A0x543161f1ce8e487!2sUnited%20Parcel%20Service%20(UPS)!5e0!3m2!1sru!2s!4v1701541741605!5m2!1sru!2s\" height=\"450\" referrerpolicy=\"no-referrer-when-downgrade\" src=\"data:image\/gif;base64,R0lGODlhAQABAAAAACH5BAEKAAEALAAAAAABAAEAAAICTAEAOw==\" style=\"border:0;\" width=\"600\"><\/iframe><\/p>\n<div class=\"wp-block-media-text is-stacked-on-mobile\" style=\"grid-template-columns:28% auto\">\n<figure class=\"wp-block-media-text__media\"><a href=\"https:\/\/www.ems.post\/en\/global-network\/ems-operators\/ems-georgia\" rel=\"noreferrer noopener\" target=\"_blank\"><img alt=\"\" class=\"wp-image-82 size-full lazyload\" data-sizes=\"(max-width: 340px) 100vw, 340px\" data-src=\"https:\/\/documents.ge\/wp-content\/uploads\/2023\/12\/image.png\" data-srcset=\"https:\/\/documents.ge\/wp-content\/uploads\/2023\/12\/image.png 340w, https:\/\/documents.ge\/wp-content\/uploads\/2023\/12\/image-300x176.png 300w\" decoding=\"async\" height=\"200\" src=\"data:image\/gif;base64,R0lGODlhAQABAAAAACH5BAEKAAEALAAAAAABAAEAAAICTAEAOw==\" style=\"--smush-placeholder-width: 340px; --smush-placeholder-aspect-ratio: 340\/200;\" width=\"340\" srcset=\"https:\/\/documents.ge\/es\/wp-content\/uploads\/sites\/7\/2023\/12\/image.png 340w, https:\/\/documents.ge\/es\/wp-content\/uploads\/sites\/7\/2023\/12\/image-300x176.png 300w\" sizes=\"(max-width: 340px) 100vw, 340px\" \/><\/a><\/figure>\n<div class=\"wp-block-media-text__content\">\n<p><a href=\"https:\/\/www.ems.post\/en\/global-network\/ems-operators\/ems-georgia\" rel=\"noreferrer noopener\" target=\"_blank\">EMS Georgia<br \/><\/a>info@gpost.ge<br \/><a href=\"tel:+995322354094\" rel=\"noreferrer noopener\" target=\"_blank\">+995322354094<\/a><\/p>\n<\/div>\n<\/div>\n<p><iframe allowfullscreen=\"\" class=\"lazyload\" data-load-mode=\"1\" data-src=\"https:\/\/www.google.com\/maps\/embed?pb=!1m18!1m12!1m3!1d11956.857370513044!2d44.78965848715819!3d41.477952599999995!2m3!1f0!2f0!3f0!3m2!1i1024!2i768!4f13.1!3m3!1m2!1s0x4043fbf087c57f93%3A0xcaab44d37c99380c!2sGeorgian%20Post!5e0!3m2!1sru!2s!4v1701541907080!5m2!1sru!2s\" height=\"450\" referrerpolicy=\"no-referrer-when-downgrade\" src=\"data:image\/gif;base64,R0lGODlhAQABAAAAACH5BAEKAAEALAAAAAABAAEAAAICTAEAOw==\" style=\"border:0;\" width=\"600\"><\/iframe><\/p>\n","protected":false},"excerpt":{"rendered":"<p>Aqu\u00ed encontrar\u00e1 servicios de entrega de documentos para enviarnos documentos (poderes y otros documentos). La lista de servicios de mensajer\u00eda en Georgia puede estar incompleta, pero en nuestra opini\u00f3n es suficiente para elegir la mejor opci\u00f3n de env\u00edo de documentos en diferentes rangos de precios, a diferentes pa\u00edses y en diferentes plazos. Pony Express, Georgia &#8230; <a title=\"Servicios de entrega Georgia. Servicios de mensajer\u00eda\" class=\"read-more\" href=\"https:\/\/documents.ge\/es\/servicios-de-entrega-georgia-servicios-de-mensajeria\/\" aria-label=\"Leer m\u00e1s sobre Servicios de entrega Georgia. Servicios de mensajer\u00eda\">\u0427\u0438\u0442\u0430\u0442\u044c \u0434\u0430\u043b\u0435\u0435<\/a><\/p>\n","protected":false},"author":1,"featured_media":0,"parent":0,"menu_order":0,"comment_status":"closed","ping_status":"closed","template":"","meta":{"_acf_changed":false,"_monsterinsights_skip_tracking":false,"_monsterinsights_sitenote_active":false,"_monsterinsights_sitenote_note":"","_monsterinsights_sitenote_category":0,"footnotes":""},"yst_prominent_words":[],"class_list":["post-300","page","type-page","status-publish"],"acf":[],"_links":{"self":[{"href":"https:\/\/documents.ge\/es\/wp-json\/wp\/v2\/pages\/300","targetHints":{"allow":["GET"]}}],"collection":[{"href":"https:\/\/documents.ge\/es\/wp-json\/wp\/v2\/pages"}],"about":[{"href":"https:\/\/documents.ge\/es\/wp-json\/wp\/v2\/types\/page"}],"author":[{"embeddable":true,"href":"https:\/\/documents.ge\/es\/wp-json\/wp\/v2\/users\/1"}],"replies":[{"embeddable":true,"href":"https:\/\/documents.ge\/es\/wp-json\/wp\/v2\/comments?post=300"}],"version-history":[{"count":0,"href":"https:\/\/documents.ge\/es\/wp-json\/wp\/v2\/pages\/300\/revisions"}],"wp:attachment":[{"href":"https:\/\/documents.ge\/es\/wp-json\/wp\/v2\/media?parent=300"}],"wp:term":[{"taxonomy":"yst_prominent_words","embeddable":true,"href":"https:\/\/documents.ge\/es\/wp-json\/wp\/v2\/yst_prominent_words?post=300"}],"curies":[{"name":"wp","href":"https:\/\/api.w.org\/{rel}","templated":true}]}}