{"id":301,"date":"2025-04-06T01:26:32","date_gmt":"2025-04-05T22:26:32","guid":{"rendered":"https:\/\/documents.ge\/es\/apostilla-de-georgia\/"},"modified":"2025-04-06T01:26:32","modified_gmt":"2025-04-05T22:26:32","slug":"apostilla-de-georgia","status":"publish","type":"page","link":"https:\/\/documents.ge\/es\/apostilla-de-georgia\/","title":{"rendered":"Apostilla de Georgia"},"content":{"rendered":"<p>Georgia se uni\u00f3 al Convenio de La Haya el 26 de agosto de 2006 y comenz\u00f3 a aplicar el apostillado en mayo de 2007. Esto significa que los documentos emitidos antes de mayo de 2007 no pueden ser apostillados y requieren actualizaci\u00f3n.<\/p>\n<p>La entrada en vigor del convenio para Georgia y otros pa\u00edses ocurri\u00f3 en diferentes momentos. Por ejemplo, para Alemania la fecha es el 3 de febrero de 2010, mientras que para Grecia es el 17 de diciembre de 2015. Esto significa que los documentos apostillados en Georgia antes de estas fechas no son reconocidos en los respectivos pa\u00edses.<\/p>\n<p>Los documentos de Abjasia y Osetia del Sur no est\u00e1n cubiertos por el convenio.<\/p>\n<figure class=\"wp-block-image size-full\"><img alt=\"\" class=\"wp-image-55 lazyload\" data-sizes=\"(max-width: 650px) 100vw, 650px\" data-src=\"https:\/\/documents.ge\/wp-content\/uploads\/2023\/12\/Apostille_Apostil_Georgia.jpg\" data-srcset=\"https:\/\/documents.ge\/wp-content\/uploads\/2023\/12\/Apostille_Apostil_Georgia.jpg 650w, https:\/\/documents.ge\/wp-content\/uploads\/2023\/12\/Apostille_Apostil_Georgia-243x300.jpg 243w\" decoding=\"async\" height=\"804\" src=\"data:image\/gif;base64,R0lGODlhAQABAAAAACH5BAEKAAEALAAAAAABAAEAAAICTAEAOw==\" style=\"--smush-placeholder-width: 650px; --smush-placeholder-aspect-ratio: 650\/804;\" width=\"650\" srcset=\"https:\/\/documents.ge\/es\/wp-content\/uploads\/sites\/7\/2023\/12\/Apostille_Apostil_Georgia.jpg 650w, https:\/\/documents.ge\/es\/wp-content\/uploads\/sites\/7\/2023\/12\/Apostille_Apostil_Georgia-243x300.jpg 243w\" sizes=\"(max-width: 650px) 100vw, 650px\" \/><figcaption class=\"wp-element-caption\">C\u00f3mo se ve un apostilla georgiana<\/figcaption><\/figure>\n<h3 class=\"wp-block-heading\">Tramitaci\u00f3n del apostillado en Georgia<\/h3>\n<p>El apostillado en Georgia se coloca en los documentos independientemente de su traducci\u00f3n. Puede realizarse mediante un sello o estampilla en un soporte de papel autoadhesivo con elementos de seguridad.<\/p>\n<p>El texto del apostillado en georgiano y su traducci\u00f3n al ruso incluye informaci\u00f3n sobre el pa\u00eds (Georgia), el firmante, su cargo, el sello, el lugar y fecha de emisi\u00f3n, as\u00ed como el n\u00famero del apostillado y la firma.<\/p>\n<p>El apostillado se aplica a documentos constitutivos de empresas, extractos del registro mercantil y otros documentos oficiales.<\/p>\n<p>Necesidad del apostillado<br \/>El apostillado es necesario para confirmar la autenticidad de firmas y sellos debido a los frecuentes cambios de funcionarios y la multiplicidad de sus firmas. Esto simplifica el trabajo de las autoridades extranjeras al recibir documentos y reduce el tiempo de procesamiento.<\/p>\n<p>En Georgia, no se puede obtener un apostillado en los consulados, seg\u00fan lo establecido en el Convenio de La Haya.<\/p>\n<h3 class=\"wp-block-heading\">Apostillado electr\u00f3nico en Georgia<\/h3>\n<p>Desde 2020, Georgia ha implementado el apostillado electr\u00f3nico (E-apostille), que permite verificar hasta 100 tipos de documentos en l\u00ednea. Es un m\u00e9todo conveniente para validar documentos como certificados de nacimiento, informes m\u00e9dicos y otros. El apostillado electr\u00f3nico est\u00e1 integrado en el sistema nacional de servicios electr\u00f3nicos y puede verificarse en el sitio web oficial de servicios gubernamentales de Georgia.<\/p>\n<h3 class=\"wp-block-heading\">D\u00f3nde obtener (colocar) un apostillado en Georgia<\/h3>\n<p>Autoridades competentes designadas (seg\u00fan <a href=\"https:\/\/www.hcch.net\/\" rel=\"noreferrer noopener\" target=\"_blank\">https:\/\/www.hcch.net\/<\/a>):<\/p>\n<ol class=\"wp-block-list\">\n<li><strong>PJSC \u00abAgencia de Desarrollo de Servicios P\u00fablicos\u00bb (ARPU) del Ministerio de Justicia de Georgia.<\/strong><\/li>\n<\/ol>\n<p>PSDA es responsable de apostillar todos los documentos si otras autoridades competentes no lo hacen.<\/p>\n<ol class=\"wp-block-list\" start=\"2\">\n<li><strong>PJSC Centro Nacional para el Mejoramiento de la Calidad Educativa del Ministerio de Educaci\u00f3n, Ciencia, Cultura y Deporte de Georgia.<\/strong><\/li>\n<\/ol>\n<p>En cuanto a los documentos educativos (diplomas universitarios, certificados de educaci\u00f3n secundaria, etc.), seg\u00fan la orden conjunta \u2116 93\/\u10dc \u2013 \u2116 170 del 10 de agosto de 2016 del Ministro de Educaci\u00f3n y Ciencia y el Ministro de Justicia de Georgia. \u00abSobre la aprobaci\u00f3n de las normas para solicitar y obtener la informaci\u00f3n necesaria para el apostillado\/legalizaci\u00f3n de documentos emitidos por el Ministerio de Educaci\u00f3n y Ciencia de Georgia y los organismos del sistema del Ministerio, as\u00ed como documentos emitidos por instituciones educativas dentro de sus competencias\u00bb, los documentos son presentados en PSDA por el interesado, y PSDA los env\u00eda a trav\u00e9s del sistema de gesti\u00f3n electr\u00f3nica al PJSC Centro Nacional para el Mejoramiento de la Calidad Educativa del Ministerio de Educaci\u00f3n, Ciencia, Cultura y Deporte de Georgia para su examen, que toma una decisi\u00f3n positiva o negativa sobre el apostillado de los documentos.<\/p>\n<ol class=\"wp-block-list\" start=\"3\">\n<li><strong>PJSC Agencia de Servicios del Ministerio del Interior de Georgia<\/strong> est\u00e1 autorizada para apostillar documentos emitidos\/elaborados por la Agencia de Servicios del Ministerio del Interior de Georgia.<\/li>\n<\/ol>\n<h3 class=\"wp-block-heading\">\u00bfExiste un plazo de conservaci\u00f3n de los registros en el registro de apostillas en Georgia?<\/h3><\/p>\n","protected":false},"excerpt":{"rendered":"<p>Georgia se uni\u00f3 al Convenio de La Haya el 26 de agosto de 2006 y comenz\u00f3 a aplicar el apostillado en mayo de 2007. Esto significa que los documentos emitidos antes de mayo de 2007 no pueden ser apostillados y requieren actualizaci\u00f3n. La entrada en vigor del convenio para Georgia y otros pa\u00edses ocurri\u00f3 en &#8230; <a title=\"Apostilla de Georgia\" class=\"read-more\" href=\"https:\/\/documents.ge\/es\/apostilla-de-georgia\/\" aria-label=\"Leer m\u00e1s sobre Apostilla de Georgia\">\u0427\u0438\u0442\u0430\u0442\u044c \u0434\u0430\u043b\u0435\u0435<\/a><\/p>\n","protected":false},"author":1,"featured_media":0,"parent":0,"menu_order":0,"comment_status":"closed","ping_status":"closed","template":"","meta":{"_acf_changed":false,"_monsterinsights_skip_tracking":false,"_monsterinsights_sitenote_active":false,"_monsterinsights_sitenote_note":"","_monsterinsights_sitenote_category":0,"footnotes":""},"yst_prominent_words":[],"class_list":["post-301","page","type-page","status-publish"],"acf":[],"_links":{"self":[{"href":"https:\/\/documents.ge\/es\/wp-json\/wp\/v2\/pages\/301","targetHints":{"allow":["GET"]}}],"collection":[{"href":"https:\/\/documents.ge\/es\/wp-json\/wp\/v2\/pages"}],"about":[{"href":"https:\/\/documents.ge\/es\/wp-json\/wp\/v2\/types\/page"}],"author":[{"embeddable":true,"href":"https:\/\/documents.ge\/es\/wp-json\/wp\/v2\/users\/1"}],"replies":[{"embeddable":true,"href":"https:\/\/documents.ge\/es\/wp-json\/wp\/v2\/comments?post=301"}],"version-history":[{"count":0,"href":"https:\/\/documents.ge\/es\/wp-json\/wp\/v2\/pages\/301\/revisions"}],"wp:attachment":[{"href":"https:\/\/documents.ge\/es\/wp-json\/wp\/v2\/media?parent=301"}],"wp:term":[{"taxonomy":"yst_prominent_words","embeddable":true,"href":"https:\/\/documents.ge\/es\/wp-json\/wp\/v2\/yst_prominent_words?post=301"}],"curies":[{"name":"wp","href":"https:\/\/api.w.org\/{rel}","templated":true}]}}