{"id":302,"date":"2025-04-06T01:27:36","date_gmt":"2025-04-05T22:27:36","guid":{"rendered":"https:\/\/documents.ge\/es\/apostilla-y-legalizacion\/"},"modified":"2025-04-06T01:27:36","modified_gmt":"2025-04-05T22:27:36","slug":"apostilla-y-legalizacion","status":"publish","type":"page","link":"https:\/\/documents.ge\/es\/apostilla-y-legalizacion\/","title":{"rendered":"Apostilla y legalizaci\u00f3n"},"content":{"rendered":"<h3 class=\"wp-block-heading\">Apostilla<\/h3>\n<p>Imagina que tienes un documento oficial de tu pa\u00eds (por ejemplo, un certificado de nacimiento o un diploma) que necesitas usar en otro pa\u00eds. Para que ese documento sea reconocido como aut\u00e9ntico en el otro pa\u00eds, debe llevar un sello especial: la apostilla.<\/p>\n<p><strong>\u00bfC\u00f3mo funciona?<\/strong><\/p>\n<ol class=\"wp-block-list\">\n<li><strong>D\u00f3nde se coloca la apostilla:<\/strong> Este sello se coloca en el pa\u00eds donde se emiti\u00f3 el documento. Por ejemplo, si tienes un diploma georgiano, la apostilla debe colocarse en Georgia.<\/li>\n<li><strong>Qui\u00e9n coloca la apostilla:<\/strong> Normalmente lo hacen organismos gubernamentales, como ministerios, tribunales o autoridades locales. En Georgia, es el Ministerio de Justicia.<\/li>\n<li><strong>Para qu\u00e9 sirve:<\/strong> La apostilla confirma que la firma y el sello en tu documento son aut\u00e9nticos. Es como una garant\u00eda para el otro pa\u00eds de que tu documento no es una falsificaci\u00f3n.<\/li>\n<li><strong>Cu\u00e1ndo se necesita:<\/strong> La apostilla es necesaria si el pa\u00eds donde deseas usar el documento acepta la apostilla (debe ser parte del llamado Convenio de La Haya).<\/li>\n<\/ol>\n<h3 class=\"wp-block-heading\">Legalizaci\u00f3n consular<\/h3>\n<p>Si el pa\u00eds donde deseas usar el documento no acepta la apostilla, entonces necesitas una legalizaci\u00f3n consular.<\/p>\n<p><strong>\u00bfC\u00f3mo funciona?<\/strong><\/p>\n<ol class=\"wp-block-list\">\n<li><strong>D\u00f3nde se realiza la legalizaci\u00f3n:<\/strong> Es un proceso en el que el consulado o embajada del pa\u00eds donde planeas usar el documento verifica su autenticidad.<\/li>\n<li><strong>Para qu\u00e9 sirve:<\/strong> La legalizaci\u00f3n consular tambi\u00e9n confirma que tu documento y todo lo que contiene es aut\u00e9ntico. Esto es necesario para que el otro pa\u00eds pueda aceptar tu documento con confianza.<\/li>\n<li><strong>C\u00f3mo se lleva a cabo el proceso:<\/strong> Primero, tu documento debe ser legalizado en los ministerios del pa\u00eds emisor (por ejemplo, el Ministerio de Educaci\u00f3n y el Ministerio de Relaciones Exteriores), y luego en el consulado o embajada del pa\u00eds donde se usar\u00e1 el documento.<\/li>\n<\/ol>\n<h3 class=\"wp-block-heading\">Aspectos importantes<\/h3>\n<ul class=\"wp-block-list\">\n<li><strong>Verifica los requisitos:<\/strong> Siempre confirma qu\u00e9 proceso (apostilla o legalizaci\u00f3n consular) se requiere para tu documento en el pa\u00eds donde planeas usarlo.<\/li>\n<li><strong>Tiempo y costo:<\/strong> Ten en cuenta que obtener una apostilla o completar la legalizaci\u00f3n consular puede llevar tiempo y requerir ciertos gastos.<\/li>\n<li><strong>Informaci\u00f3n adicional:<\/strong> A veces pueden ser necesarios pasos adicionales, como la traducci\u00f3n del documento al idioma requerido, que tambi\u00e9n debe estar certificada.<\/li>\n<\/ul>\n<p>Estos procesos garantizan que tus documentos sean reconocidos en otros pa\u00edses, lo cual es especialmente importante para estudiar en el extranjero, trabajar internacionalmente, matrimonio, inmigraci\u00f3n y otros tr\u00e1mites oficiales.<\/p>\n","protected":false},"excerpt":{"rendered":"<p>Apostilla Imagina que tienes un documento oficial de tu pa\u00eds (por ejemplo, un certificado de nacimiento o un diploma) que necesitas usar en otro pa\u00eds. Para que ese documento sea reconocido como aut\u00e9ntico en el otro pa\u00eds, debe llevar un sello especial: la apostilla. \u00bfC\u00f3mo funciona? D\u00f3nde se coloca la apostilla: Este sello se coloca &#8230; <a title=\"Apostilla y legalizaci\u00f3n\" class=\"read-more\" href=\"https:\/\/documents.ge\/es\/apostilla-y-legalizacion\/\" aria-label=\"Leer m\u00e1s sobre Apostilla y legalizaci\u00f3n\">\u0427\u0438\u0442\u0430\u0442\u044c \u0434\u0430\u043b\u0435\u0435<\/a><\/p>\n","protected":false},"author":1,"featured_media":0,"parent":0,"menu_order":0,"comment_status":"closed","ping_status":"closed","template":"","meta":{"_acf_changed":false,"_monsterinsights_skip_tracking":false,"_monsterinsights_sitenote_active":false,"_monsterinsights_sitenote_note":"","_monsterinsights_sitenote_category":0,"footnotes":""},"yst_prominent_words":[],"class_list":["post-302","page","type-page","status-publish"],"acf":[],"_links":{"self":[{"href":"https:\/\/documents.ge\/es\/wp-json\/wp\/v2\/pages\/302","targetHints":{"allow":["GET"]}}],"collection":[{"href":"https:\/\/documents.ge\/es\/wp-json\/wp\/v2\/pages"}],"about":[{"href":"https:\/\/documents.ge\/es\/wp-json\/wp\/v2\/types\/page"}],"author":[{"embeddable":true,"href":"https:\/\/documents.ge\/es\/wp-json\/wp\/v2\/users\/1"}],"replies":[{"embeddable":true,"href":"https:\/\/documents.ge\/es\/wp-json\/wp\/v2\/comments?post=302"}],"version-history":[{"count":0,"href":"https:\/\/documents.ge\/es\/wp-json\/wp\/v2\/pages\/302\/revisions"}],"wp:attachment":[{"href":"https:\/\/documents.ge\/es\/wp-json\/wp\/v2\/media?parent=302"}],"wp:term":[{"taxonomy":"yst_prominent_words","embeddable":true,"href":"https:\/\/documents.ge\/es\/wp-json\/wp\/v2\/yst_prominent_words?post=302"}],"curies":[{"name":"wp","href":"https:\/\/api.w.org\/{rel}","templated":true}]}}