{"id":305,"date":"2025-04-06T01:33:48","date_gmt":"2025-04-05T22:33:48","guid":{"rendered":"https:\/\/documents.ge\/es\/certificado-de-nacimiento-georgia\/"},"modified":"2025-04-06T01:33:48","modified_gmt":"2025-04-05T22:33:48","slug":"certificado-de-nacimiento-georgia","status":"publish","type":"page","link":"https:\/\/documents.ge\/es\/certificado-de-nacimiento-georgia\/","title":{"rendered":"Certificado de nacimiento &#8211; Georgia"},"content":{"rendered":"<p>El tr\u00e1mite del certificado de nacimiento en Georgia suele tardar hasta dos semanas. Existe la posibilidad de un tr\u00e1mite acelerado en 1-2 d\u00edas laborables con una tarifa m\u00e1s alta. La velocidad de obtenci\u00f3n del documento depende de los deseos individuales del cliente.<\/p>\n<h3 class=\"wp-block-heading\"><strong>Texto del certificado de nacimiento georgiano. Qu\u00e9 se escribe en el certificado de nacimiento en Georgia<\/strong>. En georgiano<\/h3>\n<h3 class=\"wp-block-heading\">\u10e1\u10d0\u10e5\u10d0\u10e0\u10d7\u10d5\u10d4\u10da\u10dd\u10e1 \u10e0\u10d4\u10e1\u10de\u10e3\u10d1\u10da\u10d8\u10d9\u10d0<\/h3>\n<h3 class=\"wp-block-heading\">\u10d3\u10d0\u10d1\u10d0\u10d3\u10d4\u10d1\u10d8\u10e1 \u10db\u10dd\u10ec\u10db\u10dd\u10d1\u10d0<\/h3>\n<figure class=\"wp-block-table\">\n<table>\n<thead>\n<tr>\n<th><\/th>\n<th><\/th>\n<\/tr>\n<\/thead>\n<tbody>\n<tr>\n<td>\u10e1\u10d0\u10ee\u10d4\u10da\u10d8: ________________<\/td>\n<td>\u10db\u10e8\u10dd\u10d1\u10da\u10d4\u10d1\u10d8:<\/td>\n<\/tr>\n<tr>\n<td>\u10d2\u10d5\u10d0\u10e0\u10d8: ________________<\/td>\n<td>\u10db\u10d0\u10db\u10d0:<\/td>\n<\/tr>\n<tr>\n<td>\u10d3\u10d0\u10d1\u10d0\u10d3\u10d4\u10d1\u10d8\u10e1 \u10d7\u10d0\u10e0\u10d8\u10e6\u10d8: __________________<\/td>\n<td>\u10e1\u10d0\u10ee\u10d4\u10da\u10d8: _____________<\/td>\n<\/tr>\n<tr>\n<td>\u10d3\u10d0\u10d1\u10d0\u10d3\u10d4\u10d1\u10d8\u10e1 \u10d0\u10d3\u10d2\u10d8\u10da\u10d8: \u10e1\u10d0\u10e5\u10d0\u10e0\u10d7\u10d5\u10d4\u10da\u10dd, \u10d7\u10d1\u10d8\u10da\u10d8\u10e1\u10d8<\/td>\n<td>\u10d2\u10d5\u10d0\u10e0\u10d8: ______________<\/td>\n<\/tr>\n<tr>\n<td>\u10e1\u10e5\u10d4\u10e1\u10d8: \u10db\u10d3\u10d4\u10d3\u10e0\u10dd\u10d1\u10d8\u10d7\u10d8<\/td>\n<td>\u10de\u10d8\u10e0\u10d0\u10d3\u10d8 \u10dc\u10dd\u10db\u10d4\u10e0\u10d8:<\/td>\n<\/tr>\n<tr>\n<td>\u10de\u10d8\u10e0\u10d0\u10d3\u10d8 \u10dc\u10dd\u10db\u10d4\u10e0\u10d8:<\/td>\n<td>\u10d3\u10d4\u10d3\u10d0:<\/td>\n<\/tr>\n<tr>\n<td>\u10db\u10dd\u10e5\u10d0\u10da\u10d0\u10e5\u10d4\u10dd\u10d1\u10d0:<\/td>\n<td>\u10e1\u10d0\u10ee\u10d4\u10da\u10d8: ______________<\/td>\n<\/tr>\n<tr>\n<td>\u10d3\u10d0\u10d1\u10d0\u10d3\u10d4\u10d1\u10d8\u10e1 \u10e0\u10d4\u10d2\u10d8\u10e1\u10e2\u10e0\u10d0\u10ea\u10d8\u10d8\u10e1 \u10d7\u10d0\u10e0\u10d8\u10e6\u10d8: _________<\/td>\n<td>\u10d2\u10d5\u10d0\u10e0\u10d8: ___________________<\/td>\n<\/tr>\n<tr>\n<td>\u10e9\u10d0\u10dc\u10d0\u10ec\u10d4\u10e0\u10d8\u10e1 \u10dc\u10dd\u10db\u10d4\u10e0\u10d8: ________<\/td>\n<td>\u10de\u10d8\u10e0\u10d0\u10d3\u10d8 \u10dc\u10dd\u10db\u10d4\u10e0\u10d8:<\/td>\n<\/tr>\n<tr>\n<td>QR \u10d9\u10dd\u10d3\u10d8\u10e1 \u10e5\u10d5\u10d4\u10db\u10dd\u10d7 \u10db\u10dd\u10dc\u10d0\u10ea\u10d4\u10db\u10d4\u10d1\u10d8:<\/td>\n<td>\u10db\u10dd\u10e5\u10d0\u10da\u10d0\u10e5\u10d4\u10dd\u10d1\u10d0:<\/td>\n<\/tr>\n<tr>\n<td>\u10d3\u10dd\u10d9\u10e3\u10db\u10d4\u10dc\u10e2\u10d8 \u10d0\u10e0\u10d8\u10e1 \u10d4\u10da\u10d4\u10e5\u10e2\u10e0\u10dd\u10dc\u10e3\u10da\u10d8. \u10d3\u10d0\u10db\u10d0\u10e2\u10d4\u10d1\u10d8\u10d7\u10d8 \u10d8\u10dc\u10e4\u10dd\u10e0\u10db\u10d0\u10ea\u10d8\u10d8\u10e1\u10d7\u10d5\u10d8\u10e1 (http:\/\/sda.gov.ge).<\/td>\n<td>\u10d3\u10d0\u10d1\u10d0\u10d3\u10d4\u10d1\u10d8\u10e1 \u10e0\u10d4\u10d2\u10d8\u10e1\u10e2\u10e0\u10d0\u10ea\u10d8\u10d8\u10e1 \u10d7\u10d0\u10e0\u10d8\u10e6\u10d8: _____________<\/td>\n<\/tr>\n<tr>\n<td>\u10d3\u10d0\u10d9\u10d0\u10d5\u10e8\u10d8\u10e0\u10d4\u10d1\u10e3\u10da\u10d8 \u10d8\u10dc\u10e4\u10dd\u10e0\u10db\u10d0\u10ea\u10d8\u10d8\u10e1 \u10d2\u10d0\u10d3\u10d0\u10db\u10dd\u10ec\u10db\u10d4\u10d1\u10d0 \u10e3\u10dc\u10d3\u10d0 \u10db\u10dd\u10ee\u10d3\u10d4\u10e1 \u10d7\u10e3 \u10d0\u10e0 \u10d0\u10e0\u10e1\u10d4\u10d1\u10dd\u10d1\u10e1 \u10e8\u10d4\u10e1\u10d0\u10d1\u10d0\u10db\u10d8\u10e1\u10d8 \u10d4\u10da\u10d4\u10e5\u10e2\u10e0\u10dd\u10dc\u10e3\u10da\u10d8 \u10d3\u10d0\u10db\u10dd\u10ec\u10db\u10d4\u10d1\u10d0 (http:\/\/sda.gov.ge) \u10e9\u10d0\u10db\u10dd\u10e2\u10d5\u10d8\u10e0\u10d7\u10d5\u10d0 \u10e8\u10d4\u10e1\u10d0\u10eb\u10da\u10d4\u10d1\u10d4\u10da\u10d8\u10d0 ACTUS51_______72 \u10dc\u10dd\u10db\u10e0\u10d8\u10d7 1 \u10ec\u10da\u10d8\u10e1 \u10d2\u10d0\u10db\u10ea\u10d4\u10db\u10d8\u10d7.<\/td>\n<td>\u10db\u10dd\u10e5\u10d0\u10da\u10d0\u10e5\u10d4\u10dd\u10d1\u10d8\u10e1 \u10dd\u10e4\u10d8\u10e1\u10d8:<\/td>\n<\/tr>\n<tr>\n<td><\/td>\n<td>\u10e1\u10e1\u10d8\u10de \u10e2\u10d8\u10db\u10d8\u10e1\u10d8\u10e1 \u10e1\u10d0\u10db\u10dd\u10e5\u10d0\u10da\u10d0\u10e5\u10dd \u10e0\u10d4\u10d4\u10e1\u10e2\u10e0\u10d8\u10e1 \u10e1\u10d0\u10db\u10e1\u10d0\u10ee\u10e3\u10e0\u10d8<\/td>\n<\/tr>\n<tr>\n<td><\/td>\n<td><\/td>\n<\/tr>\n<tr>\n<td><\/td>\n<td>\u10ee\u10d4\u10da\u10db\u10dd\u10ec\u10d4\u10e0\u10d0:<\/td>\n<\/tr>\n<tr>\n<td><\/td>\n<td>\u10e1\u10de\u10d4\u10ea\u10d8\u10d0\u10da\u10d8\u10e1\u10e2\u10d8 <strong><em><strong><em>________________<\/em><\/strong><\/em><\/strong><\/td>\n<\/tr>\n<tr>\n<td><\/td>\n<td>\u10e1\u10e1\u10d8\u10de \u10e1\u10d0\u10d6\u10dd\u10d2\u10d0\u10d3\u10dd\u10d4\u10d1\u10e0\u10d8\u10d5\u10d8 \u10e0\u10d4\u10d4\u10e1\u10e2\u10e0\u10d8\u10e1 \u10d4\u10e0\u10dd\u10d5\u10dc\u10e3\u10da\u10d8 \u10e1\u10d0\u10d0\u10d2\u10d4\u10dc\u10e2\u10dd<\/td>\n<\/tr>\n<tr>\n<td><\/td>\n<td>\u10e1\u10d0\u10e0\u10d4\u10d2\u10d8\u10e1\u10e2\u10e0\u10d0\u10ea\u10d8\u10dd \u10dc\u10dd\u10db\u10d4\u10e0\u10d8 __________<\/td>\n<\/tr>\n<tr>\n<td><\/td>\n<td>\u10db\u10dd\u10dc\u10d0\u10ea\u10db\u10d4\u10d1\u10d8 \u10e8\u10e2\u10d0\u10db\u10de\u10d8\u10d3\u10d0\u10dc:<\/td>\n<\/tr>\n<tr>\n<td><\/td>\n<td>\u10e1\u10d0\u10e5\u10d0\u10e0\u10d7\u10d5\u10d4\u10da\u10dd\u10e1 \u10d8\u10e3\u10e1\u10e2\u10d8\u10ea\u10d8\u10d8\u10e1 \u10e1\u10d0\u10db\u10d8\u10dc\u10d8\u10e1\u10e2\u10e0\u10dd\u10e1 \u10e1\u10d0\u10ee\u10d4\u10da\u10db\u10ec\u10d8\u10e4\u10dd \u10e1\u10d4\u10e0\u10d5\u10d8\u10e1\u10d4\u10d1\u10d8\u10e1 \u10d2\u10d0\u10dc\u10d5\u10d8\u10d7\u10d0\u10e0\u10d4\u10d1\u10d8\u10e1 \u10e1\u10d0\u10d0\u10d2\u10d4\u10dc\u10e2\u10dd<\/td>\n<\/tr>\n<tr>\n<td><\/td>\n<td>\u10e2\u10d8\u10db\u10d8\u10e1 \u10e2\u10d4\u10e0\u10d8\u10e2\u10dd\u10e0\u10d8\u10e3\u10da\u10d8 \u10e1\u10d0\u10db\u10e1\u10d0\u10ee\u10e3\u10e0\u10d8<\/td>\n<\/tr>\n<tr>\n<td><\/td>\n<td>\u10ee\u10d4\u10da\u10db\u10dd\u10ec\u10d4\u10e0\u10d0: ________<\/td>\n<\/tr>\n<tr>\n<td><\/td>\n<td>\u10d7\u10d0\u10dc\u10d0\u10db\u10d3\u10d4\u10d1\u10dd\u10d1\u10d0: \u10e0\u10d4\u10d2\u10d8\u10e1\u10e2\u10e0\u10d0\u10e2\u10dd\u10e0\u10d8. \u10e1\u10d4\u10e0\u10d5\u10d8\u10e1\u10ea\u10d4\u10dc\u10e2\u10e0\u10d8 _______<\/td>\n<\/tr>\n<tr>\n<td><\/td>\n<td>______________________ \u10ec.<\/td>\n<\/tr>\n<tr>\n<td><\/td>\n<td>\u10d2\u10d0\u10d3\u10d0\u10db\u10dd\u10ec\u10db\u10d4\u10d1\u10e3\u10da\u10d8: \u10d4\u10da\u10d4\u10dc\u10d4 \u10eb\u10d0\u10d2\u10dc\u10d8\u10eb\u10d4<\/td>\n<\/tr>\n<\/tbody>\n<\/table>\n<\/figure>\n<h3 class=\"wp-block-heading\"><strong>Certificado de nacimiento de Georgia en ruso. Traducci\u00f3n del certificado al ruso<\/strong><\/h3>\n<p><strong>Tenga en cuenta que el certificado de nacimiento en Georgia se emite \u00fanicamente en georgiano. <\/strong><\/p>\n<h3 class=\"wp-block-heading\">Rep\u00fablica de Georgia<\/h3>\n<h3 class=\"wp-block-heading\">Certificado de nacimiento<\/h3>\n<figure class=\"wp-block-table\">\n<table>\n<thead>\n<tr>\n<th><\/th>\n<th><\/th>\n<\/tr>\n<\/thead>\n<tbody>\n<tr>\n<td>Nombre: __________<\/td>\n<td>Padres:<\/td>\n<\/tr>\n<tr>\n<td>Apellido: ________________<\/td>\n<td>Padre:<\/td>\n<\/tr>\n<tr>\n<td>Fecha de nacimiento: _____________________ a\u00f1o<\/td>\n<td>Nombre: _________<\/td>\n<\/tr>\n<tr>\n<td>Lugar de nacimiento: Georgia, Tiflis<\/td>\n<td>Apellido: _________<\/td>\n<\/tr>\n<tr>\n<td>Sexo: Femenino<\/td>\n<td>N\u00famero personal:<\/td>\n<\/tr>\n<tr>\n<td>N\u00famero personal:<\/td>\n<td>Madre:<\/td>\n<\/tr>\n<tr>\n<td>Nacionalidad: <\/td>\n<td>Nombre: _______<\/td>\n<\/tr>\n<tr>\n<td>Fecha de registro de nacimiento: _________________ a\u00f1o<\/td>\n<td>Apellido: _________<\/td>\n<\/tr>\n<tr>\n<td>N\u00famero de registro: _________________<\/td>\n<td>N\u00famero personal: _____<\/td>\n<\/tr>\n<tr>\n<td>C\u00f3digo QR<\/td>\n<td>Nacionalidad: ______<\/td>\n<\/tr>\n<tr>\n<td>El documento es electr\u00f3nico. La informaci\u00f3n puede verificarse en el sitio web de la agencia (http:\/\/sda.gov.ge) \u2013 si existen datos o no.<\/td>\n<td>Fecha de registro de nacimiento: ________________<\/td>\n<\/tr>\n<tr>\n<td>Este documento puede descargarse del sitio web (http:\/\/sda.gov.ge) bajo el n\u00famero ACT05___________92 con una validez de 1 a\u00f1o.<\/td>\n<td>Departamento de nacionalidad:<\/td>\n<\/tr>\n<tr>\n<td><\/td>\n<td>Servicio de registro civil _______<\/td>\n<\/tr>\n<tr>\n<td><\/td>\n<td><\/td>\n<\/tr>\n<tr>\n<td><\/td>\n<td>Firma:<\/td>\n<\/tr>\n<tr>\n<td><\/td>\n<td>Especialista <strong><em><strong><em>________________<\/em><\/strong><\/em><\/strong><\/td>\n<\/tr>\n<tr>\n<td><\/td>\n<td>Agencia Nacional del Registro P\u00fablico<\/td>\n<\/tr>\n<tr>\n<td><\/td>\n<td>N\u00famero de registro ____<\/td>\n<\/tr>\n<tr>\n<td><\/td>\n<td>Datos del sello:<\/td>\n<\/tr>\n<tr>\n<td><\/td>\n<td>Ministerio de Justicia de Georgia<\/td>\n<\/tr>\n<tr>\n<td><\/td>\n<td>Agencia de Desarrollo de Servicios Estatales<\/td>\n<\/tr>\n<tr>\n<td><\/td>\n<td>Servicio Territorial de Tiflis<\/td>\n<\/tr>\n<tr>\n<td><\/td>\n<td>Firma: ____________<\/td>\n<\/tr>\n<tr>\n<td><\/td>\n<td>Cargo: Registrador. Centro de servicio _____<\/td>\n<\/tr>\n<tr>\n<td><\/td>\n<td>fecha _______<\/td>\n<\/tr>\n<tr>\n<td><\/td>\n<td>Verificado: ___________<\/td>\n<\/tr>\n<\/tbody>\n<\/table><figcaption class=\"wp-element-caption\">Este texto corresponde al texto en los certificados de nacimiento en Georgia<\/figcaption><\/figure>\n<p><strong><span style=\"text-decoration: underline;\">\u00a1Atenci\u00f3n!<\/span> En el certificado de nacimiento de Georgia, como en la mayor\u00eda de los pa\u00edses del mundo, <span style=\"text-decoration: underline;\">NO SE ESCRIBE EL PATRON\u00cdMICO<\/span> ni de los padres ni del nacido. No hay patron\u00edmicos en los certificados georgianos, y no lo exija. Se indica el nombre del padre del nacido.<\/strong><\/p>\n<div class=\"gb-container gb-container-d1de745a\">\n<p><strong><span style=\"text-decoration: underline;\">\u00a1Atenci\u00f3n!<\/span> En el certificado de nacimiento georgiano, como en la mayor\u00eda de los pa\u00edses del mundo, <span style=\"text-decoration: underline;\">NO SE ESCRIBE LA NACIONALIDAD<\/span> ni de los padres ni del nacido. <span style=\"text-decoration: underline;\">Si necesita un documento separado sobre nacionalidad, contacte con nuestra agencia.<\/span><\/strong><\/p>\n<\/div>\n<p><span style=\"text-decoration: underline;\"><em>Puede referirse al certificado de nacimiento del antiguo modelo sovi\u00e9tico, en el que se indicaban el patron\u00edmico y la nacionalidad. Tenga en cuenta que <strong>el formato del certificado ha cambiado y se emite seg\u00fan el formulario aprobado legalmente en Georgia.<\/strong><\/em><\/span><\/p>\n<h3 class=\"wp-block-heading\"><strong>Ejemplo \u2014 certificado de nacimiento de Georgia. C\u00f3mo se ve un certificado de nacimiento de Georgia<\/strong><\/h3>\n<figure class=\"wp-block-image size-full\"><img alt=\"Foto del certificado de nacimiento de Georgia del modelo de la URSS - a\u00f1o 1953\" class=\"wp-image-502 lazyload\" data-src=\"https:\/\/documents.ge\/wp-content\/uploads\/2024\/07\/\u0421\u0432\u0438\u0434\u0435\u0442\u0435\u043b\u044c\u0441\u0442\u0432\u043e-\u043e-\u0440\u043e\u0436\u0434\u0435\u043d\u0438\u0438-\u0438\u0437-\u0413\u0440\u0443\u0437\u0438\u0438-\u0441\u0442\u0430\u0440\u043e\u0433\u043e-\u043e\u0431\u0440\u0430\u0437\u0446\u0430-\u0421\u0421\u0421\u0420.gif\" decoding=\"async\" height=\"596\" src=\"data:image\/gif;base64,R0lGODlhAQABAAAAACH5BAEKAAEALAAAAAABAAEAAAICTAEAOw==\" style=\"--smush-placeholder-width: 800px; --smush-placeholder-aspect-ratio: 800\/596;\" width=\"800\"\/><figcaption class=\"wp-element-caption\">Certificado de nacimiento del antiguo modelo sovi\u00e9tico del a\u00f1o 1953 \u2014 portada. Sujeto a reemplazo<\/figcaption><\/figure>\n<figure class=\"wp-block-image size-full\"><img alt=\"Certificado de nacimiento del antiguo modelo - Georgia - URSS, emitido por el registro civil. Este certificado debe renovarse.\" class=\"wp-image-455 lazyload\" data-src=\"https:\/\/documents.ge\/wp-content\/uploads\/2024\/07\/\u0421\u0432\u0438\u0434\u0435\u0442\u0435\u043b\u044c\u0441\u0442\u0432\u043e-\u043e-\u0440\u043e\u0436\u0434\u0435\u043d\u0438\u0438-\u0441\u0442\u0430\u0440\u043e\u0433\u043e-\u043e\u0431\u0440\u0430\u0437\u0446\u0430-\u0413\u0440\u0443\u0437\u0438\u044f-\u0421\u0421\u0421\u0420.gif\" decoding=\"async\" height=\"596\" src=\"data:image\/gif;base64,R0lGODlhAQABAAAAACH5BAEKAAEALAAAAAABAAEAAAICTAEAOw==\" style=\"--smush-placeholder-width: 800px; --smush-placeholder-aspect-ratio: 800\/596;\" title=\"Certificado de nacimiento del antiguo modelo - Georgia - URSS\" width=\"800\"\/><figcaption class=\"wp-element-caption\">Certificado de nacimiento del antiguo modelo \u2014 Georgia. Obtener uno igual hoy en d\u00eda es imposible \u2014 solo del nuevo modelo <\/figcaption><\/figure>\n<figure class=\"wp-block-image size-large\"><img alt=\"Certificado de nacimiento del antiguo modelo, sin firma h\u00fameda y sello - Georgia - a\u00f1o 2019\" class=\"lazyload\" data-src=\"https:\/\/documents.ge\/wp-content\/uploads\/2019\/03\/%D1%81%D0%B2%D0%B8%D0%B4%D0%B5%D1%82%D0%B5%D0%BB%D1%8C%D1%81%D1%82%D0%B2%D0%BE-%D0%BE-%D1%80%D0%BE%D0%B6%D0%B4%D0%B5%D0%BD%D0%B8%D0%B8-1024x743.jpg\" decoding=\"async\" src=\"data:image\/gif;base64,R0lGODlhAQABAAAAACH5BAEKAAEALAAAAAABAAEAAAICTAEAOw==\" style=\"--smush-placeholder-width: 1024px; --smush-placeholder-aspect-ratio: 1024\/743;\" title=\"Obtener certificado de nacimiento - Georgia\"\/><figcaption class=\"wp-element-caption\">Certificado de nacimiento del antiguo modelo \u2014 Georgia \u2014 a\u00f1o 2019<\/figcaption><\/figure>\n<figure class=\"wp-block-image size-full\"><img alt=\"Certificado de nacimiento de Georgia\" class=\"wp-image-380 lazyload\" data-sizes=\"(max-width: 800px) 100vw, 800px\" data-src=\"https:\/\/documents.ge\/wp-content\/uploads\/2024\/07\/Birth_Certificate_Republic_of_Georgia_Example.png\" data-srcset=\"https:\/\/documents.ge\/wp-content\/uploads\/2024\/07\/Birth_Certificate_Republic_of_Georgia_Example.png 800w, https:\/\/documents.ge\/wp-content\/uploads\/2024\/07\/Birth_Certificate_Republic_of_Georgia_Example-300x211.png 300w, https:\/\/documents.ge\/wp-content\/uploads\/2024\/07\/Birth_Certificate_Republic_of_Georgia_Example-768x540.png 768w\" decoding=\"async\" height=\"563\" src=\"data:image\/gif;base64,R0lGODlhAQABAAAAACH5BAEKAAEALAAAAAABAAEAAAICTAEAOw==\" style=\"--smush-placeholder-width: 800px; --smush-placeholder-aspect-ratio: 800\/563;\" width=\"800\"\/><figcaption class=\"wp-element-caption\">Certificado de nacimiento del nuevo modelo \u2014 Georgia<\/figcaption><\/figure>\n<p><strong><span style=\"text-decoration: underline;\">\u00a1Atenci\u00f3n!<\/span> En el certificado de nacimiento en Georgia no se aplica el sello h\u00famedo de los organismos georgianos ni la firma h\u00fameda de los funcionarios georgianos. Se utiliza tinta tipogr\u00e1fica para la impresi\u00f3n y firmas. El documento est\u00e1 firmado electr\u00f3nicamente y se verifica en l\u00ednea en el sitio web de la Casa de Justicia en Georgia.<\/strong><\/p>\n<h3 class=\"wp-block-heading\"><strong>El certificado de nacimiento es necesario para:<\/strong><\/h3>\n<ul class=\"wp-block-list\">\n<li>Tramitar la nacionalidad georgiana o de otros pa\u00edses<\/li>\n<li>Usarlo como documento de identificaci\u00f3n<\/li>\n<li>Obtener un permiso de residencia en Georgia o en el extranjero<\/li>\n<li>Confirmar relaciones familiares<\/li>\n<li>Tramitar documentos educativos<\/li>\n<li>El certificado de nacimiento se requiere en los siguientes casos:<\/li>\n<li>Tramitaci\u00f3n de herencia<\/li>\n<li>Adopci\u00f3n o tutela<\/li>\n<li>Obtenci\u00f3n de pasaporte<\/li>\n<li>Tramitaci\u00f3n de pensi\u00f3n<\/li>\n<li>Procedimientos de inmigraci\u00f3n y emigraci\u00f3n<\/li>\n<li>Obtenci\u00f3n de beneficios y servicios sociales<\/li>\n<\/ul>\n<h3 class=\"wp-block-heading\"><strong>D\u00f3nde se puede obtener el certificado de nacimiento en Georgia<\/strong><\/h3>\n<p>El certificado de nacimiento en Georgia se puede tramitar en Tiflis, en la Casa de Justicia. En caso de errores en los registros o falta de datos en el archivo, es necesario acudir al registro civil donde se registr\u00f3 el nacimiento.<\/p>\n<h3 class=\"wp-block-heading\">Si se requiere<strong> un certificado de nacimiento para un ni\u00f1o nacido en el extranjero<\/strong><\/h3>\n<p>En tales casos, a menudo se requiere la presentaci\u00f3n de documentos de nacimiento, incluso si el ni\u00f1o naci\u00f3 fuera de Georgia. En este caso, se puede solicitar un extracto del registro de nacimiento. <a href=\"https:\/\/documents.ge\/%D0%B0%D0%BA%D1%82%D0%BE%D0%B2%D0%B0%D1%8F-%D0%B7%D0%B0%D0%BF%D0%B8%D1%81%D1%8C-%D0%BE-%D1%80%D0%BE%D0%B6%D0%B4%D0%B5%D0%BD%D0%B8%D0%B8-%D0%B2%D1%8B%D0%BF%D0%B8%D1%81%D0%BA%D0%B0-%D0%BE-%D1%80%D0%BE%D0%B6%D0%B4%D0%B5%D0%BD%D0%B8%D0%B8\/\" rel=\"noreferrer noopener\" target=\"_blank\">El registro<\/a> se guarda en el registro civil del municipio donde se registr\u00f3 el nacimiento.<\/p>\n<h3 class=\"wp-block-heading\"><strong>Qu\u00e9 hacer si tiene un certificado de nacimiento antiguo<\/strong>, pero necesita uno<\/h3>\n","protected":false},"excerpt":{"rendered":"<p>El tr\u00e1mite del certificado de nacimiento en Georgia suele tardar hasta dos semanas. Existe la posibilidad de un tr\u00e1mite acelerado en 1-2 d\u00edas laborables con una tarifa m\u00e1s alta. La velocidad de obtenci\u00f3n del documento depende de los deseos individuales del cliente. Texto del certificado de nacimiento georgiano. Qu\u00e9 se escribe en el certificado de &#8230; <a title=\"Certificado de nacimiento &#8211; Georgia\" class=\"read-more\" href=\"https:\/\/documents.ge\/es\/certificado-de-nacimiento-georgia\/\" aria-label=\"Leer m\u00e1s sobre Certificado de nacimiento &#8211; Georgia\">\u0427\u0438\u0442\u0430\u0442\u044c \u0434\u0430\u043b\u0435\u0435<\/a><\/p>\n","protected":false},"author":1,"featured_media":0,"parent":0,"menu_order":0,"comment_status":"closed","ping_status":"closed","template":"","meta":{"_acf_changed":false,"_monsterinsights_skip_tracking":false,"_monsterinsights_sitenote_active":false,"_monsterinsights_sitenote_note":"","_monsterinsights_sitenote_category":0,"footnotes":""},"yst_prominent_words":[],"class_list":["post-305","page","type-page","status-publish"],"acf":[],"_links":{"self":[{"href":"https:\/\/documents.ge\/es\/wp-json\/wp\/v2\/pages\/305","targetHints":{"allow":["GET"]}}],"collection":[{"href":"https:\/\/documents.ge\/es\/wp-json\/wp\/v2\/pages"}],"about":[{"href":"https:\/\/documents.ge\/es\/wp-json\/wp\/v2\/types\/page"}],"author":[{"embeddable":true,"href":"https:\/\/documents.ge\/es\/wp-json\/wp\/v2\/users\/1"}],"replies":[{"embeddable":true,"href":"https:\/\/documents.ge\/es\/wp-json\/wp\/v2\/comments?post=305"}],"version-history":[{"count":0,"href":"https:\/\/documents.ge\/es\/wp-json\/wp\/v2\/pages\/305\/revisions"}],"wp:attachment":[{"href":"https:\/\/documents.ge\/es\/wp-json\/wp\/v2\/media?parent=305"}],"wp:term":[{"taxonomy":"yst_prominent_words","embeddable":true,"href":"https:\/\/documents.ge\/es\/wp-json\/wp\/v2\/yst_prominent_words?post=305"}],"curies":[{"name":"wp","href":"https:\/\/api.w.org\/{rel}","templated":true}]}}