{"id":307,"date":"2025-04-06T01:35:31","date_gmt":"2025-04-05T22:35:31","guid":{"rendered":"https:\/\/documents.ge\/es\/divorcio-de-mutuo-acuerdo-en-georgia\/"},"modified":"2025-04-06T01:35:31","modified_gmt":"2025-04-05T22:35:31","slug":"divorcio-de-mutuo-acuerdo-en-georgia","status":"publish","type":"page","link":"https:\/\/documents.ge\/es\/divorcio-de-mutuo-acuerdo-en-georgia\/","title":{"rendered":"Divorcio de mutuo acuerdo en Georgia"},"content":{"rendered":"<dl>\n<dt>Disoluci\u00f3n del matrimonio, o divorcio.<\/dt>\n<dd>\n<p>Es el proceso legal que pone fin al matrimonio entre c\u00f3nyuges. Incluye diversas procedimientos y puede variar seg\u00fan la legislaci\u00f3n de cada pa\u00eds. En general, la disoluci\u00f3n del matrimonio puede incluir los siguientes pasos:<\/p>\n<\/dd>\n<dt>Procedimiento de disoluci\u00f3n del matrimonio<\/dt>\n<dd>\n<ol>\n<li><strong>Presentaci\u00f3n de la solicitud<\/strong>: Uno de los c\u00f3nyuges (o ambos) presenta una solicitud de divorcio ante el tribunal. La solicitud suele contener informaci\u00f3n sobre los motivos del divorcio, aspectos financieros y cuestiones de custodia de los hijos.<\/li>\n<li><strong>Revisi\u00f3n legal<\/strong>: El tribunal examina la solicitud, verifica los documentos presentados y, si es necesario, cita a los c\u00f3nyuges a una audiencia judicial.<\/li>\n<li><strong>Divisi\u00f3n de bienes<\/strong>: El tribunal decide c\u00f3mo se dividir\u00e1n los bienes adquiridos conjuntamente. Esto puede incluir propiedades, autom\u00f3viles, cuentas bancarias, negocios y otros activos.<\/li>\n<li><strong>Custodia de los hijos<\/strong>: Si los c\u00f3nyuges tienen hijos menores de edad, el tribunal decide sobre la custodia, el lugar de residencia de los hijos y el r\u00e9gimen de visitas.<\/li>\n<li><strong>Pensi\u00f3n alimenticia<\/strong>: El tribunal puede establecer una pensi\u00f3n alimenticia para el mantenimiento de los hijos y\/o del exc\u00f3nyuge.<\/li>\n<li><strong>Decisi\u00f3n final<\/strong>: Tras examinar todos los aspectos del caso, el tribunal emite una decisi\u00f3n final sobre la disoluci\u00f3n del matrimonio y expide el certificado de divorcio.<\/li>\n<\/ol>\n<\/dd>\n<dd>\n<p>La disoluci\u00f3n del matrimonio puede ser un proceso complejo y emocionalmente dif\u00edcil, por lo que a menudo se recomienda acudir a abogados para obtener ayuda y asesoramiento cualificado.<\/p>\n<\/dd>\n<\/dl>\n","protected":false},"excerpt":{"rendered":"<p>Disoluci\u00f3n del matrimonio, o divorcio. Es el proceso legal que pone fin al matrimonio entre c\u00f3nyuges. Incluye diversas procedimientos y puede variar seg\u00fan la legislaci\u00f3n de cada pa\u00eds. En general, la disoluci\u00f3n del matrimonio puede incluir los siguientes pasos: Procedimiento de disoluci\u00f3n del matrimonio Presentaci\u00f3n de la solicitud: Uno de los c\u00f3nyuges (o ambos) presenta &#8230; <a title=\"Divorcio de mutuo acuerdo en Georgia\" class=\"read-more\" href=\"https:\/\/documents.ge\/es\/divorcio-de-mutuo-acuerdo-en-georgia\/\" aria-label=\"Leer m\u00e1s sobre Divorcio de mutuo acuerdo en Georgia\">\u0427\u0438\u0442\u0430\u0442\u044c \u0434\u0430\u043b\u0435\u0435<\/a><\/p>\n","protected":false},"author":1,"featured_media":0,"parent":0,"menu_order":0,"comment_status":"closed","ping_status":"closed","template":"","meta":{"_acf_changed":false,"_monsterinsights_skip_tracking":false,"_monsterinsights_sitenote_active":false,"_monsterinsights_sitenote_note":"","_monsterinsights_sitenote_category":0,"footnotes":""},"yst_prominent_words":[],"class_list":["post-307","page","type-page","status-publish"],"acf":[],"_links":{"self":[{"href":"https:\/\/documents.ge\/es\/wp-json\/wp\/v2\/pages\/307","targetHints":{"allow":["GET"]}}],"collection":[{"href":"https:\/\/documents.ge\/es\/wp-json\/wp\/v2\/pages"}],"about":[{"href":"https:\/\/documents.ge\/es\/wp-json\/wp\/v2\/types\/page"}],"author":[{"embeddable":true,"href":"https:\/\/documents.ge\/es\/wp-json\/wp\/v2\/users\/1"}],"replies":[{"embeddable":true,"href":"https:\/\/documents.ge\/es\/wp-json\/wp\/v2\/comments?post=307"}],"version-history":[{"count":0,"href":"https:\/\/documents.ge\/es\/wp-json\/wp\/v2\/pages\/307\/revisions"}],"wp:attachment":[{"href":"https:\/\/documents.ge\/es\/wp-json\/wp\/v2\/media?parent=307"}],"wp:term":[{"taxonomy":"yst_prominent_words","embeddable":true,"href":"https:\/\/documents.ge\/es\/wp-json\/wp\/v2\/yst_prominent_words?post=307"}],"curies":[{"name":"wp","href":"https:\/\/api.w.org\/{rel}","templated":true}]}}