{"id":308,"date":"2025-04-06T01:36:36","date_gmt":"2025-04-05T22:36:36","guid":{"rendered":"https:\/\/documents.ge\/es\/permiso-de-conducir-perdida-recuperacion\/"},"modified":"2025-04-06T01:36:36","modified_gmt":"2025-04-05T22:36:36","slug":"permiso-de-conducir-perdida-recuperacion","status":"publish","type":"page","link":"https:\/\/documents.ge\/es\/permiso-de-conducir-perdida-recuperacion\/","title":{"rendered":"Permiso de conducir. P\u00e9rdida. Recuperaci\u00f3n."},"content":{"rendered":"<article>\n<header>\n<h2>Definici\u00f3n de la licencia de conducir<\/h2>\n<\/header>\n<section>\n<p>\n<dfn>La licencia de conducir<\/dfn> es un documento oficial emitido por las autoridades competentes de Georgia, que confirma el derecho del titular a operar ciertas categor\u00edas de veh\u00edculos en el territorio de Georgia.\n            <\/p>\n<\/section>\n<\/article>\n<h6 class=\"wp-block-heading\">Para reemplazar la licencia de conducir en la organizaci\u00f3n de servicio, es necesario presentar los siguientes documentos:<\/h6>\n<ol class=\"wp-block-list\">\n<li>Documento de identidad;<\/li>\n<li>licencia de conducir vigente;<\/li>\n<li>certificado de salud (formulario IV-100\/a);<\/li>\n<li>Recibo que confirme el pago de la tasa.<\/li>\n<\/ol>\n<h6 class=\"wp-block-heading\"><em><strong>Las razones para reemplazar la licencia de conducir pueden ser:<\/strong><\/em><\/h6>\n<ul class=\"wp-block-list\">\n<li><em>Solicitud del titular de la licencia de conducir;<\/em><\/li>\n<li><em>Emisi\u00f3n de una licencia de conducir nacional est\u00e1ndar basada en una licencia emitida por un pa\u00eds extranjero;<\/em><\/li>\n<li><em>Vencimiento de la vigencia de la licencia de conducir;<\/em><\/li>\n<li><em>Deterioro o da\u00f1o que afecte la apariencia de la licencia de conducir (imposibilidad de leer los datos o p\u00e9rdida parcial de parte de la licencia);<\/em><\/li>\n<li><em>Errores en la licencia de conducir;<\/em><\/li>\n<li><em>Errores en los registros reflejados en el registro de licencias de conducir;<\/em><\/li>\n<li><em>Discrepancia entre los datos en la licencia de conducir y los registros reflejados en el registro de emisi\u00f3n de licencias de conducir;<\/em><\/li>\n<li><em><strong>P\u00e9rdida de la licencia de conducir;<\/strong><\/em><\/li>\n<li><em>Otras circunstancias definidas por la ley<\/em><\/li>\n<\/ul>\n<p><article> <\/p>\n<header><span style=\"color: var(--contrast); font-family: inherit; font-size: 35px; font-style: inherit;\">D\u00f3nde obtener una licencia de conducir en caso de p\u00e9rdida, da\u00f1o o robo<\/span><\/header>\n<p><span style=\"font-size: inherit; color: var(--contrast);\"> <\/span><\/p>\n<section>\n<p>Nuestra agencia ofrece <dfn>servicios<\/dfn> de recuperaci\u00f3n de la licencia de conducir en caso de p\u00e9rdida, robo o da\u00f1o. <strong>Puede recuperar (obtener) la licencia de conducir sin venir a Georgia \u2014 de manera remota (en l\u00ednea) basado en un poder notarial correspondiente a nuestro nombre.<\/strong><\/p>\n<\/section>\n<p> <\/article>\n<\/p>\n<article>\n<p><strong>La licencia de conducir internacional<\/strong> se emite a ciudadanos de Georgia, ciudadanos de pa\u00edses extranjeros y personas sin nacionalidad, basada en una licencia de conducir con las mismas categor\u00edas\/subcategor\u00edas de derecho a conducir, y es v\u00e1lida fuera de Georgia en el territorio de los<\/p>\n<p>pa\u00edses participantes de la Convenci\u00f3n de Viena sobre Tr\u00e1fico Vial del 8 de noviembre de 1968 (en 88 pa\u00edses).<\/p>\n<p>La licencia de conducir internacional es un documento elaborado de acuerdo con el Anexo No. 7 de la Convenci\u00f3n de Viena sobre Tr\u00e1fico Vial.<\/p>\n<\/article>\n","protected":false},"excerpt":{"rendered":"<p>Definici\u00f3n de la licencia de conducir La licencia de conducir es un documento oficial emitido por las autoridades competentes de Georgia, que confirma el derecho del titular a operar ciertas categor\u00edas de veh\u00edculos en el territorio de Georgia. Para reemplazar la licencia de conducir en la organizaci\u00f3n de servicio, es necesario presentar los siguientes documentos: &#8230; <a title=\"Permiso de conducir. P\u00e9rdida. Recuperaci\u00f3n.\" class=\"read-more\" href=\"https:\/\/documents.ge\/es\/permiso-de-conducir-perdida-recuperacion\/\" aria-label=\"Leer m\u00e1s sobre Permiso de conducir. P\u00e9rdida. Recuperaci\u00f3n.\">\u0427\u0438\u0442\u0430\u0442\u044c \u0434\u0430\u043b\u0435\u0435<\/a><\/p>\n","protected":false},"author":1,"featured_media":0,"parent":0,"menu_order":0,"comment_status":"closed","ping_status":"closed","template":"","meta":{"_acf_changed":false,"_monsterinsights_skip_tracking":false,"_monsterinsights_sitenote_active":false,"_monsterinsights_sitenote_note":"","_monsterinsights_sitenote_category":0,"footnotes":""},"yst_prominent_words":[],"class_list":["post-308","page","type-page","status-publish"],"acf":[],"_links":{"self":[{"href":"https:\/\/documents.ge\/es\/wp-json\/wp\/v2\/pages\/308","targetHints":{"allow":["GET"]}}],"collection":[{"href":"https:\/\/documents.ge\/es\/wp-json\/wp\/v2\/pages"}],"about":[{"href":"https:\/\/documents.ge\/es\/wp-json\/wp\/v2\/types\/page"}],"author":[{"embeddable":true,"href":"https:\/\/documents.ge\/es\/wp-json\/wp\/v2\/users\/1"}],"replies":[{"embeddable":true,"href":"https:\/\/documents.ge\/es\/wp-json\/wp\/v2\/comments?post=308"}],"version-history":[{"count":0,"href":"https:\/\/documents.ge\/es\/wp-json\/wp\/v2\/pages\/308\/revisions"}],"wp:attachment":[{"href":"https:\/\/documents.ge\/es\/wp-json\/wp\/v2\/media?parent=308"}],"wp:term":[{"taxonomy":"yst_prominent_words","embeddable":true,"href":"https:\/\/documents.ge\/es\/wp-json\/wp\/v2\/yst_prominent_words?post=308"}],"curies":[{"name":"wp","href":"https:\/\/api.w.org\/{rel}","templated":true}]}}