{"id":309,"date":"2025-04-06T01:37:35","date_gmt":"2025-04-05T22:37:35","guid":{"rendered":"https:\/\/documents.ge\/es\/certificado-de-antecedentes-penales-georgia\/"},"modified":"2025-04-06T01:37:35","modified_gmt":"2025-04-05T22:37:35","slug":"certificado-de-antecedentes-penales-georgia","status":"publish","type":"page","link":"https:\/\/documents.ge\/es\/certificado-de-antecedentes-penales-georgia\/","title":{"rendered":"Certificado de antecedentes penales &#8211; Georgia"},"content":{"rendered":"<p><strong><dfn>Certificado de antecedentes penales (certificado de ausencia de antecedentes penales)<\/dfn><\/strong> \u2014 un certificado que confirma que un ciudadano de Georgia o un extranjero no tiene antecedentes penales en este momento y no est\u00e1 siendo buscado.<\/p>\n<p><p>El certificado de antecedentes penales (certificado de ausencia de antecedentes penales) puede ser necesario para varios prop\u00f3sitos en Georgia, incluyendo:    <\/p>\n<\/p>\n<p><p><dfn style=\"font-size: inherit; background-color: var(--base-3); color: var(--contrast);\">Obtenci\u00f3n de residencia<\/dfn><span style=\"font-size: inherit; background-color: var(--base-3); color: var(--contrast);\"> o ciudadan\u00eda.    <\/span><\/p>\n<\/p>\n<p><p><dfn style=\"font-size: inherit; background-color: var(--base-3); color: var(--contrast);\">Empleo<\/dfn><span style=\"font-size: inherit; background-color: var(--base-3); color: var(--contrast);\">, especialmente en instituciones gubernamentales o empresas que requieren verificaci\u00f3n de antecedentes. <\/span><\/p>\n<\/p>\n<p><p><dfn style=\"font-size: inherit; color: var(--contrast); background-color: var(--base-3);\">Participaci\u00f3n en licitaciones y concursos<\/dfn><span style=\"font-size: inherit; color: var(--contrast); background-color: var(--base-3);\">.<\/span><\/p>\n<\/p>\n<p><p><dfn style=\"font-size: inherit; color: var(--contrast); background-color: var(--base-3);\">Obtenci\u00f3n de ciudadan\u00eda de otro pa\u00eds, residencia (RNT) o visa<\/dfn><span style=\"font-size: inherit; color: var(--contrast); background-color: var(--base-3);\"> para viajar a otros pa\u00edses.<\/span><\/p>\n<\/p>\n<p><p><dfn style=\"font-size: inherit; color: var(--contrast); background-color: var(--base-3);\">Participaci\u00f3n en programas de intercambio internacional<\/dfn><span style=\"font-size: inherit; color: var(--contrast); background-color: var(--base-3);\"> y programas educativos.<\/span><\/p>\n<\/p>\n<p><p><dfn style=\"font-size: inherit; color: var(--contrast); background-color: var(--base-3);\">Adopci\u00f3n o tutela<\/dfn><span style=\"font-size: inherit; color: var(--contrast); background-color: var(--base-3);\"> de ni\u00f1os.<\/span><\/p>\n<\/p>\n<p><p><dfn style=\"font-size: inherit; color: var(--contrast); background-color: var(--base-3);\">Obtenci\u00f3n de licencias y permisos<\/dfn><span style=\"font-size: inherit; color: var(--contrast); background-color: var(--base-3);\">, como una licencia para portar armas.<\/span><\/p>\n<p><\/p>\n","protected":false},"excerpt":{"rendered":"<p>Certificado de antecedentes penales (certificado de ausencia de antecedentes penales) \u2014 un certificado que confirma que un ciudadano de Georgia o un extranjero no tiene antecedentes penales en este momento y no est\u00e1 siendo buscado. El certificado de antecedentes penales (certificado de ausencia de antecedentes penales) puede ser necesario para varios prop\u00f3sitos en Georgia, incluyendo: &#8230; <a title=\"Certificado de antecedentes penales &#8211; Georgia\" class=\"read-more\" href=\"https:\/\/documents.ge\/es\/certificado-de-antecedentes-penales-georgia\/\" aria-label=\"Leer m\u00e1s sobre Certificado de antecedentes penales &#8211; Georgia\">\u0427\u0438\u0442\u0430\u0442\u044c \u0434\u0430\u043b\u0435\u0435<\/a><\/p>\n","protected":false},"author":1,"featured_media":0,"parent":0,"menu_order":0,"comment_status":"closed","ping_status":"closed","template":"","meta":{"_acf_changed":false,"_monsterinsights_skip_tracking":false,"_monsterinsights_sitenote_active":false,"_monsterinsights_sitenote_note":"","_monsterinsights_sitenote_category":0,"footnotes":""},"yst_prominent_words":[],"class_list":["post-309","page","type-page","status-publish"],"acf":[],"_links":{"self":[{"href":"https:\/\/documents.ge\/es\/wp-json\/wp\/v2\/pages\/309","targetHints":{"allow":["GET"]}}],"collection":[{"href":"https:\/\/documents.ge\/es\/wp-json\/wp\/v2\/pages"}],"about":[{"href":"https:\/\/documents.ge\/es\/wp-json\/wp\/v2\/types\/page"}],"author":[{"embeddable":true,"href":"https:\/\/documents.ge\/es\/wp-json\/wp\/v2\/users\/1"}],"replies":[{"embeddable":true,"href":"https:\/\/documents.ge\/es\/wp-json\/wp\/v2\/comments?post=309"}],"version-history":[{"count":0,"href":"https:\/\/documents.ge\/es\/wp-json\/wp\/v2\/pages\/309\/revisions"}],"wp:attachment":[{"href":"https:\/\/documents.ge\/es\/wp-json\/wp\/v2\/media?parent=309"}],"wp:term":[{"taxonomy":"yst_prominent_words","embeddable":true,"href":"https:\/\/documents.ge\/es\/wp-json\/wp\/v2\/yst_prominent_words?post=309"}],"curies":[{"name":"wp","href":"https:\/\/api.w.org\/{rel}","templated":true}]}}