{"id":310,"date":"2025-04-06T01:39:16","date_gmt":"2025-04-05T22:39:16","guid":{"rendered":"https:\/\/documents.ge\/es\/certificado-de-solteria-sobre-el-estado-civil-georgia\/"},"modified":"2025-04-06T01:39:16","modified_gmt":"2025-04-05T22:39:16","slug":"certificado-de-solteria-sobre-el-estado-civil-georgia","status":"publish","type":"page","link":"https:\/\/documents.ge\/es\/certificado-de-solteria-sobre-el-estado-civil-georgia\/","title":{"rendered":"Certificado de solter\u00eda. Sobre el estado civil. Georgia."},"content":{"rendered":"<p><script type=\"application\/ld+json\">\n    {\n      \"@context\": \"https:\/\/schema.org\",\n      \"@type\": \"Article\",\n      \"headline\": \"Certificado de estado civil\",\n      \"description\": \"El certificado de estado civil es necesario para confirmar su estado familiar. Este documento puede ser requerido en diversas situaciones.\",\n      \"articleBody\": \"El certificado de estado civil es necesario para confirmar su estado familiar. Este documento puede ser requerido en diversas situaciones, por ejemplo:\\n\\n1. Registro de matrimonio: En algunos pa\u00edses y jurisdicciones se requiere confirmaci\u00f3n de que no est\u00e1 casado al momento de registrar un nuevo matrimonio.\\n2. Divorcio: En caso de divorcio, puede requerirse un certificado que confirme que est\u00e1 oficialmente divorciado.\\n3. Emigraci\u00f3n e inmigraci\u00f3n: Al solicitar visas o emigraci\u00f3n, pueden requerirse documentos que confirmen su estado civil.\\n4. Asuntos hereditarios: Para tramitar una herencia puede requerirse confirmaci\u00f3n de su estado familiar.\\n5. Adopci\u00f3n o tutela: En procesos de adopci\u00f3n o tutela pueden solicitar confirmaci\u00f3n de su situaci\u00f3n familiar.\\n6. Tr\u00e1mites de cr\u00e9ditos e hipotecas: Algunos bancos e instituciones financieras pueden solicitar este certificado para verificar su solvencia crediticia.\\n7. Trabajo y estudio en el extranjero: Al emplearse o ingresar a instituciones educativas en el extranjero pueden requerirse documentos que confirmen su estado civil.\\n\\nEste certificado ayuda a las autoridades e instituciones oficiales a verificar la exactitud de los datos proporcionados sobre su situaci\u00f3n familiar.\"\n    }\n    <\/script><\/p>\n<article>\n<header>\n<h2>Definici\u00f3n del certificado de estado civil<\/h2>\n<\/header>\n<section><dfn>Certificado de estado civil (de solter\u00eda)<\/dfn> \u2014 es un certificado emitido por una autoridad oficial de Georgia (Casa de Justicia), que indica que una persona no est\u00e1 casada, especificando su estado \u2014 soltero (soltera) o no casado (no casada).<\/section>\n<\/article>\n<article>\n<header>\n<h2>Obtenci\u00f3n del certificado de estado civil<\/h2>\n<\/header>\n<section>En caso de que haya contra\u00eddo matrimonio en Georgia pero haya realizado el proceso de divorcio en otro pa\u00eds, para obtener este certificado deber\u00e1 presentar, a trav\u00e9s de nuestro abogado, el acta de divorcio con traducci\u00f3n al georgiano, elaborada seg\u00fan la legislaci\u00f3n de Georgia \u2014 del nuevo modelo, con sellos y firmas visibles (puede requerirse apostilla o legalizaci\u00f3n consular).<\/section>\n<\/article>\n<article>\n<p>El certificado de estado civil es necesario para confirmar su estado familiar. Este documento puede ser requerido en diversas situaciones, por ejemplo:<\/p>\n<ul>\n<li><strong>Registro de matrimonio<\/strong>: En algunos pa\u00edses y jurisdicciones se requiere confirmaci\u00f3n de que no est\u00e1 casado al momento de registrar un nuevo matrimonio.<\/li>\n<li><strong>Divorcio<\/strong>: En caso de divorcio, puede requerirse un certificado que confirme que est\u00e1 oficialmente divorciado.<\/li>\n<li><strong>Emigraci\u00f3n e inmigraci\u00f3n<\/strong>: Al solicitar visas o emigraci\u00f3n, pueden requerirse documentos que confirmen su estado civil.<\/li>\n<li><strong>Asuntos hereditarios<\/strong>: Para tramitar una herencia puede requerirse confirmaci\u00f3n de su estado familiar.<\/li>\n<li><strong>Adopci\u00f3n o tutela<\/strong>: En procesos de adopci\u00f3n o tutela pueden solicitar confirmaci\u00f3n de su situaci\u00f3n familiar.<\/li>\n<li><strong>Tr\u00e1mites de cr\u00e9ditos e hipotecas<\/strong>: Algunos bancos e instituciones financieras pueden solicitar este certificado para verificar su solvencia crediticia.<\/li>\n<li><strong>Trabajo y estudio en el extranjero<\/strong>: Al emplearse o ingresar a instituciones educativas en el extranjero pueden requerirse documentos que confirmen su estado civil.<\/li>\n<\/ul>\n<p>Este certificado ayuda a las autoridades e instituciones oficiales a verificar la exactitud de los datos proporcionados sobre su situaci\u00f3n familiar.<\/p>\n<\/article>\n<article>\n<p>Para contraer matrimonio o para recibir beneficios en el extranjero, puede necesitar un documento que confirme su estado civil \u2014 certificado de solter\u00eda.<\/p>\n<p>En Georgia, el certificado que indica que no est\u00e1 casado se denomina hoja informativa.<\/p>\n<p>Ejemplo de certificado que indica que no est\u00e1 casado:<\/p>\n<figure class=\"wp-block-image\"><img alt=\"Hoja informativa en Georgia. Sobre la inexistencia del matrimonio.\" class=\"wp-image-110 lazyload\" data-src=\"https:\/\/documents.ge\/wp-content\/uploads\/2019\/03\/%D1%81%D0%BF%D1%80%D0%B0%D0%B2%D0%BA%D0%B0-%D0%BE-%D0%BD%D0%B5%D1%81%D0%BE%D1%81%D1%82%D0%BE%D1%8F%D0%BD%D0%B8%D0%B8-%D0%B2-%D0%B1%D1%80%D0%B0%D0%BA%D0%B5-743x1024.jpg\" decoding=\"async\" src=\"data:image\/gif;base64,R0lGODlhAQABAAAAACH5BAEKAAEALAAAAAABAAEAAAICTAEAOw==\" style=\"--smush-placeholder-width: 743px; --smush-placeholder-aspect-ratio: 743\/1024;\"\/><figcaption class=\"wp-element-caption\">Hoja informativa o certificado que indica que no est\u00e1 casado<\/figcaption><\/figure>\n<p>\u00bfQu\u00e9 se indicar\u00e1 en el certificado de solter\u00eda? La informaci\u00f3n m\u00e1s importante sobre el estado civil de una persona es aquella que confirma que est\u00e1 divorciado, viudo (viuda) o que nunca ha estado casado.<\/p>\n<p>Los requisitos sobre la validez del certificado de solter\u00eda (hoja informativa, certificado de solter\u00eda) var\u00edan mucho. En algunos pa\u00edses, un certificado emitido hace seis meses es v\u00e1lido, mientras que en otros no debe tener m\u00e1s de un mes.<\/p>\n<p>Debe planificar con anticipaci\u00f3n la obtenci\u00f3n de este documento en Georgia. El proceso tomar\u00e1 tiempo: preparaci\u00f3n del poder, env\u00edo, obtenci\u00f3n del certificado de solter\u00eda en Georgia, su legalizaci\u00f3n si es necesaria, apostilla si es requerida y traducci\u00f3n.<\/p>\n<\/article>\n<article>\n<h2>Certificado de estado civil en la venta de una participaci\u00f3n<\/h2>\n<p>Al vender una participaci\u00f3n (parte del capital social o activo, por ejemplo, en una cooperativa o fondo de inversi\u00f3n), el certificado de estado civil puede ser requerido para varios prop\u00f3sitos:<\/p>\n<ul>\n<li><strong>Confirmaci\u00f3n del derecho a vender<\/strong>: Si la participaci\u00f3n fue adquirida durante el matrimonio, se requerir\u00e1 prueba del consentimiento del c\u00f3nyuge para la venta, especialmente si el r\u00e9gimen de propiedad es conjunto. El certificado de estado civil puede confirmar que el vendedor no est\u00e1 casado o proporcionar informaci\u00f3n sobre su estado marital.<\/li>\n<li><strong>Tramitaci\u00f3n legal de la transacci\u00f3n<\/strong>: Un notario u otro \u00f3rgano legal puede solicitar el certificado para confirmar que el vendedor no tiene impedimentos legales para realizar la transacci\u00f3n.<\/li>\n<li><strong>Cumplimiento de normas internas de la organizaci\u00f3n<\/strong>: Algunas cooperativas o fondos pueden tener normas internas que requieran confirmaci\u00f3n del estado civil al vender una participaci\u00f3n, para asegurar que la transacci\u00f3n es legal y acordada por todas las partes interesadas.<\/li>\n<li><strong>Aspectos fiscales y legales<\/strong>: Para el c\u00e1lculo correcto de impuestos y el cumplimiento de obligaciones legales, puede requerirse confirmaci\u00f3n del estado familiar del vendedor.<\/li>\n<\/ul>\n<p>As\u00ed, el certificado de estado civil garantiza la legalidad de la transacci\u00f3n y protege los intereses de todos los participantes en el proceso de venta de la participaci\u00f3n.<\/p>\n<\/article>\n","protected":false},"excerpt":{"rendered":"<p>Definici\u00f3n del certificado de estado civil Certificado de estado civil (de solter\u00eda) \u2014 es un certificado emitido por una autoridad oficial de Georgia (Casa de Justicia), que indica que una persona no est\u00e1 casada, especificando su estado \u2014 soltero (soltera) o no casado (no casada). Obtenci\u00f3n del certificado de estado civil En caso de que &#8230; <a title=\"Certificado de solter\u00eda. Sobre el estado civil. Georgia.\" class=\"read-more\" href=\"https:\/\/documents.ge\/es\/certificado-de-solteria-sobre-el-estado-civil-georgia\/\" aria-label=\"Leer m\u00e1s sobre Certificado de solter\u00eda. Sobre el estado civil. Georgia.\">\u0427\u0438\u0442\u0430\u0442\u044c \u0434\u0430\u043b\u0435\u0435<\/a><\/p>\n","protected":false},"author":1,"featured_media":0,"parent":0,"menu_order":0,"comment_status":"closed","ping_status":"closed","template":"","meta":{"_acf_changed":false,"_monsterinsights_skip_tracking":false,"_monsterinsights_sitenote_active":false,"_monsterinsights_sitenote_note":"","_monsterinsights_sitenote_category":0,"footnotes":""},"yst_prominent_words":[],"class_list":["post-310","page","type-page","status-publish"],"acf":[],"_links":{"self":[{"href":"https:\/\/documents.ge\/es\/wp-json\/wp\/v2\/pages\/310","targetHints":{"allow":["GET"]}}],"collection":[{"href":"https:\/\/documents.ge\/es\/wp-json\/wp\/v2\/pages"}],"about":[{"href":"https:\/\/documents.ge\/es\/wp-json\/wp\/v2\/types\/page"}],"author":[{"embeddable":true,"href":"https:\/\/documents.ge\/es\/wp-json\/wp\/v2\/users\/1"}],"replies":[{"embeddable":true,"href":"https:\/\/documents.ge\/es\/wp-json\/wp\/v2\/comments?post=310"}],"version-history":[{"count":0,"href":"https:\/\/documents.ge\/es\/wp-json\/wp\/v2\/pages\/310\/revisions"}],"wp:attachment":[{"href":"https:\/\/documents.ge\/es\/wp-json\/wp\/v2\/media?parent=310"}],"wp:term":[{"taxonomy":"yst_prominent_words","embeddable":true,"href":"https:\/\/documents.ge\/es\/wp-json\/wp\/v2\/yst_prominent_words?post=310"}],"curies":[{"name":"wp","href":"https:\/\/api.w.org\/{rel}","templated":true}]}}