{"id":311,"date":"2025-04-06T01:42:17","date_gmt":"2025-04-05T22:42:17","guid":{"rendered":"https:\/\/documents.ge\/es\/certificado-de-divorcio-georgia\/"},"modified":"2025-04-06T01:42:17","modified_gmt":"2025-04-05T22:42:17","slug":"certificado-de-divorcio-georgia","status":"publish","type":"page","link":"https:\/\/documents.ge\/es\/certificado-de-divorcio-georgia\/","title":{"rendered":"Certificado de divorcio &#8211; Georgia"},"content":{"rendered":"<p><span style=\"color: var(--contrast); font-family: inherit; font-size: 35px; font-style: inherit; background-color: var(--base-3);\">\u00bfQu\u00e9 es un certificado de divorcio?<\/span><\/p>\n<article>\n<section>\n<p><strong>El certificado de divorcio (o certificado de disoluci\u00f3n matrimonial)<\/strong> es un documento oficial emitido por los \u00f3rganos de registro civil en Georgia, que confirma la disoluci\u00f3n del matrimonio entre dos personas. En el certificado se indican los datos b\u00e1sicos de los exc\u00f3nyuges, la fecha y el lugar del divorcio, as\u00ed como el n\u00famero de registro del acta de divorcio.<\/p>\n<\/section>\n<section>\n<h2>Proceso de obtenci\u00f3n del certificado de divorcio<\/h2>\n<p>Para obtener un certificado de divorcio en Georgia, es necesario presentar una solicitud ante el \u00f3rgano correspondiente de registro civil. La solicitud debe ir acompa\u00f1ada de los documentos necesarios, como:<\/p>\n<ul>\n<li>Pasaportes de ambos c\u00f3nyuges<\/li>\n<li>Certificado de matrimonio<\/li>\n<li>Sentencia judicial de divorcio (si aplica)<\/li>\n<\/ul>\n<p>Despu\u00e9s de procesar la solicitud y verificar los documentos, el \u00f3rgano de registro civil emitir\u00e1 el certificado de divorcio.<\/p>\n<\/section>\n<section>\n<h2>Importancia del certificado de divorcio<\/h2>\n<p>El certificado de divorcio es necesario para confirmar oficialmente la disoluci\u00f3n del matrimonio y puede ser requerido para diversos tr\u00e1mites legales y administrativos, como el cambio de apellido, la tramitaci\u00f3n de herencias, un nuevo matrimonio, etc.<\/p>\n<\/section>\n<\/article>\n<p>La obtenci\u00f3n de un certificado de divorcio o su duplicado en Georgia suele tardar hasta dos semanas. Existe la posibilidad de un tr\u00e1mite acelerado en 1-2 d\u00edas laborables con una tarifa m\u00e1s alta. La velocidad de obtenci\u00f3n del documento depende de las preferencias individuales del cliente.<\/p>\n<h3 class=\"wp-block-heading\"><strong>Texto del certificado de divorcio georgiano. Qu\u00e9 se escribe en el certificado de divorcio en Georgia<\/strong>. En georgiano<\/h3>\n<article>\n<section>\n<table border=\"1\">\n<tbody>\n<tr>\n<td>\u10e1\u10d0\u10ee\u10d4\u10da\u10d8<\/td>\n<td>\u25a0\u25a0\u25a0\u25a0\u25a0<\/td>\n<\/tr>\n<tr>\n<td>\u10d2\u10d5\u10d0\u10e0\u10d8<\/td>\n<td>\u25a0\u25a0\u25a0\u25a0\u25a0\u25a0\u25a0\u25a0\u25a0\u25a0<\/td>\n<\/tr>\n<tr>\n<td>\u10de\u10d8\u10e0\u10d0\u10d3\u10d8 \u10dc\u10dd\u10db\u10d4\u10e0\u10d8<\/td>\n<td>\u25a0\u25a0\u25a0\u25a0\u25a0\u25a0\u25a0\u25a0\u25a0\u25a0<\/td>\n<\/tr>\n<tr>\n<td>\u10db\u10dd\u10e5\u10d0\u10da\u10d0\u10e5\u10d4\u10dd\u10d1\u10d0<\/td>\n<td>\u10e1\u10d0\u10e5\u10d0\u10e0\u10d7\u10d5\u10d4\u10da\u10dd<\/td>\n<\/tr>\n<tr>\n<td>\u10e1\u10d0\u10ee\u10d4\u10da\u10d8<\/td>\n<td>\u25a0\u25a0\u25a0\u25a0\u25a0<\/td>\n<\/tr>\n<tr>\n<td>\u10d2\u10d5\u10d0\u10e0\u10d8<\/td>\n<td>\u25a0\u25a0\u25a0\u25a0\u25a0\u25a0\u25a0\u25a0\u25a0\u25a0<\/td>\n<\/tr>\n<tr>\n<td>\u10de\u10d8\u10e0\u10d0\u10d3\u10d8 \u10dc\u10dd\u10db\u10d4\u10e0\u10d8<\/td>\n<td>\u25a0\u25a0\u25a0\u25a0\u25a0\u25a0\u25a0\u25a0\u25a0\u25a0<\/td>\n<\/tr>\n<tr>\n<td>\u10db\u10dd\u10e5\u10d0\u10da\u10d0\u10e5\u10d4\u10dd\u10d1\u10d0<\/td>\n<td>\u10e1\u10d0\u10e5\u10d0\u10e0\u10d7\u10d5\u10d4\u10da\u10dd<\/td>\n<\/tr>\n<tr>\n<td>\u10d3\u10d0\u10d1\u10d0\u10d3\u10d4\u10d1\u10d8\u10e1 \u10d7\u10d0\u10e0\u10d8\u10e6\u10d8<\/td>\n<td>14 \u10e1\u10d4\u10e5\u10e2\u10d4\u10db\u10d1\u10d4\u10e0\u10d8 1966 \u10ec\u10d4\u10da\u10d8<\/td>\n<\/tr>\n<tr>\n<td>\u10d3\u10d0\u10d1\u10d0\u10d3\u10d4\u10d1\u10d8\u10e1 \u10d7\u10d0\u10e0\u10d8\u10e6\u10d8<\/td>\n<td>17 \u10d0\u10de\u10e0\u10d8\u10da\u10d8 1961 \u10ec\u10d4\u10da\u10d8<\/td>\n<\/tr>\n<tr>\n<td>\u10d2\u10d0\u10dc\u10e5\u10dd\u10e0\u10ec\u10d8\u10dc\u10d4\u10d1\u10d8\u10e1 \u10e0\u10d4\u10d2\u10d8\u10e1\u10e2\u10e0\u10d0\u10ea\u10d8\u10d8\u10e1 \u10d7\u10d0\u10e0\u10d8\u10e6\u10d8<\/td>\n<td>7 \u10dc\u10dd\u10d4\u10db\u10d1\u10d4\u10e0\u10d8 2023 \u10ec\u10d4\u10da\u10d8<\/td>\n<\/tr>\n<tr>\n<td>\u10d0\u10e5\u10e2\u10d8\u10e1 \u10e9\u10d0\u10dc\u10d0\u10ec\u10d4\u10e0\u10d8<\/td>\n<td>7 \u10dc\u10dd\u10d4\u10db\u10d1\u10d4\u10e0\u10d8 2023 \u10ec\u10d4\u10da\u10d8<\/td>\n<\/tr>\n<tr>\n<td>\u10e5\u10dd\u10e0\u10ec\u10d8\u10dc\u10d4\u10d1\u10d8\u10e1 \u10e8\u10d4\u10ec\u10e7\u10d5\u10d4\u10e2\u10d8\u10e1 \u10d7\u10d0\u10e0\u10d8\u10e6\u10d8<\/td>\n<td>7 \u10dc\u10dd\u10d4\u10db\u10d1\u10d4\u10e0\u10d8 2023 \u10ec\u10d4\u10da\u10d8<\/td>\n<\/tr>\n<tr>\n<td>\u10db\u10dd\u10ec\u10db\u10dd\u10d1\u10d8\u10e1 N<\/td>\n<td>\u25a0\u25a0\u25a0\u25a0\u25a0\u25a0\u25a0\u25a0\u25a0\u25a0<\/td>\n<\/tr>\n<tr>\n<td>\u10db\u10dd\u10ec\u10db\u10dd\u10d1\u10d8\u10e1 \u10d2\u10d0\u10db\u10ea\u10d4\u10db\u10d8 \u10dd\u10e0\u10d2\u10d0\u10dc\u10dd<\/td>\n<td>\u10e1\u10e1\u10d2\u10e1 \u10d7\u10d1\u10d8\u10da\u10d8\u10e1\u10d8\u10e1 \u10e1\u10d0\u10db\u10dd\u10e5\u10d0\u10da\u10d0\u10e5\u10dd \u10e0\u10d4\u10d4\u10e1\u10e2\u10e0\u10d8\u10e1 \u10e1\u10d0\u10db\u10e1\u10d0\u10ee\u10e3\u10e0\u10d8<\/td>\n<\/tr>\n<tr>\n<td>\u10e3\u10e4\u10da\u10d4\u10d1\u10d0\u10db\u10dd\u10e1\u10d8\u10da\u10d8 \u10de\u10d8\u10e0\u10d8<\/td>\n<td>\u25a0\u25a0\u25a0\u25a0\u25a0\u25a0\u25a0\u25a0\u25a0\u25a0<\/td>\n<\/tr>\n<\/tbody>\n<\/table>\n<\/section>\n<\/article>\n<h3 class=\"wp-block-heading\"><strong>Certificado de divorcio de Georgia en ruso. Traducci\u00f3n del certificado al ruso<\/strong><\/h3>\n<p><strong>Tenga en cuenta que el certificado de divorcio en Georgia se emite \u00fanicamente en georgiano. <\/strong><\/p>\n<h3 class=\"wp-block-heading\">Rep\u00fablica de Georgia<\/h3>\n<h3 class=\"wp-block-heading\">Certificado de divorcio<\/h3>\n<figure class=\"wp-block-table\">\n<table>\n<tbody>\n<tr>\n<td>Nombre<\/td>\n<td>\u25a0\u25a0\u25a0\u25a0\u25a0<\/td>\n<\/tr>\n<tr>\n<td>Apellido<\/td>\n<td>\u25a0\u25a0\u25a0\u25a0\u25a0\u25a0\u25a0\u25a0\u25a0\u25a0<\/td>\n<\/tr>\n<tr>\n<td>N\u00famero personal<\/td>\n<td>\u25a0\u25a0\u25a0\u25a0\u25a0\u25a0\u25a0\u25a0\u25a0\u25a0<\/td>\n<\/tr>\n<tr>\n<td>Nacionalidad<\/td>\n<td>Georgia<\/td>\n<\/tr>\n<tr>\n<td>Nombre<\/td>\n<td>\u25a0\u25a0\u25a0\u25a0\u25a0<\/td>\n<\/tr>\n<tr>\n<td>Apellido<\/td>\n<td>\u25a0\u25a0\u25a0\u25a0\u25a0\u25a0\u25a0\u25a0\u25a0\u25a0<\/td>\n<\/tr>\n<tr>\n<td>N\u00famero personal<\/td>\n<td>\u25a0\u25a0\u25a0\u25a0\u25a0\u25a0\u25a0\u25a0\u25a0\u25a0<\/td>\n<\/tr>\n<tr>\n<td>Nacionalidad<\/td>\n<td>Georgia<\/td>\n<\/tr>\n<tr>\n<td>Fecha de nacimiento<\/td>\n<td>14 de septiembre de 1966<\/td>\n<\/tr>\n<tr>\n<td>Fecha de nacimiento<\/td>\n<td>17 de abril de 1961<\/td>\n<\/tr>\n<tr>\n<td>Fecha de registro del divorcio<\/td>\n<td>7 de noviembre de 2023<\/td>\n<\/tr>\n<tr>\n<td>Registro del acta<\/td>\n<td>7 de noviembre de 2023<\/td>\n<\/tr>\n<tr>\n<td>Fecha de disoluci\u00f3n del matrimonio<\/td>\n<td>7 de noviembre de 2023<\/td>\n<\/tr>\n<tr>\n<td>N\u00famero del certificado<\/td>\n<td>\u25a0\u25a0\u25a0\u25a0\u25a0\u25a0\u25a0\u25a0\u25a0\u25a0<\/td>\n<\/tr>\n<tr>\n<td>\u00d3rgano emisor del certificado<\/td>\n<td>Oficina del Registro Civil de Tiflis<\/td>\n<\/tr>\n<tr>\n<td>Persona autorizada<\/td>\n<td>\u25a0\u25a0\u25a0\u25a0\u25a0\u25a0\u25a0\u25a0\u25a0\u25a0<\/td>\n<\/tr>\n<\/tbody>\n<\/table>\n<\/figure>\n<p><strong><span style=\"text-decoration: underline;\">\u00a1Atenci\u00f3n!<\/span> En el certificado de matrimonio de Georgia, como en la mayor\u00eda de los pa\u00edses del mundo, <span style=\"text-decoration: underline;\">NO SE ESCRIBE EL PATRON\u00cdMICO<\/span> de los c\u00f3nyuges. No hay patron\u00edmicos en los certificados georgianos, y no lo exija.<\/strong><\/p>\n<div class=\"gb-container gb-container-41368809\">\n<p><strong><span style=\"text-decoration: underline;\">\u00a1Atenci\u00f3n!<\/span> En el certificado de nacimiento georgiano, como en la mayor\u00eda de los pa\u00edses del mundo, <span style=\"text-decoration: underline;\">NO SE ESCRIBE LA NACIONALIDAD<\/span> ni de los padres ni del reci\u00e9n nacido. <span style=\"text-decoration: underline;\">Si necesita un documento aparte sobre la nacionalidad, contacte con nuestra agencia.<\/span><\/strong><\/p>\n<\/div>\n<p><span style=\"text-decoration: underline;\"><em>Puede referirse al certificado de divorcio de la antigua Uni\u00f3n Sovi\u00e9tica, donde se indicaban el patron\u00edmico y la nacionalidad. Tenga en cuenta que <strong>el formato del certificado ha cambiado y se emite seg\u00fan el modelo aprobado legalmente en Georgia.<\/strong><\/em><\/span><\/p>\n<h3 class=\"wp-block-heading\"><strong>Ejemplo: certificado de divorcio de Georgia. C\u00f3mo es un certificado de disoluci\u00f3n matrimonial de Georgia<\/strong><\/h3>\n<figure class=\"wp-block-image size-full\"><img alt=\"Certificado de divorcio o certificado de disoluci\u00f3n matrimonial de Georgia. Documento de nuevo modelo.\" class=\"wp-image-521 lazyload\" data-sizes=\"(max-width: 900px) 100vw, 900px\" data-src=\"https:\/\/documents.ge\/wp-content\/uploads\/2024\/08\/\u0421\u0432\u0438\u0434\u0435\u0442\u0435\u043b\u044c\u0441\u0442\u0432\u043e-\u043e-\u0440\u0430\u0437\u0432\u043e\u0434\u0435-\u0413\u0440\u0443\u0437\u0438\u044f.png\" data-srcset=\"https:\/\/documents.ge\/wp-content\/uploads\/2024\/08\/\u0421\u0432\u0438\u0434\u0435\u0442\u0435\u043b\u044c\u0441\u0442\u0432\u043e-\u043e-\u0440\u0430\u0437\u0432\u043e\u0434\u0435-\u0413\u0440\u0443\u0437\u0438\u044f.png 900w, https:\/\/documents.ge\/wp-content\/uploads\/2024\/08\/\u0421\u0432\u0438\u0434\u0435\u0442\u0435\u043b\u044c\u0441\u0442\u0432\u043e-\u043e-\u0440\u0430\u0437\u0432\u043e\u0434\u0435-\u0413\u0440\u0443\u0437\u0438\u044f-212x300.png 212w, https:\/\/documents.ge\/wp-content\/uploads\/2024\/08\/\u0421\u0432\u0438\u0434\u0435\u0442\u0435\u043b\u044c\u0441\u0442\u0432\u043e-\u043e-\u0440\u0430\u0437\u0432\u043e\u0434\u0435-\u0413\u0440\u0443\u0437\u0438\u044f-725x1024.png 725w, https:\/\/documents.ge\/wp-content\/uploads\/2024\/08\/\u0421\u0432\u0438\u0434\u0435\u0442\u0435\u043b\u044c\u0441\u0442\u0432\u043e-\u043e-\u0440\u0430\u0437\u0432\u043e\u0434\u0435-\u0413\u0440\u0443\u0437\u0438\u044f-768x1085.png 768w\" decoding=\"async\" height=\"1272\" src=\"data:image\/gif;base64,R0lGODlhAQABAAAAACH5BAEKAAEALAAAAAABAAEAAAICTAEAOw==\" style=\"--smush-placeholder-width: 900px; --smush-placeholder-aspect-ratio: 900\/1272;\" title=\"Certificado de divorcio de Georgia\" width=\"900\"\/><figcaption class=\"wp-element-caption\">El certificado de divorcio se emite sin sello h\u00famedo ni firma. Este certificado de disoluci\u00f3n matrimonial en Georgia se firma con una firma digital del funcionario. Nuestra agencia obtiene adicionalmente un sello h\u00famedo azul en este documento con la fecha de emisi\u00f3n y la firma del funcionario<\/figcaption><\/figure>\n<h3 class=\"wp-block-heading\">El certificado de divorcio es necesario para:<\/h3>\n<ul class=\"wp-block-list\">\n<li>Confirmar el hecho de la disoluci\u00f3n del matrimonio<\/li>\n<li>Tramitar la ciudadan\u00eda de Georgia u otros pa\u00edses<\/li>\n<li>Utilizarlo como documento que acredite el estado civil<\/li>\n<li>Obtener un permiso de residencia en Georgia o en el extranjero<\/li>\n<li>Confirmar el cambio de estado civil en diversos documentos<\/li>\n<li>Tramitar herencias<\/li>\n<li>Adopci\u00f3n o tutela<\/li>\n<li>Obtener beneficios y servicios sociales<\/li>\n<\/ul>\n<h3 class=\"wp-block-heading\">El certificado de divorcio se requiere en los siguientes casos:<\/h3>\n<ul class=\"wp-block-list\">\n<li>Contraer un nuevo matrimonio<\/li>\n<li>Tramitar la pensi\u00f3n<\/li>\n<li>Procedimientos de inmigraci\u00f3n y emigraci\u00f3n<\/li>\n<li>Cambio de apellido u otros datos en documentos<\/li>\n<li>Registro de derechos sobre propiedades<\/li>\n<\/ul>\n<h3 class=\"wp-block-heading\">D\u00f3nde se puede obtener el certificado de divorcio en Georgia:<\/h3>\n<p>El certificado de divorcio en Georgia se puede tramitar en Tiflis, en la Casa de la Justicia. En caso de errores en los registros o falta de datos en el archivo, es necesario acudir al registro civil donde se registr\u00f3 el divorcio.<\/p>\n<h3 class=\"wp-block-heading\">Si necesita un certificado de divorcio de Georgia, pero el divorcio no fue en Georgia:<\/h3>\n<p>En estos casos, Georgia no emite el certificado de divorcio. Pero si necesita confirmar el estado de que una persona no est\u00e1 casada y est\u00e1 divorciada, deber\u00e1 presentar un documento de disoluci\u00f3n matrimonial del extranjero. El certificado de divorcio original debe presentarse en Georgia.<\/p>\n<h3 class=\"wp-block-heading\">Qu\u00e9 hacer si tiene un certificado de divorcio antiguo y necesita uno nuevo:<\/h3>\n<p>Si tiene un modelo antiguo del certificado de divorcio georgiano, es posible que no sea aceptado en algunos pa\u00edses. Estos documentos no pueden ser apostillados o legalizados en consulados. En tal caso, es necesario obtener un duplicado. El duplicado tiene la misma validez legal que el original, y en \u00e9l se indicar\u00e1 que es un duplicado. Esto no conlleva consecuencias legales.<\/p>\n<h3 class=\"wp-block-heading\">\u00bfPuedo obtener un certificado de divorcio en ruso?<\/h3>\n<p>Lamentablemente, no es posible obtener un certificado de divorcio en cir\u00edlico. Estos documentos perdieron su validez tras la disoluci\u00f3n de la URSS. Se emiten duplicados o extractos del registro civil. Todos los documentos oficiales en Georgia se emiten en georgiano. Si en el documento aparecen nombres en cir\u00edlico, se transcribir\u00e1n al georgiano seg\u00fan las reglas del idioma, es decir, las reglas de transliteraci\u00f3n y las leyes correspondientes.<\/p>\n<h3 class=\"wp-block-heading\">\u00bfPuedo obtener un certificado de divorcio en ruso?<\/h3>\n<p>En Georgia, el idioma oficial es el georgiano. Toda la documentaci\u00f3n se realiza en georgiano. Por lo tanto, su certificado de divorcio estar\u00e1 en georgiano seg\u00fan todas las normas de escritura. Si necesita una traducci\u00f3n del documento al ruso, debe acudir a un traductor autorizado en Georgia o en el pa\u00eds donde presentar\u00e1 el documento.<\/p>\n<h3 class=\"wp-block-heading\">\u00bfA qu\u00e9 idiomas pueden traducir mi certificado de divorcio?<\/h3>\n<p>Lamentablemente, no a todos. Por ejemplo, para Ruman\u00eda traducimos al ingl\u00e9s seg\u00fan todas las reglas de transliteraci\u00f3n bas\u00e1ndonos en documentos ya presentados en rumano. Estos documentos pueden ser: certificado de nacimiento en rumano (moldavo basado en graf\u00eda latina) de la Rep\u00fablica de Moldavia o de Ruman\u00eda, certificado de matrimonio en rumano (moldavo basado en graf\u00eda latina) de la Rep\u00fablica de Moldavia o de Ruman\u00eda, pasaporte de extranjero. Los documentos de respaldo ser\u00e1n necesarios en copias notariadas, en algunos casos con apostilla o legalizaci\u00f3n consular.<\/p>\n<h3 class=\"wp-block-heading\">Qu\u00e9 hacer si hay errores en el certificado de divorcio:<\/h3>\n<p>Depende de qu\u00e9 errores sean. Si es un error en el apellido, podemos corregir el registro en el archivo del registro civil o la Casa de la Justicia en Georgia bas\u00e1ndonos en el certificado de nacimiento del padre (si lleva su apellido) o de la madre (si lleva su apellido). Si no tiene esa posibilidad (no tiene el certificado de nacimiento del padre o la madre), tendr\u00e1 que solicitar dicho documento. El nuevo documento mostrar\u00e1 c\u00f3mo est\u00e1 escrito el apellido de su padre o madre en el archivo y le permitir\u00e1 obtener el certificado de divorcio con el apellido corregido. Si se trata de nombres georgianos (en formato georgiano), los registros civiles de Georgia se gu\u00edan por la nacionalidad de la persona y c\u00f3mo est\u00e1 escrito su nombre en el pasaporte. Sin embargo, hay diferentes situaciones y cada una se analiza por separado.<\/p>\n<h3 class=\"wp-block-heading\">Qu\u00e9 hacer si no hay motivos para corregir, pero necesita o quiere hacerlo:<\/h3>\n<p>En este caso, hay que ser muy cuidadoso, porque las correcciones en el certificado de divorcio pueden tener consecuencias para otros documentos. Es decir, habr\u00e1 que corregir todos los documentos donde aparezca su apellido. En algunos pa\u00edses, una persona con apellido o nombre modificado puede ser considerada como otra persona.<\/p>\n<p><strong>\u00bfEs posible? S\u00ed, es posible. A trav\u00e9s de un tribunal de Georgia. Podemos ayudarle con esto.<\/strong><\/p>\n","protected":false},"excerpt":{"rendered":"<p>\u00bfQu\u00e9 es un certificado de divorcio? El certificado de divorcio (o certificado de disoluci\u00f3n matrimonial) es un documento oficial emitido por los \u00f3rganos de registro civil en Georgia, que confirma la disoluci\u00f3n del matrimonio entre dos personas. En el certificado se indican los datos b\u00e1sicos de los exc\u00f3nyuges, la fecha y el lugar del divorcio, &#8230; <a title=\"Certificado de divorcio &#8211; Georgia\" class=\"read-more\" href=\"https:\/\/documents.ge\/es\/certificado-de-divorcio-georgia\/\" aria-label=\"Leer m\u00e1s sobre Certificado de divorcio &#8211; Georgia\">\u0427\u0438\u0442\u0430\u0442\u044c \u0434\u0430\u043b\u0435\u0435<\/a><\/p>\n","protected":false},"author":1,"featured_media":0,"parent":0,"menu_order":0,"comment_status":"closed","ping_status":"closed","template":"","meta":{"_acf_changed":false,"_monsterinsights_skip_tracking":false,"_monsterinsights_sitenote_active":false,"_monsterinsights_sitenote_note":"","_monsterinsights_sitenote_category":0,"footnotes":""},"yst_prominent_words":[],"class_list":["post-311","page","type-page","status-publish"],"acf":[],"_links":{"self":[{"href":"https:\/\/documents.ge\/es\/wp-json\/wp\/v2\/pages\/311","targetHints":{"allow":["GET"]}}],"collection":[{"href":"https:\/\/documents.ge\/es\/wp-json\/wp\/v2\/pages"}],"about":[{"href":"https:\/\/documents.ge\/es\/wp-json\/wp\/v2\/types\/page"}],"author":[{"embeddable":true,"href":"https:\/\/documents.ge\/es\/wp-json\/wp\/v2\/users\/1"}],"replies":[{"embeddable":true,"href":"https:\/\/documents.ge\/es\/wp-json\/wp\/v2\/comments?post=311"}],"version-history":[{"count":0,"href":"https:\/\/documents.ge\/es\/wp-json\/wp\/v2\/pages\/311\/revisions"}],"wp:attachment":[{"href":"https:\/\/documents.ge\/es\/wp-json\/wp\/v2\/media?parent=311"}],"wp:term":[{"taxonomy":"yst_prominent_words","embeddable":true,"href":"https:\/\/documents.ge\/es\/wp-json\/wp\/v2\/yst_prominent_words?post=311"}],"curies":[{"name":"wp","href":"https:\/\/api.w.org\/{rel}","templated":true}]}}