{"id":312,"date":"2025-04-06T01:43:51","date_gmt":"2025-04-05T22:43:51","guid":{"rendered":"https:\/\/documents.ge\/es\/certificado-de-defuncion-de-georgia\/"},"modified":"2025-04-06T01:43:51","modified_gmt":"2025-04-05T22:43:51","slug":"certificado-de-defuncion-de-georgia","status":"publish","type":"page","link":"https:\/\/documents.ge\/es\/certificado-de-defuncion-de-georgia\/","title":{"rendered":"Certificado de defunci\u00f3n de Georgia"},"content":{"rendered":"<article>\n<section><strong>Certificado de defunci\u00f3n<\/strong> es un documento oficial emitido por los \u00f3rganos de registro civil en Georgia, que confirma el hecho del fallecimiento de una persona. En el certificado se indican los datos b\u00e1sicos del fallecido, la fecha y el lugar de la muerte, as\u00ed como el n\u00famero de registro del acta de defunci\u00f3n.<\/section>\n<section><\/section>\n<\/article>\n<section><\/section>\n<h3 class=\"wp-block-heading\">Texto del certificado de defunci\u00f3n en georgiano<\/h3>\n<section><\/section>\n<article>\n<section>\n<h4>\u10eb\u10d8\u10e0\u10d8\u10d7\u10d0\u10d3\u10d8 \u10db\u10dd\u10dc\u10d0\u10ea\u10d4\u10db\u10d4\u10d1\u10d8<\/h4>\n<table border=\"1\">\n<tbody>\n<tr>\n<td>\u10e1\u10d0\u10ee\u10d4\u10da\u10d8<\/td>\n<td>\u25a0\u25a0\u25a0\u25a0\u25a0<\/td>\n<\/tr>\n<tr>\n<td>\u10d2\u10d5\u10d0\u10e0\u10d8<\/td>\n<td>\u25a0\u25a0\u25a0\u25a0\u25a0\u25a0\u25a0\u25a0\u25a0\u25a0<\/td>\n<\/tr>\n<tr>\n<td>\u10e1\u10e5\u10d4\u10e1\u10d8<\/td>\n<td>\u25a0\u25a0\u25a0\u25a0\u25a0\u25a0\u25a0\u25a0\u25a0\u25a0<\/td>\n<\/tr>\n<tr>\n<td>\u10de\u10d8\u10e0\u10d0\u10d3\u10d8 \u10dc\u10dd\u10db\u10d4\u10e0\u10d8<\/td>\n<td>\u25a0\u25a0\u25a0\u25a0\u25a0\u25a0\u25a0\u25a0\u25a0\u25a0<\/td>\n<\/tr>\n<tr>\n<td>\u10db\u10dd\u10e5\u10d0\u10da\u10d0\u10e5\u10d4\u10dd\u10d1\u10d0<\/td>\n<td>\u10e1\u10d0\u10e5\u10d0\u10e0\u10d7\u10d5\u10d4\u10da\u10dd<\/td>\n<\/tr>\n<tr>\n<td>\u10d3\u10d0\u10d1\u10d0\u10d3\u10d4\u10d1\u10d8\u10e1 \u10d7\u10d0\u10e0\u10d8\u10e6\u10d8<\/td>\n<td>22 \u10d3\u10d4\u10d9\u10d4\u10db\u10d1\u10d4\u10e0\u10d8 1974 \u10ec\u10d4\u10da\u10d8<\/td>\n<\/tr>\n<tr>\n<td>\u10d3\u10d0\u10d1\u10d0\u10d3\u10d4\u10d1\u10d8\u10e1 \u10d0\u10d3\u10d2\u10d8\u10da\u10d8<\/td>\n<td>\u10e1\u10d0\u10e5\u10d0\u10e0\u10d7\u10d5\u10d4\u10da\u10dd, \u10d7\u10d1\u10d8\u10da\u10d8\u10e1\u10d8<\/td>\n<\/tr>\n<tr>\n<td>\u10d2\u10d0\u10e0\u10d3\u10d0\u10ea\u10d5\u10d0\u10da\u10d4\u10d1\u10d8\u10e1 \u10d7\u10d0\u10e0\u10d8\u10e6\u10d8<\/td>\n<td>1 \u10d8\u10d5\u10dc\u10d8\u10e1\u10d8 2023 \u10ec\u10d4\u10da\u10d8<\/td>\n<\/tr>\n<tr>\n<td>\u10d2\u10d0\u10e0\u10d3\u10d0\u10ea\u10d5\u10d0\u10da\u10d4\u10d1\u10d8\u10e1 \u10d0\u10d3\u10d2\u10d8\u10da\u10d8<\/td>\n<td>\u10e1\u10d0\u10e5\u10d0\u10e0\u10d7\u10d5\u10d4\u10da\u10dd, \u10d7\u10d1\u10d8\u10da\u10d8\u10e1\u10d8<\/td>\n<\/tr>\n<\/tbody>\n<\/table>\n<\/section>\n<section>\n<h4>\u10d3\u10dd\u10d9\u10e3\u10db\u10d4\u10dc\u10e2\u10d8\u10e1 \u10d8\u10dc\u10e4\u10dd\u10e0\u10db\u10d0\u10ea\u10d8\u10d0<\/h4>\n<table border=\"1\">\n<tbody>\n<tr>\n<td>\u10d2\u10d0\u10e0\u10d3\u10d0\u10ea\u10d5\u10d0\u10da\u10d4\u10d1\u10d8\u10e1 \u10e0\u10d4\u10d2\u10d8\u10e1\u10e2\u10e0\u10d0\u10ea\u10d8\u10d8\u10e1 \u10d7\u10d0\u10e0\u10d8\u10e6\u10d8<\/td>\n<td>1 \u10d8\u10d5\u10dc\u10d8\u10e1\u10d8 2023 \u10ec\u10d4\u10da\u10d8<\/td>\n<\/tr>\n<tr>\n<td>\u10d0\u10e5\u10e2\u10d8\u10e1 \u10e9\u10d0\u10dc\u10d0\u10ec\u10d4\u10e0\u10d8<\/td>\n<td>\u25a0\u25a0\u25a0\u25a0\u25a0\u25a0\u25a0\u25a0\u25a0\u25a0<\/td>\n<\/tr>\n<tr>\n<td>\u10db\u10dd\u10ec\u10db\u10dd\u10d1\u10d8\u10e1 \u10d2\u10d0\u10ea\u10d4\u10db\u10d8\u10e1 \u10d7\u10d0\u10e0\u10d8\u10e6\u10d8<\/td>\n<td>1 \u10d8\u10d5\u10dc\u10d8\u10e1\u10d8 2023 \u10ec\u10d4\u10da\u10d8<\/td>\n<\/tr>\n<tr>\n<td>\u10db\u10dd\u10ec\u10db\u10dd\u10d1\u10d8\u10e1 \u10d2\u10d0\u10db\u10ea\u10d4\u10db\u10d8 \u10dd\u10e0\u10d2\u10d0\u10dc\u10dd<\/td>\n<td>\u10e1\u10e1\u10d2\u10e1 \u10d7\u10d1\u10d8\u10da\u10d8\u10e1\u10d8\u10e1 \u10e1\u10d0\u10db\u10dd\u10e5\u10d0\u10da\u10d0\u10e5\u10dd \u10e0\u10d4\u10d4\u10e1\u10e2\u10e0\u10d8\u10e1 \u10e1\u10d0\u10db\u10e1\u10d0\u10ee\u10e3\u10e0\u10d8<\/td>\n<\/tr>\n<tr>\n<td>\u10e3\u10e4\u10da\u10d4\u10d1\u10d0\u10db\u10dd\u10e1\u10d8\u10da\u10d8 \u10de\u10d8\u10e0\u10d8<\/td>\n<td>\u10ef\u10d0\u10d1\u10d0 \u10e8\u10d0\u10e0\u10d5\u10d0\u10eb\u10d4<\/td>\n<\/tr>\n<\/tbody>\n<\/table>\n<\/section>\n<section>\n<h3>Texto del certificado de defunci\u00f3n en Georgia en ruso<\/h3>\n<table border=\"1\">\n<tbody>\n<tr>\n<td>Nombre<\/td>\n<td>\u25a0\u25a0\u25a0\u25a0\u25a0<\/td>\n<\/tr>\n<tr>\n<td>Apellido<\/td>\n<td>\u25a0\u25a0\u25a0\u25a0\u25a0\u25a0\u25a0\u25a0\u25a0\u25a0<\/td>\n<\/tr>\n<tr>\n<td>G\u00e9nero<\/td>\n<td>\u25a0\u25a0\u25a0\u25a0\u25a0\u25a0\u25a0\u25a0\u25a0\u25a0<\/td>\n<\/tr>\n<tr>\n<td>N\u00famero personal<\/td>\n<td>\u25a0\u25a0\u25a0\u25a0\u25a0\u25a0\u25a0\u25a0\u25a0\u25a0<\/td>\n<\/tr>\n<tr>\n<td>Ciudadan\u00eda<\/td>\n<td>Georgia<\/td>\n<\/tr>\n<tr>\n<td>Fecha de nacimiento<\/td>\n<td>22 de diciembre de 1974<\/td>\n<\/tr>\n<tr>\n<td>Lugar de nacimiento<\/td>\n<td>Georgia, Tiflis<\/td>\n<\/tr>\n<tr>\n<td>Fecha de defunci\u00f3n<\/td>\n<td>1 de junio de 2023<\/td>\n<\/tr>\n<tr>\n<td>Lugar de defunci\u00f3n<\/td>\n<td>Georgia, Tiflis<\/td>\n<\/tr>\n<\/tbody>\n<\/table>\n<\/section>\n<section>\n<h4>Informaci\u00f3n del documento<\/h4>\n<table border=\"1\">\n<tbody>\n<tr>\n<td>Fecha de registro de la defunci\u00f3n<\/td>\n<td>1 de junio de 2023<\/td>\n<\/tr>\n<tr>\n<td>N\u00famero de registro del acta<\/td>\n<td>\u25a0\u25a0\u25a0\u25a0\u25a0\u25a0\u25a0\u25a0\u25a0\u25a0<\/td>\n<\/tr>\n<tr>\n<td>Fecha de emisi\u00f3n del certificado<\/td>\n<td>1 de junio de 2023<\/td>\n<\/tr>\n<tr>\n<td>\u00d3rgano emisor del certificado<\/td>\n<td>ssgs del Servicio de Registro Civil de Tiflis<\/td>\n<\/tr>\n<tr>\n<td>Persona autorizada<\/td>\n<td>Jaba Sharvadze<\/td>\n<\/tr>\n<\/tbody>\n<\/table>\n<\/section>\n<\/article>\n<div class=\"gb-container gb-container-4c45c733\">\n<h3 class=\"wp-block-heading\">C\u00f3mo se ve un certificado de defunci\u00f3n de Georgia<\/h3>\n<figure class=\"wp-block-image size-full\"><img alt=\"Obtener certificado de defunci\u00f3n de Georgia en l\u00ednea\" class=\"wp-image-544 lazyload\" data-sizes=\"(max-width: 900px) 100vw, 900px\" data-src=\"https:\/\/documents.ge\/wp-content\/uploads\/2024\/08\/\u0421\u0432\u0438\u0434\u0435\u0442\u0435\u043b\u044c\u0441\u0442\u0432\u043e-\u043e-\u0441\u043c\u0435\u0440\u0442\u0438-\u0413\u0440\u0443\u0437\u0438\u044f-\u0417\u0410\u0413\u0421-\u0414\u043e\u043c-\u042e\u0441\u0442\u0438\u0446\u0438\u0438.png\" data-srcset=\"https:\/\/documents.ge\/wp-content\/uploads\/2024\/08\/\u0421\u0432\u0438\u0434\u0435\u0442\u0435\u043b\u044c\u0441\u0442\u0432\u043e-\u043e-\u0441\u043c\u0435\u0440\u0442\u0438-\u0413\u0440\u0443\u0437\u0438\u044f-\u0417\u0410\u0413\u0421-\u0414\u043e\u043c-\u042e\u0441\u0442\u0438\u0446\u0438\u0438.png 900w, https:\/\/documents.ge\/wp-content\/uploads\/2024\/08\/\u0421\u0432\u0438\u0434\u0435\u0442\u0435\u043b\u044c\u0441\u0442\u0432\u043e-\u043e-\u0441\u043c\u0435\u0440\u0442\u0438-\u0413\u0440\u0443\u0437\u0438\u044f-\u0417\u0410\u0413\u0421-\u0414\u043e\u043c-\u042e\u0441\u0442\u0438\u0446\u0438\u0438-212x300.png 212w, https:\/\/documents.ge\/wp-content\/uploads\/2024\/08\/\u0421\u0432\u0438\u0434\u0435\u0442\u0435\u043b\u044c\u0441\u0442\u0432\u043e-\u043e-\u0441\u043c\u0435\u0440\u0442\u0438-\u0413\u0440\u0443\u0437\u0438\u044f-\u0417\u0410\u0413\u0421-\u0414\u043e\u043c-\u042e\u0441\u0442\u0438\u0446\u0438\u0438-725x1024.png 725w, https:\/\/documents.ge\/wp-content\/uploads\/2024\/08\/\u0421\u0432\u0438\u0434\u0435\u0442\u0435\u043b\u044c\u0441\u0442\u0432\u043e-\u043e-\u0441\u043c\u0435\u0440\u0442\u0438-\u0413\u0440\u0443\u0437\u0438\u044f-\u0417\u0410\u0413\u0421-\u0414\u043e\u043c-\u042e\u0441\u0442\u0438\u0446\u0438\u0438-768x1085.png 768w\" decoding=\"async\" height=\"1272\" src=\"data:image\/gif;base64,R0lGODlhAQABAAAAACH5BAEKAAEALAAAAAABAAEAAAICTAEAOw==\" style=\"--smush-placeholder-width: 900px; --smush-placeholder-aspect-ratio: 900\/1272;\" title=\"Certificado de defunci\u00f3n. Ejemplo del nuevo formato - Georgia\" width=\"900\"\/><figcaption class=\"wp-element-caption\">El certificado de defunci\u00f3n se emite en papel, sin sello h\u00famedo ni firma. Se puede verificar en l\u00ednea mediante un c\u00f3digo QR. Nuestra agencia puede obtenerlo para usted en papel con sello h\u00famedo, indicando la fecha y la firma del funcionario.<\/figcaption><\/figure>\n<\/div>\n","protected":false},"excerpt":{"rendered":"<p>Certificado de defunci\u00f3n es un documento oficial emitido por los \u00f3rganos de registro civil en Georgia, que confirma el hecho del fallecimiento de una persona. En el certificado se indican los datos b\u00e1sicos del fallecido, la fecha y el lugar de la muerte, as\u00ed como el n\u00famero de registro del acta de defunci\u00f3n. Texto del &#8230; <a title=\"Certificado de defunci\u00f3n de Georgia\" class=\"read-more\" href=\"https:\/\/documents.ge\/es\/certificado-de-defuncion-de-georgia\/\" aria-label=\"Leer m\u00e1s sobre Certificado de defunci\u00f3n de Georgia\">\u0427\u0438\u0442\u0430\u0442\u044c \u0434\u0430\u043b\u0435\u0435<\/a><\/p>\n","protected":false},"author":1,"featured_media":0,"parent":0,"menu_order":0,"comment_status":"closed","ping_status":"closed","template":"","meta":{"_acf_changed":false,"_monsterinsights_skip_tracking":false,"_monsterinsights_sitenote_active":false,"_monsterinsights_sitenote_note":"","_monsterinsights_sitenote_category":0,"footnotes":""},"yst_prominent_words":[],"class_list":["post-312","page","type-page","status-publish"],"acf":[],"_links":{"self":[{"href":"https:\/\/documents.ge\/es\/wp-json\/wp\/v2\/pages\/312","targetHints":{"allow":["GET"]}}],"collection":[{"href":"https:\/\/documents.ge\/es\/wp-json\/wp\/v2\/pages"}],"about":[{"href":"https:\/\/documents.ge\/es\/wp-json\/wp\/v2\/types\/page"}],"author":[{"embeddable":true,"href":"https:\/\/documents.ge\/es\/wp-json\/wp\/v2\/users\/1"}],"replies":[{"embeddable":true,"href":"https:\/\/documents.ge\/es\/wp-json\/wp\/v2\/comments?post=312"}],"version-history":[{"count":0,"href":"https:\/\/documents.ge\/es\/wp-json\/wp\/v2\/pages\/312\/revisions"}],"wp:attachment":[{"href":"https:\/\/documents.ge\/es\/wp-json\/wp\/v2\/media?parent=312"}],"wp:term":[{"taxonomy":"yst_prominent_words","embeddable":true,"href":"https:\/\/documents.ge\/es\/wp-json\/wp\/v2\/yst_prominent_words?post=312"}],"curies":[{"name":"wp","href":"https:\/\/api.w.org\/{rel}","templated":true}]}}