{"id":313,"date":"2025-04-06T09:04:44","date_gmt":"2025-04-06T06:04:44","guid":{"rendered":"https:\/\/documents.ge\/es\/documentos-en-georgia-2\/"},"modified":"2025-04-07T12:14:24","modified_gmt":"2025-04-07T09:14:24","slug":"documentos-en-georgia-2","status":"publish","type":"page","link":"https:\/\/documents.ge\/es\/","title":{"rendered":"Documentos en Georgia"},"content":{"rendered":"<figure class=\"wp-block-image size-full\"><img decoding=\"async\" class=\"wp-image-9 lazyload\" style=\"--smush-placeholder-width: 1024px; --smush-placeholder-aspect-ratio: 1024\/683;\" title=\"Archivo del Registro Civil de Georgia. Casa de Justicia\" src=\"data:image\/gif;base64,R0lGODlhAQABAAAAACH5BAEKAAEALAAAAAABAAEAAAICTAEAOw==\" alt=\"Solicitud de documentos - Georgia. Registros Civiles, Ministerio de Justicia, Casa de Justicia - Tiflis\" width=\"1024\" height=\"683\" data-sizes=\"(max-width: 1024px) 100vw, 1024px\" data-src=\"https:\/\/documents.ge\/wp-content\/uploads\/2023\/12\/documents_Georgia_Ministry_of_Justice.jpg\" data-srcset=\"https:\/\/documents.ge\/wp-content\/uploads\/2023\/12\/documents_Georgia_Ministry_of_Justice.jpg 1024w, https:\/\/documents.ge\/wp-content\/uploads\/2023\/12\/documents_Georgia_Ministry_of_Justice-300x200.jpg 300w, https:\/\/documents.ge\/wp-content\/uploads\/2023\/12\/documents_Georgia_Ministry_of_Justice-768x512.jpg 768w\" \/><figcaption class=\"wp-element-caption\">B\u00fasqueda en archivos de documentos. Georgia<\/figcaption><\/figure>\n<p><strong>En nuestro sitio web puede solicitar<\/strong><\/p>\n<h3 class=\"wp-block-heading\"><strong>Duplicados de documentos<\/strong> de Georgia y otros pa\u00edses<\/h3>\n<p>certificado de nacimiento,<br \/>\ncertificado de matrimonio,<br \/>\ncertificado de divorcio,<br \/>\ncertificado de defunci\u00f3n<a href=\"https:\/\/documents.ge\/%d1%81%d0%b2%d0%b8%d0%b4%d0%b5%d1%82%d0%b5%d0%bb%d1%8c%d1%81%d1%82%d0%b2%d0%be-%d0%be-%d1%81%d0%bc%d0%b5%d1%80%d1%82%d0%b8-%d0%b3%d1%80%d1%83%d0%b7%d0%b8%d1%8f\/\" target=\"_blank\" rel=\"noreferrer noopener\">,<\/a><br \/>\ncopia del acta de matrimonio,<br \/>\ncopia del acta de nacimiento,<br \/>\ncopia del acta de divorcio,<br \/>\ncopia del acta de adopci\u00f3n.<\/p>\n<h3 class=\"wp-block-heading\"><strong>Documentos originales<\/strong> de Georgia y otros pa\u00edses<\/h3>\n<p>certificado de divorcio (en caso de que el divorcio haya tenido lugar, haya una sentencia judicial pero uno de los c\u00f3nyuges a\u00fan no haya recibido el certificado de divorcio),<br \/>\ncertificado de antecedentes penales (de ausencia de antecedentes penales),<br \/>\ncertificado de estado civil (de composici\u00f3n familiar),<br \/>\ncertificado de estado civil,<br \/>\ncertificado de ausencia de impedimentos para contraer matrimonio (de responsabilidad matrimonial),<br \/>\ncertificado de cambio de apellido,<br \/>\nacta de matrimonio,<br \/>\nacta de nacimiento,<br \/>\nacta de divorcio,<br \/>\nacta de adopci\u00f3n.<\/p>\n<h3 class=\"wp-block-heading\"><strong>Legalizaci\u00f3n de documentos<\/strong><\/h3>\n<p>para pa\u00edses que no forman parte del apostillado, como: Canad\u00e1, Vaticano, Guinea, Yibuti, Egipto, Zambia, Zimbabue, Indonesia, Irak, Ir\u00e1n, Jordania, Yemen, Camboya, Camer\u00fan, Catar, Kenia, Kiribati, Islas Comoras, Congo, Cuba, Kuwait\u2026<\/p>\n<p>Qu\u00e9 es la <strong>legalizaci\u00f3n consular<\/strong> de documentos puede leerse <a href=\"https:\/\/documents.ge\/%d0%bb%d0%b5%d0%b3%d0%b0%d0%bb%d0%b8%d0%b7%d0%b0%d1%86%d0%b8%d1%8f\/\" target=\"_blank\" rel=\"noreferrer noopener\">aqu\u00ed &gt;&gt;&gt;<\/a><\/p>\n<p><strong>Nostrificaci\u00f3n<\/strong>, <strong>reconocimiento, evaluaci\u00f3n de diplomas o legalizaci\u00f3n.<\/strong> Reconocimiento de documentos (diplomas, certificados) de finalizaci\u00f3n de estudios en Georgia. O de diplomas y certificados obtenidos en el extranjero \u2014 para Georgia.<\/p>\n<p>Qu\u00e9 es la <strong>nostrificaci\u00f3n<\/strong> de documentos (diplomas y certificados, certificados educativos y expedientes acad\u00e9micos) puede leerse <a href=\"https:\/\/documents.ge\/%d0%bd%d0%be%d1%81%d1%82%d1%80%d0%b8%d1%84%d0%b8%d0%ba%d0%b0%d1%86%d0%b8%d1%8f-%d0%bf%d1%80%d0%b8%d0%b7%d0%bd%d0%b0%d0%bd%d0%b8%d0%b5-%d0%b4%d0%b8%d0%bf%d0%bb%d0%be%d0%bc%d0%be%d0%b2-%d0%b8-%d0%b0\/\" target=\"_blank\" rel=\"noreferrer noopener\">aqu\u00ed &gt;&gt;&gt;<\/a><\/p>\n<h3 class=\"wp-block-heading\"><strong>Apostilla<\/strong> en Georgia y otros pa\u00edses<\/h3>\n<p>para los estados miembros de la <a href=\"https:\/\/web.archive.org\/web\/20230810041005\/https:\/\/ru.wikipedia.org\/wiki\/%D0%93%D0%B0%D0%B0%D0%B3%D1%81%D0%BA%D0%B0%D1%8F_%D0%BA%D0%BE%D0%BD%D0%B2%D0%B5%D0%BD%D1%86%D0%B8%D1%8F_(1961)\" target=\"_blank\" rel=\"noreferrer noopener\">Convenci\u00f3n de La Haya<\/a> del 5 de octubre de 1961 \u2014 elimina la legalizaci\u00f3n de documentos. Los documentos ser\u00e1n reconocidos en el territorio de otros pa\u00edses miembros si los documentos (firmas de funcionarios en ellos) est\u00e1n confirmados con una Apostilla.<\/p>\n<h3 class=\"wp-block-heading\"><strong>Traducci\u00f3n de documentos<\/strong><\/h3>\n<p>Nuestra agencia de traducci\u00f3n es un equipo profesional de ling\u00fcistas y abogados. Siempre estamos dispuestos a ayudar con la traducci\u00f3n de cualquier documento a cualquier idioma del mundo. Ofrecemos traducciones de calidad en los \u00e1mbitos de negocios, ciencias t\u00e9cnicas, medicina, jurisprudencia, turismo y muchas otras \u00e1reas.<\/p>\n<p>Entendemos lo importante que es para usted obtener una traducci\u00f3n precisa y oportuna. Nuestro equipo de traductores son especialistas calificados. Tenemos una amplia experiencia en traducciones. Garantizamos alta calidad. Preservamos el estilo y formato original del documento. Aseguramos la confidencialidad de sus datos.<\/p>\n<p>Nuestra agencia ofrece precios flexibles. Enfoque individual. Si necesita una traducci\u00f3n r\u00e1pida y profesional, \u00a1cont\u00e1ctenos!<\/p>\n","protected":false},"excerpt":{"rendered":"<p>B\u00fasqueda en archivos de documentos. Georgia En nuestro sitio web puede solicitar Duplicados de documentos de Georgia y otros pa\u00edses certificado de nacimiento, certificado de matrimonio, certificado de divorcio, certificado de defunci\u00f3n, copia del acta de matrimonio, copia del acta de nacimiento, copia del acta de divorcio, copia del acta de adopci\u00f3n. Documentos originales de &#8230; <a title=\"Documentos en Georgia\" class=\"read-more\" href=\"https:\/\/documents.ge\/es\/\" aria-label=\"Leer m\u00e1s sobre Documentos en Georgia\">\u0427\u0438\u0442\u0430\u0442\u044c \u0434\u0430\u043b\u0435\u0435<\/a><\/p>\n","protected":false},"author":1,"featured_media":0,"parent":0,"menu_order":0,"comment_status":"closed","ping_status":"closed","template":"","meta":{"_acf_changed":false,"_monsterinsights_skip_tracking":false,"_monsterinsights_sitenote_active":false,"_monsterinsights_sitenote_note":"","_monsterinsights_sitenote_category":0,"footnotes":""},"yst_prominent_words":[],"class_list":["post-313","page","type-page","status-publish"],"acf":[],"_links":{"self":[{"href":"https:\/\/documents.ge\/es\/wp-json\/wp\/v2\/pages\/313","targetHints":{"allow":["GET"]}}],"collection":[{"href":"https:\/\/documents.ge\/es\/wp-json\/wp\/v2\/pages"}],"about":[{"href":"https:\/\/documents.ge\/es\/wp-json\/wp\/v2\/types\/page"}],"author":[{"embeddable":true,"href":"https:\/\/documents.ge\/es\/wp-json\/wp\/v2\/users\/1"}],"replies":[{"embeddable":true,"href":"https:\/\/documents.ge\/es\/wp-json\/wp\/v2\/comments?post=313"}],"version-history":[{"count":2,"href":"https:\/\/documents.ge\/es\/wp-json\/wp\/v2\/pages\/313\/revisions"}],"predecessor-version":[{"id":345,"href":"https:\/\/documents.ge\/es\/wp-json\/wp\/v2\/pages\/313\/revisions\/345"}],"wp:attachment":[{"href":"https:\/\/documents.ge\/es\/wp-json\/wp\/v2\/media?parent=313"}],"wp:term":[{"taxonomy":"yst_prominent_words","embeddable":true,"href":"https:\/\/documents.ge\/es\/wp-json\/wp\/v2\/yst_prominent_words?post=313"}],"curies":[{"name":"wp","href":"https:\/\/api.w.org\/{rel}","templated":true}]}}