{"id":11,"date":"2025-04-06T16:30:03","date_gmt":"2025-04-06T16:30:03","guid":{"rendered":"https:\/\/documents.ge\/it\/certificato-di-nascita-con-indicazione-della-nazionalita\/"},"modified":"2025-04-06T16:30:03","modified_gmt":"2025-04-06T16:30:03","slug":"certificato-di-nascita-con-indicazione-della-nazionalita","status":"publish","type":"page","link":"https:\/\/documents.ge\/it\/certificato-di-nascita-con-indicazione-della-nazionalita\/","title":{"rendered":"Certificato di nascita con indicazione della nazionalit\u00e0"},"content":{"rendered":"<p>In Georgia, il certificato di nascita non riporta la nazionalit\u00e0 del neonato. Inoltre, non viene indicata la nazionalit\u00e0 dei genitori.<\/p>\n<p>Tuttavia, spesso i clienti richiedono informazioni sulla nazionalit\u00e0 dall&#8217;ufficio anagrafe o dalla Casa della Giustizia della Georgia. Per questo caso, la nostra agenzia offre certificati di nascita in cui verr\u00e0 indicata la nazionalit\u00e0.<\/p>\n<p>A cosa servono questi certificati? Ad esempio, spesso vengono richiesti tali documenti per ottenere la cittadinanza (ad esempio, Grecia, Israele e altri).<\/p>\n<p>Avrete bisogno di una procura per il nostro dipendente, specificando che \u00e8 necessario ottenere tale certificato (certificato di nazionalit\u00e0).<\/p>\n<p>\u00c8 importante tenere presente che anche se nel vostro vecchio certificato di nascita o in quello di morte di un genitore, nonno o nonna \u00e8 indicata la nazionalit\u00e0, ci\u00f2 non significa che tale informazione sia presente nell&#8217;Archivio dell&#8217;ufficio anagrafe o nella Casa della Giustizia e registrata nei libri archivistici.<\/p>\n<p>Ci sono casi in cui nei libri archivistici (registri degli atti) non ci sono informazioni sulla nazionalit\u00e0. In tal caso, \u00e8 necessario trovare altre strade. Ad esempio, dimostrare la propria nazionalit\u00e0 attraverso un tribunale o attraverso nonni e bisnonni in linea discendente.<\/p>\n","protected":false},"excerpt":{"rendered":"<p>In Georgia, il certificato di nascita non riporta la nazionalit\u00e0 del neonato. Inoltre, non viene indicata la nazionalit\u00e0 dei genitori. Tuttavia, spesso i clienti richiedono informazioni sulla nazionalit\u00e0 dall&#8217;ufficio anagrafe o dalla Casa della Giustizia della Georgia. Per questo caso, la nostra agenzia offre certificati di nascita in cui verr\u00e0 indicata la nazionalit\u00e0. A cosa &#8230; <a title=\"Certificato di nascita con indicazione della nazionalit\u00e0\" class=\"read-more\" href=\"https:\/\/documents.ge\/it\/certificato-di-nascita-con-indicazione-della-nazionalita\/\" aria-label=\"Per saperne di pi\u00f9 su Certificato di nascita con indicazione della nazionalit\u00e0\">\u0427\u0438\u0442\u0430\u0442\u044c \u0434\u0430\u043b\u0435\u0435<\/a><\/p>\n","protected":false},"author":1,"featured_media":0,"parent":0,"menu_order":0,"comment_status":"closed","ping_status":"closed","template":"","meta":{"_acf_changed":false,"_monsterinsights_skip_tracking":false,"_monsterinsights_sitenote_active":false,"_monsterinsights_sitenote_note":"","_monsterinsights_sitenote_category":0,"footnotes":""},"yst_prominent_words":[],"class_list":["post-11","page","type-page","status-publish"],"acf":[],"_links":{"self":[{"href":"https:\/\/documents.ge\/it\/wp-json\/wp\/v2\/pages\/11","targetHints":{"allow":["GET"]}}],"collection":[{"href":"https:\/\/documents.ge\/it\/wp-json\/wp\/v2\/pages"}],"about":[{"href":"https:\/\/documents.ge\/it\/wp-json\/wp\/v2\/types\/page"}],"author":[{"embeddable":true,"href":"https:\/\/documents.ge\/it\/wp-json\/wp\/v2\/users\/1"}],"replies":[{"embeddable":true,"href":"https:\/\/documents.ge\/it\/wp-json\/wp\/v2\/comments?post=11"}],"version-history":[{"count":0,"href":"https:\/\/documents.ge\/it\/wp-json\/wp\/v2\/pages\/11\/revisions"}],"wp:attachment":[{"href":"https:\/\/documents.ge\/it\/wp-json\/wp\/v2\/media?parent=11"}],"wp:term":[{"taxonomy":"yst_prominent_words","embeddable":true,"href":"https:\/\/documents.ge\/it\/wp-json\/wp\/v2\/yst_prominent_words?post=11"}],"curies":[{"name":"wp","href":"https:\/\/api.w.org\/{rel}","templated":true}]}}