{"id":13,"date":"2025-04-06T16:35:44","date_gmt":"2025-04-06T16:35:44","guid":{"rendered":"https:\/\/documents.ge\/it\/certificato-di-matrimonio-georgia\/"},"modified":"2025-04-06T16:35:44","modified_gmt":"2025-04-06T16:35:44","slug":"certificato-di-matrimonio-georgia","status":"publish","type":"page","link":"https:\/\/documents.ge\/it\/certificato-di-matrimonio-georgia\/","title":{"rendered":"Certificato di matrimonio Georgia"},"content":{"rendered":"<p>Ottenere un certificato di matrimonio in Georgia richiede non pi\u00f9 di 2 settimane. \u00c8 possibile ordinarlo con una tariffa elevata in 1-2 giorni lavorativi. Il tempo di ottenimento del certificato di matrimonio in Georgia dipende dalla volont\u00e0 del cliente.<\/p>\n<h3 class=\"wp-block-heading\"><strong>Testo del certificato di matrimonio georgiano. Cosa \u00e8 scritto nel certificato di matrimonio in Georgia<\/strong>. In lingua georgiana<\/h3>\n<h3 class=\"wp-block-heading\">\u10e1\u10d0\u10e5\u10d0\u10e0\u10d7\u10d5\u10d4\u10da\u10dd\u10e1 \u10e0\u10d4\u10e1\u10de\u10e3\u10d1\u10da\u10d8\u10d9\u10d0<\/h3>\n<h3 class=\"wp-block-heading\">\u10e5\u10dd\u10e0\u10ec\u10d8\u10dc\u10d4\u10d1\u10d8\u10e1 \u10db\u10dd\u10ec\u10db\u10dd\u10d1\u10d0<\/h3>\n<figure class=\"wp-block-table\">\n<table>\n<thead>\n<tr>\n<th><\/th>\n<th><\/th>\n<\/tr>\n<\/thead>\n<tbody>\n<tr>\n<td>\u10e5\u10d0\u10da\u10d8:<\/td>\n<td>\u10db\u10d0\u10db\u10d0\u10d9\u10d0\u10ea\u10d8:<\/td>\n<\/tr>\n<tr>\n<td>\u10e1\u10d0\u10ee\u10d4\u10da\u10d8: ____________________<\/td>\n<td>\u10e1\u10d0\u10ee\u10d4\u10da\u10d8: ________________<\/td>\n<\/tr>\n<tr>\n<td>\u10d2\u10d5\u10d0\u10e0\u10d8: _________________<\/td>\n<td>\u10d2\u10d5\u10d0\u10e0\u10d8: __________________________<\/td>\n<\/tr>\n<tr>\n<td>\u10d3\u10d0\u10d1\u10d0\u10d3\u10d4\u10d1\u10d8\u10e1 \u10d7\u10d0\u10e0\u10d8\u10e6\u10d8: ___________________<\/td>\n<td>\u10d3\u10d0\u10d1\u10d0\u10d3\u10d4\u10d1\u10d8\u10e1 \u10d7\u10d0\u10e0\u10d8\u10e6\u10d8: __________<\/td>\n<\/tr>\n<tr>\n<td>\u10d3\u10d0\u10d1\u10d0\u10d3\u10d4\u10d1\u10d8\u10e1 \u10d0\u10d3\u10d2\u10d8\u10da\u10d8: \u10e3\u10d9\u10e0\u10d0\u10d8\u10dc\u10d0, \u10d9\u10d8\u10e0\u10dd\u10d5\u10dd\u10d2\u10e0\u10d0\u10d3\u10d8\u10e1 \u10dd\u10da\u10e5\u10d8<\/td>\n<td>\u10d3\u10d0\u10d1\u10d0\u10d3\u10d4\u10d1\u10d8\u10e1 \u10d0\u10d3\u10d2\u10d8\u10da\u10d8: \u10e0\u10e3\u10e1\u10d4\u10d7\u10d8, \u10db\u10dd\u10e1\u10d9\u10dd\u10d5\u10d8<\/td>\n<\/tr>\n<tr>\n<td>\u10de\u10d8\u10e0\u10d0\u10d3\u10d8 \u10dc\u10dd\u10db\u10d4\u10e0\u10d8:<\/td>\n<td>\u10de\u10d8\u10e0\u10d0\u10d3\u10d8 \u10dc\u10dd\u10db\u10d4\u10e0\u10d8:<\/td>\n<\/tr>\n<tr>\n<td>\u10db\u10dd\u10e5\u10d0\u10da\u10d0\u10e5\u10d4\u10dd\u10d1\u10d0: ____________________<\/td>\n<td>\u10db\u10dd\u10e5\u10d0\u10da\u10d0\u10e5\u10d4\u10dd\u10d1\u10d0: ______________<\/td>\n<\/tr>\n<tr>\n<td>\u10e5\u10dd\u10e0\u10ec\u10d8\u10dc\u10d4\u10d1\u10d8\u10e1 \u10d7\u10d0\u10e0\u10d8\u10e6\u10d8: __________<\/td>\n<td><\/td>\n<\/tr>\n<tr>\n<td>\u10e0\u10d4\u10d2\u10d8\u10e1\u10e2\u10e0\u10d0\u10ea\u10d8\u10d8\u10e1 \u10d7\u10d0\u10e0\u10d8\u10e6\u10d8: ____________<\/td>\n<td><\/td>\n<\/tr>\n<tr>\n<td>\u10e0\u10d4\u10d2\u10d8\u10e1\u10e2\u10e0\u10d0\u10ea\u10d8\u10d8\u10e1 \u10d0\u10d3\u10d2\u10d8\u10da\u10d8:<\/td>\n<td><\/td>\n<\/tr>\n<tr>\n<td>\u10d0\u10e5\u10e2\u10d8\u10e1 \u10e9\u10d0\u10dc\u10d0\u10ec\u10d4\u10e0\u10d8 \u2116: ________________<\/td>\n<td><\/td>\n<\/tr>\n<tr>\n<td>\u10e5\u10dd\u10e0\u10ec\u10d8\u10dc\u10d4\u10d1\u10d8\u10e1 \u10e8\u10d4\u10db\u10d3\u10d4\u10d2 \u10db\u10d0\u10d7\u10d8 \u10d2\u10d5\u10d0\u10e0\u10d4\u10d1\u10d8:<\/td>\n<td><\/td>\n<\/tr>\n<tr>\n<td>\u10ea\u10dd\u10da\u10d8: \u10de\u10dd\u10da\u10d8\u10d0\u10dc\u10d8\u10dc\u10d0<\/td>\n<td><\/td>\n<\/tr>\n<tr>\n<td>\u10e5\u10db\u10d0\u10e0\u10d8: \u10d0\u10e0\u10e2\u10d0\u10db\u10dd\u10dc\u10dd\u10d5<\/td>\n<td><\/td>\n<\/tr>\n<tr>\n<td>\u10d2\u10d0\u10ea\u10d4\u10db\u10d8\u10e1 \u10d7\u10d0\u10e0\u10d8\u10e6\u10d8: 2023 \u10ec\u10da\u10d8\u10e1 19 \u10d8\u10d5\u10dc\u10d8\u10e1\u10d8<\/td>\n<td><\/td>\n<\/tr>\n<tr>\n<td>\u10d2\u10d0\u10ea\u10d4\u10db\u10d8 \u10dd\u10e0\u10d2\u10d0\u10dc\u10dd:<\/td>\n<td><\/td>\n<\/tr>\n<tr>\n<td>\u10e3\u10e4\u10da\u10d4\u10d1\u10d0\u10db\u10dd\u10e1\u10d8\u10da\u10d8 \u10de\u10d8\u10e0\u10d8: \u10ef\u10d0\u10d1\u10d0 \u10e8\u10d0\u10e0\u10d5\u10d0\u10e8\u10d8\u10eb\u10d4<\/td>\n<td><\/td>\n<\/tr>\n<tr>\n<td>\u10e1\u10e1\u10d8\u10de \u10d7\u10d1\u10d8\u10da\u10d8\u10e1\u10d8\u10e1 \u10e1\u10d0\u10db\u10dd\u10e5\u10d0\u10da\u10d0\u10e5\u10dd \u10e0\u10d4\u10d4\u10e1\u10e2\u10e0\u10d8\u10e1 \u10e1\u10d0\u10db\u10e1\u10d0\u10ee\u10e3\u10e0\u10d8<\/td>\n<td><\/td>\n<\/tr>\n<\/tbody>\n<\/table>\n<\/figure>\n<h4 class=\"wp-block-heading\">\u10ee\u10d4\u10da\u10db\u10dd\u10ec\u10d4\u10e0\u10d0:<\/h4>\n<h4 class=\"wp-block-heading\">\u10e1\u10de\u10d4\u10ea\u10d8\u10d0\u10da\u10d8\u10e1\u10e2\u10d8 <strong><em><strong><em>________________<\/em><\/strong><\/em><\/strong><\/h4>\n<h4 class=\"wp-block-heading\">\u10e1\u10e1\u10d8\u10de \u10d7\u10d1\u10d8\u10da\u10d8\u10e1\u10d8\u10e1 \u10e1\u10d0\u10db\u10dd\u10e5\u10d0\u10da\u10d0\u10e5\u10dd \u10e0\u10d4\u10d4\u10e1\u10e2\u10e0\u10d8\u10e1 \u10e1\u10d0\u10db\u10e1\u10d0\u10ee\u10e3\u10e0\u10d8<\/h4>\n<p>\u10d3\u10dd\u10d9\u10e3\u10db\u10d4\u10dc\u10e2\u10d8 \u10d0\u10e0\u10d8\u10e1 \u10d4\u10da\u10d4\u10e5\u10e2\u10e0\u10dd\u10dc\u10e3\u10da\u10d8. \u10d3\u10d0\u10db\u10d0\u10e2\u10d4\u10d1\u10d8\u10d7\u10d8 \u10d8\u10dc\u10e4\u10dd\u10e0\u10db\u10d0\u10ea\u10d8\u10d8\u10e1\u10d7\u10d5\u10d8\u10e1 (http:\/\/sda.gov.ge) \u2014 \u10d8\u10dc\u10e4\u10dd\u10e0\u10db\u10d0\u10ea\u10d8\u10d8\u10e1 \u10d2\u10d0\u10d3\u10d0\u10db\u10dd\u10ec\u10db\u10d4\u10d1\u10d8\u10e1 \u10d0\u10dc \u10d0\u10e0 \u10d0\u10e0\u10e1\u10d4\u10d1\u10dd\u10d1\u10d8\u10e1 \u10e8\u10d4\u10e1\u10d0\u10db\u10dd\u10ec\u10db\u10d4\u10d1\u10da\u10d0\u10d3. \u10d3\u10dd\u10d9\u10e3\u10db\u10d4\u10dc\u10e2\u10d8 \u10e8\u10d4\u10e1\u10d0\u10eb\u10da\u10d4\u10d1\u10d4\u10da\u10d8\u10d0 \u10e9\u10d0\u10db\u10dd\u10e2\u10d5\u10d8\u10e0\u10d7\u10dd\u10d7 \u10d5\u10d4\u10d1\u10d2\u10d5\u10d4\u10e0\u10d3\u10d8\u10d3\u10d0\u10dc (http:\/\/sda.gov.ge) \u10dc\u10dd\u10db\u10e0\u10d8\u10d7 ACT_____________ \u10ec\u10da\u10d8\u10e1 \u10d2\u10d0\u10dc\u10db\u10d0\u10d5\u10da\u10dd\u10d1\u10d0\u10e8\u10d8.<\/p>\n<h4 class=\"wp-block-heading\">\u10ee\u10d4\u10da\u10db\u10dd\u10ec\u10d4\u10e0\u10d8\u10da\u10d8\u10d0 \u10d3\u10d0\/\u10d0\u10dc \u10e8\u10d4\u10d3\u10d0\u10e0\u10d4\u10d1\u10e3\u10da\u10d8\u10d0 \u10d4\u10da\u10d4\u10e5\u10e2\u10e0\u10dd\u10dc\u10e3\u10da\u10d0\u10d3<\/h4>\n<h5 class=\"wp-block-heading\">\u10e1\u10e1\u10d8\u10de \u10d7\u10d1\u10d8\u10da\u10d8\u10e1\u10d8\u10e1 \u10e1\u10d0\u10db\u10dd\u10e5\u10d0\u10da\u10d0\u10e5\u10dd \u10e0\u10d4\u10d4\u10e1\u10e2\u10e0\u10d8\u10e1 \u10e1\u10d0\u10db\u10e1\u10d0\u10ee\u10e3\u10e0\u10d8<\/h5>\n<h3 class=\"wp-block-heading\"><strong>Certificato di matrimonio dalla Georgia in lingua russa. Traduzione del certificato di matrimonio in russo<\/strong> <strong>lingua<\/strong><\/h3>\n<p><strong>Si prega di notare che il certificato di matrimonio in Georgia viene rilasciato solo in lingua georgiana.<\/strong> Pu\u00f2 essere tradotto presso un&#8217;agenzia di traduzioni \u2014 presso la nostra agenzia<\/p>\n<h3 class=\"wp-block-heading\">Repubblica di Georgia<\/h3>\n<h3 class=\"wp-block-heading\">Certificato di matrimonio<\/h3>\n<figure class=\"wp-block-table\">\n<table>\n<thead>\n<tr>\n<th><\/th>\n<th><\/th>\n<\/tr>\n<\/thead>\n<tbody>\n<tr>\n<td>Donna:<\/td>\n<td>Uomo:<\/td>\n<\/tr>\n<tr>\n<td>Nome: ______________________<\/td>\n<td>Nome: __________<\/td>\n<\/tr>\n<tr>\n<td>Cognome: __________________<\/td>\n<td>Cognome: ___________<\/td>\n<\/tr>\n<tr>\n<td>Data di nascita: __________<\/td>\n<td>Data di nascita: _______<\/td>\n<\/tr>\n<tr>\n<td>Luogo di nascita: Ucraina, regione di Kirovograd<\/td>\n<td>Luogo di nascita: Russia, Mosca<\/td>\n<\/tr>\n<tr>\n<td>Numero personale: ________________<\/td>\n<td>Numero personale: _______<\/td>\n<\/tr>\n<tr>\n<td>Cittadinanza: Ucraina<\/td>\n<td>Cittadinanza: Russia<\/td>\n<\/tr>\n<tr>\n<td>Data del matrimonio: 19 giugno 2023<\/td>\n<td><\/td>\n<\/tr>\n<tr>\n<td>Data di registrazione: 19 giugno 2023<\/td>\n<td><\/td>\n<\/tr>\n<tr>\n<td>Luogo di registrazione:<\/td>\n<td><\/td>\n<\/tr>\n<tr>\n<td>Numero di registrazione dell&#8217;atto: _____________________<\/td>\n<td><\/td>\n<\/tr>\n<tr>\n<td>Dopo il matrimonio, i loro cognomi:<\/td>\n<td><\/td>\n<\/tr>\n<tr>\n<td>Moglie: __________________<\/td>\n<td><\/td>\n<\/tr>\n<tr>\n<td>Marito: _____________________<\/td>\n<td><\/td>\n<\/tr>\n<tr>\n<td>Data di emissione: 19 giugno 2023<\/td>\n<td><\/td>\n<\/tr>\n<tr>\n<td>Autorit\u00e0 emittente:<\/td>\n<td><\/td>\n<\/tr>\n<tr>\n<td>Persona autorizzata: ____________________<\/td>\n<td><\/td>\n<\/tr>\n<tr>\n<td>Agenzia del registro civile dell&#8217;amministrazione cittadina di Tbilisi<\/td>\n<td><\/td>\n<\/tr>\n<\/tbody>\n<\/table>\n<\/figure>\n<h4 class=\"wp-block-heading\">Firma:<\/h4>\n<h4 class=\"wp-block-heading\">Specialista <strong><em><strong><em>________________<\/em><\/strong><\/em><\/strong><\/h4>\n<h4 class=\"wp-block-heading\">Agenzia del registro civile dell&#8217;amministrazione cittadina di Tbilisi<\/h4>\n<p>Il documento \u00e8 elettronico. \u00c8 possibile verificare le informazioni sul sito dell&#8217;agenzia (http:\/\/sda.gov.ge) \u2013 per verificare se i dati esistono o meno. Questo documento pu\u00f2 essere scaricato dal sito (http:\/\/sda.gov.ge) con il numero ACT___________________ valido per 1 anno.<\/p>\n<h4 class=\"wp-block-heading\">Timbro:<\/h4>\n<p>Il documento \u00e8 firmato e\/o autenticato elettronicamente<\/p>\n<h4 class=\"wp-block-heading\">Agenzia del registro civile dell&#8217;amministrazione cittadina di Tbilisi<\/h4>\n<p><strong>Attenzione! Nel certificato di matrimonio della Georgia, come nella maggior parte dei paesi del mondo, <span style=\"text-decoration: underline;\">NON VIENE SCRITTO IL PATRONIMICO<\/span> dei coniugi. Non c&#8217;\u00e8 patronimico nei certificati georgiani, e non lo richiedete. <\/strong><\/p>\n<p><strong>Attenzione! Nel certificato di matrimonio georgiano, come nella maggior parte dei paesi del mondo, <span style=\"text-decoration: underline;\">NON VIENE SCRITTA LA NAZIONALIT\u00c0<\/span> dei coniugi. Se avete bisogno di un documento separato sulla nazionalit\u00e0 \u2014 rivolgetevi alla nostra agenzia.<\/strong><\/p>\n<p><em>Potete fare riferimento al certificato di nascita del vecchio modello sovietico, in cui sono indicati il patronimico e la nazionalit\u00e0. Tenete presente che <strong>il formato del certificato \u00e8 cambiato e viene rilasciato secondo il modello approvato legalmente in Georgia.<\/strong><\/em><\/p>\n<h3 class=\"wp-block-heading\"><strong>Esempio \u2014 certificato di matrimonio della Georgia. Come appare un certificato di matrimonio dalla Georgia<\/strong><\/h3>\n<figure class=\"wp-block-image size-full\"><img alt=\"Certificato di matrimonio dalla Georgia - esempio del periodo sovietico.\" class=\"wp-image-449 lazyload\" data-src=\"https:\/\/documents.ge\/wp-content\/uploads\/2024\/07\/\u0421\u0432\u0438\u0434\u0435\u0442\u0435\u043b\u044c\u0441\u0442\u043e\u0432-\u043e-\u0431\u0440\u0430\u043a\u0435-\u0441\u0442\u0430\u0440\u043e\u0433\u043e-\u043e\u0431\u0440\u0430\u0437\u0446\u0430-\u0421\u0421\u0421\u0420-\u0413\u0440\u0443\u0437\u0438\u044f-1.gif\" decoding=\"async\" height=\"597\" src=\"data:image\/gif;base64,R0lGODlhAQABAAAAACH5BAEKAAEALAAAAAABAAEAAAICTAEAOw==\" style=\"--smush-placeholder-width: 800px; --smush-placeholder-aspect-ratio: 800\/597;\" title=\"Il certificato di matrimonio del modello sovietico non pu\u00f2 essere apostillato\" width=\"800\"\/><figcaption class=\"wp-element-caption\">Certificato di matrimonio in russo (cirillico) e georgiano del vecchio modello URSS. Georgia \u2014 1960<\/figcaption><\/figure>\n<figure class=\"wp-block-image\"><img alt=\"Certificato di matrimonio in lingua georgiana. Georgia\" class=\"wp-image-77 lazyload\" data-src=\"http:\/\/documents.ge\/wp-content\/uploads\/2019\/03\/%D1%81%D0%B2%D0%B8%D0%B4%D0%B5%D1%82%D0%B5%D0%BB%D1%8C%D1%81%D1%82%D0%B2%D0%BE-%D0%BE-%D0%B1%D1%80%D0%B0%D0%BA%D0%B5-1024x743.jpg\" decoding=\"async\" src=\"data:image\/gif;base64,R0lGODlhAQABAAAAACH5BAEKAAEALAAAAAABAAEAAAICTAEAOw==\" style=\"--smush-placeholder-width: 1024px; --smush-placeholder-aspect-ratio: 1024\/743;\" title=\"Certificato di matrimonio del vecchio modello, esempio \u2014 Georgia\"\/><figcaption class=\"wp-element-caption\">Certificato di matrimonio del vecchio modello 2018 \u2014 Georgia<\/figcaption><\/figure>\n<figure class=\"wp-block-image size-full\"><img alt=\"Certificato di matrimonio del nuovo modello - Repubblica di Georgia\" class=\"wp-image-359 lazyload\" data-sizes=\"(max-width: 800px) 100vw, 800px\" data-src=\"https:\/\/documents.ge\/wp-content\/uploads\/2024\/07\/Marriage_Certificate_Republic_of_Georgia_2023.png\" data-srcset=\"https:\/\/documents.ge\/wp-content\/uploads\/2024\/07\/Marriage_Certificate_Republic_of_Georgia_2023.png 800w, https:\/\/documents.ge\/wp-content\/uploads\/2024\/07\/Marriage_Certificate_Republic_of_Georgia_2023-300x213.png 300w, https:\/\/documents.ge\/wp-content\/uploads\/2024\/07\/Marriage_Certificate_Republic_of_Georgia_2023-768x546.png 768w\" decoding=\"async\" height=\"569\" src=\"data:image\/gif;base64,R0lGODlhAQABAAAAACH5BAEKAAEALAAAAAABAAEAAAICTAEAOw==\" style=\"--smush-placeholder-width: 800px; --smush-placeholder-aspect-ratio: 800\/569;\" title=\"Certificato di matrimonio, esempio del nuovo modello - Repubblica di Georgia\" width=\"800\"\/><figcaption class=\"wp-element-caption\">Certificato di matrimonio del nuovo modello 2024 &#8211; Repubblica di Georgia<\/figcaption><\/figure>\n<p><strong>Il certificato di matrimonio \u00e8 generalmente necessario per:<\/strong><\/p>\n<ul class=\"wp-block-list\">\n<li>Ottenere la cittadinanza georgiana o di un altro paese<\/li>\n<li>Come base per correggere il cognome, il nome in altri documenti ottenuti dopo il matrimonio<\/li>\n<li>Per il permesso di soggiorno in Georgia o in altri paesi<\/li>\n<li>Per confermare la parentela ai familiari (parenti) discendenti<\/li>\n<li>Per confermare lo status in caso di assunzione con condizioni particolari<\/li>\n<li>Per immigrazione o emigrazione con visto di lavoro o di studio<\/li>\n<li>Per ottenere alimenti o eredit\u00e0<\/li>\n<\/ul>\n<p><strong>Dove \u00e8 possibile ottenere un certificato di matrimonio in Georgia<\/strong><\/p>\n<p>Il certificato di matrimonio in Georgia pu\u00f2 essere ottenuto a Tbilisi presso la Casa della Giustizia, se siete sicuri che non ci siano errori nel registro degli atti. Se ci sono errori o il registro degli atti di matrimonio non \u00e8 presente nell&#8217;archivio, sar\u00e0 necessario rivolgersi all&#8217;ufficio di stato civile dove \u00e8 stato celebrato il matrimonio.<\/p>\n<p><strong>Se siete divorziati, ma vi \u00e8 stato richiesto un certificato di matrimonio<\/strong><\/p>\n<p>Spesso in Europa o negli USA, Canada, Israele viene richiesto di fornire informazioni sul matrimonio, anche se siete divorziati o vedovi\/vedove. In questo caso \u00e8 possibile ottenere un estratto dal registro degli atti di matrimonio. <a href=\"https:\/\/documents.ge\/%D0%B0%D0%BA%D1%82%D0%BE%D0%B2%D0%B0%D1%8F-%D0%B7%D0%B0%D0%BF%D0%B8%D1%81%D1%8C-%D0%BE-%D0%B1%D1%80%D0%B0%D0%BA%D0%B5-%D0%B2%D1%8B%D0%BF%D0%B8%D1%81%D0%BA%D0%B0-%D0%BE-%D0%B1%D1%80%D0%B0%D0%BA%D0%B5\/\" rel=\"noreferrer noopener\" target=\"_blank\">Il registro degli atti<\/a> \u00e8 conservato presso l&#8217;ufficio di stato civile del luogo dove \u00e8 stato celebrato il matrimonio.<\/p>\n<p><strong>Cosa fare se avete un vecchio certificato di matrimonio<\/strong>, ma viene richiesto uno nuovo (o, ad esempio, per l&#8217;apostilla serve uno nuovo).<\/p>\n<p>Se avete un certificato di matrimonio georgiano del modello sovietico, purtroppo, tale certificato potrebbe non essere accettato in paesi come Europa, USA, Canada, Nuova Zelanda e molti altri. Inoltre, tale certificato di matrimonio non pu\u00f2 essere n\u00e9 apostillato, n\u00e9 legalizzato presso il consolato.<\/p>\n<p><strong>Posso ottenere l&#8217;originale del certificato di matrimonio?<\/strong><\/p>\n<p>Potete ottenere l&#8217;originale del certificato di matrimonio dalla Georgia se avete celebrato il matrimonio e non avete ancora ritirato il certificato di matrimonio. Se lo avete gi\u00e0 ritirato in precedenza, vi verr\u00e0 rilasciato solo un duplicato. Il duplicato del certificato di matrimonio ha la stessa validit\u00e0 dell&#8217;originale. Su di esso sar\u00e0 scritto che si tratta di un duplicato. Ci\u00f2 non comporta alcuna conseguenza legale n\u00e9 per voi, n\u00e9 per il coniuge, n\u00e9 per i vostri figli o nipoti.<\/p>\n<p><strong>Posso ottenere lo stesso certificato di matrimonio che avevo, \u2014 in cirillico?<\/strong><\/p>\n<p>Purtroppo, non potete ottenere un certificato del modello sovietico. Tali moduli non sono pi\u00f9 validi da tempo \u2014 quasi dal momento del crollo dell&#8217;URSS. Otterrete un duplicato (se la persona \u00e8 viva o non divorziata, per cui viene richiesto il documento) o un estratto dal registro degli atti \/ dall&#8217;archivio (se la persona \u00e8 deceduta o divorziata).<\/p>\n<p><strong>Avevo un certificato di matrimonio in cirillico, ho ottenuto uno nuovo in georgiano. Perch\u00e9?<\/strong><\/p>\n<p>Ottenere un certificato in cirillico non \u00e8 opportuno. Ci\u00f2 solleverebbe molte<\/p>\n","protected":false},"excerpt":{"rendered":"<p>Ottenere un certificato di matrimonio in Georgia richiede non pi\u00f9 di 2 settimane. \u00c8 possibile ordinarlo con una tariffa elevata in 1-2 giorni lavorativi. Il tempo di ottenimento del certificato di matrimonio in Georgia dipende dalla volont\u00e0 del cliente. Testo del certificato di matrimonio georgiano. Cosa \u00e8 scritto nel certificato di matrimonio in Georgia. In &#8230; <a title=\"Certificato di matrimonio Georgia\" class=\"read-more\" href=\"https:\/\/documents.ge\/it\/certificato-di-matrimonio-georgia\/\" aria-label=\"Per saperne di pi\u00f9 su Certificato di matrimonio Georgia\">\u0427\u0438\u0442\u0430\u0442\u044c \u0434\u0430\u043b\u0435\u0435<\/a><\/p>\n","protected":false},"author":1,"featured_media":0,"parent":0,"menu_order":0,"comment_status":"closed","ping_status":"closed","template":"","meta":{"_acf_changed":false,"_monsterinsights_skip_tracking":false,"_monsterinsights_sitenote_active":false,"_monsterinsights_sitenote_note":"","_monsterinsights_sitenote_category":0,"footnotes":""},"yst_prominent_words":[],"class_list":["post-13","page","type-page","status-publish"],"acf":[],"_links":{"self":[{"href":"https:\/\/documents.ge\/it\/wp-json\/wp\/v2\/pages\/13","targetHints":{"allow":["GET"]}}],"collection":[{"href":"https:\/\/documents.ge\/it\/wp-json\/wp\/v2\/pages"}],"about":[{"href":"https:\/\/documents.ge\/it\/wp-json\/wp\/v2\/types\/page"}],"author":[{"embeddable":true,"href":"https:\/\/documents.ge\/it\/wp-json\/wp\/v2\/users\/1"}],"replies":[{"embeddable":true,"href":"https:\/\/documents.ge\/it\/wp-json\/wp\/v2\/comments?post=13"}],"version-history":[{"count":0,"href":"https:\/\/documents.ge\/it\/wp-json\/wp\/v2\/pages\/13\/revisions"}],"wp:attachment":[{"href":"https:\/\/documents.ge\/it\/wp-json\/wp\/v2\/media?parent=13"}],"wp:term":[{"taxonomy":"yst_prominent_words","embeddable":true,"href":"https:\/\/documents.ge\/it\/wp-json\/wp\/v2\/yst_prominent_words?post=13"}],"curies":[{"name":"wp","href":"https:\/\/api.w.org\/{rel}","templated":true}]}}