{"id":15,"date":"2025-04-06T16:38:03","date_gmt":"2025-04-06T16:38:03","guid":{"rendered":"https:\/\/documents.ge\/it\/cose-una-procura\/"},"modified":"2025-04-06T16:38:03","modified_gmt":"2025-04-06T16:38:03","slug":"cose-una-procura","status":"publish","type":"page","link":"https:\/\/documents.ge\/it\/cose-una-procura\/","title":{"rendered":"Cos&#8217;\u00e8 una &#8220;procura&#8221;"},"content":{"rendered":"<p><strong>Procura<\/strong> \u2014 \u00e8 un documento speciale che conferisce a qualcuno, la persona indicata nella procura, il diritto di rappresentare gli interessi di una persona fisica o giuridica.<\/p>\n<p>La procura pu\u00f2 essere generale o speciale \u2014 per poteri speciali (azioni). \u00c8 consigliabile rilasciare una procura generale ai propri figli o genitori.<\/p>\n<p><strong>La procura ha una durata.<\/strong> Nella procura viene indicato questo termine. Se nella procura non \u00e8 specificato un termine, di solito \u00e8 valida per 1 anno. In alcuni paesi, ci\u00f2 significa che la procura \u00e8 valida indefinitamente. Ma nella maggior parte dei paesi, per una procura senza limiti di tempo, \u00e8 necessario specificarlo nel testo della procura.<\/p>\n<p>In alcuni paesi, la durata della procura \u00e8 limitata dalla legge e non pu\u00f2 superare, ad esempio, 3 anni. Cio\u00e8, non \u00e8 possibile stabilire un termine pi\u00f9 lungo.<\/p>\n<p>La procura pu\u00f2 essere redatta da un notaio, in un consolato (dal console), in un ospedale (dal medico), se una persona non pu\u00f2 lasciare l&#8217;ospedale a causa delle sue condizioni, o presso gli organi di governo locali (questo \u00e8 possibile, ad esempio, in Italia). La procura pu\u00f2 anche essere rilasciata da una persona giuridica (impresa) rappresentata dal direttore.<\/p>\n<p><strong>La procura di un&#8217;impresa<\/strong> per compiere azioni all&#8217;interno del paese di solito non richiede autenticazione notarile. Ma per proteggere o rappresentare interessi all&#8217;estero, la procura deve essere consolare o notarile con apostille o legalizzazione (se tra i paesi non ci sono accordi sul semplificato scambio di documenti).<\/p>\n<p>Nella procura sono indicati i dati di entrambe le parti \u2014 il mandatario e il mandante (passaporto, date di nascita, numeri personali o codici), la data di redazione della procura, i poteri e la durata della procura.<\/p>\n<p>Per i paesi dell&#8217;apostille \u2014 \u00e8 necessaria l&#8217;apostille. Per altri paesi \u2014 la legalizzazione.<\/p>\n","protected":false},"excerpt":{"rendered":"<p>Procura \u2014 \u00e8 un documento speciale che conferisce a qualcuno, la persona indicata nella procura, il diritto di rappresentare gli interessi di una persona fisica o giuridica. La procura pu\u00f2 essere generale o speciale \u2014 per poteri speciali (azioni). \u00c8 consigliabile rilasciare una procura generale ai propri figli o genitori. La procura ha una durata. &#8230; <a title=\"Cos&#8217;\u00e8 una &#8220;procura&#8221;\" class=\"read-more\" href=\"https:\/\/documents.ge\/it\/cose-una-procura\/\" aria-label=\"Per saperne di pi\u00f9 su Cos&#8217;\u00e8 una &#8220;procura&#8221;\">\u0427\u0438\u0442\u0430\u0442\u044c \u0434\u0430\u043b\u0435\u0435<\/a><\/p>\n","protected":false},"author":1,"featured_media":0,"parent":0,"menu_order":0,"comment_status":"closed","ping_status":"closed","template":"","meta":{"_acf_changed":false,"_monsterinsights_skip_tracking":false,"_monsterinsights_sitenote_active":false,"_monsterinsights_sitenote_note":"","_monsterinsights_sitenote_category":0,"footnotes":""},"yst_prominent_words":[],"class_list":["post-15","page","type-page","status-publish"],"acf":[],"_links":{"self":[{"href":"https:\/\/documents.ge\/it\/wp-json\/wp\/v2\/pages\/15","targetHints":{"allow":["GET"]}}],"collection":[{"href":"https:\/\/documents.ge\/it\/wp-json\/wp\/v2\/pages"}],"about":[{"href":"https:\/\/documents.ge\/it\/wp-json\/wp\/v2\/types\/page"}],"author":[{"embeddable":true,"href":"https:\/\/documents.ge\/it\/wp-json\/wp\/v2\/users\/1"}],"replies":[{"embeddable":true,"href":"https:\/\/documents.ge\/it\/wp-json\/wp\/v2\/comments?post=15"}],"version-history":[{"count":0,"href":"https:\/\/documents.ge\/it\/wp-json\/wp\/v2\/pages\/15\/revisions"}],"wp:attachment":[{"href":"https:\/\/documents.ge\/it\/wp-json\/wp\/v2\/media?parent=15"}],"wp:term":[{"taxonomy":"yst_prominent_words","embeddable":true,"href":"https:\/\/documents.ge\/it\/wp-json\/wp\/v2\/yst_prominent_words?post=15"}],"curies":[{"name":"wp","href":"https:\/\/api.w.org\/{rel}","templated":true}]}}