{"id":17,"date":"2025-04-06T16:40:16","date_gmt":"2025-04-06T16:40:16","guid":{"rendered":"https:\/\/documents.ge\/it\/certificato-di-cittadinanza\/"},"modified":"2025-04-06T16:40:16","modified_gmt":"2025-04-06T16:40:16","slug":"certificato-di-cittadinanza","status":"publish","type":"page","link":"https:\/\/documents.ge\/it\/certificato-di-cittadinanza\/","title":{"rendered":"Certificato di cittadinanza"},"content":{"rendered":"<p>Il certificato di cittadinanza dalla Georgia \u00e8 spesso richiesto da stati esteri e dai loro organi per confermare la residenza dei cittadini georgiani o per giustificare le fonti dei loro redditi all&#8217;estero.<\/p>\n<p>Non importa quali siano le ragioni per cui ti \u00e8 stato richiesto il certificato di cittadinanza, la nostra agenzia fornir\u00e0 tale certificato nel pi\u00f9 breve tempo possibile.<\/p>\n<p>Puoi contattare i nostri avvocati in Georgia per telefono, email, Skype, WhatsApp, Viber o Telegram<\/p>\n<h2 class=\"wp-block-heading\">Telefono in Georgia<\/h2>\n<p><strong>Telefono per contatti<\/strong><br \/>+373 67 666 333<\/p>\n<p><strong>Orari di lavoro<\/strong><br \/>Luned\u00ec\u2013venerd\u00ec: 9:00\u201317:00<\/p>\n","protected":false},"excerpt":{"rendered":"<p>Il certificato di cittadinanza dalla Georgia \u00e8 spesso richiesto da stati esteri e dai loro organi per confermare la residenza dei cittadini georgiani o per giustificare le fonti dei loro redditi all&#8217;estero. Non importa quali siano le ragioni per cui ti \u00e8 stato richiesto il certificato di cittadinanza, la nostra agenzia fornir\u00e0 tale certificato nel &#8230; <a title=\"Certificato di cittadinanza\" class=\"read-more\" href=\"https:\/\/documents.ge\/it\/certificato-di-cittadinanza\/\" aria-label=\"Per saperne di pi\u00f9 su Certificato di cittadinanza\">\u0427\u0438\u0442\u0430\u0442\u044c \u0434\u0430\u043b\u0435\u0435<\/a><\/p>\n","protected":false},"author":1,"featured_media":0,"parent":0,"menu_order":0,"comment_status":"closed","ping_status":"closed","template":"","meta":{"_acf_changed":false,"_monsterinsights_skip_tracking":false,"_monsterinsights_sitenote_active":false,"_monsterinsights_sitenote_note":"","_monsterinsights_sitenote_category":0,"footnotes":""},"yst_prominent_words":[],"class_list":["post-17","page","type-page","status-publish"],"acf":[],"_links":{"self":[{"href":"https:\/\/documents.ge\/it\/wp-json\/wp\/v2\/pages\/17","targetHints":{"allow":["GET"]}}],"collection":[{"href":"https:\/\/documents.ge\/it\/wp-json\/wp\/v2\/pages"}],"about":[{"href":"https:\/\/documents.ge\/it\/wp-json\/wp\/v2\/types\/page"}],"author":[{"embeddable":true,"href":"https:\/\/documents.ge\/it\/wp-json\/wp\/v2\/users\/1"}],"replies":[{"embeddable":true,"href":"https:\/\/documents.ge\/it\/wp-json\/wp\/v2\/comments?post=17"}],"version-history":[{"count":0,"href":"https:\/\/documents.ge\/it\/wp-json\/wp\/v2\/pages\/17\/revisions"}],"wp:attachment":[{"href":"https:\/\/documents.ge\/it\/wp-json\/wp\/v2\/media?parent=17"}],"wp:term":[{"taxonomy":"yst_prominent_words","embeddable":true,"href":"https:\/\/documents.ge\/it\/wp-json\/wp\/v2\/yst_prominent_words?post=17"}],"curies":[{"name":"wp","href":"https:\/\/api.w.org\/{rel}","templated":true}]}}