{"id":18,"date":"2025-04-06T16:42:17","date_gmt":"2025-04-06T16:42:17","guid":{"rendered":"https:\/\/documents.ge\/it\/nostrificazione-riconoscimento-di-diplomi-e-certificati\/"},"modified":"2025-04-06T16:42:17","modified_gmt":"2025-04-06T16:42:17","slug":"nostrificazione-riconoscimento-di-diplomi-e-certificati","status":"publish","type":"page","link":"https:\/\/documents.ge\/it\/nostrificazione-riconoscimento-di-diplomi-e-certificati\/","title":{"rendered":"Nostrificazione (riconoscimento) di diplomi e certificati"},"content":{"rendered":"<h3 class=\"wp-block-heading\"><strong>Cos&#8217;\u00e8 la nostrificazione<\/strong><\/h3>\n<p><strong>La nostrificazione<\/strong> \u00e8 il processo di riconoscimento dei documenti di istruzione o qualifica, rilasciati in un paese, in un altro paese.<\/p>\n<p>Di solito questo processo \u00e8 necessario per ottenere il diritto a lavorare o studiare in un altro paese, quando i documenti ottenuti in un istituto di istruzione straniero non sono riconosciuti automaticamente nel paese in cui si intende utilizzare le proprie qualifiche o istruzione.<\/p>\n<p><em>Autore: documents.ge 26 febbraio 2023<\/em><\/p>\n<h3 class=\"wp-block-heading\"><strong>Processo di nostrificazione<\/strong><\/h3>\n<p><strong>Passaggi del processo di nostrificazione<\/strong><\/p>\n<ol class=\"wp-block-list\">\n<li><strong>Ottenere copie e\/o originali dei documenti di istruzione che devono essere nostrificati.<\/strong> Questi documenti di solito includono diplomi, certificati dei risultati degli esami, trascrizioni e altri documenti che attestano la qualifica e l&#8217;istruzione.<\/li>\n<li><strong>Identificare l&#8217;autorit\u00e0 competente che si occuper\u00e0 della nostrificazione secondo la legislazione del paese in cui si desidera utilizzare i propri documenti.<\/strong> Di solito \u00e8 il ministero dell&#8217;istruzione o un&#8217;agenzia speciale responsabile della nostrificazione dei documenti.<\/li>\n<li><strong>Presentare una domanda di nostrificazione dei documenti all&#8217;autorit\u00e0 competente.<\/strong> La domanda potrebbe richiedere il pagamento di tasse e la presentazione di documenti aggiuntivi, come traduzioni nella lingua locale o documenti che attestino l&#8217;esperienza lavorativa nel settore pertinente.<\/li>\n<li><strong>Elaborazione della domanda e dei documenti da parte dell&#8217;autorit\u00e0 competente.<\/strong> Di solito questo processo pu\u00f2 richiedere diverse settimane o mesi, a seconda della complessit\u00e0 e del numero di documenti.<\/li>\n<li><strong>Ricevere la decisione sulla nostrificazione dei documenti.<\/strong> Se la domanda \u00e8 stata approvata, si ricever\u00e0 una conferma della nostrificazione dei documenti. Se la domanda \u00e8 stata rifiutata, potrebbe essere offerta la possibilit\u00e0 di contestare la decisione.<\/li>\n<\/ol>\n<h3 class=\"wp-block-heading\"><strong>\u00c8 possibile nostrificare i certificati?<\/strong><\/h3>\n<p>S\u00ec, i certificati di istruzione secondaria possono essere nostrificati. Ad esempio, se hai terminato la scuola in un altro paese e desideri iscriverti a un&#8217;universit\u00e0 o college in un altro paese, potrebbe essere necessaria la nostrificazione del tuo certificato affinch\u00e9 sia riconosciuto come documento di istruzione conforme agli standard di quel paese.<\/p>\n<h3 class=\"wp-block-heading\"><strong>\u00c8 possibile nostrificare (riconoscere) i documenti di istruzione senza la partecipazione del titolare e senza recarsi sul posto?<\/strong><\/h3>\n<p>Con la stipula di una procura al nostro rappresentante (avvocato professionista) puoi evitare di perdere tempo nella risoluzione di questioni che potrebbero richiedere tempo e, forse, portare a risultati deludenti. Affidati ai professionisti!<\/p>\n<p><a href=\"tel:+373 67 666 333\">+373 67 666 333<\/a> \u2014 <a href=\"viber:\/\/pa?chatURI=viber&amp;text=%D0%97%D0%B4%D1%80%D0%B0%D0%B2%D1%81%D1%82%D0%B2%D1%83%D0%B9%D1%82%D0%B5%2C%20%D1%81%D0%BB%D1%83%D1%88%D0%B0%D1%8E%20%D0%92%D0%B0%D1%81&amp;number=37367666333\">Viber<\/a> <a href=\"https:\/\/api.whatsapp.com\/send?phone=+37367666333&amp;text=%D0%97%D0%B4%D1%80%D0%B0%D0%B2%D1%81%D1%82%D0%B2%D1%83%D0%B9%D1%82%D0%B5%2C%20%D1%81%D0%BB%D1%83%D1%88%D0%B0%D1%8E%20%D0%92%D0%B0%D1%81\">WhatsApp<\/a> <a href=\"tg:\/\/resolve?domain=AnyDocuments&amp;text=%D0%97%D0%B4%D1%80%D0%B0%D0%B2%D1%81%D1%82%D0%B2%D1%83%D0%B9%D1%82%D0%B5%2C%20%D1%81%D0%BB%D1%83%D1%88%D0%B0%D1%8E%20%D0%92%D0%B0%D1%81\">Telegram<\/a><br \/><a href=\"mailto:documents.ge@yandex.ru\">documents.ge@yandex.ru<\/a><\/p>\n<h3 class=\"wp-block-heading\">Telefono in Georgia<\/h3>\n<p><strong>Telefono per contatti<\/strong><br \/>+373 67 666 333<\/p>\n<p><strong>Orari di lavoro<\/strong><br \/>Luned\u00ec\u2013venerd\u00ec: 9:00\u201317:00<\/p>\n","protected":false},"excerpt":{"rendered":"<p>Cos&#8217;\u00e8 la nostrificazione La nostrificazione \u00e8 il processo di riconoscimento dei documenti di istruzione o qualifica, rilasciati in un paese, in un altro paese. Di solito questo processo \u00e8 necessario per ottenere il diritto a lavorare o studiare in un altro paese, quando i documenti ottenuti in un istituto di istruzione straniero non sono riconosciuti &#8230; <a title=\"Nostrificazione (riconoscimento) di diplomi e certificati\" class=\"read-more\" href=\"https:\/\/documents.ge\/it\/nostrificazione-riconoscimento-di-diplomi-e-certificati\/\" aria-label=\"Per saperne di pi\u00f9 su Nostrificazione (riconoscimento) di diplomi e certificati\">\u0427\u0438\u0442\u0430\u0442\u044c \u0434\u0430\u043b\u0435\u0435<\/a><\/p>\n","protected":false},"author":1,"featured_media":0,"parent":0,"menu_order":0,"comment_status":"closed","ping_status":"closed","template":"","meta":{"_acf_changed":false,"_monsterinsights_skip_tracking":false,"_monsterinsights_sitenote_active":false,"_monsterinsights_sitenote_note":"","_monsterinsights_sitenote_category":0,"footnotes":""},"yst_prominent_words":[],"class_list":["post-18","page","type-page","status-publish"],"acf":[],"_links":{"self":[{"href":"https:\/\/documents.ge\/it\/wp-json\/wp\/v2\/pages\/18","targetHints":{"allow":["GET"]}}],"collection":[{"href":"https:\/\/documents.ge\/it\/wp-json\/wp\/v2\/pages"}],"about":[{"href":"https:\/\/documents.ge\/it\/wp-json\/wp\/v2\/types\/page"}],"author":[{"embeddable":true,"href":"https:\/\/documents.ge\/it\/wp-json\/wp\/v2\/users\/1"}],"replies":[{"embeddable":true,"href":"https:\/\/documents.ge\/it\/wp-json\/wp\/v2\/comments?post=18"}],"version-history":[{"count":0,"href":"https:\/\/documents.ge\/it\/wp-json\/wp\/v2\/pages\/18\/revisions"}],"wp:attachment":[{"href":"https:\/\/documents.ge\/it\/wp-json\/wp\/v2\/media?parent=18"}],"wp:term":[{"taxonomy":"yst_prominent_words","embeddable":true,"href":"https:\/\/documents.ge\/it\/wp-json\/wp\/v2\/yst_prominent_words?post=18"}],"curies":[{"name":"wp","href":"https:\/\/api.w.org\/{rel}","templated":true}]}}