{"id":23,"date":"2025-04-06T16:51:47","date_gmt":"2025-04-06T16:51:47","guid":{"rendered":"https:\/\/documents.ge\/it\/apostille-georgia\/"},"modified":"2025-04-06T16:51:47","modified_gmt":"2025-04-06T16:51:47","slug":"apostille-georgia","status":"publish","type":"page","link":"https:\/\/documents.ge\/it\/apostille-georgia\/","title":{"rendered":"Apostille Georgia"},"content":{"rendered":"<p>La Georgia ha aderito alla Convenzione dell&#8217;Aia il 26 agosto 2006 e da maggio 2007 ha iniziato a utilizzare l&#8217;apostille. Ci\u00f2 significa che i documenti emessi prima di maggio 2007 non possono essere apostillati e richiedono un aggiornamento.<\/p>\n<p>L&#8217;entrata in vigore della convenzione per la Georgia e altri paesi \u00e8 avvenuta in momenti diversi. Ad esempio, per la Germania la data \u00e8 il 3 febbraio 2010, mentre per la Grecia \u00e8 il 17 dicembre 2015. Ci\u00f2 significa che i documenti apostillati in Georgia prima di queste date non sono riconosciuti nei rispettivi paesi.<\/p>\n<p>I documenti provenienti dall&#8217;Abkhazia e dall&#8217;Ossezia del Sud non rientrano nell&#8217;ambito della convenzione.<\/p>\n<figure class=\"wp-block-image size-full\"><img alt=\"\" class=\"wp-image-55 lazyload\" data-sizes=\"(max-width: 650px) 100vw, 650px\" data-src=\"https:\/\/documents.ge\/wp-content\/uploads\/2023\/12\/Apostille_Apostil_Georgia.jpg\" data-srcset=\"https:\/\/documents.ge\/wp-content\/uploads\/2023\/12\/Apostille_Apostil_Georgia.jpg 650w, https:\/\/documents.ge\/wp-content\/uploads\/2023\/12\/Apostille_Apostil_Georgia-243x300.jpg 243w\" decoding=\"async\" height=\"804\" src=\"data:image\/gif;base64,R0lGODlhAQABAAAAACH5BAEKAAEALAAAAAABAAEAAAICTAEAOw==\" style=\"--smush-placeholder-width: 650px; --smush-placeholder-aspect-ratio: 650\/804;\" width=\"650\"\/><figcaption class=\"wp-element-caption\">Come appare l&#8217;apostille georgiana<\/figcaption><\/figure>\n<h3 class=\"wp-block-heading\">Procedura per l&#8217;apostille in Georgia<\/h3>\n<p>L&#8217;apostille in Georgia viene apposta sui documenti indipendentemente dalla loro traduzione. Pu\u00f2 essere eseguita con un timbro o un sigillo su un supporto cartaceo autoadesivo con elementi di sicurezza.<\/p>\n<p>Il testo dell&#8217;apostille in georgiano e la sua traduzione in russo includono informazioni sul paese (Georgia), il firmatario, la sua posizione, il timbro, il luogo e la data di emissione, nonch\u00e9 il numero dell&#8217;apostille e la firma.<\/p>\n<p>L&#8217;apostille si applica ai documenti costitutivi delle societ\u00e0, agli estratti dal registro commerciale e ad altri documenti ufficiali.<\/p>\n<p>Necessit\u00e0 dell&#8217;apostille<br \/>L&#8217;apostille \u00e8 necessaria per confermare l&#8217;autenticit\u00e0 delle firme e dei timbri a causa dei frequenti cambiamenti dei funzionari e delle numerose firme. Ci\u00f2 semplifica il lavoro delle autorit\u00e0 straniere nell&#8217;accettazione dei documenti e riduce i tempi di elaborazione.<\/p>\n<p>In Georgia, non \u00e8 possibile ottenere l&#8217;apostille presso i consolati, come previsto dalle disposizioni della Convenzione dell&#8217;Aia.<\/p>\n<h3 class=\"wp-block-heading\">Apostille elettronica in Georgia<\/h3>\n<p>Dal 2020, la Georgia ha introdotto l&#8217;apostille elettronica (E-apostille), che consente di verificare online fino a 100 tipi di documenti. Questo \u00e8 un metodo conveniente per convalidare documenti come certificati di nascita, referti medici e altri. L&#8217;apostille elettronica \u00e8 integrata nel sistema nazionale di servizi elettronici ed \u00e8 disponibile per la verifica sul sito ufficiale dei servizi governativi della Georgia.<\/p>\n<h3 class=\"wp-block-heading\">Dove ottenere (apporre) l&#8217;apostille in Georgia<\/h3>\n<p>Autorit\u00e0 competenti designate (secondo <a href=\"https:\/\/www.hcch.net\/\" rel=\"noreferrer noopener\" target=\"_blank\">https:\/\/www.hcch.net\/<\/a>):<\/p>\n<ol class=\"wp-block-list\">\n<li><strong>L&#8217;Ente Giuridico di Diritto Pubblico &#8220;Agenzia per lo Sviluppo dei Servizi Pubblici&#8221; (ARPU) del Ministero della Giustizia della Georgia.<\/strong><\/li>\n<\/ol>\n<p>Il PSDA \u00e8 responsabile dell&#8217;autenticazione di tutti i documenti con apostille, se altre autorit\u00e0 competenti non lo fanno.<\/p>\n<ol class=\"wp-block-list\" start=\"2\">\n<li><strong>L&#8217;Ente Giuridico di Diritto Pubblico Centro Nazionale per il Miglioramento della Qualit\u00e0 dell&#8217;Istruzione del Ministero dell&#8217;Istruzione, della Scienza, della Cultura e dello Sport della Georgia.<\/strong><\/li>\n<\/ol>\n<p>Per quanto riguarda i documenti di istruzione (diplomi universitari, certificati di scuola superiore, ecc.), in conformit\u00e0 con l&#8217;ordine congiunto n. 93\/\u10dc \u2013 n. 170 del 10 agosto 2016 del Ministro dell&#8217;Istruzione e della Scienza e del Ministro della Giustizia della Georgia. &#8220;Sull&#8217;approvazione delle regole per la richiesta e l&#8217;ottenimento delle informazioni necessarie per l&#8217;autenticazione con apostille\/legalizzazione dei documenti emessi dal Ministero dell&#8217;Istruzione e della Scienza della Georgia e dagli organi del sistema del Ministero, nonch\u00e9 dei documenti emessi dalle istituzioni educative nell&#8217;ambito delle loro competenze&#8221;, i documenti sono presentati al PSDA dall&#8217;interessato, e i documenti sono inviati dal PSDA attraverso il sistema di gestione elettronica all&#8217;Ente Giuridico di Diritto Pubblico Centro Nazionale per il Miglioramento della Qualit\u00e0 dell&#8217;Istruzione del Ministero dell&#8217;Istruzione, della Scienza, della Cultura e dello Sport della Georgia per l&#8217;esame, che prende una decisione positiva e\/o negativa sull&#8217;autenticazione dei documenti con apostille.<\/p>\n<ol class=\"wp-block-list\" start=\"3\">\n<li><strong>L&#8217;Ente Giuridico di Diritto Pubblico Agenzia di Servizio del Ministero degli Affari Interni della Georgia<\/strong> \u00e8 autorizzato ad apostillare i documenti elaborati\/emessi dall&#8217;Agenzia di Servizio del Ministero degli Affari Interni della Georgia.<\/li>\n<\/ol>\n<h3 class=\"wp-block-heading\">Esiste un periodo di conservazione dei registri nel registro delle apostille in Georgia?<\/h3><\/p>\n","protected":false},"excerpt":{"rendered":"<p>La Georgia ha aderito alla Convenzione dell&#8217;Aia il 26 agosto 2006 e da maggio 2007 ha iniziato a utilizzare l&#8217;apostille. Ci\u00f2 significa che i documenti emessi prima di maggio 2007 non possono essere apostillati e richiedono un aggiornamento. L&#8217;entrata in vigore della convenzione per la Georgia e altri paesi \u00e8 avvenuta in momenti diversi. Ad &#8230; <a title=\"Apostille Georgia\" class=\"read-more\" href=\"https:\/\/documents.ge\/it\/apostille-georgia\/\" aria-label=\"Per saperne di pi\u00f9 su Apostille Georgia\">\u0427\u0438\u0442\u0430\u0442\u044c \u0434\u0430\u043b\u0435\u0435<\/a><\/p>\n","protected":false},"author":1,"featured_media":0,"parent":0,"menu_order":0,"comment_status":"closed","ping_status":"closed","template":"","meta":{"_acf_changed":false,"_monsterinsights_skip_tracking":false,"_monsterinsights_sitenote_active":false,"_monsterinsights_sitenote_note":"","_monsterinsights_sitenote_category":0,"footnotes":""},"yst_prominent_words":[],"class_list":["post-23","page","type-page","status-publish"],"acf":[],"_links":{"self":[{"href":"https:\/\/documents.ge\/it\/wp-json\/wp\/v2\/pages\/23","targetHints":{"allow":["GET"]}}],"collection":[{"href":"https:\/\/documents.ge\/it\/wp-json\/wp\/v2\/pages"}],"about":[{"href":"https:\/\/documents.ge\/it\/wp-json\/wp\/v2\/types\/page"}],"author":[{"embeddable":true,"href":"https:\/\/documents.ge\/it\/wp-json\/wp\/v2\/users\/1"}],"replies":[{"embeddable":true,"href":"https:\/\/documents.ge\/it\/wp-json\/wp\/v2\/comments?post=23"}],"version-history":[{"count":0,"href":"https:\/\/documents.ge\/it\/wp-json\/wp\/v2\/pages\/23\/revisions"}],"wp:attachment":[{"href":"https:\/\/documents.ge\/it\/wp-json\/wp\/v2\/media?parent=23"}],"wp:term":[{"taxonomy":"yst_prominent_words","embeddable":true,"href":"https:\/\/documents.ge\/it\/wp-json\/wp\/v2\/yst_prominent_words?post=23"}],"curies":[{"name":"wp","href":"https:\/\/api.w.org\/{rel}","templated":true}]}}