{"id":24,"date":"2025-04-06T16:53:07","date_gmt":"2025-04-06T16:53:07","guid":{"rendered":"https:\/\/documents.ge\/it\/apostille-e-legalizzazione\/"},"modified":"2025-04-06T16:53:07","modified_gmt":"2025-04-06T16:53:07","slug":"apostille-e-legalizzazione","status":"publish","type":"page","link":"https:\/\/documents.ge\/it\/apostille-e-legalizzazione\/","title":{"rendered":"Apostille e legalizzazione"},"content":{"rendered":"<h3 class=\"wp-block-heading\">Apostille<\/h3>\n<p>Immagina di avere un documento ufficiale del tuo paese (ad esempio, un certificato di nascita o un diploma) che devi utilizzare in un altro paese. Affinch\u00e9 questo documento venga riconosciuto come autentico nell&#8217;altro paese, \u00e8 necessario apporvi un timbro speciale: l&#8217;apostille.<\/p>\n<p><strong>Come funziona?<\/strong><\/p>\n<ol class=\"wp-block-list\">\n<li><strong>Dove si appone l&#8217;apostille:<\/strong> Questo timbro viene apposto nel paese in cui \u00e8 stato emesso il documento. Ad esempio, se hai un diploma georgiano, l&#8217;apostille deve essere apposta in Georgia.<\/li>\n<li><strong>Chi appone l&#8217;apostille:<\/strong> Di solito \u00e8 fatto da organi statali come ministeri, tribunali o autorit\u00e0 locali. In Georgia, \u00e8 il Ministero della Giustizia.<\/li>\n<li><strong>A cosa serve:<\/strong> L&#8217;apostille conferma che la firma e il timbro sul tuo documento sono autentici. \u00c8 come una garanzia per l&#8217;altro paese che il tuo documento non \u00e8 un falso.<\/li>\n<li><strong>Quando \u00e8 necessaria:<\/strong> L&#8217;apostille \u00e8 necessaria se il paese in cui vuoi utilizzare il documento accetta l&#8217;apostille (deve essere un partecipante della cosiddetta Convenzione dell&#8217;Aia).<\/li>\n<\/ol>\n<h3 class=\"wp-block-heading\">Legalizzazione consolare<\/h3>\n<p>Se il paese in cui vuoi utilizzare il documento non accetta l&#8217;apostille, allora hai bisogno della legalizzazione consolare.<\/p>\n<p><strong>Come funziona?<\/strong><\/p>\n<ol class=\"wp-block-list\">\n<li><strong>Dove si fa la legalizzazione:<\/strong> \u00c8 un processo in cui il consolato o l&#8217;ambasciata del paese in cui intendi utilizzare il documento ne verifica l&#8217;autenticit\u00e0.<\/li>\n<li><strong>A cosa serve:<\/strong> La legalizzazione consolare conferma anche che il tuo documento e tutto ci\u00f2 che \u00e8 scritto su di esso sono autentici. Questo \u00e8 necessario affinch\u00e9 l&#8217;altro paese possa accettare il tuo documento con fiducia.<\/li>\n<li><strong>Come si svolge il processo:<\/strong> Prima il tuo documento deve essere legalizzato nei ministeri del paese emittente (ad esempio, nel Ministero dell&#8217;Istruzione e nel Ministero degli Affari Esteri), e poi nel consolato o nell&#8217;ambasciata del paese in cui il documento sar\u00e0 utilizzato.<\/li>\n<\/ol>\n<h3 class=\"wp-block-heading\">Punti importanti<\/h3>\n<ul class=\"wp-block-list\">\n<li><strong>Verifica i requisiti:<\/strong> Chiedi sempre quale processo (apostille o legalizzazione consolare) \u00e8 richiesto per il tuo documento nel paese in cui intendi utilizzarlo.<\/li>\n<li><strong>Tempo e costo:<\/strong> Tieni presente che ottenere un&#8217;apostille o completare la legalizzazione consolare pu\u00f2 richiedere del tempo e comportare alcune spese.<\/li>\n<li><strong>Informazioni aggiuntive:<\/strong> A volte potrebbero essere necessari passaggi aggiuntivi, come la traduzione del documento nella lingua richiesta, che deve anche essere autenticata.<\/li>\n<\/ul>\n<p>Questi processi garantiscono che i tuoi documenti siano riconosciuti in altri paesi, il che \u00e8 particolarmente importante per studiare all&#8217;estero, lavorare a livello internazionale, sposarsi, immigrare e altri casi ufficiali.<\/p>\n","protected":false},"excerpt":{"rendered":"<p>Apostille Immagina di avere un documento ufficiale del tuo paese (ad esempio, un certificato di nascita o un diploma) che devi utilizzare in un altro paese. Affinch\u00e9 questo documento venga riconosciuto come autentico nell&#8217;altro paese, \u00e8 necessario apporvi un timbro speciale: l&#8217;apostille. Come funziona? Dove si appone l&#8217;apostille: Questo timbro viene apposto nel paese in &#8230; <a title=\"Apostille e legalizzazione\" class=\"read-more\" href=\"https:\/\/documents.ge\/it\/apostille-e-legalizzazione\/\" aria-label=\"Per saperne di pi\u00f9 su Apostille e legalizzazione\">\u0427\u0438\u0442\u0430\u0442\u044c \u0434\u0430\u043b\u0435\u0435<\/a><\/p>\n","protected":false},"author":1,"featured_media":0,"parent":0,"menu_order":0,"comment_status":"closed","ping_status":"closed","template":"","meta":{"_acf_changed":false,"_monsterinsights_skip_tracking":false,"_monsterinsights_sitenote_active":false,"_monsterinsights_sitenote_note":"","_monsterinsights_sitenote_category":0,"footnotes":""},"yst_prominent_words":[],"class_list":["post-24","page","type-page","status-publish"],"acf":[],"_links":{"self":[{"href":"https:\/\/documents.ge\/it\/wp-json\/wp\/v2\/pages\/24","targetHints":{"allow":["GET"]}}],"collection":[{"href":"https:\/\/documents.ge\/it\/wp-json\/wp\/v2\/pages"}],"about":[{"href":"https:\/\/documents.ge\/it\/wp-json\/wp\/v2\/types\/page"}],"author":[{"embeddable":true,"href":"https:\/\/documents.ge\/it\/wp-json\/wp\/v2\/users\/1"}],"replies":[{"embeddable":true,"href":"https:\/\/documents.ge\/it\/wp-json\/wp\/v2\/comments?post=24"}],"version-history":[{"count":0,"href":"https:\/\/documents.ge\/it\/wp-json\/wp\/v2\/pages\/24\/revisions"}],"wp:attachment":[{"href":"https:\/\/documents.ge\/it\/wp-json\/wp\/v2\/media?parent=24"}],"wp:term":[{"taxonomy":"yst_prominent_words","embeddable":true,"href":"https:\/\/documents.ge\/it\/wp-json\/wp\/v2\/yst_prominent_words?post=24"}],"curies":[{"name":"wp","href":"https:\/\/api.w.org\/{rel}","templated":true}]}}