{"id":25,"date":"2025-04-06T16:55:41","date_gmt":"2025-04-06T16:55:41","guid":{"rendered":"https:\/\/documents.ge\/it\/domande-frequenti\/"},"modified":"2025-04-06T16:55:41","modified_gmt":"2025-04-06T16:55:41","slug":"domande-frequenti","status":"publish","type":"page","link":"https:\/\/documents.ge\/it\/domande-frequenti\/","title":{"rendered":"Domande frequenti"},"content":{"rendered":"<ul class=\"wp-block-list\">\n<li><strong>Da quanto tempo esiste la vostra azienda?<\/strong><\/li>\n<li>La nostra azienda opera da quasi 20 anni, dal 2005. Abbiamo esperienza internazionale con documenti provenienti da paesi della CSI, del Caucaso meridionale, dell&#8217;Europa occidentale e orientale, e del Nord, Centro e Sud America. La lista completa dei paesi con cui lavoriamo \u00e8 disponibile <a href=\"https:\/\/documents.ge\/%d1%81%d1%82%d1%80%d0%b0%d0%bd%d1%8b-%d1%81-%d0%ba%d0%be%d1%82%d0%be%d1%80%d1%8b%d0%bc%d0%b8-%d0%bc%d1%8b-%d1%80%d0%b0%d0%b1%d0%be%d1%82%d0%b0%d0%b5%d0%bc\/\" rel=\"noreferrer noopener\" target=\"_blank\">qui<\/a>.<\/li>\n<\/ul>\n<ul class=\"wp-block-list\">\n<li><strong>Come posso essere sicuro che non mi ingannerete?<\/strong><\/li>\n<li>Potete vedere le recensioni sulla nostra azienda <a href=\"https:\/\/maps.app.goo.gl\/jfs9qmw5Ls99qrBU9\" rel=\"noreferrer noopener\" target=\"_blank\">qui<\/a> (ce ne sono quasi 100). Inoltre, vi forniremo un contratto scannerizzato con timbro e firma digitale, che pu\u00f2 essere <a href=\"https:\/\/msign.gov.md\/\" rel=\"noreferrer noopener\" target=\"_blank\">verificato online<\/a>.<\/li>\n<\/ul>\n<ul class=\"wp-block-list\">\n<li><strong>Quali informazioni vi servono per ordinare documenti da voi?<\/strong><\/li>\n<li>Prima verificheremo le informazioni da voi: cosa vi serve, a cosa vi serve il documento (apostille, traduzione, legalizzazione consolare, ecc.), per quale paese \u00e8 destinato il documento (non tutti i paesi sono membri della Convenzione dell&#8217;Aia e non tutti hanno accordi firmati e ratificati con la Georgia). Poi vi daremo la nostra valutazione: cosa \u00e8 necessario e cosa possiamo fare, quali sono le insidie, i rischi e cosa facciamo in caso di fallimento.<\/li>\n<\/ul>\n<ul class=\"wp-block-list\">\n<li><strong>Possiamo ordinare i documenti online?<\/strong><\/li>\n<li><strong>S\u00ec, \u00e8 possibile ordinare documenti online tramite la nostra agenzia senza venire in Georgia.<\/strong> Avrete bisogno di una procura notarile (o consolare) se si tratta di ottenere documenti dello stato civile. Se siete cittadini georgiani, possiamo fornirvi un nostro notaio per redigere la procura online in Georgia (se siete all&#8217;estero).<\/li>\n<\/ul>\n<ul class=\"wp-block-list\">\n<li><strong>Come avviene la consegna dei documenti?<\/strong><\/li>\n<li>I documenti possono essere consegnati tramite un servizio di corriere a vostra scelta. Oppure da uno dei servizi di corriere elencati sul nostro sito \u2014 <a href=\"https:\/\/documents.ge\/%d1%81%d0%bb%d1%83%d0%b6%d0%b1%d1%8b-%d0%b4%d0%be%d1%81%d1%82%d0%b0%d0%b2%d0%ba%d0%b8-%d0%b3%d1%80%d1%83%d0%b7%d0%b8%d1%8f-%d0%ba%d1%83%d1%80%d1%8c%d0%b5%d1%80%d1%81%d0%ba%d0%b8%d0%b5-%d1%81%d0%bb\/\" rel=\"noreferrer noopener\" target=\"_blank\">link qui<\/a>. Se non sapete cosa sia un servizio di corriere, potete leggere <a href=\"https:\/\/ru.wikipedia.org\/wiki\/%D0%9A%D1%83%D1%80%D1%8C%D0%B5%D1%80\" rel=\"noreferrer noopener\" target=\"_blank\">qui<\/a>.<\/li>\n<\/ul>\n<ul class=\"wp-block-list\">\n<li><strong>Qual \u00e8 la vostra fascia di prezzo?<\/strong><\/li>\n<li><strong>Per l&#8217;ottenimento di documenti dello stato civile<\/strong> (certificato di nascita, certificato di matrimonio, certificato di divorzio, certificato di morte, certificato di stato civile (che attesti che non si \u00e8 sposati, divorziati, ecc.), certificato di cambio di cognome, certificato di adozione, certificato di paternit\u00e0, certificato di nazionalit\u00e0 (certificato di nascita con indicazione della nazionalit\u00e0)) \u2014 <strong>da 100 a 180 euro.<\/strong> A seconda dei tempi di ottenimento, del numero di documenti e del tempo impiegato.<br \/><strong>Apostille da 80 a 160 euro<\/strong> per documento \u2014 dipende dai tempi, dal documento e dal paese per cui \u00e8 destinato.<\/li>\n<\/ul>\n<ul class=\"wp-block-list\">\n<li><strong>Come avvengono i pagamenti?<\/strong><\/li>\n<li><strong>Potete pagare nella forma pi\u00f9 comoda per voi. I pagamenti avvengono in euro o dollari USA. Se avete un&#8217;altra valuta, potete convertirla tramite il vostro banca.<\/strong> Stipuliamo un contratto con voi e, dal momento della firma, sorgono obblighi per entrambe le parti. <strong>Voi dovete:<\/strong> fornire informazioni veritiere e accurate, copie o scansioni dei documenti necessari (per il processo di richiesta dei documenti o per l&#8217;apostille, la notarizzazione), inviarci (o firmare online con un notaio georgiano) la procura, pagare i nostri servizi in tempo. <strong>Noi dobbiamo:<\/strong> rispettare i tempi, agire secondo la legge, fornirvi informazioni veritiere e tempestive, consegnare i documenti pronti in tempo.<\/li>\n<\/ul>\n<ul class=\"wp-block-list\">\n<li><strong>Dobbiamo pagare tutto subito?<\/strong><\/li>\n<li>Potete pagare prima il 60% del costo dell&#8217;ordine. Poi, al completamento, il restante 40%. Il primo pagamento avviene solo dopo che abbiamo ricevuto da voi l&#8217;originale della procura. E solo allora inizia il lavoro. Quando avete pagato il 60% e l&#8217;ordine \u00e8 pronto, vi invieremo le scansioni dei documenti pronti per l&#8217;approvazione. Dopodich\u00e9 pagherete il restante 40% pi\u00f9 il costo della spedizione. E il giorno successivo al vostro pagamento, spediremo i documenti pronti con il corriere concordato. Vi forniremo il codice di tracciamento (tracking) e potrete monitorare online la consegna.<\/li>\n<\/ul>\n<ul class=\"wp-block-list\">\n<li><strong>Perch\u00e9 la procura \u00e8 valida per 3 anni (perch\u00e9 non di pi\u00f9 o di meno) e con diritto di subdelega indicando due persone?<\/strong><\/li>\n<li>L&#8217;esperienza ha dimostrato che l&#8217;85-90% dei nostri clienti torna da noi per servizi aggiuntivi. Molti di quelli che hanno ridotto la durata, col tempo si pentono, perch\u00e9 per nuovi ordini devono spendere tempo e denaro per una nuova procura e per inviarcela. Procure con durata superiore a 3 anni vengono automaticamente equiparate a procure di 1 anno.<br \/>Il diritto di subdelega permette a noi e a voi di essere sicuri che, in determinate circostanze (malattia dell&#8217;esecutore, incidente, licenziamento, ecc.), l&#8217;ordine sar\u00e0 comunque eseguito. Quando sono indicate due persone, diventiamo pi\u00f9 operativi.<\/li>\n<\/ul>\n<ul class=\"wp-block-list\">\n<li><strong>Perch\u00e9 nella procura c&#8217;\u00e8 un elenco cos\u00ec ampio di poteri?<\/strong><\/li>\n<li><strong>L&#8217;elenco dei poteri prevede solo l&#8217;ottenimento di documenti per voi e azioni su di essi. Non dovete preoccuparvi della presenza di molti ministeri e enti. Questo \u00e8 fatto per il vostro bene:<\/strong> velocit\u00e0 di esecuzione se serve un&#8217;ulteriore conferma o documento (al momento dell&#8217;ordine o in seguito), assenza di domande da parte dei funzionari (perch\u00e9 non \u00e8 stato indicato il loro ente o reparto). Ad esempio, durante una richiesta alla Casa della Giustizia, si \u00e8 scoperto che il documento poteva essere ottenuto solo dall&#8217;Archivio Nazionale. Nell&#8217;Archivio Nazionale mancavano dati e sono stati richiesti ulteriori dati da altri organi. Questo \u00e8 solo un esempio. Le circostanze possono variare.<br \/><strong>Nella procura non ci sono poteri per acquistare o vendere immobili, auto, gestire fondi bancari. Operiamo solo con i documenti che ordinate.<\/strong><\/li>\n<\/ul>\n<ul class=\"wp-block-list\">\n<li><strong>Posso fare una procura per ottenere i documenti di un mio parente?<\/strong><\/li>\n<li>Potete farlo solo se si tratta dei vostri figli (per ordinare il certificato di nascita) o per ordinare il certificato di morte di un vostro parente \u2014 genitore, nonno, nonna.<\/li>\n<\/ul>\n<ul class=\"wp-block-list\">\n<li><strong>Serve una procura per ordinare un certificato di casellario giudiziale dalla Georgia?<\/strong><\/li>\n<li>Per la nostra agenzia, in questo caso non serve una procura.<\/li>\n<\/ul>\n<ul class=\"wp-block-list\">\n<li><strong>Serve una procura per ordinare un&#8217;Apostille in Georgia?<\/strong><\/li>\n<li>Per la nostra agenzia, in questo caso non serve una procura, se il documento rispetta tutti gli standard per ottenere l&#8217;apostille.<\/li>\n<\/ul>\n<ul class=\"wp-block-list\">\n<li><strong>Serve una procura per ordinare una Legalizzazione Consolare in Georgia?<\/strong><\/li>\n<li>S\u00ec, nella maggior parte dei casi serve una procura per la legalizzazione consolare dei documenti in Georgia.<\/li>\n<\/ul>\n","protected":false},"excerpt":{"rendered":"<p>Da quanto tempo esiste la vostra azienda? La nostra azienda opera da quasi 20 anni, dal 2005. Abbiamo esperienza internazionale con documenti provenienti da paesi della CSI, del Caucaso meridionale, dell&#8217;Europa occidentale e orientale, e del Nord, Centro e Sud America. La lista completa dei paesi con cui lavoriamo \u00e8 disponibile qui. Come posso essere &#8230; <a title=\"Domande frequenti\" class=\"read-more\" href=\"https:\/\/documents.ge\/it\/domande-frequenti\/\" aria-label=\"Per saperne di pi\u00f9 su Domande frequenti\">\u0427\u0438\u0442\u0430\u0442\u044c \u0434\u0430\u043b\u0435\u0435<\/a><\/p>\n","protected":false},"author":1,"featured_media":0,"parent":0,"menu_order":0,"comment_status":"closed","ping_status":"closed","template":"","meta":{"_acf_changed":false,"_monsterinsights_skip_tracking":false,"_monsterinsights_sitenote_active":false,"_monsterinsights_sitenote_note":"","_monsterinsights_sitenote_category":0,"footnotes":""},"yst_prominent_words":[],"class_list":["post-25","page","type-page","status-publish"],"acf":[],"_links":{"self":[{"href":"https:\/\/documents.ge\/it\/wp-json\/wp\/v2\/pages\/25","targetHints":{"allow":["GET"]}}],"collection":[{"href":"https:\/\/documents.ge\/it\/wp-json\/wp\/v2\/pages"}],"about":[{"href":"https:\/\/documents.ge\/it\/wp-json\/wp\/v2\/types\/page"}],"author":[{"embeddable":true,"href":"https:\/\/documents.ge\/it\/wp-json\/wp\/v2\/users\/1"}],"replies":[{"embeddable":true,"href":"https:\/\/documents.ge\/it\/wp-json\/wp\/v2\/comments?post=25"}],"version-history":[{"count":0,"href":"https:\/\/documents.ge\/it\/wp-json\/wp\/v2\/pages\/25\/revisions"}],"wp:attachment":[{"href":"https:\/\/documents.ge\/it\/wp-json\/wp\/v2\/media?parent=25"}],"wp:term":[{"taxonomy":"yst_prominent_words","embeddable":true,"href":"https:\/\/documents.ge\/it\/wp-json\/wp\/v2\/yst_prominent_words?post=25"}],"curies":[{"name":"wp","href":"https:\/\/api.w.org\/{rel}","templated":true}]}}