{"id":27,"date":"2025-04-06T17:01:14","date_gmt":"2025-04-06T17:01:14","guid":{"rendered":"https:\/\/documents.ge\/it\/certificato-di-nascita-georgia\/"},"modified":"2025-04-06T17:01:14","modified_gmt":"2025-04-06T17:01:14","slug":"certificato-di-nascita-georgia","status":"publish","type":"page","link":"https:\/\/documents.ge\/it\/certificato-di-nascita-georgia\/","title":{"rendered":"Certificato di nascita &#8211; Georgia"},"content":{"rendered":"<p>L&#8217;emissione del certificato di nascita in Georgia di solito richiede fino a due settimane. Esiste la possibilit\u00e0 di un&#8217;emissione accelerata in 1-2 giorni lavorativi a una tariffa pi\u00f9 elevata. La velocit\u00e0 di ottenimento del documento dipende dalle esigenze individuali del cliente.<\/p>\n<h3 class=\"wp-block-heading\"><strong>Testo del certificato di nascita georgiano. Cosa \u00e8 scritto nel certificato di nascita in Georgia<\/strong>. In lingua georgiana<\/h3>\n<h3 class=\"wp-block-heading\">\u10e1\u10d0\u10e5\u10d0\u10e0\u10d7\u10d5\u10d4\u10da\u10dd\u10e1 \u10e0\u10d4\u10e1\u10de\u10e3\u10d1\u10da\u10d8\u10d9\u10d0<\/h3>\n<h3 class=\"wp-block-heading\">\u10d3\u10d0\u10d1\u10d0\u10d3\u10d4\u10d1\u10d8\u10e1 \u10db\u10dd\u10ec\u10db\u10dd\u10d1\u10d0<\/h3>\n<figure class=\"wp-block-table\">\n<table>\n<thead>\n<tr>\n<th><\/th>\n<th><\/th>\n<\/tr>\n<\/thead>\n<tbody>\n<tr>\n<td>\u10e1\u10d0\u10ee\u10d4\u10da\u10d8: ________________<\/td>\n<td>\u10db\u10e8\u10dd\u10d1\u10da\u10d4\u10d1\u10d8:<\/td>\n<\/tr>\n<tr>\n<td>\u10d2\u10d5\u10d0\u10e0\u10d8: ________________<\/td>\n<td>\u10db\u10d0\u10db\u10d0:<\/td>\n<\/tr>\n<tr>\n<td>\u10d3\u10d0\u10d1\u10d0\u10d3\u10d4\u10d1\u10d8\u10e1 \u10d7\u10d0\u10e0\u10d8\u10e6\u10d8: __________________<\/td>\n<td>\u10e1\u10d0\u10ee\u10d4\u10da\u10d8: _____________<\/td>\n<\/tr>\n<tr>\n<td>\u10d3\u10d0\u10d1\u10d0\u10d3\u10d4\u10d1\u10d8\u10e1 \u10d0\u10d3\u10d2\u10d8\u10da\u10d8: \u10e1\u10d0\u10e5\u10d0\u10e0\u10d7\u10d5\u10d4\u10da\u10dd, \u10d7\u10d1\u10d8\u10da\u10d8\u10e1\u10d8<\/td>\n<td>\u10d2\u10d5\u10d0\u10e0\u10d8: ______________<\/td>\n<\/tr>\n<tr>\n<td>\u10e1\u10e5\u10d4\u10e1\u10d8: \u10db\u10d3\u10d4\u10d3\u10e0\u10dd\u10d1\u10d8\u10d7\u10d8<\/td>\n<td>\u10de\u10d8\u10e0\u10d0\u10d3\u10d8 \u10dc\u10dd\u10db\u10d4\u10e0\u10d8:<\/td>\n<\/tr>\n<tr>\n<td>\u10de\u10d8\u10e0\u10d0\u10d3\u10d8 \u10dc\u10dd\u10db\u10d4\u10e0\u10d8:<\/td>\n<td>\u10d3\u10d4\u10d3\u10d0:<\/td>\n<\/tr>\n<tr>\n<td>\u10db\u10dd\u10e5\u10d0\u10da\u10d0\u10e5\u10d4\u10dd\u10d1\u10d0:<\/td>\n<td>\u10e1\u10d0\u10ee\u10d4\u10da\u10d8: ______________<\/td>\n<\/tr>\n<tr>\n<td>\u10d3\u10d0\u10d1\u10d0\u10d3\u10d4\u10d1\u10d8\u10e1 \u10e0\u10d4\u10d2\u10d8\u10e1\u10e2\u10e0\u10d0\u10ea\u10d8\u10d8\u10e1 \u10d7\u10d0\u10e0\u10d8\u10e6\u10d8: _________<\/td>\n<td>\u10d2\u10d5\u10d0\u10e0\u10d8: ___________________<\/td>\n<\/tr>\n<tr>\n<td>\u10e9\u10d0\u10dc\u10d0\u10ec\u10d4\u10e0\u10d8\u10e1 \u10dc\u10dd\u10db\u10d4\u10e0\u10d8: ________<\/td>\n<td>\u10de\u10d8\u10e0\u10d0\u10d3\u10d8 \u10dc\u10dd\u10db\u10d4\u10e0\u10d8:<\/td>\n<\/tr>\n<tr>\n<td>QR \u10d9\u10dd\u10d3\u10d8\u10e1 \u10e5\u10d5\u10d4\u10db\u10dd\u10d7 \u10db\u10dd\u10dc\u10d0\u10ea\u10d4\u10db\u10d4\u10d1\u10d8:<\/td>\n<td>\u10db\u10dd\u10e5\u10d0\u10da\u10d0\u10e5\u10d4\u10dd\u10d1\u10d0:<\/td>\n<\/tr>\n<tr>\n<td>\u10d3\u10dd\u10d9\u10e3\u10db\u10d4\u10dc\u10e2\u10d8 \u10d0\u10e0\u10d8\u10e1 \u10d4\u10da\u10d4\u10e5\u10e2\u10e0\u10dd\u10dc\u10e3\u10da\u10d8. \u10d3\u10d0\u10db\u10d0\u10e2\u10d4\u10d1\u10d8\u10d7\u10d8 \u10d8\u10dc\u10e4\u10dd\u10e0\u10db\u10d0\u10ea\u10d8\u10d8\u10e1\u10d7\u10d5\u10d8\u10e1 (http:\/\/sda.gov.ge).<\/td>\n<td>\u10d3\u10d0\u10d1\u10d0\u10d3\u10d4\u10d1\u10d8\u10e1 \u10e0\u10d4\u10d2\u10d8\u10e1\u10e2\u10e0\u10d0\u10ea\u10d8\u10d8\u10e1 \u10d7\u10d0\u10e0\u10d8\u10e6\u10d8: _____________<\/td>\n<\/tr>\n<tr>\n<td>\u10d3\u10d0\u10d9\u10d0\u10d5\u10e8\u10d8\u10e0\u10d4\u10d1\u10e3\u10da\u10d8 \u10d8\u10dc\u10e4\u10dd\u10e0\u10db\u10d0\u10ea\u10d8\u10d8\u10e1 \u10d2\u10d0\u10d3\u10d0\u10db\u10dd\u10ec\u10db\u10d4\u10d1\u10d0 \u10e3\u10dc\u10d3\u10d0 \u10db\u10dd\u10ee\u10d3\u10d4\u10e1 \u10d7\u10e3 \u10d0\u10e0 \u10d0\u10e0\u10e1\u10d4\u10d1\u10dd\u10d1\u10e1 \u10e8\u10d4\u10e1\u10d0\u10d1\u10d0\u10db\u10d8\u10e1\u10d8 \u10d4\u10da\u10d4\u10e5\u10e2\u10e0\u10dd\u10dc\u10e3\u10da\u10d8 \u10d3\u10d0\u10db\u10dd\u10ec\u10db\u10d4\u10d1\u10d0 (http:\/\/sda.gov.ge) \u10e9\u10d0\u10db\u10dd\u10e2\u10d5\u10d8\u10e0\u10d7\u10d5\u10d0 \u10e8\u10d4\u10e1\u10d0\u10eb\u10da\u10d4\u10d1\u10d4\u10da\u10d8\u10d0 ACTUS51_______72 \u10dc\u10dd\u10db\u10e0\u10d8\u10d7 1 \u10ec\u10da\u10d8\u10e1 \u10d2\u10d0\u10db\u10ea\u10d4\u10db\u10d8\u10d7.<\/td>\n<td>\u10db\u10dd\u10e5\u10d0\u10da\u10d0\u10e5\u10d4\u10dd\u10d1\u10d8\u10e1 \u10dd\u10e4\u10d8\u10e1\u10d8:<\/td>\n<\/tr>\n<tr>\n<td><\/td>\n<td>\u10e1\u10e1\u10d8\u10de \u10e2\u10d8\u10db\u10d8\u10e1\u10d8\u10e1 \u10e1\u10d0\u10db\u10dd\u10e5\u10d0\u10da\u10d0\u10e5\u10dd \u10e0\u10d4\u10d4\u10e1\u10e2\u10e0\u10d8\u10e1 \u10e1\u10d0\u10db\u10e1\u10d0\u10ee\u10e3\u10e0\u10d8<\/td>\n<\/tr>\n<tr>\n<td><\/td>\n<td><\/td>\n<\/tr>\n<tr>\n<td><\/td>\n<td>\u10ee\u10d4\u10da\u10db\u10dd\u10ec\u10d4\u10e0\u10d0:<\/td>\n<\/tr>\n<tr>\n<td><\/td>\n<td>\u10e1\u10de\u10d4\u10ea\u10d8\u10d0\u10da\u10d8\u10e1\u10e2\u10d8 <strong><em><strong><em>________________<\/em><\/strong><\/em><\/strong><\/td>\n<\/tr>\n<tr>\n<td><\/td>\n<td>\u10e1\u10e1\u10d8\u10de \u10e1\u10d0\u10d6\u10dd\u10d2\u10d0\u10d3\u10dd\u10d4\u10d1\u10e0\u10d8\u10d5\u10d8 \u10e0\u10d4\u10d4\u10e1\u10e2\u10e0\u10d8\u10e1 \u10d4\u10e0\u10dd\u10d5\u10dc\u10e3\u10da\u10d8 \u10e1\u10d0\u10d0\u10d2\u10d4\u10dc\u10e2\u10dd<\/td>\n<\/tr>\n<tr>\n<td><\/td>\n<td>\u10e1\u10d0\u10e0\u10d4\u10d2\u10d8\u10e1\u10e2\u10e0\u10d0\u10ea\u10d8\u10dd \u10dc\u10dd\u10db\u10d4\u10e0\u10d8 __________<\/td>\n<\/tr>\n<tr>\n<td><\/td>\n<td>\u10db\u10dd\u10dc\u10d0\u10ea\u10db\u10d4\u10d1\u10d8 \u10e8\u10e2\u10d0\u10db\u10de\u10d8\u10d3\u10d0\u10dc:<\/td>\n<\/tr>\n<tr>\n<td><\/td>\n<td>\u10e1\u10d0\u10e5\u10d0\u10e0\u10d7\u10d5\u10d4\u10da\u10dd\u10e1 \u10d8\u10e3\u10e1\u10e2\u10d8\u10ea\u10d8\u10d8\u10e1 \u10e1\u10d0\u10db\u10d8\u10dc\u10d8\u10e1\u10e2\u10e0\u10dd\u10e1 \u10e1\u10d0\u10ee\u10d4\u10da\u10db\u10ec\u10d8\u10e4\u10dd \u10e1\u10d4\u10e0\u10d5\u10d8\u10e1\u10d4\u10d1\u10d8\u10e1 \u10d2\u10d0\u10dc\u10d5\u10d8\u10d7\u10d0\u10e0\u10d4\u10d1\u10d8\u10e1 \u10e1\u10d0\u10d0\u10d2\u10d4\u10dc\u10e2\u10dd<\/td>\n<\/tr>\n<tr>\n<td><\/td>\n<td>\u10e2\u10d8\u10db\u10d8\u10e1 \u10e2\u10d4\u10e0\u10d8\u10e2\u10dd\u10e0\u10d8\u10e3\u10da\u10d8 \u10e1\u10d0\u10db\u10e1\u10d0\u10ee\u10e3\u10e0\u10d8<\/td>\n<\/tr>\n<tr>\n<td><\/td>\n<td>\u10ee\u10d4\u10da\u10db\u10dd\u10ec\u10d4\u10e0\u10d0: ________<\/td>\n<\/tr>\n<tr>\n<td><\/td>\n<td>\u10d7\u10d0\u10dc\u10d0\u10db\u10d3\u10d4\u10d1\u10dd\u10d1\u10d0: \u10e0\u10d4\u10d2\u10d8\u10e1\u10e2\u10e0\u10d0\u10e2\u10dd\u10e0\u10d8. \u10e1\u10d4\u10e0\u10d5\u10d8\u10e1\u10ea\u10d4\u10dc\u10e2\u10e0\u10d8 _______<\/td>\n<\/tr>\n<tr>\n<td><\/td>\n<td>______________________ \u10ec.<\/td>\n<\/tr>\n<tr>\n<td><\/td>\n<td>\u10d2\u10d0\u10d3\u10d0\u10db\u10dd\u10ec\u10db\u10d4\u10d1\u10e3\u10da\u10d8: \u10d4\u10da\u10d4\u10dc\u10d4 \u10eb\u10d0\u10d2\u10dc\u10d8\u10eb\u10d4<\/td>\n<\/tr>\n<\/tbody>\n<\/table>\n<\/figure>\n<h3 class=\"wp-block-heading\"><strong>Certificato di nascita dalla Georgia in lingua russa. Traduzione del certificato in russo<\/strong><\/h3>\n<p><strong>Si prega di notare che il certificato di nascita in Georgia viene emesso solo in lingua georgiana. <\/strong><\/p>\n<h3 class=\"wp-block-heading\">Repubblica di Georgia<\/h3>\n<h3 class=\"wp-block-heading\">Certificato di nascita<\/h3>\n<figure class=\"wp-block-table\">\n<table>\n<thead>\n<tr>\n<th><\/th>\n<th><\/th>\n<\/tr>\n<\/thead>\n<tbody>\n<tr>\n<td>Nome: __________<\/td>\n<td>Genitori:<\/td>\n<\/tr>\n<tr>\n<td>Cognome: ________________<\/td>\n<td>Padre:<\/td>\n<\/tr>\n<tr>\n<td>Data di nascita: _____________________<\/td>\n<td>Nome: _________<\/td>\n<\/tr>\n<tr>\n<td>Luogo di nascita: Georgia, Tbilisi<\/td>\n<td>Cognome: _________<\/td>\n<\/tr>\n<tr>\n<td>Sesso: Femminile<\/td>\n<td>Numero personale:<\/td>\n<\/tr>\n<tr>\n<td>Numero personale:<\/td>\n<td>Madre:<\/td>\n<\/tr>\n<tr>\n<td>Cittadinanza: <\/td>\n<td>Nome: _______<\/td>\n<\/tr>\n<tr>\n<td>Data di registrazione della nascita: _________________<\/td>\n<td>Cognome: _________<\/td>\n<\/tr>\n<tr>\n<td>Numero di registrazione: _________________<\/td>\n<td>Numero personale: _____<\/td>\n<\/tr>\n<tr>\n<td>QR-code<\/td>\n<td>Cittadinanza: ______<\/td>\n<\/tr>\n<tr>\n<td>Il documento \u00e8 elettronico. Le informazioni possono essere verificate sul sito dell&#8217;agenzia (http:\/\/sda.gov.ge) \u2013 per verificare se i dati esistono o meno.<\/td>\n<td>Data di registrazione della nascita: ________________<\/td>\n<\/tr>\n<tr>\n<td>Questo documento pu\u00f2 essere scaricato dal sito (http:\/\/sda.gov.ge) con il numero ACT05___________92 valido per 1 anno.<\/td>\n<td>Ufficio cittadinanza:<\/td>\n<\/tr>\n<tr>\n<td><\/td>\n<td>Servizio di registro civile _______<\/td>\n<\/tr>\n<tr>\n<td><\/td>\n<td><\/td>\n<\/tr>\n<tr>\n<td><\/td>\n<td>Firma:<\/td>\n<\/tr>\n<tr>\n<td><\/td>\n<td>Specialista <strong><em><strong><em>________________<\/em><\/strong><\/em><\/strong><\/td>\n<\/tr>\n<tr>\n<td><\/td>\n<td>Agenzia nazionale del registro pubblico<\/td>\n<\/tr>\n<tr>\n<td><\/td>\n<td>Numero di registrazione ____<\/td>\n<\/tr>\n<tr>\n<td><\/td>\n<td>Dati dal timbro:<\/td>\n<\/tr>\n<tr>\n<td><\/td>\n<td>Ministero della Giustizia della Georgia<\/td>\n<\/tr>\n<tr>\n<td><\/td>\n<td>Agenzia per lo sviluppo dei servizi statali<\/td>\n<\/tr>\n<tr>\n<td><\/td>\n<td>Servizio territoriale di Tbilisi<\/td>\n<\/tr>\n<tr>\n<td><\/td>\n<td>Firma: ____________<\/td>\n<\/tr>\n<tr>\n<td><\/td>\n<td>Posizione: Registratore. Centro servizi _____<\/td>\n<\/tr>\n<tr>\n<td><\/td>\n<td>data _______<\/td>\n<\/tr>\n<tr>\n<td><\/td>\n<td>Verificato: ___________<\/td>\n<\/tr>\n<\/tbody>\n<\/table><figcaption class=\"wp-element-caption\">Questo testo corrisponde al testo nei certificati di nascita in Georgia<\/figcaption><\/figure>\n<p><strong><span style=\"text-decoration: underline;\">Attenzione!<\/span> Nel certificato di nascita della Georgia, come nella maggior parte dei paesi del mondo, <span style=\"text-decoration: underline;\">NON VIENE SCRITTO IL PATRONIMICO<\/span> n\u00e9 dei genitori n\u00e9 del nato. Non c&#8217;\u00e8 patronimico nei certificati georgiani, e non lo richiedete. Viene indicato il nome del padre del nato.<\/strong><\/p>\n<div class=\"gb-container gb-container-d1de745a\">\n<p><strong><span style=\"text-decoration: underline;\">Attenzione!<\/span> Nel certificato di nascita georgiano, come nella maggior parte dei paesi del mondo, <span style=\"text-decoration: underline;\">NON VIENE SCRITTA LA NAZIONALIT\u00c0<\/span> n\u00e9 dei genitori n\u00e9 del nato. <span style=\"text-decoration: underline;\">Se avete bisogno di un documento separato sulla nazionalit\u00e0 \u2014 rivolgetevi alla nostra agenzia.<\/span><\/strong><\/p>\n<\/div>\n<p><span style=\"text-decoration: underline;\"><em>Potete fare riferimento al certificato di nascita del vecchio modello sovietico, in cui sono indicati il patronimico e la nazionalit\u00e0. Tenete presente che <strong>il formato del certificato \u00e8 cambiato e viene emesso secondo il modello approvato legalmente in Georgia.<\/strong><\/em><\/span><\/p>\n<h3 class=\"wp-block-heading\"><strong>Esempio \u2014 certificato di nascita della Georgia. Come appare un certificato di nascita dalla Georgia<\/strong><\/h3>\n<figure class=\"wp-block-image size-full\"><img alt=\"Foto del certificato di nascita dalla Georgia modello URSS - anno 1953\" class=\"wp-image-502 lazyload\" data-src=\"https:\/\/documents.ge\/wp-content\/uploads\/2024\/07\/\u0421\u0432\u0438\u0434\u0435\u0442\u0435\u043b\u044c\u0441\u0442\u0432\u043e-\u043e-\u0440\u043e\u0436\u0434\u0435\u043d\u0438\u0438-\u0438\u0437-\u0413\u0440\u0443\u0437\u0438\u0438-\u0441\u0442\u0430\u0440\u043e\u0433\u043e-\u043e\u0431\u0440\u0430\u0437\u0446\u0430-\u0421\u0421\u0421\u0420.gif\" decoding=\"async\" height=\"596\" src=\"data:image\/gif;base64,R0lGODlhAQABAAAAACH5BAEKAAEALAAAAAABAAEAAAICTAEAOw==\" style=\"--smush-placeholder-width: 800px; --smush-placeholder-aspect-ratio: 800\/596;\" width=\"800\"\/><figcaption class=\"wp-element-caption\">Certificato di nascita del vecchio modello sovietico del 1953 \u2014 copertina. Deve essere sostituito<\/figcaption><\/figure>\n<figure class=\"wp-block-image size-full\"><img alt=\"Certificato di nascita vecchio modello - Georgia - URSS, emesso dall'ufficio anagrafe. Tale certificato deve essere rifatto.\" class=\"wp-image-455 lazyload\" data-src=\"https:\/\/documents.ge\/wp-content\/uploads\/2024\/07\/\u0421\u0432\u0438\u0434\u0435\u0442\u0435\u043b\u044c\u0441\u0442\u0432\u043e-\u043e-\u0440\u043e\u0436\u0434\u0435\u043d\u0438\u0438-\u0441\u0442\u0430\u0440\u043e\u0433\u043e-\u043e\u0431\u0440\u0430\u0437\u0446\u0430-\u0413\u0440\u0443\u0437\u0438\u044f-\u0421\u0421\u0421\u0420.gif\" decoding=\"async\" height=\"596\" src=\"data:image\/gif;base64,R0lGODlhAQABAAAAACH5BAEKAAEALAAAAAABAAEAAAICTAEAOw==\" style=\"--smush-placeholder-width: 800px; --smush-placeholder-aspect-ratio: 800\/596;\" title=\"Certificato di nascita vecchio modello - Georgia - USSR\" width=\"800\"\/><figcaption class=\"wp-element-caption\">Certificato di nascita vecchio modello \u2014 Georgia. Oggi non \u00e8 possibile ottenere lo stesso \u2014 solo il nuovo modello <\/figcaption><\/figure>\n<figure class=\"wp-block-image size-large\"><img alt=\"Certificato di nascita vecchio modello, senza firma autografa e timbro - Georgia - anno 2019\" class=\"lazyload\" data-src=\"https:\/\/documents.ge\/wp-content\/uploads\/2019\/03\/%D1%81%D0%B2%D0%B8%D0%B4%D0%B5%D1%82%D0%B5%D0%BB%D1%8C%D1%81%D1%82%D0%B2%D0%BE-%D0%BE-%D1%80%D0%BE%D0%B6%D0%B4%D0%B5%D0%BD%D0%B8%D0%B8-1024x743.jpg\" decoding=\"async\" src=\"data:image\/gif;base64,R0lGODlhAQABAAAAACH5BAEKAAEALAAAAAABAAEAAAICTAEAOw==\" style=\"--smush-placeholder-width: 1024px; --smush-placeholder-aspect-ratio: 1024\/743;\" title=\"Ottenere il certificato di nascita - Georgia\"\/><figcaption class=\"wp-element-caption\">Certificato di nascita vecchio modello \u2014 Georgia \u2014 anno 2019<\/figcaption><\/figure>\n<figure class=\"wp-block-image size-full\"><img alt=\"Certificato di nascita Georgia\" class=\"wp-image-380 lazyload\" data-sizes=\"(max-width: 800px) 100vw, 800px\" data-src=\"https:\/\/documents.ge\/wp-content\/uploads\/2024\/07\/Birth_Certificate_Republic_of_Georgia_Example.png\" data-srcset=\"https:\/\/documents.ge\/wp-content\/uploads\/2024\/07\/Birth_Certificate_Republic_of_Georgia_Example.png 800w, https:\/\/documents.ge\/wp-content\/uploads\/2024\/07\/Birth_Certificate_Republic_of_Georgia_Example-300x211.png 300w, https:\/\/documents.ge\/wp-content\/uploads\/2024\/07\/Birth_Certificate_Republic_of_Georgia_Example-768x540.png 768w\" decoding=\"async\" height=\"563\" src=\"data:image\/gif;base64,R0lGODlhAQABAAAAACH5BAEKAAEALAAAAAABAAEAAAICTAEAOw==\" style=\"--smush-placeholder-width: 800px; --smush-placeholder-aspect-ratio: 800\/563;\" width=\"800\"\/><figcaption class=\"wp-element-caption\">Certificato di nascita nuovo modello \u2014 Georgia<\/figcaption><\/figure>\n<p><strong><span style=\"text-decoration: underline;\">Attenzione!<\/span> Sul certificato di nascita in Georgia non viene applicato il timbro a umido degli organi georgiani e non viene apposta la firma autografa a umido dei funzionari georgiani. Viene utilizzata l&#8217;inchiostro tipografico per la stampa e le firme. Il documento \u00e8 firmato con firma elettronica e verificabile online sul sito della Casa della Giustizia in Georgia.<\/strong><\/p>\n<h3 class=\"wp-block-heading\"><strong>Il certificato di nascita \u00e8 necessario per:<\/strong><\/h3>\n<ul class=\"wp-block-list\">\n<li>Ottenere la cittadinanza georgiana o di altri paesi<\/li>\n<li>Utilizzarlo come documento di identit\u00e0<\/li>\n<li>Ottenere il permesso di soggiorno in Georgia o all&#8217;estero<\/li>\n<li>Confermare i legami familiari<\/li>\n<li>Ottenere documenti di carattere educativo<\/li>\n<li>Il certificato di nascita \u00e8 richiesto nei seguenti casi:<\/li>\n<li>Procedura di successione<\/li>\n<li>Adozione o tutela<\/li>\n<li>Ottenimento del passaporto<\/li>\n<li>Procedura pensionistica<\/li>\n<li>Procedure di immigrazione ed emigrazione<\/li>\n<li>Ottenimento di benefici e servizi sociali<\/li>\n<\/ul>\n<h3 class=\"wp-block-heading\"><strong>Dove \u00e8 possibile ottenere il certificato di nascita in Georgia<\/strong><\/h3>\n<p>Il certificato di nascita in Georgia pu\u00f2 essere richiesto a Tbilisi, presso la Casa della Giustizia. In caso di errori nei registri o di assenza di dati negli archivi, \u00e8 necessario rivolgersi all&#8217;ufficio anagrafe dove \u00e8 stata registrata la nascita.<\/p>\n<h3 class=\"wp-block-heading\">Se \u00e8 richiesto <strong>un certificato di nascita per un bambino nato all&#8217;estero<\/strong><\/h3>\n<p>In questi casi spesso \u00e8 richiesta la presentazione di documenti di nascita, anche se il bambino \u00e8 nato al di fuori della Georgia. In questo caso \u00e8 possibile richiedere un estratto del registro di nascita. <a href=\"https:\/\/documents.ge\/%D0%B0%D0%BA%D1%82%D0%BE%D0%B2%D0%B0%D1%8F-%D0%B7%D0%B0%D0%BF%D0%B8%D1%81%D1%8C-%D0%BE-%D1%80%D0%BE%D0%B6%D0%B4%D0%B5%D0%BD%D0%B8%D0%B8-%D0%B2%D1%8B%D0%BF%D0%B8%D1%81%D0%BA%D0%B0-%D0%BE-%D1%80%D0%BE%D0%B6%D0%B4%D0%B5%D0%BD%D0%B8%D0%B8\/\" rel=\"noreferrer noopener\" target=\"_blank\">Il registro<\/a> \u00e8<\/p>\n","protected":false},"excerpt":{"rendered":"<p>L&#8217;emissione del certificato di nascita in Georgia di solito richiede fino a due settimane. Esiste la possibilit\u00e0 di un&#8217;emissione accelerata in 1-2 giorni lavorativi a una tariffa pi\u00f9 elevata. La velocit\u00e0 di ottenimento del documento dipende dalle esigenze individuali del cliente. Testo del certificato di nascita georgiano. Cosa \u00e8 scritto nel certificato di nascita in &#8230; <a title=\"Certificato di nascita &#8211; Georgia\" class=\"read-more\" href=\"https:\/\/documents.ge\/it\/certificato-di-nascita-georgia\/\" aria-label=\"Per saperne di pi\u00f9 su Certificato di nascita &#8211; Georgia\">\u0427\u0438\u0442\u0430\u0442\u044c \u0434\u0430\u043b\u0435\u0435<\/a><\/p>\n","protected":false},"author":1,"featured_media":0,"parent":0,"menu_order":0,"comment_status":"closed","ping_status":"closed","template":"","meta":{"_acf_changed":false,"_monsterinsights_skip_tracking":false,"_monsterinsights_sitenote_active":false,"_monsterinsights_sitenote_note":"","_monsterinsights_sitenote_category":0,"footnotes":""},"yst_prominent_words":[],"class_list":["post-27","page","type-page","status-publish"],"acf":[],"_links":{"self":[{"href":"https:\/\/documents.ge\/it\/wp-json\/wp\/v2\/pages\/27","targetHints":{"allow":["GET"]}}],"collection":[{"href":"https:\/\/documents.ge\/it\/wp-json\/wp\/v2\/pages"}],"about":[{"href":"https:\/\/documents.ge\/it\/wp-json\/wp\/v2\/types\/page"}],"author":[{"embeddable":true,"href":"https:\/\/documents.ge\/it\/wp-json\/wp\/v2\/users\/1"}],"replies":[{"embeddable":true,"href":"https:\/\/documents.ge\/it\/wp-json\/wp\/v2\/comments?post=27"}],"version-history":[{"count":0,"href":"https:\/\/documents.ge\/it\/wp-json\/wp\/v2\/pages\/27\/revisions"}],"wp:attachment":[{"href":"https:\/\/documents.ge\/it\/wp-json\/wp\/v2\/media?parent=27"}],"wp:term":[{"taxonomy":"yst_prominent_words","embeddable":true,"href":"https:\/\/documents.ge\/it\/wp-json\/wp\/v2\/yst_prominent_words?post=27"}],"curies":[{"name":"wp","href":"https:\/\/api.w.org\/{rel}","templated":true}]}}