{"id":29,"date":"2025-04-06T17:03:30","date_gmt":"2025-04-06T17:03:30","guid":{"rendered":"https:\/\/documents.ge\/it\/scioglimento-del-matrimonio-divorzio-per-mutuo-consenso-in-georgia\/"},"modified":"2025-04-06T17:03:30","modified_gmt":"2025-04-06T17:03:30","slug":"scioglimento-del-matrimonio-divorzio-per-mutuo-consenso-in-georgia","status":"publish","type":"page","link":"https:\/\/documents.ge\/it\/scioglimento-del-matrimonio-divorzio-per-mutuo-consenso-in-georgia\/","title":{"rendered":"Scioglimento del matrimonio (divorzio) per mutuo consenso in Georgia"},"content":{"rendered":"<dl>\n<dt>Scioglimento del matrimonio, o divorzio.<\/dt>\n<dd>\n<p>\u00c8 il processo legale che pone fine al matrimonio tra coniugi. Comprende varie procedure e pu\u00f2 variare a seconda della legislazione del paese specifico. In generale, lo scioglimento del matrimonio pu\u00f2 includere i seguenti passaggi:<\/p>\n<\/dd>\n<dt>Procedura di scioglimento del matrimonio<\/dt>\n<dd>\n<ol>\n<li><strong>Presentazione della domanda<\/strong>: Uno dei coniugi (o entrambi) presenta una domanda di divorzio in tribunale. La domanda di solito contiene informazioni sulle ragioni del divorzio, sugli aspetti finanziari e sulle questioni relative alla custodia dei figli.<\/li>\n<li><strong>Esame legale<\/strong>: Il tribunale esamina la domanda, verifica i documenti forniti e, se necessario, convoca i coniugi a un&#8217;udienza.<\/li>\n<li><strong>Divisione dei beni<\/strong>: Il tribunale decide come verranno divisi i beni acquisiti durante il matrimonio. Questo pu\u00f2 includere immobili, automobili, conti bancari, attivit\u00e0 commerciali e altri beni.<\/li>\n<li><strong>Custodia dei figli<\/strong>: Se i coniugi hanno figli minorenni, il tribunale decide le questioni relative alla custodia, alla residenza dei figli e alle modalit\u00e0 di visita.<\/li>\n<li><strong>Mantenimento<\/strong>: Il tribunale pu\u00f2 stabilire il pagamento degli alimenti per il sostentamento dei figli e\/o dell&#8217;ex coniuge.<\/li>\n<li><strong>Decisione finale<\/strong>: Dopo aver esaminato tutti gli aspetti del caso, il tribunale emette la decisione finale sullo scioglimento del matrimonio e rilascia il certificato di divorzio.<\/li>\n<\/ol>\n<\/dd>\n<dd>\n<p>Lo scioglimento del matrimonio pu\u00f2 essere un processo complesso ed emotivamente difficile, pertanto si consiglia spesso di rivolgersi a avvocati per ottenere assistenza qualificata e consulenza.<\/p>\n<\/dd>\n<\/dl>\n","protected":false},"excerpt":{"rendered":"<p>Scioglimento del matrimonio, o divorzio. \u00c8 il processo legale che pone fine al matrimonio tra coniugi. Comprende varie procedure e pu\u00f2 variare a seconda della legislazione del paese specifico. In generale, lo scioglimento del matrimonio pu\u00f2 includere i seguenti passaggi: Procedura di scioglimento del matrimonio Presentazione della domanda: Uno dei coniugi (o entrambi) presenta una &#8230; <a title=\"Scioglimento del matrimonio (divorzio) per mutuo consenso in Georgia\" class=\"read-more\" href=\"https:\/\/documents.ge\/it\/scioglimento-del-matrimonio-divorzio-per-mutuo-consenso-in-georgia\/\" aria-label=\"Per saperne di pi\u00f9 su Scioglimento del matrimonio (divorzio) per mutuo consenso in Georgia\">\u0427\u0438\u0442\u0430\u0442\u044c \u0434\u0430\u043b\u0435\u0435<\/a><\/p>\n","protected":false},"author":1,"featured_media":0,"parent":0,"menu_order":0,"comment_status":"closed","ping_status":"closed","template":"","meta":{"_acf_changed":false,"_monsterinsights_skip_tracking":false,"_monsterinsights_sitenote_active":false,"_monsterinsights_sitenote_note":"","_monsterinsights_sitenote_category":0,"footnotes":""},"yst_prominent_words":[],"class_list":["post-29","page","type-page","status-publish"],"acf":[],"_links":{"self":[{"href":"https:\/\/documents.ge\/it\/wp-json\/wp\/v2\/pages\/29","targetHints":{"allow":["GET"]}}],"collection":[{"href":"https:\/\/documents.ge\/it\/wp-json\/wp\/v2\/pages"}],"about":[{"href":"https:\/\/documents.ge\/it\/wp-json\/wp\/v2\/types\/page"}],"author":[{"embeddable":true,"href":"https:\/\/documents.ge\/it\/wp-json\/wp\/v2\/users\/1"}],"replies":[{"embeddable":true,"href":"https:\/\/documents.ge\/it\/wp-json\/wp\/v2\/comments?post=29"}],"version-history":[{"count":0,"href":"https:\/\/documents.ge\/it\/wp-json\/wp\/v2\/pages\/29\/revisions"}],"wp:attachment":[{"href":"https:\/\/documents.ge\/it\/wp-json\/wp\/v2\/media?parent=29"}],"wp:term":[{"taxonomy":"yst_prominent_words","embeddable":true,"href":"https:\/\/documents.ge\/it\/wp-json\/wp\/v2\/yst_prominent_words?post=29"}],"curies":[{"name":"wp","href":"https:\/\/api.w.org\/{rel}","templated":true}]}}