{"id":32,"date":"2025-04-06T17:08:07","date_gmt":"2025-04-06T17:08:07","guid":{"rendered":"https:\/\/documents.ge\/it\/certificato-di-stato-libero-sullo-stato-civile-georgia\/"},"modified":"2025-04-06T17:08:07","modified_gmt":"2025-04-06T17:08:07","slug":"certificato-di-stato-libero-sullo-stato-civile-georgia","status":"publish","type":"page","link":"https:\/\/documents.ge\/it\/certificato-di-stato-libero-sullo-stato-civile-georgia\/","title":{"rendered":"Certificato di stato libero. Sullo stato civile. Georgia"},"content":{"rendered":"<p><script type=\"application\/ld+json\">\n    {\n      \"@context\": \"https:\/\/schema.org\",\n      \"@type\": \"Article\",\n      \"headline\": \"Certificato di stato civile\",\n      \"description\": \"Il certificato di stato civile \u00e8 necessario per confermare il tuo stato familiare. Questo documento pu\u00f2 essere richiesto in varie situazioni.\",\n      \"articleBody\": \"Il certificato di stato civile \u00e8 necessario per confermare il tuo stato familiare. Questo documento pu\u00f2 essere richiesto in varie situazioni, ad esempio:\\n\\n1. Registrazione del matrimonio: In alcuni paesi e giurisdizioni \u00e8 richiesta la conferma che non sei sposato al momento della registrazione di un nuovo matrimonio.\\n2. Divorzio: In caso di divorzio potrebbe essere richiesto un certificato che attesti che sei ufficialmente divorziato.\\n3. Emigrazione e immigrazione: Quando si presentano domande per visti o emigrazione potrebbero essere richiesti documenti che attestino il tuo stato civile.\\n4. Questioni ereditarie: Per la successione ereditaria potrebbe essere richiesta la conferma del tuo stato familiare.\\n5. Adozione o affidamento: In caso di adozione o affidamento potrebbe essere richiesta la conferma del tuo stato familiare.\\n6. Richiesta di prestiti e mutui: Alcune banche e istituzioni finanziarie potrebbero richiedere questo certificato per verificare la tua affidabilit\u00e0 creditizia.\\n7. Lavoro e studio all'estero: Per l'occupazione o l'iscrizione a istituzioni educative all'estero potrebbero essere richiesti documenti che attestino il tuo stato familiare.\\n\\nQuesto certificato aiuta le autorit\u00e0 e le istituzioni ufficiali a verificare l'accuratezza dei dati forniti sul tuo stato familiare.\"\n    }\n    <\/script><\/p>\n<article>\n<header>\n<h2>Definizione del certificato di stato civile<\/h2>\n<\/header>\n<section><dfn>Certificato di stato civile (di non matrimonio)<\/dfn> \u2014 \u00e8 un certificato rilasciato da un&#8217;autorit\u00e0 ufficiale della Georgia (Casa della Giustizia), che attesta che una persona non \u00e8 sposata, indicando lo stato \u2014 celibe (nubile) o non sposato (non sposata).<\/section>\n<\/article>\n<article>\n<header>\n<h2>Ottenimento del certificato di stato civile<\/h2>\n<\/header>\n<section>Nel caso in cui hai contratto matrimonio in Georgia ma hai effettuato il divorzio in un altro paese, per ottenere tale certificato devi presentare tramite il nostro avvocato il certificato di divorzio con traduzione in georgiano, redatto secondo la legislazione georgiana \u2014 nuovo modello, con timbri e firme visibili (potrebbe essere necessario l&#8217;apostille o la legalizzazione consolare).<\/section>\n<\/article>\n<article>\n<p>Il certificato di stato civile \u00e8 necessario per confermare il tuo stato familiare. Questo documento pu\u00f2 essere richiesto in varie situazioni, ad esempio:<\/p>\n<ul>\n<li><strong>Registrazione del matrimonio<\/strong>: In alcuni paesi e giurisdizioni \u00e8 richiesta la conferma che non sei sposato al momento della registrazione di un nuovo matrimonio.<\/li>\n<li><strong>Divorzio<\/strong>: In caso di divorzio potrebbe essere richiesto un certificato che attesti che sei ufficialmente divorziato.<\/li>\n<li><strong>Emigrazione e immigrazione<\/strong>: Quando si presentano domande per visti o emigrazione potrebbero essere richiesti documenti che attestino il tuo stato civile.<\/li>\n<li><strong>Questioni ereditarie<\/strong>: Per la successione ereditaria potrebbe essere richiesta la conferma del tuo stato familiare.<\/li>\n<li><strong>Adozione o affidamento<\/strong>: In caso di adozione o affidamento potrebbe essere richiesta la conferma del tuo stato familiare.<\/li>\n<li><strong>Richiesta di prestiti e mutui<\/strong>: Alcune banche e istituzioni finanziarie potrebbero richiedere questo certificato per verificare la tua affidabilit\u00e0 creditizia.<\/li>\n<li><strong>Lavoro e studio all&#8217;estero<\/strong>: Per l&#8217;occupazione o l&#8217;iscrizione a istituzioni educative all&#8217;estero potrebbero essere richiesti documenti che attestino il tuo stato familiare.<\/li>\n<\/ul>\n<p>Questo certificato aiuta le autorit\u00e0 e le istituzioni ufficiali a verificare l&#8217;accuratezza dei dati forniti sul tuo stato familiare.<\/p>\n<\/article>\n<article>\n<p>Per contrarre matrimonio o per ottenere benefici all&#8217;estero potrebbe essere necessario un documento che attesti il tuo stato civile \u2014 certificato (di non matrimonio).<\/p>\n<p>In Georgia il certificato che attesta che non sei sposato si chiama foglio informativo.<\/p>\n<p>Esempio di certificato che attesta che non sei sposata, non sei sposato:<\/p>\n<figure class=\"wp-block-image\"><img alt=\"Foglio informativo in Georgia. Di non matrimonio\" class=\"wp-image-110 lazyload\" data-src=\"https:\/\/documents.ge\/wp-content\/uploads\/2019\/03\/%D1%81%D0%BF%D1%80%D0%B0%D0%B2%D0%BA%D0%B0-%D0%BE-%D0%BD%D0%B5%D1%81%D0%BE%D1%81%D1%82%D0%BE%D1%8F%D0%BD%D0%B8%D0%B8-%D0%B2-%D0%B1%D1%80%D0%B0%D0%BA%D0%B5-743x1024.jpg\" decoding=\"async\" src=\"data:image\/gif;base64,R0lGODlhAQABAAAAACH5BAEKAAEALAAAAAABAAEAAAICTAEAOw==\" style=\"--smush-placeholder-width: 743px; --smush-placeholder-aspect-ratio: 743\/1024;\"\/><figcaption class=\"wp-element-caption\">Foglio informativo o certificato che attesta che non sei sposata, non sei sposato<\/figcaption><\/figure>\n<p>Cosa sar\u00e0 indicato nel certificato di non matrimonio? L&#8217;informazione pi\u00f9 importante sullo stato civile di una persona \u00e8 quella che attesta che \u00e8 divorziato, vedovo (vedova) o non \u00e8 mai stato sposato, sposata.<\/p>\n<p>I requisiti per la validit\u00e0 temporale del certificato di non matrimonio (foglio informativo, certificato di nubilato, che attesta che non sei sposato) \u2014 sono i pi\u00f9 vari. In alcuni paesi \u00e8 accettabile un certificato emesso anche sei mesi prima, in altri paesi non pi\u00f9 di un mese.<\/p>\n<p>Devi pianificare in anticipo l&#8217;ottenimento di tale documento in Georgia. Il tempo richieder\u00e0 la preparazione della procura, la sua spedizione, l&#8217;ottenimento del certificato di non matrimonio in Georgia, la sua legalizzazione se necessario, l&#8217;apostille se necessario e la traduzione.<\/p>\n<\/article>\n<article>\n<h2>Certificato di stato civile per la vendita di una quota<\/h2>\n<p>Nella vendita di una quota (parte del capitale sociale o di un bene, ad esempio in una cooperativa o in un fondo di investimento), il certificato di stato civile pu\u00f2 essere richiesto per diversi scopi:<\/p>\n<ul>\n<li><strong>Conferma del diritto alla vendita<\/strong>: Se la quota \u00e8 stata acquisita durante il matrimonio, sar\u00e0 necessaria la prova del consenso del coniuge alla vendita, specialmente se il regime patrimoniale \u00e8 condiviso. Il certificato di stato civile pu\u00f2 attestare che il venditore non \u00e8 sposato, o fornire informazioni sullo stato del matrimonio.<\/li>\n<li><strong>Formalizzazione legale della transazione<\/strong>: Il notaio o un altro organo legale potrebbe richiedere il certificato per confermare che il venditore non ha ostacoli legali alla conclusione della transazione.<\/li>\n<li><strong>Rispetto delle regole interne dell&#8217;organizzazione<\/strong>: In alcune cooperative o fondi potrebbero esserci regole interne che richiedono la conferma dello stato civile nella vendita di una quota, per assicurarsi che la transazione sia legale e concordata con tutte le parti interessate.<\/li>\n<li><strong>Aspetti fiscali e legali<\/strong>: Per il corretto calcolo delle tasse e l&#8217;adempimento degli obblighi legali potrebbe essere richiesta la conferma dello stato familiare del venditore.<\/li>\n<\/ul>\n<p>Pertanto, il certificato di stato civile garantisce la pulizia legale della transazione e protegge gli interessi di tutti i partecipanti al processo di vendita della quota.<\/p>\n<\/article>\n","protected":false},"excerpt":{"rendered":"<p>Definizione del certificato di stato civile Certificato di stato civile (di non matrimonio) \u2014 \u00e8 un certificato rilasciato da un&#8217;autorit\u00e0 ufficiale della Georgia (Casa della Giustizia), che attesta che una persona non \u00e8 sposata, indicando lo stato \u2014 celibe (nubile) o non sposato (non sposata). Ottenimento del certificato di stato civile Nel caso in cui &#8230; <a title=\"Certificato di stato libero. Sullo stato civile. Georgia\" class=\"read-more\" href=\"https:\/\/documents.ge\/it\/certificato-di-stato-libero-sullo-stato-civile-georgia\/\" aria-label=\"Per saperne di pi\u00f9 su Certificato di stato libero. Sullo stato civile. Georgia\">\u0427\u0438\u0442\u0430\u0442\u044c \u0434\u0430\u043b\u0435\u0435<\/a><\/p>\n","protected":false},"author":1,"featured_media":0,"parent":0,"menu_order":0,"comment_status":"closed","ping_status":"closed","template":"","meta":{"_acf_changed":false,"_monsterinsights_skip_tracking":false,"_monsterinsights_sitenote_active":false,"_monsterinsights_sitenote_note":"","_monsterinsights_sitenote_category":0,"footnotes":""},"yst_prominent_words":[],"class_list":["post-32","page","type-page","status-publish"],"acf":[],"_links":{"self":[{"href":"https:\/\/documents.ge\/it\/wp-json\/wp\/v2\/pages\/32","targetHints":{"allow":["GET"]}}],"collection":[{"href":"https:\/\/documents.ge\/it\/wp-json\/wp\/v2\/pages"}],"about":[{"href":"https:\/\/documents.ge\/it\/wp-json\/wp\/v2\/types\/page"}],"author":[{"embeddable":true,"href":"https:\/\/documents.ge\/it\/wp-json\/wp\/v2\/users\/1"}],"replies":[{"embeddable":true,"href":"https:\/\/documents.ge\/it\/wp-json\/wp\/v2\/comments?post=32"}],"version-history":[{"count":0,"href":"https:\/\/documents.ge\/it\/wp-json\/wp\/v2\/pages\/32\/revisions"}],"wp:attachment":[{"href":"https:\/\/documents.ge\/it\/wp-json\/wp\/v2\/media?parent=32"}],"wp:term":[{"taxonomy":"yst_prominent_words","embeddable":true,"href":"https:\/\/documents.ge\/it\/wp-json\/wp\/v2\/yst_prominent_words?post=32"}],"curies":[{"name":"wp","href":"https:\/\/api.w.org\/{rel}","templated":true}]}}